{"id":103,"date":"2014-12-10T22:39:12","date_gmt":"2014-12-10T21:39:12","guid":{"rendered":"http:\/\/colophon-grignan.fr\/?page_id=103"},"modified":"2020-07-17T14:15:06","modified_gmt":"2020-07-17T12:15:06","slug":"atelier","status":"publish","type":"page","link":"https:\/\/colophon-grignan.fr\/index.php\/atelier\/","title":{"rendered":"Atelier"},"content":{"rendered":"<p><script><span style=\"display: inline-block; width: 0px; overflow: hidden; line-height: 0;\" data-mce-type=\"bookmark\" class=\"mce_SELRES_start\">\ufeff<\/span>\/\/ <![CDATA[ (function(i,s,o,g,r,a,m){i['GoogleAnalyticsObject']=r;i[r]=i[r]||function(){ (i[r].q=i[r].q||[]).push(arguments)},i[r].l=1*new Date();a=s.createElement(o), m=s.getElementsByTagName(o)[0];a.async=1;a.src=g;m.parentNode.insertBefore(a,m) })(window,document,'script','https:\/\/www.google-analytics.com\/analytics.js','ga'); ga('create', 'UA-16502080-2', 'auto'); ga('send', 'pageview'); \/\/ ]]><\/script><br \/>\nColophon c&rsquo;est aussi un atelier o\u00f9 l&rsquo;on peut faire r\u00e9aliser ses projets, ses envies : cartes de visite, faire-parts, affiches, livres, recueils&#8230; le tout en typographie, compositions \u00e0 la main et impression traditionnelle. Du projet le plus s\u00e9rieux au plus insolite n&rsquo;h\u00e9sitez pas \u00e0 nous demander un devis !<br \/>\nCourriel : <a href=\"mailto:colophon.grignan@orange.fr\">colophon.grignan(chez)orange.fr<\/a><\/p>\n<p><img loading=\"lazy\" decoding=\"async\" class=\"alignnone  wp-image-1504\" src=\"https:\/\/colophon-grignan.fr\/wp-content\/uploads\/2018\/10\/atelier1-300x225.jpg\" alt=\"\" scale=\"0\" width=\"374\" height=\"280\" srcset=\"https:\/\/colophon-grignan.fr\/wp-content\/uploads\/2018\/10\/atelier1-300x225.jpg 300w, https:\/\/colophon-grignan.fr\/wp-content\/uploads\/2018\/10\/atelier1-600x450.jpg 600w, https:\/\/colophon-grignan.fr\/wp-content\/uploads\/2018\/10\/atelier1-768x576.jpg 768w, https:\/\/colophon-grignan.fr\/wp-content\/uploads\/2018\/10\/atelier1.jpg 800w\" sizes=\"auto, (max-width: 374px) 100vw, 374px\" \/><\/p>\n","protected":false},"excerpt":{"rendered":"<p>Colophon c&rsquo;est aussi un atelier o\u00f9 l&rsquo;on peut faire r\u00e9aliser ses projets, ses envies : cartes de visite, faire-parts, affiches, livres, recueils&#8230; le tout en typographie, compositions \u00e0 la main et impression traditionnelle. Du projet le plus s\u00e9rieux au plus insolite n&rsquo;h\u00e9sitez pas \u00e0 nous demander un devis ! Courriel [&hellip;]<\/p>\n","protected":false},"author":6,"featured_media":0,"parent":0,"menu_order":0,"comment_status":"closed","ping_status":"closed","template":"","meta":{"footnotes":""},"class_list":["post-103","page","type-page","status-publish","hentry"],"yoast_head":"<!-- This site is optimized with the Yoast SEO plugin v27.3 - https:\/\/yoast.com\/product\/yoast-seo-wordpress\/ -->\n<title>Atelier - Colophon, Maison de l&#039;Imprimeur<\/title>\n<meta name=\"robots\" content=\"index, follow, max-snippet:-1, max-image-preview:large, max-video-preview:-1\" \/>\n<link rel=\"canonical\" href=\"https:\/\/colophon-grignan.fr\/index.php\/atelier\/\" \/>\n<meta property=\"og:locale\" content=\"fr_FR\" \/>\n<meta property=\"og:type\" content=\"article\" \/>\n<meta property=\"og:title\" content=\"Atelier - Colophon, Maison de l&#039;Imprimeur\" \/>\n<meta property=\"og:description\" content=\"Colophon c&rsquo;est aussi un atelier o\u00f9 l&rsquo;on peut faire r\u00e9aliser ses projets, ses envies : cartes de visite, faire-parts, affiches, livres, recueils&#8230; le tout en typographie, compositions \u00e0 la main et impression traditionnelle. Du projet le plus s\u00e9rieux au plus insolite n&rsquo;h\u00e9sitez pas \u00e0 nous demander un devis ! Courriel [&hellip;]\" \/>\n<meta property=\"og:url\" content=\"https:\/\/colophon-grignan.fr\/index.php\/atelier\/\" \/>\n<meta property=\"og:site_name\" content=\"Colophon, Maison de l&#039;Imprimeur\" \/>\n<meta property=\"article:publisher\" content=\"https:\/\/www.facebook.com\/colophongrignan\" \/>\n<meta property=\"article:modified_time\" content=\"2020-07-17T12:15:06+00:00\" \/>\n<meta property=\"og:image\" content=\"https:\/\/colophon-grignan.fr\/wp-content\/uploads\/2018\/10\/atelier1-300x225.jpg\" \/>\n<meta name=\"twitter:card\" content=\"summary_large_image\" \/>\n<script type=\"application\/ld+json\" class=\"yoast-schema-graph\">{\"@context\":\"https:\\\/\\\/schema.org\",\"@graph\":[{\"@type\":\"WebPage\",\"@id\":\"https:\\\/\\\/colophon-grignan.fr\\\/index.php\\\/atelier\\\/\",\"url\":\"https:\\\/\\\/colophon-grignan.fr\\\/index.php\\\/atelier\\\/\",\"name\":\"Atelier - Colophon, Maison de l&#039;Imprimeur\",\"isPartOf\":{\"@id\":\"https:\\\/\\\/colophon-grignan.fr\\\/#website\"},\"primaryImageOfPage\":{\"@id\":\"https:\\\/\\\/colophon-grignan.fr\\\/index.php\\\/atelier\\\/#primaryimage\"},\"image\":{\"@id\":\"https:\\\/\\\/colophon-grignan.fr\\\/index.php\\\/atelier\\\/#primaryimage\"},\"thumbnailUrl\":\"https:\\\/\\\/colophon-grignan.fr\\\/wp-content\\\/uploads\\\/2018\\\/10\\\/atelier1-300x225.jpg\",\"datePublished\":\"2014-12-10T21:39:12+00:00\",\"dateModified\":\"2020-07-17T12:15:06+00:00\",\"breadcrumb\":{\"@id\":\"https:\\\/\\\/colophon-grignan.fr\\\/index.php\\\/atelier\\\/#breadcrumb\"},\"inLanguage\":\"fr-FR\",\"potentialAction\":[{\"@type\":\"ReadAction\",\"target\":[\"https:\\\/\\\/colophon-grignan.fr\\\/index.php\\\/atelier\\\/\"]}]},{\"@type\":\"ImageObject\",\"inLanguage\":\"fr-FR\",\"@id\":\"https:\\\/\\\/colophon-grignan.fr\\\/index.php\\\/atelier\\\/#primaryimage\",\"url\":\"https:\\\/\\\/colophon-grignan.fr\\\/wp-content\\\/uploads\\\/2018\\\/10\\\/atelier1.jpg\",\"contentUrl\":\"https:\\\/\\\/colophon-grignan.fr\\\/wp-content\\\/uploads\\\/2018\\\/10\\\/atelier1.jpg\",\"width\":800,\"height\":600},{\"@type\":\"BreadcrumbList\",\"@id\":\"https:\\\/\\\/colophon-grignan.fr\\\/index.php\\\/atelier\\\/#breadcrumb\",\"itemListElement\":[{\"@type\":\"ListItem\",\"position\":1,\"name\":\"Accueil\",\"item\":\"https:\\\/\\\/colophon-grignan.fr\\\/\"},{\"@type\":\"ListItem\",\"position\":2,\"name\":\"Atelier\"}]},{\"@type\":\"WebSite\",\"@id\":\"https:\\\/\\\/colophon-grignan.fr\\\/#website\",\"url\":\"https:\\\/\\\/colophon-grignan.fr\\\/\",\"name\":\"Colophon - Maison de l&#039;Imprimeur\",\"description\":\"Atelier-Mus\u00e9e &amp; Librairie\",\"publisher\":{\"@id\":\"https:\\\/\\\/colophon-grignan.fr\\\/#organization\"},\"potentialAction\":[{\"@type\":\"SearchAction\",\"target\":{\"@type\":\"EntryPoint\",\"urlTemplate\":\"https:\\\/\\\/colophon-grignan.fr\\\/?s={search_term_string}\"},\"query-input\":{\"@type\":\"PropertyValueSpecification\",\"valueRequired\":true,\"valueName\":\"search_term_string\"}}],\"inLanguage\":\"fr-FR\"},{\"@type\":\"Organization\",\"@id\":\"https:\\\/\\\/colophon-grignan.fr\\\/#organization\",\"name\":\"Colophon - Maison de l'Imprimeur\",\"url\":\"https:\\\/\\\/colophon-grignan.fr\\\/\",\"logo\":{\"@type\":\"ImageObject\",\"inLanguage\":\"fr-FR\",\"@id\":\"https:\\\/\\\/colophon-grignan.fr\\\/#\\\/schema\\\/logo\\\/image\\\/\",\"url\":\"https:\\\/\\\/i0.wp.com\\\/colophon-grignan.fr\\\/wp-content\\\/uploads\\\/2016\\\/12\\\/GRAND-CHAT.gif?fit=474%2C618&ssl=1\",\"contentUrl\":\"https:\\\/\\\/i0.wp.com\\\/colophon-grignan.fr\\\/wp-content\\\/uploads\\\/2016\\\/12\\\/GRAND-CHAT.gif?fit=474%2C618&ssl=1\",\"width\":474,\"height\":618,\"caption\":\"Colophon - Maison de l'Imprimeur\"},\"image\":{\"@id\":\"https:\\\/\\\/colophon-grignan.fr\\\/#\\\/schema\\\/logo\\\/image\\\/\"},\"sameAs\":[\"https:\\\/\\\/www.facebook.com\\\/colophongrignan\",\"https:\\\/\\\/www.pinterest.fr\\\/colophongrignan\\\/\",\"https:\\\/\\\/www.instagram.com\\\/colophon_grignan\\\/\"]}]}<\/script>\n<!-- \/ Yoast SEO plugin. -->","yoast_head_json":{"title":"Atelier - Colophon, Maison de l&#039;Imprimeur","robots":{"index":"index","follow":"follow","max-snippet":"max-snippet:-1","max-image-preview":"max-image-preview:large","max-video-preview":"max-video-preview:-1"},"canonical":"https:\/\/colophon-grignan.fr\/index.php\/atelier\/","og_locale":"fr_FR","og_type":"article","og_title":"Atelier - Colophon, Maison de l&#039;Imprimeur","og_description":"Colophon c&rsquo;est aussi un atelier o\u00f9 l&rsquo;on peut faire r\u00e9aliser ses projets, ses envies : cartes de visite, faire-parts, affiches, livres, recueils&#8230; le tout en typographie, compositions \u00e0 la main et impression traditionnelle. Du projet le plus s\u00e9rieux au plus insolite n&rsquo;h\u00e9sitez pas \u00e0 nous demander un devis ! Courriel [&hellip;]","og_url":"https:\/\/colophon-grignan.fr\/index.php\/atelier\/","og_site_name":"Colophon, Maison de l&#039;Imprimeur","article_publisher":"https:\/\/www.facebook.com\/colophongrignan","article_modified_time":"2020-07-17T12:15:06+00:00","og_image":[{"url":"https:\/\/colophon-grignan.fr\/wp-content\/uploads\/2018\/10\/atelier1-300x225.jpg","type":"","width":"","height":""}],"twitter_card":"summary_large_image","schema":{"@context":"https:\/\/schema.org","@graph":[{"@type":"WebPage","@id":"https:\/\/colophon-grignan.fr\/index.php\/atelier\/","url":"https:\/\/colophon-grignan.fr\/index.php\/atelier\/","name":"Atelier - Colophon, Maison de l&#039;Imprimeur","isPartOf":{"@id":"https:\/\/colophon-grignan.fr\/#website"},"primaryImageOfPage":{"@id":"https:\/\/colophon-grignan.fr\/index.php\/atelier\/#primaryimage"},"image":{"@id":"https:\/\/colophon-grignan.fr\/index.php\/atelier\/#primaryimage"},"thumbnailUrl":"https:\/\/colophon-grignan.fr\/wp-content\/uploads\/2018\/10\/atelier1-300x225.jpg","datePublished":"2014-12-10T21:39:12+00:00","dateModified":"2020-07-17T12:15:06+00:00","breadcrumb":{"@id":"https:\/\/colophon-grignan.fr\/index.php\/atelier\/#breadcrumb"},"inLanguage":"fr-FR","potentialAction":[{"@type":"ReadAction","target":["https:\/\/colophon-grignan.fr\/index.php\/atelier\/"]}]},{"@type":"ImageObject","inLanguage":"fr-FR","@id":"https:\/\/colophon-grignan.fr\/index.php\/atelier\/#primaryimage","url":"https:\/\/colophon-grignan.fr\/wp-content\/uploads\/2018\/10\/atelier1.jpg","contentUrl":"https:\/\/colophon-grignan.fr\/wp-content\/uploads\/2018\/10\/atelier1.jpg","width":800,"height":600},{"@type":"BreadcrumbList","@id":"https:\/\/colophon-grignan.fr\/index.php\/atelier\/#breadcrumb","itemListElement":[{"@type":"ListItem","position":1,"name":"Accueil","item":"https:\/\/colophon-grignan.fr\/"},{"@type":"ListItem","position":2,"name":"Atelier"}]},{"@type":"WebSite","@id":"https:\/\/colophon-grignan.fr\/#website","url":"https:\/\/colophon-grignan.fr\/","name":"Colophon - Maison de l&#039;Imprimeur","description":"Atelier-Mus\u00e9e &amp; Librairie","publisher":{"@id":"https:\/\/colophon-grignan.fr\/#organization"},"potentialAction":[{"@type":"SearchAction","target":{"@type":"EntryPoint","urlTemplate":"https:\/\/colophon-grignan.fr\/?s={search_term_string}"},"query-input":{"@type":"PropertyValueSpecification","valueRequired":true,"valueName":"search_term_string"}}],"inLanguage":"fr-FR"},{"@type":"Organization","@id":"https:\/\/colophon-grignan.fr\/#organization","name":"Colophon - Maison de l'Imprimeur","url":"https:\/\/colophon-grignan.fr\/","logo":{"@type":"ImageObject","inLanguage":"fr-FR","@id":"https:\/\/colophon-grignan.fr\/#\/schema\/logo\/image\/","url":"https:\/\/i0.wp.com\/colophon-grignan.fr\/wp-content\/uploads\/2016\/12\/GRAND-CHAT.gif?fit=474%2C618&ssl=1","contentUrl":"https:\/\/i0.wp.com\/colophon-grignan.fr\/wp-content\/uploads\/2016\/12\/GRAND-CHAT.gif?fit=474%2C618&ssl=1","width":474,"height":618,"caption":"Colophon - Maison de l'Imprimeur"},"image":{"@id":"https:\/\/colophon-grignan.fr\/#\/schema\/logo\/image\/"},"sameAs":["https:\/\/www.facebook.com\/colophongrignan","https:\/\/www.pinterest.fr\/colophongrignan\/","https:\/\/www.instagram.com\/colophon_grignan\/"]}]}},"_links":{"self":[{"href":"https:\/\/colophon-grignan.fr\/index.php\/wp-json\/wp\/v2\/pages\/103","targetHints":{"allow":["GET"]}}],"collection":[{"href":"https:\/\/colophon-grignan.fr\/index.php\/wp-json\/wp\/v2\/pages"}],"about":[{"href":"https:\/\/colophon-grignan.fr\/index.php\/wp-json\/wp\/v2\/types\/page"}],"author":[{"embeddable":true,"href":"https:\/\/colophon-grignan.fr\/index.php\/wp-json\/wp\/v2\/users\/6"}],"replies":[{"embeddable":true,"href":"https:\/\/colophon-grignan.fr\/index.php\/wp-json\/wp\/v2\/comments?post=103"}],"version-history":[{"count":0,"href":"https:\/\/colophon-grignan.fr\/index.php\/wp-json\/wp\/v2\/pages\/103\/revisions"}],"wp:attachment":[{"href":"https:\/\/colophon-grignan.fr\/index.php\/wp-json\/wp\/v2\/media?parent=103"}],"curies":[{"name":"wp","href":"https:\/\/api.w.org\/{rel}","templated":true}]}}