{"id":1326,"date":"2017-12-29T15:33:44","date_gmt":"2017-12-29T14:33:44","guid":{"rendered":"http:\/\/colophon-grignan.fr\/?page_id=1326"},"modified":"2019-03-15T15:23:59","modified_gmt":"2019-03-15T14:23:59","slug":"iie-titre-2017","status":"publish","type":"page","link":"https:\/\/colophon-grignan.fr\/index.php\/iie-titre-2017\/","title":{"rendered":"IIe titre 2017"},"content":{"rendered":"<h2>RENCONTRES DU IIe TITRE,<br \/>\nle deuxi\u00e8me roman : une entr\u00e9e en litt\u00e9rature<\/h2>\n<p><strong>Rencontres samedi 13 et dimanche 14 mai 2017<br \/>\n<\/strong><br \/>\nLe comit\u00e9 de lecture a lu 16 livres<\/p>\n<p>Ecrivains invit\u00e9s<\/p>\n<p><img loading=\"lazy\" decoding=\"async\" class=\"alignnone size-thumbnail wp-image-1652\" src=\"https:\/\/colophon-grignan.fr\/wp-content\/uploads\/2018\/10\/Photo-3-1-150x150.jpg\" alt=\"\" width=\"150\" height=\"150\" srcset=\"https:\/\/colophon-grignan.fr\/wp-content\/uploads\/2018\/10\/Photo-3-1-150x150.jpg 150w, https:\/\/colophon-grignan.fr\/wp-content\/uploads\/2018\/10\/Photo-3-1-230x230.jpg 230w, https:\/\/colophon-grignan.fr\/wp-content\/uploads\/2018\/10\/Photo-3-1-160x160.jpg 160w, https:\/\/colophon-grignan.fr\/wp-content\/uploads\/2018\/10\/Photo-3-1-300x300.jpg 300w, https:\/\/colophon-grignan.fr\/wp-content\/uploads\/2018\/10\/Photo-3-1-140x140.jpg 140w\" sizes=\"auto, (max-width: 150px) 100vw, 150px\" \/><img loading=\"lazy\" decoding=\"async\" class=\"alignnone size-thumbnail wp-image-1648\" src=\"https:\/\/colophon-grignan.fr\/wp-content\/uploads\/2018\/10\/Couverture-1-5-150x150.jpg\" alt=\"\" width=\"150\" height=\"150\" srcset=\"https:\/\/colophon-grignan.fr\/wp-content\/uploads\/2018\/10\/Couverture-1-5-150x150.jpg 150w, https:\/\/colophon-grignan.fr\/wp-content\/uploads\/2018\/10\/Couverture-1-5-230x230.jpg 230w, https:\/\/colophon-grignan.fr\/wp-content\/uploads\/2018\/10\/Couverture-1-5-160x160.jpg 160w, https:\/\/colophon-grignan.fr\/wp-content\/uploads\/2018\/10\/Couverture-1-5-300x300.jpg 300w, https:\/\/colophon-grignan.fr\/wp-content\/uploads\/2018\/10\/Couverture-1-5-140x140.jpg 140w\" sizes=\"auto, (max-width: 150px) 100vw, 150px\" \/><strong><br \/>\nKAOUTHER ADIMI <\/strong><em>Des pierres dans ma poche <\/em>Editions Seuil<\/p>\n<p><img loading=\"lazy\" decoding=\"async\" class=\"alignnone size-thumbnail wp-image-1572\" src=\"https:\/\/colophon-grignan.fr\/wp-content\/uploads\/2018\/10\/Kerninon\u00a9Philippe-Matsas-Opale-2-150x150.jpg\" alt=\"\" width=\"150\" height=\"150\" srcset=\"https:\/\/colophon-grignan.fr\/wp-content\/uploads\/2018\/10\/Kerninon\u00a9Philippe-Matsas-Opale-2-150x150.jpg 150w, https:\/\/colophon-grignan.fr\/wp-content\/uploads\/2018\/10\/Kerninon\u00a9Philippe-Matsas-Opale-2-230x230.jpg 230w, https:\/\/colophon-grignan.fr\/wp-content\/uploads\/2018\/10\/Kerninon\u00a9Philippe-Matsas-Opale-2-160x160.jpg 160w, https:\/\/colophon-grignan.fr\/wp-content\/uploads\/2018\/10\/Kerninon\u00a9Philippe-Matsas-Opale-2-600x600.jpg 600w, https:\/\/colophon-grignan.fr\/wp-content\/uploads\/2018\/10\/Kerninon\u00a9Philippe-Matsas-Opale-2-300x300.jpg 300w, https:\/\/colophon-grignan.fr\/wp-content\/uploads\/2018\/10\/Kerninon\u00a9Philippe-Matsas-Opale-2-768x769.jpg 768w, https:\/\/colophon-grignan.fr\/wp-content\/uploads\/2018\/10\/Kerninon\u00a9Philippe-Matsas-Opale-2.jpg 1024w, https:\/\/colophon-grignan.fr\/wp-content\/uploads\/2018\/10\/Kerninon\u00a9Philippe-Matsas-Opale-2-1260x1262.jpg 1260w, https:\/\/colophon-grignan.fr\/wp-content\/uploads\/2018\/10\/Kerninon\u00a9Philippe-Matsas-Opale-2-140x140.jpg 140w\" sizes=\"auto, (max-width: 150px) 100vw, 150px\" \/><img loading=\"lazy\" decoding=\"async\" class=\"alignnone size-thumbnail wp-image-1600\" src=\"https:\/\/colophon-grignan.fr\/wp-content\/uploads\/2018\/10\/Couverture-5-150x150.jpg\" alt=\"\" width=\"150\" height=\"150\" srcset=\"https:\/\/colophon-grignan.fr\/wp-content\/uploads\/2018\/10\/Couverture-5-150x150.jpg 150w, https:\/\/colophon-grignan.fr\/wp-content\/uploads\/2018\/10\/Couverture-5-230x230.jpg 230w, https:\/\/colophon-grignan.fr\/wp-content\/uploads\/2018\/10\/Couverture-5-160x160.jpg 160w, https:\/\/colophon-grignan.fr\/wp-content\/uploads\/2018\/10\/Couverture-5-300x300.jpg 300w, https:\/\/colophon-grignan.fr\/wp-content\/uploads\/2018\/10\/Couverture-5-140x140.jpg 140w\" sizes=\"auto, (max-width: 150px) 100vw, 150px\" \/><strong><br \/>\nJULIA KERNINON <\/strong><em>Le dernier amour d&rsquo;Attila Kiss <\/em>Editions Rouergue<strong><br \/>\n<\/strong><\/p>\n<p><img loading=\"lazy\" decoding=\"async\" class=\"alignnone size-thumbnail wp-image-1650\" src=\"https:\/\/colophon-grignan.fr\/wp-content\/uploads\/2018\/10\/Photo-1-1-150x150.jpg\" alt=\"\" width=\"150\" height=\"150\" srcset=\"https:\/\/colophon-grignan.fr\/wp-content\/uploads\/2018\/10\/Photo-1-1-150x150.jpg 150w, https:\/\/colophon-grignan.fr\/wp-content\/uploads\/2018\/10\/Photo-1-1-230x230.jpg 230w, https:\/\/colophon-grignan.fr\/wp-content\/uploads\/2018\/10\/Photo-1-1-160x160.jpg 160w, https:\/\/colophon-grignan.fr\/wp-content\/uploads\/2018\/10\/Photo-1-1-300x300.jpg 300w, https:\/\/colophon-grignan.fr\/wp-content\/uploads\/2018\/10\/Photo-1-1-140x140.jpg 140w\" sizes=\"auto, (max-width: 150px) 100vw, 150px\" \/><img loading=\"lazy\" decoding=\"async\" class=\"alignnone size-thumbnail wp-image-1653\" src=\"https:\/\/colophon-grignan.fr\/wp-content\/uploads\/2018\/10\/Couv-Hausse-de-labstention-1-150x150.jpg\" alt=\"\" width=\"150\" height=\"150\" srcset=\"https:\/\/colophon-grignan.fr\/wp-content\/uploads\/2018\/10\/Couv-Hausse-de-labstention-1-150x150.jpg 150w, https:\/\/colophon-grignan.fr\/wp-content\/uploads\/2018\/10\/Couv-Hausse-de-labstention-1-230x230.jpg 230w, https:\/\/colophon-grignan.fr\/wp-content\/uploads\/2018\/10\/Couv-Hausse-de-labstention-1-160x160.jpg 160w, https:\/\/colophon-grignan.fr\/wp-content\/uploads\/2018\/10\/Couv-Hausse-de-labstention-1-300x300.jpg 300w, https:\/\/colophon-grignan.fr\/wp-content\/uploads\/2018\/10\/Couv-Hausse-de-labstention-1-140x140.jpg 140w\" sizes=\"auto, (max-width: 150px) 100vw, 150px\" \/><strong><br \/>\nPHILIPPE MATTHIEU<\/strong> <em>Hausse de l&rsquo;abstention <\/em>Editions Buchet.Chastel<\/p>\n<p><img loading=\"lazy\" decoding=\"async\" class=\"alignnone size-thumbnail wp-image-1649\" src=\"https:\/\/colophon-grignan.fr\/wp-content\/uploads\/2018\/10\/Photo-3-150x150.jpg\" alt=\"\" width=\"150\" height=\"150\" srcset=\"https:\/\/colophon-grignan.fr\/wp-content\/uploads\/2018\/10\/Photo-3-150x150.jpg 150w, https:\/\/colophon-grignan.fr\/wp-content\/uploads\/2018\/10\/Photo-3-230x230.jpg 230w, https:\/\/colophon-grignan.fr\/wp-content\/uploads\/2018\/10\/Photo-3-160x160.jpg 160w, https:\/\/colophon-grignan.fr\/wp-content\/uploads\/2018\/10\/Photo-3-300x300.jpg 300w, https:\/\/colophon-grignan.fr\/wp-content\/uploads\/2018\/10\/Photo-3-140x140.jpg 140w\" sizes=\"auto, (max-width: 150px) 100vw, 150px\" \/><img loading=\"lazy\" decoding=\"async\" class=\"alignnone size-thumbnail wp-image-1654\" src=\"https:\/\/colophon-grignan.fr\/wp-content\/uploads\/2018\/10\/Couv-Notre-ch\u00e2teau-1-150x150.jpg\" alt=\"\" width=\"150\" height=\"150\" srcset=\"https:\/\/colophon-grignan.fr\/wp-content\/uploads\/2018\/10\/Couv-Notre-ch\u00e2teau-1-150x150.jpg 150w, https:\/\/colophon-grignan.fr\/wp-content\/uploads\/2018\/10\/Couv-Notre-ch\u00e2teau-1-230x230.jpg 230w, https:\/\/colophon-grignan.fr\/wp-content\/uploads\/2018\/10\/Couv-Notre-ch\u00e2teau-1-160x160.jpg 160w, https:\/\/colophon-grignan.fr\/wp-content\/uploads\/2018\/10\/Couv-Notre-ch\u00e2teau-1-300x300.jpg 300w, https:\/\/colophon-grignan.fr\/wp-content\/uploads\/2018\/10\/Couv-Notre-ch\u00e2teau-1-140x140.jpg 140w\" sizes=\"auto, (max-width: 150px) 100vw, 150px\" \/><strong><br \/>\nEMMANUEL REGNIEZ<\/strong> <em>Notre ch\u00e2teau <\/em>Editions Le Tripode<\/p>\n<p style=\"text-align: left;\">D\u00e9lib\u00e9rations le 8 avril sous la pr\u00e9sidence de<\/p>\n<p style=\"text-align: left;\"><strong>CAROLINE SERS<br \/>\n<img loading=\"lazy\" decoding=\"async\" class=\"alignnone size-thumbnail wp-image-1651 alignleft\" src=\"https:\/\/colophon-grignan.fr\/wp-content\/uploads\/2018\/10\/Photo-2-1-150x150.jpg\" alt=\"\" width=\"150\" height=\"150\" srcset=\"https:\/\/colophon-grignan.fr\/wp-content\/uploads\/2018\/10\/Photo-2-1-150x150.jpg 150w, https:\/\/colophon-grignan.fr\/wp-content\/uploads\/2018\/10\/Photo-2-1-230x230.jpg 230w, https:\/\/colophon-grignan.fr\/wp-content\/uploads\/2018\/10\/Photo-2-1-160x160.jpg 160w, https:\/\/colophon-grignan.fr\/wp-content\/uploads\/2018\/10\/Photo-2-1-300x300.jpg 300w, https:\/\/colophon-grignan.fr\/wp-content\/uploads\/2018\/10\/Photo-2-1-140x140.jpg 140w\" sizes=\"auto, (max-width: 150px) 100vw, 150px\" \/><img loading=\"lazy\" decoding=\"async\" class=\"alignnone size-thumbnail wp-image-1595 alignleft\" src=\"https:\/\/colophon-grignan.fr\/wp-content\/uploads\/2018\/10\/Couverture-1-1-150x150.jpg\" alt=\"\" width=\"150\" height=\"150\" srcset=\"https:\/\/colophon-grignan.fr\/wp-content\/uploads\/2018\/10\/Couverture-1-1-150x150.jpg 150w, https:\/\/colophon-grignan.fr\/wp-content\/uploads\/2018\/10\/Couverture-1-1-230x230.jpg 230w, https:\/\/colophon-grignan.fr\/wp-content\/uploads\/2018\/10\/Couverture-1-1-160x160.jpg 160w, https:\/\/colophon-grignan.fr\/wp-content\/uploads\/2018\/10\/Couverture-1-1-300x300.jpg 300w, https:\/\/colophon-grignan.fr\/wp-content\/uploads\/2018\/10\/Couverture-1-1-140x140.jpg 140w\" sizes=\"auto, (max-width: 150px) 100vw, 150px\" \/><\/strong><\/p>\n<p>&nbsp;<\/p>\n<p>&nbsp;<\/p>\n<p>&nbsp;<\/p>\n<p style=\"text-align: left;\">Prix <em>Rencontres du IIe titre 2017<\/em>&nbsp;<strong>HAUSSE DE L&rsquo;ABSTENTION<br \/>\n<\/strong><\/p>\n<p>Avec le soutien de la R\u00e9gion Auvergne Rh\u00f4ne-Alpes<br \/>\n<img loading=\"lazy\" decoding=\"async\" class=\"alignnone size-thumbnail wp-image-1646\" src=\"https:\/\/colophon-grignan.fr\/wp-content\/uploads\/2018\/10\/1401_180_logo-partenariat-cartouche-bleu-150x113.png\" alt=\"\" width=\"150\" height=\"113\"><\/p>\n","protected":false},"excerpt":{"rendered":"<p>RENCONTRES DU IIe TITRE, le deuxi\u00e8me roman : une entr\u00e9e en litt\u00e9rature Rencontres samedi 13 et dimanche 14 mai 2017 Le comit\u00e9 de lecture a lu 16 livres Ecrivains invit\u00e9s KAOUTHER ADIMI Des pierres dans ma poche Editions Seuil JULIA KERNINON Le dernier amour d&rsquo;Attila Kiss Editions Rouergue PHILIPPE MATTHIEU [&hellip;]<\/p>\n","protected":false},"author":6,"featured_media":0,"parent":0,"menu_order":0,"comment_status":"closed","ping_status":"closed","template":"","meta":{"footnotes":""},"class_list":["post-1326","page","type-page","status-publish","hentry"],"yoast_head":"<!-- This site is optimized with the Yoast SEO plugin v27.3 - https:\/\/yoast.com\/product\/yoast-seo-wordpress\/ -->\n<title>IIe titre 2017 - Colophon, Maison de l&#039;Imprimeur<\/title>\n<meta name=\"robots\" content=\"index, follow, max-snippet:-1, max-image-preview:large, max-video-preview:-1\" \/>\n<link rel=\"canonical\" href=\"https:\/\/colophon-grignan.fr\/index.php\/iie-titre-2017\/\" \/>\n<meta property=\"og:locale\" content=\"fr_FR\" \/>\n<meta property=\"og:type\" content=\"article\" \/>\n<meta property=\"og:title\" content=\"IIe titre 2017 - Colophon, Maison de l&#039;Imprimeur\" \/>\n<meta property=\"og:description\" content=\"RENCONTRES DU IIe TITRE, le deuxi\u00e8me roman : une entr\u00e9e en litt\u00e9rature Rencontres samedi 13 et dimanche 14 mai 2017 Le comit\u00e9 de lecture a lu 16 livres Ecrivains invit\u00e9s KAOUTHER ADIMI Des pierres dans ma poche Editions Seuil JULIA KERNINON Le dernier amour d&rsquo;Attila Kiss Editions Rouergue PHILIPPE MATTHIEU [&hellip;]\" \/>\n<meta property=\"og:url\" content=\"https:\/\/colophon-grignan.fr\/index.php\/iie-titre-2017\/\" \/>\n<meta property=\"og:site_name\" content=\"Colophon, Maison de l&#039;Imprimeur\" \/>\n<meta property=\"article:publisher\" content=\"https:\/\/www.facebook.com\/colophongrignan\" \/>\n<meta property=\"article:modified_time\" content=\"2019-03-15T14:23:59+00:00\" \/>\n<meta property=\"og:image\" content=\"https:\/\/colophon-grignan.fr\/wp-content\/uploads\/2018\/10\/Photo-3-1-150x150.jpg\" \/>\n<meta name=\"twitter:card\" content=\"summary_large_image\" \/>\n<script type=\"application\/ld+json\" class=\"yoast-schema-graph\">{\"@context\":\"https:\\\/\\\/schema.org\",\"@graph\":[{\"@type\":\"WebPage\",\"@id\":\"https:\\\/\\\/colophon-grignan.fr\\\/index.php\\\/iie-titre-2017\\\/\",\"url\":\"https:\\\/\\\/colophon-grignan.fr\\\/index.php\\\/iie-titre-2017\\\/\",\"name\":\"IIe titre 2017 - Colophon, Maison de l&#039;Imprimeur\",\"isPartOf\":{\"@id\":\"https:\\\/\\\/colophon-grignan.fr\\\/#website\"},\"primaryImageOfPage\":{\"@id\":\"https:\\\/\\\/colophon-grignan.fr\\\/index.php\\\/iie-titre-2017\\\/#primaryimage\"},\"image\":{\"@id\":\"https:\\\/\\\/colophon-grignan.fr\\\/index.php\\\/iie-titre-2017\\\/#primaryimage\"},\"thumbnailUrl\":\"https:\\\/\\\/colophon-grignan.fr\\\/wp-content\\\/uploads\\\/2018\\\/10\\\/Photo-3-1-150x150.jpg\",\"datePublished\":\"2017-12-29T14:33:44+00:00\",\"dateModified\":\"2019-03-15T14:23:59+00:00\",\"breadcrumb\":{\"@id\":\"https:\\\/\\\/colophon-grignan.fr\\\/index.php\\\/iie-titre-2017\\\/#breadcrumb\"},\"inLanguage\":\"fr-FR\",\"potentialAction\":[{\"@type\":\"ReadAction\",\"target\":[\"https:\\\/\\\/colophon-grignan.fr\\\/index.php\\\/iie-titre-2017\\\/\"]}]},{\"@type\":\"ImageObject\",\"inLanguage\":\"fr-FR\",\"@id\":\"https:\\\/\\\/colophon-grignan.fr\\\/index.php\\\/iie-titre-2017\\\/#primaryimage\",\"url\":\"https:\\\/\\\/colophon-grignan.fr\\\/wp-content\\\/uploads\\\/2018\\\/10\\\/Photo-3-1.jpg\",\"contentUrl\":\"https:\\\/\\\/colophon-grignan.fr\\\/wp-content\\\/uploads\\\/2018\\\/10\\\/Photo-3-1.jpg\",\"width\":695,\"height\":1024},{\"@type\":\"BreadcrumbList\",\"@id\":\"https:\\\/\\\/colophon-grignan.fr\\\/index.php\\\/iie-titre-2017\\\/#breadcrumb\",\"itemListElement\":[{\"@type\":\"ListItem\",\"position\":1,\"name\":\"Accueil\",\"item\":\"https:\\\/\\\/colophon-grignan.fr\\\/\"},{\"@type\":\"ListItem\",\"position\":2,\"name\":\"IIe titre 2017\"}]},{\"@type\":\"WebSite\",\"@id\":\"https:\\\/\\\/colophon-grignan.fr\\\/#website\",\"url\":\"https:\\\/\\\/colophon-grignan.fr\\\/\",\"name\":\"Colophon - Maison de l&#039;Imprimeur\",\"description\":\"Atelier-Mus\u00e9e &amp; Librairie\",\"publisher\":{\"@id\":\"https:\\\/\\\/colophon-grignan.fr\\\/#organization\"},\"potentialAction\":[{\"@type\":\"SearchAction\",\"target\":{\"@type\":\"EntryPoint\",\"urlTemplate\":\"https:\\\/\\\/colophon-grignan.fr\\\/?s={search_term_string}\"},\"query-input\":{\"@type\":\"PropertyValueSpecification\",\"valueRequired\":true,\"valueName\":\"search_term_string\"}}],\"inLanguage\":\"fr-FR\"},{\"@type\":\"Organization\",\"@id\":\"https:\\\/\\\/colophon-grignan.fr\\\/#organization\",\"name\":\"Colophon - Maison de l'Imprimeur\",\"url\":\"https:\\\/\\\/colophon-grignan.fr\\\/\",\"logo\":{\"@type\":\"ImageObject\",\"inLanguage\":\"fr-FR\",\"@id\":\"https:\\\/\\\/colophon-grignan.fr\\\/#\\\/schema\\\/logo\\\/image\\\/\",\"url\":\"https:\\\/\\\/i0.wp.com\\\/colophon-grignan.fr\\\/wp-content\\\/uploads\\\/2016\\\/12\\\/GRAND-CHAT.gif?fit=474%2C618&ssl=1\",\"contentUrl\":\"https:\\\/\\\/i0.wp.com\\\/colophon-grignan.fr\\\/wp-content\\\/uploads\\\/2016\\\/12\\\/GRAND-CHAT.gif?fit=474%2C618&ssl=1\",\"width\":474,\"height\":618,\"caption\":\"Colophon - Maison de l'Imprimeur\"},\"image\":{\"@id\":\"https:\\\/\\\/colophon-grignan.fr\\\/#\\\/schema\\\/logo\\\/image\\\/\"},\"sameAs\":[\"https:\\\/\\\/www.facebook.com\\\/colophongrignan\",\"https:\\\/\\\/www.pinterest.fr\\\/colophongrignan\\\/\",\"https:\\\/\\\/www.instagram.com\\\/colophon_grignan\\\/\"]}]}<\/script>\n<!-- \/ Yoast SEO plugin. -->","yoast_head_json":{"title":"IIe titre 2017 - Colophon, Maison de l&#039;Imprimeur","robots":{"index":"index","follow":"follow","max-snippet":"max-snippet:-1","max-image-preview":"max-image-preview:large","max-video-preview":"max-video-preview:-1"},"canonical":"https:\/\/colophon-grignan.fr\/index.php\/iie-titre-2017\/","og_locale":"fr_FR","og_type":"article","og_title":"IIe titre 2017 - Colophon, Maison de l&#039;Imprimeur","og_description":"RENCONTRES DU IIe TITRE, le deuxi\u00e8me roman : une entr\u00e9e en litt\u00e9rature Rencontres samedi 13 et dimanche 14 mai 2017 Le comit\u00e9 de lecture a lu 16 livres Ecrivains invit\u00e9s KAOUTHER ADIMI Des pierres dans ma poche Editions Seuil JULIA KERNINON Le dernier amour d&rsquo;Attila Kiss Editions Rouergue PHILIPPE MATTHIEU [&hellip;]","og_url":"https:\/\/colophon-grignan.fr\/index.php\/iie-titre-2017\/","og_site_name":"Colophon, Maison de l&#039;Imprimeur","article_publisher":"https:\/\/www.facebook.com\/colophongrignan","article_modified_time":"2019-03-15T14:23:59+00:00","og_image":[{"url":"https:\/\/colophon-grignan.fr\/wp-content\/uploads\/2018\/10\/Photo-3-1-150x150.jpg","type":"","width":"","height":""}],"twitter_card":"summary_large_image","schema":{"@context":"https:\/\/schema.org","@graph":[{"@type":"WebPage","@id":"https:\/\/colophon-grignan.fr\/index.php\/iie-titre-2017\/","url":"https:\/\/colophon-grignan.fr\/index.php\/iie-titre-2017\/","name":"IIe titre 2017 - Colophon, Maison de l&#039;Imprimeur","isPartOf":{"@id":"https:\/\/colophon-grignan.fr\/#website"},"primaryImageOfPage":{"@id":"https:\/\/colophon-grignan.fr\/index.php\/iie-titre-2017\/#primaryimage"},"image":{"@id":"https:\/\/colophon-grignan.fr\/index.php\/iie-titre-2017\/#primaryimage"},"thumbnailUrl":"https:\/\/colophon-grignan.fr\/wp-content\/uploads\/2018\/10\/Photo-3-1-150x150.jpg","datePublished":"2017-12-29T14:33:44+00:00","dateModified":"2019-03-15T14:23:59+00:00","breadcrumb":{"@id":"https:\/\/colophon-grignan.fr\/index.php\/iie-titre-2017\/#breadcrumb"},"inLanguage":"fr-FR","potentialAction":[{"@type":"ReadAction","target":["https:\/\/colophon-grignan.fr\/index.php\/iie-titre-2017\/"]}]},{"@type":"ImageObject","inLanguage":"fr-FR","@id":"https:\/\/colophon-grignan.fr\/index.php\/iie-titre-2017\/#primaryimage","url":"https:\/\/colophon-grignan.fr\/wp-content\/uploads\/2018\/10\/Photo-3-1.jpg","contentUrl":"https:\/\/colophon-grignan.fr\/wp-content\/uploads\/2018\/10\/Photo-3-1.jpg","width":695,"height":1024},{"@type":"BreadcrumbList","@id":"https:\/\/colophon-grignan.fr\/index.php\/iie-titre-2017\/#breadcrumb","itemListElement":[{"@type":"ListItem","position":1,"name":"Accueil","item":"https:\/\/colophon-grignan.fr\/"},{"@type":"ListItem","position":2,"name":"IIe titre 2017"}]},{"@type":"WebSite","@id":"https:\/\/colophon-grignan.fr\/#website","url":"https:\/\/colophon-grignan.fr\/","name":"Colophon - Maison de l&#039;Imprimeur","description":"Atelier-Mus\u00e9e &amp; Librairie","publisher":{"@id":"https:\/\/colophon-grignan.fr\/#organization"},"potentialAction":[{"@type":"SearchAction","target":{"@type":"EntryPoint","urlTemplate":"https:\/\/colophon-grignan.fr\/?s={search_term_string}"},"query-input":{"@type":"PropertyValueSpecification","valueRequired":true,"valueName":"search_term_string"}}],"inLanguage":"fr-FR"},{"@type":"Organization","@id":"https:\/\/colophon-grignan.fr\/#organization","name":"Colophon - Maison de l'Imprimeur","url":"https:\/\/colophon-grignan.fr\/","logo":{"@type":"ImageObject","inLanguage":"fr-FR","@id":"https:\/\/colophon-grignan.fr\/#\/schema\/logo\/image\/","url":"https:\/\/i0.wp.com\/colophon-grignan.fr\/wp-content\/uploads\/2016\/12\/GRAND-CHAT.gif?fit=474%2C618&ssl=1","contentUrl":"https:\/\/i0.wp.com\/colophon-grignan.fr\/wp-content\/uploads\/2016\/12\/GRAND-CHAT.gif?fit=474%2C618&ssl=1","width":474,"height":618,"caption":"Colophon - Maison de l'Imprimeur"},"image":{"@id":"https:\/\/colophon-grignan.fr\/#\/schema\/logo\/image\/"},"sameAs":["https:\/\/www.facebook.com\/colophongrignan","https:\/\/www.pinterest.fr\/colophongrignan\/","https:\/\/www.instagram.com\/colophon_grignan\/"]}]}},"_links":{"self":[{"href":"https:\/\/colophon-grignan.fr\/index.php\/wp-json\/wp\/v2\/pages\/1326","targetHints":{"allow":["GET"]}}],"collection":[{"href":"https:\/\/colophon-grignan.fr\/index.php\/wp-json\/wp\/v2\/pages"}],"about":[{"href":"https:\/\/colophon-grignan.fr\/index.php\/wp-json\/wp\/v2\/types\/page"}],"author":[{"embeddable":true,"href":"https:\/\/colophon-grignan.fr\/index.php\/wp-json\/wp\/v2\/users\/6"}],"replies":[{"embeddable":true,"href":"https:\/\/colophon-grignan.fr\/index.php\/wp-json\/wp\/v2\/comments?post=1326"}],"version-history":[{"count":0,"href":"https:\/\/colophon-grignan.fr\/index.php\/wp-json\/wp\/v2\/pages\/1326\/revisions"}],"wp:attachment":[{"href":"https:\/\/colophon-grignan.fr\/index.php\/wp-json\/wp\/v2\/media?parent=1326"}],"curies":[{"name":"wp","href":"https:\/\/api.w.org\/{rel}","templated":true}]}}