{"id":1764,"date":"2018-11-09T14:43:09","date_gmt":"2018-11-09T13:43:09","guid":{"rendered":"http:\/\/colophon-grignan.fr\/?page_id=1764"},"modified":"2021-06-17T16:00:57","modified_gmt":"2021-06-17T14:00:57","slug":"un-peu-dhistoire","status":"publish","type":"page","link":"https:\/\/colophon-grignan.fr\/index.php\/un-peu-dhistoire\/","title":{"rendered":"Un peu d&rsquo;histoire"},"content":{"rendered":"<p align=\"center\"><span style=\"font-family: Garamond, serif;\"><span style=\"font-size: x-large;\"><b><span style=\"font-family: BodoniXT;\"><span style=\"font-size: 300%;\">C<\/span><\/span><span style=\"font-family: BodoniXT;\"><span style=\"font-size: 300%;\">o<\/span><\/span><span style=\"font-family: BodoniXT;\"><span style=\"font-size: 300%;\">l<\/span><\/span><span style=\"font-family: BodoniXT;\"><span style=\"font-size: 300%;\">O<\/span><\/span><span style=\"font-family: BodoniXT;\"><span style=\"font-size: 300%;\">ph<\/span><\/span><span style=\"font-family: BodoniXT;\"><span style=\"font-size: 300%;\">O<\/span><\/span><span style=\"font-family: BodoniXT;\"><span style=\"font-size: 300%;\">n<\/span><\/span><\/b><\/span><\/span><\/p>\n<p align=\"center\"><span style=\"font-family: BodoniXT;\"><span style=\"font-size: large;\"><b>un lieu unique<\/b><\/span><\/span><\/p>\n<p align=\"center\"><span style=\"font-family: BodoniXT;\"><span style=\"font-size: large;\"><b>les m\u00e9tiers du livre en un m\u00eame lieu<\/b><\/span><\/span><\/p>\n<p align=\"center\"><span style=\"font-family: BodoniXT;\"><span style=\"font-size: large;\"><b>Imprimeur \u2013 \u00c9diteur &#8211; Libraire<\/b><\/span><\/span><\/p>\n<p style=\"text-align: center;\" align=\"left\"><span style=\"font-family: Garamond, serif;\"><strong>Cr\u00e9ation de l\u2019association COLOPHON<\/strong>, GENS DE LETTRES ET DE CARACT\u00c8RE en <strong>novembre 1989<\/strong>, \u00e0 l\u2019initiative de PHILIPPE DEVOGHEL, typographe.<\/span><\/p>\n<p style=\"text-align: center;\" align=\"left\"><span style=\"font-family: Garamond, serif;\"><strong>But de l\u2019association<\/strong>\u00a0:<br \/>\n<\/span><span style=\"font-family: Garamond, serif;\">&#8211; Retrouver la m\u00e9moire et les gestes des ouvriers imprimeurs, leurs traditions, au cours des si\u00e8cles<br \/>\n<\/span><span style=\"font-family: Garamond, serif;\">&#8211; La cr\u00e9ation\/animation d\u2019un mus\u00e9e-atelier, vivant, de la fabrication du papier au livre fini, en passant par la typographie des textes, l\u2019impression, la gravure, la reliure, pr\u00e9senter l\u2019esprit des Humanistes du XVIe si\u00e8cle en recr\u00e9ant la cha\u00eene du livre : imprimeur-\u00e9diteur-libraire<br \/>\n<\/span><span style=\"font-family: Garamond, serif;\">&#8211; Pr\u00e9senter, \u00e0 travers des expositions, la vitalit\u00e9 du monde de la lettre et implication dans la vie artistique<br \/>\n<\/span><span style=\"font-family: Garamond, serif;\">&#8211; Organiser des stages dans les diff\u00e9rentes activit\u00e9s du mus\u00e9e\/atelier<\/span><\/p>\n<p style=\"text-align: center;\" align=\"left\"><span style=\"font-family: Garamond, serif;\"><strong>Pr\u00e9sidentes et pr\u00e9sident de Colophon<\/strong><br \/>\nChantal Bonnemaison 1989-2003<br \/>\n<\/span><span style=\"font-family: Garamond, serif;\">Catherine Coutarel 2004-2008<br \/>\n<\/span><span style=\"font-family: Garamond, serif;\">Philippe Devoghel 2009-2019<br \/>\nPhilippe Devoghel pr\u00e9sident d&rsquo;honneur<br \/>\n<\/span><span style=\"font-family: Garamond, serif;\">Adrien Bitton 2019-<br \/>\n<\/span><\/p>\n<p style=\"text-align: center;\" align=\"left\"><span style=\"font-family: Garamond, serif;\"><strong>1<sup>er<\/sup> mai 1995<\/strong>\u00a0Inauguration du mus\u00e9e dans la Maison du Bailli en pr\u00e9sence de Marcel Robert, maire de Grignan -que nous remercions pour son immense soutien-, Herv\u00e9 Mariton d\u00e9put\u00e9, Alain Blanc conseiller g\u00e9n\u00e9ral, Jean Mouton pr\u00e9sident du conseil g\u00e9n\u00e9ral, Jean Besson s\u00e9nateur.<\/span><\/p>\n<p style=\"text-align: center;\" align=\"left\"><span style=\"font-family: Garamond, serif;\"><strong>2002<\/strong>\u00a0: la librairie saisonni\u00e8re se transforme en librairie g\u00e9n\u00e9raliste sous l\u2019impulsion de Chantal Bonnemaison<\/span><\/p>\n<p style=\"text-align: center;\" align=\"left\"><span style=\"font-family: Garamond, serif;\"><strong>2007<\/strong> Journ\u00e9e de La Saint Jean Porte latine pour f\u00eater le cicero de Colophon dans la maison du bailli<\/span><\/p>\n<p style=\"text-align: center;\" align=\"left\"><span style=\"font-family: Garamond, serif;\"><strong>2011<\/strong> septembre arriv\u00e9e de Yoann Martinez ma\u00eetre d\u2019oeuvre \u00e0 l\u2019atelier<\/span><\/p>\n<p style=\"text-align: center;\" align=\"left\"><span style=\"font-family: Garamond, serif;\"><strong>2016<\/strong> d\u00e9cembre \u00e0 la librairie Estelle Vigne<\/span><\/p>\n<p style=\"text-align: center;\" align=\"left\"><span style=\"font-family: Garamond, serif;\"><strong>Mus\u00e9e<\/strong><br \/>\n<\/span><span style=\"font-family: Garamond, serif;\">Acquisition et dons d\u2019une cinquantaine de machines, des casses, des objets, des caract\u00e8res bois<\/span><\/p>\n<p style=\"text-align: center;\" align=\"left\"><span style=\"font-family: Garamond, serif;\"><strong>Tout au long de l\u2019ann\u00e9e<\/strong><br \/>\n<\/span><span style=\"font-family: Garamond, serif;\">Accueil de scolaires, classes p\u00e9dagogiques, workshop \u00e9tudiants<br \/>\n<\/span><span style=\"font-family: Garamond, serif;\">Organisation de rencontres litt\u00e9raires en partenariat avec les Amis de Colophon<br \/>\nExpositions<\/span><\/p>\n<p style=\"text-align: center;\" align=\"left\">&#8212;&#8212;&#8212;&#8212;&#8212;&#8212;&#8212;&#8212;&#8212;&#8212;&#8212;&#8212;<\/p>\n<h3 class=\"western\" style=\"text-align: center;\" lang=\"zxx\" align=\"center\"><span style=\"font-size: large;\"><b>Colophon, la r\u00e9publique du livre<br \/>\ninterview de Chantal Bonnemaison par Denis Jeambar en septembre 2020<br \/>\n<\/b><\/span><\/h3>\n<p class=\"western\" style=\"text-align: left;\" align=\"center\"><i><b>L&rsquo;aventure a commenc\u00e9 il y a plus de 30 ans maintenant. Le pari de cr\u00e9er un mus\u00e9e de la typographie et une librairie consacr\u00e9e au roman et \u00e0 la jeunesse \u00e9tait loin d&rsquo;\u00eatre gagn\u00e9 d&rsquo;avance. Philippe Devoghel, typographe \u00e9rudit, et Chantal Bonnemaison, libraire enthousiaste, ont fait vivre envers et contre tout leur passion. Elle s&rsquo;appelle Colophon. Magique. Entretien.<\/b><\/i><\/p>\n<p style=\"text-align: left;\"><b>Question.<\/b> Comment ce projet est-il n\u00e9 et quand a-t-il vu le jour ?<\/p>\n<p style=\"text-align: left;\"><b>Chantal Bonnemaison.<\/b> Nous venons de la r\u00e9gion parisienne. Philippe \u00e9tait typographe. Quand est arriv\u00e9e l&rsquo;offset dans la presse parisienne, il n&rsquo;a pas voulu abandonner son m\u00e9tier, cet artisanat qui consiste \u00e0 composer et mettre en page des textes destin\u00e9s \u00e0 l&rsquo;impression avec des caract\u00e8res mobiles en plomb. Nous sommes donc venus dans la r\u00e9gion et il a achet\u00e9 un petit atelier artisanal.<\/p>\n<p style=\"text-align: left;\"><b>Q.<\/b> Typographe un jour, typographe toujours, il est vrai que c&rsquo;est un m\u00e9tier admirable qu&rsquo;il a voulu d\u00e9fendre au-del\u00e0 de cet atelier!<\/p>\n<p style=\"text-align: left;\"><b>CB. <\/b>En effet, en 1987, Philippe a obtenu la bourse Guy L\u00e9vis Mano en tant que typographe. Cette bourse l&rsquo;a conduit \u00e0 cr\u00e9er en 1989 l&rsquo;association Colophon et \u00e0 lancer l&rsquo;id\u00e9e d&rsquo;un atelier-mus\u00e9e pour la d\u00e9fense et la conservation de ce m\u00e9tier. Il voulait proposer une vision compl\u00e8te de la vie du livre, \u00e9diteur, imprimeur et libraire. D\u00e8s le d\u00e9part, il a souhait\u00e9 aussi avoir un r\u00f4le p\u00e9dagogique en s&rsquo;adressant aux scolaires et aux \u00e9tudiants. Il a soumis ce dossier \u00e0 Marcel Robert, alors maire de Grignan, et obtenu son soutien. La Maison du Bailli, maison de justice des seigneurs de Grignan construite en 1558, propri\u00e9t\u00e9 de la commune, \u00e9tait \u00e0 l&rsquo;abandon. Elle avait accueilli l&rsquo;\u00e9cole de gar\u00e7ons pendant plus de cent ans de 1831 \u00e0 1965. La municipalit\u00e9, en s&rsquo;appuyant sur ce projet, obtient 80 % de subventions pour la r\u00e9novation de cette b\u00e2tisse. En mai 1995, Philippe ouvre donc le Mus\u00e9e livre et typographie, mus\u00e9e et atelier dont l&rsquo;ambition est de raconter et c\u00e9l\u00e9brer le circuit du livre, depuis sa conception, sa fabrication, jusqu&rsquo;\u00e0 sa parution. Il y a eu alors une rencontre importante avec ce grand artiste qu&rsquo;est Jean-Michel Alberola. Philippe a travaill\u00e9 avec lui. Au fil du temps, il est enfin devenu naturel que cet ensemble accueille aussi une librairie g\u00e9n\u00e9raliste, de proximit\u00e9, pour les lecteurs grignanais et les alentours. C&rsquo;est chose faite en 2002.<\/p>\n<p style=\"text-align: left;\"><b>Q.<\/b> Est-ce \u00e0 ce moment-l\u00e0 que vous entrez en sc\u00e8ne?<\/p>\n<p style=\"text-align: left;\"><b>CB. <\/b>En fait, quand nous sommes arriv\u00e9s dans la r\u00e9gion dans les ann\u00e9es 80, j&rsquo;ai cherch\u00e9 du travail et j&rsquo;ai trouv\u00e9 un poste chez Maviel, la \u00ab\u00a0grande\u00a0\u00bb librairie de Mont\u00e9limar \u00e0 l&rsquo;\u00e9poque. C&rsquo;est \u00e0 ce moment-l\u00e0 que je d\u00e9couvre l&rsquo;univers de la librairie et ses valeurs, la d\u00e9couverte, l&rsquo;\u00e9change, le partage.<\/p>\n<p style=\"text-align: left;\"><b>Q.<\/b> Un coup de foudre&#8230;<\/p>\n<p style=\"text-align: left;\"><b>CB. <\/b>Ah oui, vraiment! Vous comprenez donc la logique du concept. Philippe faisait de l&rsquo;\u00e9dition, pour l&rsquo;essentiel des ouvrages graphiques, compos\u00e9s bien s\u00fbr \u00e0 la main, agr\u00e9ment\u00e9s de vignettes, d&rsquo;illustrations sur linoleum. La librairie bouclait la boucle. Mais nous \u00e9tions tr\u00e8s attach\u00e9s \u00e0 l&rsquo;originalit\u00e9 de la d\u00e9marche, cette action au service du livre et souhaitions la p\u00e9renniser, faire en sorte que l&rsquo;esprit fondateur demeure. Nous en avons donc l\u00e9gu\u00e9 le patrimoine \u00e0 l&rsquo;association que nous avions cr\u00e9\u00e9e.<\/p>\n<p style=\"text-align: left;\"><b>Q. <\/b>La librairie existe mainteant depuis 18 ans, on conna\u00eet la fragilit\u00e9 du secteur, comment avez-vous r\u00e9sist\u00e9?<\/p>\n<p style=\"text-align: left;\"><b>CB.<\/b> Par passion et donc acharnement! Pourtant, on ne peut pas dire qu&rsquo;on nous ait aid\u00e9s! Mais nous voulions \u00eatre ind\u00e9pendants. L&rsquo;ind\u00e9pendance a un prix, parfois il s&rsquo;appelle gal\u00e8re! Nous avons connu des passages difficiles et, malgr\u00e9 tout, nous sommes toujours l\u00e0, toujours ind\u00e9pendants, fid\u00e8les \u00e0 nos valeurs.<\/p>\n<p style=\"text-align: left;\"><b>Q. <\/b>Pourquoi avez-vous multipli\u00e9 les prix, les \u00e9v\u00e9nements? Pour vous donner de la visibilit\u00e9, sans doute.<\/p>\n<p style=\"text-align: left;\"><b>CB. <\/b>Oui mais aussi parce que \u00e7a fait partie de la vie d&rsquo;une librairie que de prendre des inititatives pour \u00e9veiller l&rsquo;attention des lecteurs. L\u00e0 encore nous sommes dans la cha\u00eene du livre. Lorsque je travaillais \u00e0 Mont\u00e9limar, je m&rsquo;occupais d&rsquo;une manifestation mensuelle \u00ab\u00a0Un \u00e9crivain au bistrot\u00a0\u00bb et avais commenc\u00e9 \u00e0 cr\u00e9er des rencontres autour du deuxi\u00e8me roman, qui se sont transform\u00e9es \u00e0 Grignan en Rencontres du IIe titre. Puis il y a eu des \u00e9v\u00e8nements autour des femmes \u00e9crivaines et libres \u00ab\u00a0Femmes en litt\u00e9rature\u00a0\u00bb. Ou encore \u00ab\u00a0Plumes et plantes\u00a0\u00bb autour des plantes et de la litt\u00e9rature. Je n&rsquo;oublie pas, \u00e9videmment, les rencontres occasionnelles avec des auteurs.<\/p>\n<p style=\"text-align: left;\"><b>Q. <\/b>C&rsquo;\u00e9tait beaucoup!<\/p>\n<p style=\"text-align: left;\"><b>CB.<\/b> Sans doute trop. J&rsquo;ai donc choisi de mensualiser les rencontres avec un auteur. En 2008, pour les financer, nous avons cr\u00e9\u00e9 \u00ab\u00a0Les amis de Colophon\u00a0\u00bb. L&rsquo;association compte une cinquantaine d&rsquo;adh\u00e9rents dont une quinzaine tr\u00e8s actifs. Ils ont d&rsquo;ailleurs \u00e9t\u00e9 tr\u00e8s pr\u00e9sents en juillet et en ao\u00fbt pour aider Estelle Vigne qui a repris la librairie et Yoan Martinez &#8211; form\u00e9 par Philippe &#8211; qui s&rsquo;occupe du mus\u00e9e et en maintient l&rsquo;esprit. Nous avons pu rester \u00a0\u00bbOuvert\u00a0\u00bb tout l&rsquo;\u00e9t\u00e9 et faire face aux probl\u00e8mes n\u00e9s du confinement.<\/p>\n<p style=\"text-align: left;\"><b>Q. <\/b>Aujourd&rsquo;hui, votre petite r\u00e9publique du livre, c&rsquo;est quoi?<\/p>\n<p style=\"text-align: left;\"><b>CB.<\/b> Trois associations, trois structures financi\u00e8rement ind\u00e9pendantes. \u00ab\u00a0Colophon\u00a0\u00bb qui, outre la gestion du mus\u00e9e, accueille des scolaires tout au long de l&rsquo;ann\u00e9e, mais essentiellement en avril, mai et juin, organise \u00e0 la rentr\u00e9e un work-shop avec des \u00e9tudiants en graphisme. Les deux sessions 2020 ont eu lieu au mois de septembre dernier. \u00ab\u00a0Les amis de Colophon\u00a0\u00bb, bien s\u00fbr, mais aussi \u00ab\u00a0Les rencontres du IIe titre\u00a0\u00bb devenues \u00ab\u00a0Le festival du 2e roman Grignan\u00a0\u00bb qui se d\u00e9roulera en novembre prochain sous la pr\u00e9sidence de la romanci\u00e8re Sandrine Collette, d\u00e9j\u00e0 couronn\u00e9e par plusieurs prix. Au printemps 2021, la pr\u00e9sidente sera Carole Martinez, laur\u00e9ate en 2011 du prix Goncourt des lyc\u00e9ens. En mai prochain, le prix sera remis par Didier Decoin, pr\u00e9sident du jury Goncourt.<\/p>\n<p><em>Merci \u00e0 Denis Jeambar pour l&rsquo;autorisation.<\/em><\/p>\n","protected":false},"excerpt":{"rendered":"<p>ColOphOn un lieu unique les m\u00e9tiers du livre en un m\u00eame lieu Imprimeur \u2013 \u00c9diteur &#8211; Libraire Cr\u00e9ation de l\u2019association COLOPHON, GENS DE LETTRES ET DE CARACT\u00c8RE en novembre 1989, \u00e0 l\u2019initiative de PHILIPPE DEVOGHEL, typographe. But de l\u2019association\u00a0: &#8211; Retrouver la m\u00e9moire et les gestes des ouvriers imprimeurs, leurs [&hellip;]<\/p>\n","protected":false},"author":6,"featured_media":0,"parent":0,"menu_order":0,"comment_status":"closed","ping_status":"closed","template":"","meta":{"footnotes":""},"class_list":["post-1764","page","type-page","status-publish","hentry"],"yoast_head":"<!-- This site is optimized with the Yoast SEO plugin v27.3 - https:\/\/yoast.com\/product\/yoast-seo-wordpress\/ -->\n<title>Un peu d&#039;histoire - Colophon, Maison de l&#039;Imprimeur<\/title>\n<meta name=\"robots\" content=\"index, follow, max-snippet:-1, max-image-preview:large, max-video-preview:-1\" \/>\n<link rel=\"canonical\" href=\"https:\/\/colophon-grignan.fr\/index.php\/un-peu-dhistoire\/\" \/>\n<meta property=\"og:locale\" content=\"fr_FR\" \/>\n<meta property=\"og:type\" content=\"article\" \/>\n<meta property=\"og:title\" content=\"Un peu d&#039;histoire - Colophon, Maison de l&#039;Imprimeur\" \/>\n<meta property=\"og:description\" content=\"ColOphOn un lieu unique les m\u00e9tiers du livre en un m\u00eame lieu Imprimeur \u2013 \u00c9diteur &#8211; Libraire Cr\u00e9ation de l\u2019association COLOPHON, GENS DE LETTRES ET DE CARACT\u00c8RE en novembre 1989, \u00e0 l\u2019initiative de PHILIPPE DEVOGHEL, typographe. But de l\u2019association\u00a0: &#8211; Retrouver la m\u00e9moire et les gestes des ouvriers imprimeurs, leurs [&hellip;]\" \/>\n<meta property=\"og:url\" content=\"https:\/\/colophon-grignan.fr\/index.php\/un-peu-dhistoire\/\" \/>\n<meta property=\"og:site_name\" content=\"Colophon, Maison de l&#039;Imprimeur\" \/>\n<meta property=\"article:publisher\" content=\"https:\/\/www.facebook.com\/colophongrignan\" \/>\n<meta property=\"article:modified_time\" content=\"2021-06-17T14:00:57+00:00\" \/>\n<meta name=\"twitter:card\" content=\"summary_large_image\" \/>\n<meta name=\"twitter:label1\" content=\"Dur\u00e9e de lecture estim\u00e9e\" \/>\n\t<meta name=\"twitter:data1\" content=\"6 minutes\" \/>\n<script type=\"application\/ld+json\" class=\"yoast-schema-graph\">{\"@context\":\"https:\\\/\\\/schema.org\",\"@graph\":[{\"@type\":\"WebPage\",\"@id\":\"https:\\\/\\\/colophon-grignan.fr\\\/index.php\\\/un-peu-dhistoire\\\/\",\"url\":\"https:\\\/\\\/colophon-grignan.fr\\\/index.php\\\/un-peu-dhistoire\\\/\",\"name\":\"Un peu d'histoire - Colophon, Maison de l&#039;Imprimeur\",\"isPartOf\":{\"@id\":\"https:\\\/\\\/colophon-grignan.fr\\\/#website\"},\"datePublished\":\"2018-11-09T13:43:09+00:00\",\"dateModified\":\"2021-06-17T14:00:57+00:00\",\"breadcrumb\":{\"@id\":\"https:\\\/\\\/colophon-grignan.fr\\\/index.php\\\/un-peu-dhistoire\\\/#breadcrumb\"},\"inLanguage\":\"fr-FR\",\"potentialAction\":[{\"@type\":\"ReadAction\",\"target\":[\"https:\\\/\\\/colophon-grignan.fr\\\/index.php\\\/un-peu-dhistoire\\\/\"]}]},{\"@type\":\"BreadcrumbList\",\"@id\":\"https:\\\/\\\/colophon-grignan.fr\\\/index.php\\\/un-peu-dhistoire\\\/#breadcrumb\",\"itemListElement\":[{\"@type\":\"ListItem\",\"position\":1,\"name\":\"Accueil\",\"item\":\"https:\\\/\\\/colophon-grignan.fr\\\/\"},{\"@type\":\"ListItem\",\"position\":2,\"name\":\"Un peu d&rsquo;histoire\"}]},{\"@type\":\"WebSite\",\"@id\":\"https:\\\/\\\/colophon-grignan.fr\\\/#website\",\"url\":\"https:\\\/\\\/colophon-grignan.fr\\\/\",\"name\":\"Colophon - Maison de l&#039;Imprimeur\",\"description\":\"Atelier-Mus\u00e9e &amp; Librairie\",\"publisher\":{\"@id\":\"https:\\\/\\\/colophon-grignan.fr\\\/#organization\"},\"potentialAction\":[{\"@type\":\"SearchAction\",\"target\":{\"@type\":\"EntryPoint\",\"urlTemplate\":\"https:\\\/\\\/colophon-grignan.fr\\\/?s={search_term_string}\"},\"query-input\":{\"@type\":\"PropertyValueSpecification\",\"valueRequired\":true,\"valueName\":\"search_term_string\"}}],\"inLanguage\":\"fr-FR\"},{\"@type\":\"Organization\",\"@id\":\"https:\\\/\\\/colophon-grignan.fr\\\/#organization\",\"name\":\"Colophon - Maison de l'Imprimeur\",\"url\":\"https:\\\/\\\/colophon-grignan.fr\\\/\",\"logo\":{\"@type\":\"ImageObject\",\"inLanguage\":\"fr-FR\",\"@id\":\"https:\\\/\\\/colophon-grignan.fr\\\/#\\\/schema\\\/logo\\\/image\\\/\",\"url\":\"https:\\\/\\\/i0.wp.com\\\/colophon-grignan.fr\\\/wp-content\\\/uploads\\\/2016\\\/12\\\/GRAND-CHAT.gif?fit=474%2C618&ssl=1\",\"contentUrl\":\"https:\\\/\\\/i0.wp.com\\\/colophon-grignan.fr\\\/wp-content\\\/uploads\\\/2016\\\/12\\\/GRAND-CHAT.gif?fit=474%2C618&ssl=1\",\"width\":474,\"height\":618,\"caption\":\"Colophon - Maison de l'Imprimeur\"},\"image\":{\"@id\":\"https:\\\/\\\/colophon-grignan.fr\\\/#\\\/schema\\\/logo\\\/image\\\/\"},\"sameAs\":[\"https:\\\/\\\/www.facebook.com\\\/colophongrignan\",\"https:\\\/\\\/www.pinterest.fr\\\/colophongrignan\\\/\",\"https:\\\/\\\/www.instagram.com\\\/colophon_grignan\\\/\"]}]}<\/script>\n<!-- \/ Yoast SEO plugin. -->","yoast_head_json":{"title":"Un peu d'histoire - Colophon, Maison de l&#039;Imprimeur","robots":{"index":"index","follow":"follow","max-snippet":"max-snippet:-1","max-image-preview":"max-image-preview:large","max-video-preview":"max-video-preview:-1"},"canonical":"https:\/\/colophon-grignan.fr\/index.php\/un-peu-dhistoire\/","og_locale":"fr_FR","og_type":"article","og_title":"Un peu d'histoire - Colophon, Maison de l&#039;Imprimeur","og_description":"ColOphOn un lieu unique les m\u00e9tiers du livre en un m\u00eame lieu Imprimeur \u2013 \u00c9diteur &#8211; Libraire Cr\u00e9ation de l\u2019association COLOPHON, GENS DE LETTRES ET DE CARACT\u00c8RE en novembre 1989, \u00e0 l\u2019initiative de PHILIPPE DEVOGHEL, typographe. But de l\u2019association\u00a0: &#8211; Retrouver la m\u00e9moire et les gestes des ouvriers imprimeurs, leurs [&hellip;]","og_url":"https:\/\/colophon-grignan.fr\/index.php\/un-peu-dhistoire\/","og_site_name":"Colophon, Maison de l&#039;Imprimeur","article_publisher":"https:\/\/www.facebook.com\/colophongrignan","article_modified_time":"2021-06-17T14:00:57+00:00","twitter_card":"summary_large_image","twitter_misc":{"Dur\u00e9e de lecture estim\u00e9e":"6 minutes"},"schema":{"@context":"https:\/\/schema.org","@graph":[{"@type":"WebPage","@id":"https:\/\/colophon-grignan.fr\/index.php\/un-peu-dhistoire\/","url":"https:\/\/colophon-grignan.fr\/index.php\/un-peu-dhistoire\/","name":"Un peu d'histoire - Colophon, Maison de l&#039;Imprimeur","isPartOf":{"@id":"https:\/\/colophon-grignan.fr\/#website"},"datePublished":"2018-11-09T13:43:09+00:00","dateModified":"2021-06-17T14:00:57+00:00","breadcrumb":{"@id":"https:\/\/colophon-grignan.fr\/index.php\/un-peu-dhistoire\/#breadcrumb"},"inLanguage":"fr-FR","potentialAction":[{"@type":"ReadAction","target":["https:\/\/colophon-grignan.fr\/index.php\/un-peu-dhistoire\/"]}]},{"@type":"BreadcrumbList","@id":"https:\/\/colophon-grignan.fr\/index.php\/un-peu-dhistoire\/#breadcrumb","itemListElement":[{"@type":"ListItem","position":1,"name":"Accueil","item":"https:\/\/colophon-grignan.fr\/"},{"@type":"ListItem","position":2,"name":"Un peu d&rsquo;histoire"}]},{"@type":"WebSite","@id":"https:\/\/colophon-grignan.fr\/#website","url":"https:\/\/colophon-grignan.fr\/","name":"Colophon - Maison de l&#039;Imprimeur","description":"Atelier-Mus\u00e9e &amp; Librairie","publisher":{"@id":"https:\/\/colophon-grignan.fr\/#organization"},"potentialAction":[{"@type":"SearchAction","target":{"@type":"EntryPoint","urlTemplate":"https:\/\/colophon-grignan.fr\/?s={search_term_string}"},"query-input":{"@type":"PropertyValueSpecification","valueRequired":true,"valueName":"search_term_string"}}],"inLanguage":"fr-FR"},{"@type":"Organization","@id":"https:\/\/colophon-grignan.fr\/#organization","name":"Colophon - Maison de l'Imprimeur","url":"https:\/\/colophon-grignan.fr\/","logo":{"@type":"ImageObject","inLanguage":"fr-FR","@id":"https:\/\/colophon-grignan.fr\/#\/schema\/logo\/image\/","url":"https:\/\/i0.wp.com\/colophon-grignan.fr\/wp-content\/uploads\/2016\/12\/GRAND-CHAT.gif?fit=474%2C618&ssl=1","contentUrl":"https:\/\/i0.wp.com\/colophon-grignan.fr\/wp-content\/uploads\/2016\/12\/GRAND-CHAT.gif?fit=474%2C618&ssl=1","width":474,"height":618,"caption":"Colophon - Maison de l'Imprimeur"},"image":{"@id":"https:\/\/colophon-grignan.fr\/#\/schema\/logo\/image\/"},"sameAs":["https:\/\/www.facebook.com\/colophongrignan","https:\/\/www.pinterest.fr\/colophongrignan\/","https:\/\/www.instagram.com\/colophon_grignan\/"]}]}},"_links":{"self":[{"href":"https:\/\/colophon-grignan.fr\/index.php\/wp-json\/wp\/v2\/pages\/1764","targetHints":{"allow":["GET"]}}],"collection":[{"href":"https:\/\/colophon-grignan.fr\/index.php\/wp-json\/wp\/v2\/pages"}],"about":[{"href":"https:\/\/colophon-grignan.fr\/index.php\/wp-json\/wp\/v2\/types\/page"}],"author":[{"embeddable":true,"href":"https:\/\/colophon-grignan.fr\/index.php\/wp-json\/wp\/v2\/users\/6"}],"replies":[{"embeddable":true,"href":"https:\/\/colophon-grignan.fr\/index.php\/wp-json\/wp\/v2\/comments?post=1764"}],"version-history":[{"count":9,"href":"https:\/\/colophon-grignan.fr\/index.php\/wp-json\/wp\/v2\/pages\/1764\/revisions"}],"predecessor-version":[{"id":4619,"href":"https:\/\/colophon-grignan.fr\/index.php\/wp-json\/wp\/v2\/pages\/1764\/revisions\/4619"}],"wp:attachment":[{"href":"https:\/\/colophon-grignan.fr\/index.php\/wp-json\/wp\/v2\/media?parent=1764"}],"curies":[{"name":"wp","href":"https:\/\/api.w.org\/{rel}","templated":true}]}}