{"id":2217,"date":"2019-03-22T00:52:31","date_gmt":"2019-03-21T23:52:31","guid":{"rendered":"https:\/\/colophon-grignan.fr\/index.php\/hestia-front\/"},"modified":"2025-12-30T17:21:51","modified_gmt":"2025-12-30T16:21:51","slug":"atelier-musee-librairie-a-grignan","status":"publish","type":"page","link":"https:\/\/colophon-grignan.fr\/","title":{"rendered":"Atelier-Mus\u00e9e &#038; Librairie"},"content":{"rendered":"\n<figure class=\"wp-block-table\"><table><tbody><tr><td class=\"has-text-align-center\" data-align=\"center\"><a href=\"https:\/\/colophon-grignan.fr\/index.php\/boutique-letterpress\/\"><img loading=\"lazy\" decoding=\"async\" width=\"150\" height=\"112\" class=\"wp-image-4017\" style=\"width: 150px;\" src=\"https:\/\/colophon-grignan.fr\/wp-content\/uploads\/2020\/07\/boutonseditionsarrondipng.png\" alt=\"\" srcset=\"https:\/\/colophon-grignan.fr\/wp-content\/uploads\/2020\/07\/boutonseditionsarrondipng.png 1024w, https:\/\/colophon-grignan.fr\/wp-content\/uploads\/2020\/07\/boutonseditionsarrondipng-600x449.png 600w, https:\/\/colophon-grignan.fr\/wp-content\/uploads\/2020\/07\/boutonseditionsarrondipng-300x225.png 300w, https:\/\/colophon-grignan.fr\/wp-content\/uploads\/2020\/07\/boutonseditionsarrondipng-150x112.png 150w, https:\/\/colophon-grignan.fr\/wp-content\/uploads\/2020\/07\/boutonseditionsarrondipng-768x575.png 768w\" sizes=\"auto, (max-width: 150px) 100vw, 150px\" \/><\/a><\/td><td class=\"has-text-align-center\" data-align=\"center\"><a href=\"https:\/\/colophon-grignan.fr\/index.php\/musee-imprimerie-grignan-visite\/\"><img loading=\"lazy\" decoding=\"async\" width=\"150\" height=\"118\" class=\"wp-image-4018\" style=\"width: 150px;\" src=\"https:\/\/colophon-grignan.fr\/wp-content\/uploads\/2020\/07\/boutonsmuseearrondipng.png\" alt=\"\" srcset=\"https:\/\/colophon-grignan.fr\/wp-content\/uploads\/2020\/07\/boutonsmuseearrondipng.png 1012w, https:\/\/colophon-grignan.fr\/wp-content\/uploads\/2020\/07\/boutonsmuseearrondipng-600x471.png 600w, https:\/\/colophon-grignan.fr\/wp-content\/uploads\/2020\/07\/boutonsmuseearrondipng-300x235.png 300w, https:\/\/colophon-grignan.fr\/wp-content\/uploads\/2020\/07\/boutonsmuseearrondipng-150x118.png 150w, https:\/\/colophon-grignan.fr\/wp-content\/uploads\/2020\/07\/boutonsmuseearrondipng-768x603.png 768w\" sizes=\"auto, (max-width: 150px) 100vw, 150px\" \/><\/a><\/td><td class=\"has-text-align-center\" data-align=\"center\"><a href=\"https:\/\/colophon-grignan.fr\/index.php\/ateliers-animations-livre-scolaires\/\"><img loading=\"lazy\" decoding=\"async\" width=\"150\" height=\"114\" class=\"wp-image-4012\" style=\"width: 150px;\" src=\"https:\/\/colophon-grignan.fr\/wp-content\/uploads\/2020\/07\/boutonspedagogiearrondipng.png\" alt=\"\" srcset=\"https:\/\/colophon-grignan.fr\/wp-content\/uploads\/2020\/07\/boutonspedagogiearrondipng.png 1014w, https:\/\/colophon-grignan.fr\/wp-content\/uploads\/2020\/07\/boutonspedagogiearrondipng-600x456.png 600w, https:\/\/colophon-grignan.fr\/wp-content\/uploads\/2020\/07\/boutonspedagogiearrondipng-300x228.png 300w, https:\/\/colophon-grignan.fr\/wp-content\/uploads\/2020\/07\/boutonspedagogiearrondipng-150x114.png 150w, https:\/\/colophon-grignan.fr\/wp-content\/uploads\/2020\/07\/boutonspedagogiearrondipng-768x583.png 768w\" sizes=\"auto, (max-width: 150px) 100vw, 150px\" \/><\/a><\/td><td class=\"has-text-align-center\" data-align=\"center\"><a href=\"https:\/\/colophon-grignan.fr\/index.php\/rencontres-litteraires\/\"><img loading=\"lazy\" decoding=\"async\" width=\"150\" height=\"109\" class=\"wp-image-4016\" style=\"width: 150px;\" src=\"https:\/\/colophon-grignan.fr\/wp-content\/uploads\/2020\/07\/boutonrencontreslitterairesarrondipng.png\" alt=\"\" srcset=\"https:\/\/colophon-grignan.fr\/wp-content\/uploads\/2020\/07\/boutonrencontreslitterairesarrondipng.png 1024w, https:\/\/colophon-grignan.fr\/wp-content\/uploads\/2020\/07\/boutonrencontreslitterairesarrondipng-600x438.png 600w, https:\/\/colophon-grignan.fr\/wp-content\/uploads\/2020\/07\/boutonrencontreslitterairesarrondipng-300x219.png 300w, https:\/\/colophon-grignan.fr\/wp-content\/uploads\/2020\/07\/boutonrencontreslitterairesarrondipng-150x109.png 150w, https:\/\/colophon-grignan.fr\/wp-content\/uploads\/2020\/07\/boutonrencontreslitterairesarrondipng-768x560.png 768w\" sizes=\"auto, (max-width: 150px) 100vw, 150px\" \/><\/a><\/td><\/tr><\/tbody><\/table><\/figure>\n\n\n\n<p class=\"has-text-align-center has-black-color has-text-color\">&nbsp;<br>\u00c0 Grignan, on trouve un certain repaire abritant <strong>des gens de lettres et de caract\u00e8res<\/strong> (et pas qu\u2019un peu). Agissant \u00e0 partir du lieu \u00e0 la fois<strong> Mus\u00e9e, Atelier et Librairie <\/strong>(mais quelle id\u00e9e !), ils ont pour nom :<\/p>\n\n\n\n<h6 class=\"wp-block-heading has-text-align-center\"><em><strong>Colophon, Maison de l\u2019imprimeur \u2013 Librairie<br>Maison s\u00e9rieuse fond\u00e9e depuis un bon moment<\/strong><\/em><\/h6>\n\n\n\n<p class=\"has-text-align-center\">Libraires, typographes et gens de lettres en tout genre, vous les pensiez disparus\u2026 Que nenni ! Ils existent toujours et vous invitent \u00e0 venir les rencontrer autour d\u2019un livre, d\u2019un verre ou d\u2019une presse.<\/p>\n\n\n\n<figure class=\"wp-block-video\"><video controls src=\"https:\/\/colophon-grignan.fr\/wp-content\/uploads\/2025\/01\/En-Vadrouille_-avec-Loic-FR3-decouvre-les-presses-de-Colophon.mp4\"><\/video><\/figure>\n\n\n\n<p class=\"has-text-align-center\"><em>In Grignan, you can find a certain den harbouring men and women of letters and characters (and character they have!). Working from a place with a Museum, a Workshop and a Bookshop , their name is<br><strong>Colophon, The Printer&rsquo;s House &amp; Bookshop<\/strong><br><strong>A serious company founded a good while ago<\/strong><br>Booksellers, typographers and all kinds of men and women of letters, you thought they were gone, didn&rsquo;t you&#8230; Nay! They still exist and invite you to come and meet them around a book, a drink or a printing machine !<\/em><\/p>\n\n\n<div class=\"wp-block-image\">\n<figure class=\"aligncenter size-large is-resized\"><img loading=\"lazy\" decoding=\"async\" width=\"963\" height=\"640\" src=\"https:\/\/colophon-grignan.fr\/wp-content\/uploads\/2019\/04\/exterieur-colophon-grignan.jpg\" alt=\"Cour de Colophon \u00e0 Grignan\" class=\"wp-image-3064\" style=\"width:607px;height:402px\" srcset=\"https:\/\/colophon-grignan.fr\/wp-content\/uploads\/2019\/04\/exterieur-colophon-grignan.jpg 963w, https:\/\/colophon-grignan.fr\/wp-content\/uploads\/2019\/04\/exterieur-colophon-grignan-600x399.jpg 600w, https:\/\/colophon-grignan.fr\/wp-content\/uploads\/2019\/04\/exterieur-colophon-grignan-150x100.jpg 150w, https:\/\/colophon-grignan.fr\/wp-content\/uploads\/2019\/04\/exterieur-colophon-grignan-300x199.jpg 300w, https:\/\/colophon-grignan.fr\/wp-content\/uploads\/2019\/04\/exterieur-colophon-grignan-768x510.jpg 768w, https:\/\/colophon-grignan.fr\/wp-content\/uploads\/2019\/04\/exterieur-colophon-grignan-360x240.jpg 360w\" sizes=\"auto, (max-width: 963px) 100vw, 963px\" \/><\/figure><\/div>\n\n<figure>\n<p>Chez nous, on trouve :<\/p>\n<p>&#8211; <strong>Une librairie<\/strong> : un secteur adulte, un secteur jeunesse&#8230; la part belle est faite aux petites \u00e9ditions et perles rares&#8230; on trouve aussi un large rayon Litt\u00e9rature et Polar. Tous les mois environ une rencontre litt\u00e9raire est organis\u00e9e par l&rsquo;Association \u00ab\u00a0Les Amis de Colophon\u00a0\u00bb. Un auteur y est invit\u00e9 pour parler de son dernier ouvrage autour d&rsquo;une discussion. Chaque ann\u00e9e se d\u00e9roule \u00e9galement \u00ab\u00a0Le Festival du deuxi\u00e8me roman Grignan\u00a0\u00bb. Un \u00e9v\u00e9nement pr\u00e9par\u00e9 tout au long de l&rsquo;ann\u00e9e. Un comit\u00e9 de lecture parcourt les deuxi\u00e8mes romans parus dans l&rsquo;ann\u00e9e, puis s\u00e9lectionne quatre ouvrages. Les quatre auteurs seront invit\u00e9s le temps d&rsquo;un week-end pour des lectures, tables rondes, caf\u00e9s litt\u00e9raires&#8230; Un prix est remis \u00e0 l&rsquo;issue du Festival.<\/p>\n<p>&#8211; <strong>Un atelier typographique<\/strong> : encore en activit\u00e9, c&rsquo;est le lieu de cr\u00e9ation des \u00e9ditions Colophon. Livres, affiches, gravures, cartes postales, carnets, imprim\u00e9s traditionnellement. Enti\u00e8rement compos\u00e9es \u00e0 la main \u00e0 l&rsquo;aide de caract\u00e8res en plomb, les \u00e9ditions Colophon sont le reflet de notre engagement et de notre \u00e9tat d&rsquo;esprit. La typographie est un moyen de transmettre et de partager les id\u00e9es qui est utilis\u00e9 depuis plus de 500 ans. De cette d\u00e9marche, nait des \u00e9ditions jeunesse, adultes, les plus souvent illustr\u00e9es et accompagn\u00e9es de gravures originales ( bois, linol\u00e9um ). On peut les d\u00e9couvrir dans les tr\u00e8s bonnes librairies et sur notre site.<\/p>\n<p>&#8211; <strong>Un mus\u00e9e<\/strong> : c&rsquo;est le lieu de m\u00e9moire de notre association. Y sont expos\u00e9s, une vaste collection de presse, de caract\u00e8res, de poin\u00e7ons, de gravures&#8230; et bien d&rsquo;autres tr\u00e9sors. Chaque ann\u00e9e, plusieurs milliers de visiteurs viennent d\u00e9couvrir cet \u00ab\u00a0Art noir\u00a0\u00bb si particulier. Une technique n\u00e9e en Europe avec Gutenberg et qui a accompagn\u00e9 le quotidien et le d\u00e9veloppement de tout le continent. C&rsquo;est aussi une histoire de lutte et d&rsquo;engagement que les typographes-imprimeurs ont port\u00e9 fi\u00e8rement au fil des si\u00e8cles. Et pourtant les typographes sont avant tout des interm\u00e9diaires, des hommes de l&rsquo;ombre, des \u00ab\u00a0passeurs de mots\u00a0\u00bb. Le mus\u00e9e propose aussi plusieurs ateliers et animations pour les groupes et les scolaires. Ces ateliers s&rsquo;articulent autour du livre, de l&rsquo;imprimerie, de l&rsquo;\u00e9criture, pour faire d\u00e9couvrir aux nouvelles g\u00e9n\u00e9rations cet amour du papier, la richesse de la lettre et du travail artisanal.<\/p>\n<p><a href=\"https:\/\/fr.wikipedia.org\/wiki\/Colophon_(livre)\" target=\"_blank\" rel=\"noopener noreferrer\"><strong>\u2666 Qu&rsquo;est ce qu&rsquo;un Colophon ?<\/strong><\/a><\/p>\n<p><a href=\"https:\/\/colophon-grignan.fr\/index.php\/reseaux-contact-visites\/\"><strong>\u2666 Notre page Pratique<\/strong><\/a><\/p>\n<\/figure>\n<p><!-- \/wp:post-content --><\/p>\n<p><!-- wp:paragraph --><\/p>\n<p><!-- \/wp:paragraph --><\/p>\n<p><!-- wp:paragraph --><\/p>\n<p><!-- \/wp:paragraph --><\/p>","protected":false},"excerpt":{"rendered":"<p>&nbsp;\u00c0 Grignan, on trouve un certain repaire abritant des gens de lettres et de caract\u00e8res (et pas qu\u2019un peu). Agissant \u00e0 partir du lieu \u00e0 la fois Mus\u00e9e, Atelier et Librairie (mais quelle id\u00e9e !), ils ont pour nom : Colophon, Maison de l\u2019imprimeur \u2013 LibrairieMaison s\u00e9rieuse fond\u00e9e depuis un [&hellip;]<\/p>\n","protected":false},"author":6,"featured_media":0,"parent":0,"menu_order":0,"comment_status":"closed","ping_status":"closed","template":"","meta":{"footnotes":""},"class_list":["post-2217","page","type-page","status-publish","hentry"],"yoast_head":"<!-- This site is optimized with the Yoast SEO plugin v26.6 - https:\/\/yoast.com\/wordpress\/plugins\/seo\/ -->\n<title>\u00c0 Grignan, Colophon, Maison de l&#039;Imprimeur - Atelier-Mus\u00e9e &amp; Librairie<\/title>\n<meta name=\"description\" content=\"Colophon \u00e0 Grignan, D\u00e9couvrez la librairie, le mus\u00e9e et atelier typographique dans ce village de la Correspondance et Ch\u00e2teau en Provence !\" \/>\n<meta name=\"robots\" content=\"index, follow, max-snippet:-1, max-image-preview:large, max-video-preview:-1\" \/>\n<link rel=\"canonical\" href=\"https:\/\/colophon-grignan.fr\/\" \/>\n<meta property=\"og:locale\" content=\"fr_FR\" \/>\n<meta property=\"og:type\" content=\"article\" \/>\n<meta property=\"og:title\" content=\"Colophon - Maison de l&#039;Imprimeur \u00e0 Grignan (26)\" \/>\n<meta property=\"og:description\" content=\"Librairie Atelier-Mus\u00e9e, Maison s\u00e9rieuse fond\u00e9e depuis un bon moment !\" \/>\n<meta property=\"og:url\" content=\"https:\/\/colophon-grignan.fr\/\" \/>\n<meta property=\"og:site_name\" content=\"Colophon, Maison de l&#039;Imprimeur\" \/>\n<meta property=\"article:publisher\" content=\"https:\/\/www.facebook.com\/colophongrignan\" \/>\n<meta property=\"article:modified_time\" content=\"2025-12-30T16:21:51+00:00\" \/>\n<meta property=\"og:image\" content=\"https:\/\/colophon-grignan.fr\/wp-content\/uploads\/2019\/04\/entree-colophon-grignan.jpg\" \/>\n\t<meta property=\"og:image:width\" content=\"1024\" \/>\n\t<meta property=\"og:image:height\" content=\"681\" \/>\n\t<meta property=\"og:image:type\" content=\"image\/jpeg\" \/>\n<meta name=\"twitter:card\" content=\"summary_large_image\" \/>\n<meta name=\"twitter:title\" content=\"Colophon - Maison de l&#039;Imprimeur \u00e0 Grignan (26)\" \/>\n<meta name=\"twitter:description\" content=\"Librairie Atelier-Mus\u00e9e, Maison s\u00e9rieuse fond\u00e9e depuis un bon moment !\" \/>\n<meta name=\"twitter:image\" content=\"https:\/\/colophon-grignan.fr\/wp-content\/uploads\/2019\/04\/entree-colophon-grignan.jpg\" \/>\n<meta name=\"twitter:label1\" content=\"Dur\u00e9e de lecture estim\u00e9e\" \/>\n\t<meta name=\"twitter:data1\" content=\"4 minutes\" \/>\n<script type=\"application\/ld+json\" class=\"yoast-schema-graph\">{\"@context\":\"https:\/\/schema.org\",\"@graph\":[{\"@type\":\"WebPage\",\"@id\":\"https:\/\/colophon-grignan.fr\/\",\"url\":\"https:\/\/colophon-grignan.fr\/\",\"name\":\"\u00c0 Grignan, Colophon, Maison de l&#039;Imprimeur - Atelier-Mus\u00e9e & Librairie\",\"isPartOf\":{\"@id\":\"https:\/\/colophon-grignan.fr\/#website\"},\"primaryImageOfPage\":{\"@id\":\"https:\/\/colophon-grignan.fr\/#primaryimage\"},\"image\":{\"@id\":\"https:\/\/colophon-grignan.fr\/#primaryimage\"},\"thumbnailUrl\":\"https:\/\/colophon-grignan.fr\/wp-content\/uploads\/2020\/07\/boutonseditionsarrondipng.png\",\"datePublished\":\"2019-03-21T23:52:31+00:00\",\"dateModified\":\"2025-12-30T16:21:51+00:00\",\"description\":\"Colophon \u00e0 Grignan, D\u00e9couvrez la librairie, le mus\u00e9e et atelier typographique dans ce village de la Correspondance et Ch\u00e2teau en Provence !\",\"breadcrumb\":{\"@id\":\"https:\/\/colophon-grignan.fr\/#breadcrumb\"},\"inLanguage\":\"fr-FR\",\"potentialAction\":[{\"@type\":\"ReadAction\",\"target\":[\"https:\/\/colophon-grignan.fr\/\"]}]},{\"@type\":\"ImageObject\",\"inLanguage\":\"fr-FR\",\"@id\":\"https:\/\/colophon-grignan.fr\/#primaryimage\",\"url\":\"https:\/\/colophon-grignan.fr\/wp-content\/uploads\/2020\/07\/boutonseditionsarrondipng.png\",\"contentUrl\":\"https:\/\/colophon-grignan.fr\/wp-content\/uploads\/2020\/07\/boutonseditionsarrondipng.png\",\"width\":1024,\"height\":767,\"caption\":\"Lien vers la boutique en ligne\"},{\"@type\":\"BreadcrumbList\",\"@id\":\"https:\/\/colophon-grignan.fr\/#breadcrumb\",\"itemListElement\":[{\"@type\":\"ListItem\",\"position\":1,\"name\":\"Accueil\",\"item\":\"https:\/\/colophon-grignan.fr\/\"},{\"@type\":\"ListItem\",\"position\":2,\"name\":\"Atelier-Mus\u00e9e &#038; Librairie\"}]},{\"@type\":\"WebSite\",\"@id\":\"https:\/\/colophon-grignan.fr\/#website\",\"url\":\"https:\/\/colophon-grignan.fr\/\",\"name\":\"Colophon - Maison de l&#039;Imprimeur\",\"description\":\"Atelier-Mus\u00e9e &amp; Librairie\",\"publisher\":{\"@id\":\"https:\/\/colophon-grignan.fr\/#organization\"},\"potentialAction\":[{\"@type\":\"SearchAction\",\"target\":{\"@type\":\"EntryPoint\",\"urlTemplate\":\"https:\/\/colophon-grignan.fr\/?s={search_term_string}\"},\"query-input\":{\"@type\":\"PropertyValueSpecification\",\"valueRequired\":true,\"valueName\":\"search_term_string\"}}],\"inLanguage\":\"fr-FR\"},{\"@type\":\"Organization\",\"@id\":\"https:\/\/colophon-grignan.fr\/#organization\",\"name\":\"Colophon - Maison de l'Imprimeur\",\"url\":\"https:\/\/colophon-grignan.fr\/\",\"logo\":{\"@type\":\"ImageObject\",\"inLanguage\":\"fr-FR\",\"@id\":\"https:\/\/colophon-grignan.fr\/#\/schema\/logo\/image\/\",\"url\":\"https:\/\/i0.wp.com\/colophon-grignan.fr\/wp-content\/uploads\/2016\/12\/GRAND-CHAT.gif?fit=474%2C618&ssl=1\",\"contentUrl\":\"https:\/\/i0.wp.com\/colophon-grignan.fr\/wp-content\/uploads\/2016\/12\/GRAND-CHAT.gif?fit=474%2C618&ssl=1\",\"width\":474,\"height\":618,\"caption\":\"Colophon - Maison de l'Imprimeur\"},\"image\":{\"@id\":\"https:\/\/colophon-grignan.fr\/#\/schema\/logo\/image\/\"},\"sameAs\":[\"https:\/\/www.facebook.com\/colophongrignan\",\"https:\/\/www.pinterest.fr\/colophongrignan\/\",\"https:\/\/www.instagram.com\/colophon_grignan\/\"]}]}<\/script>\n<!-- \/ Yoast SEO plugin. -->","yoast_head_json":{"title":"\u00c0 Grignan, Colophon, Maison de l&#039;Imprimeur - Atelier-Mus\u00e9e & Librairie","description":"Colophon \u00e0 Grignan, D\u00e9couvrez la librairie, le mus\u00e9e et atelier typographique dans ce village de la Correspondance et Ch\u00e2teau en Provence !","robots":{"index":"index","follow":"follow","max-snippet":"max-snippet:-1","max-image-preview":"max-image-preview:large","max-video-preview":"max-video-preview:-1"},"canonical":"https:\/\/colophon-grignan.fr\/","og_locale":"fr_FR","og_type":"article","og_title":"Colophon - Maison de l'Imprimeur \u00e0 Grignan (26)","og_description":"Librairie Atelier-Mus\u00e9e, Maison s\u00e9rieuse fond\u00e9e depuis un bon moment !","og_url":"https:\/\/colophon-grignan.fr\/","og_site_name":"Colophon, Maison de l&#039;Imprimeur","article_publisher":"https:\/\/www.facebook.com\/colophongrignan","article_modified_time":"2025-12-30T16:21:51+00:00","og_image":[{"width":1024,"height":681,"url":"https:\/\/colophon-grignan.fr\/wp-content\/uploads\/2019\/04\/entree-colophon-grignan.jpg","type":"image\/jpeg"}],"twitter_card":"summary_large_image","twitter_title":"Colophon - Maison de l'Imprimeur \u00e0 Grignan (26)","twitter_description":"Librairie Atelier-Mus\u00e9e, Maison s\u00e9rieuse fond\u00e9e depuis un bon moment !","twitter_image":"https:\/\/colophon-grignan.fr\/wp-content\/uploads\/2019\/04\/entree-colophon-grignan.jpg","twitter_misc":{"Dur\u00e9e de lecture estim\u00e9e":"4 minutes"},"schema":{"@context":"https:\/\/schema.org","@graph":[{"@type":"WebPage","@id":"https:\/\/colophon-grignan.fr\/","url":"https:\/\/colophon-grignan.fr\/","name":"\u00c0 Grignan, Colophon, Maison de l&#039;Imprimeur - Atelier-Mus\u00e9e & Librairie","isPartOf":{"@id":"https:\/\/colophon-grignan.fr\/#website"},"primaryImageOfPage":{"@id":"https:\/\/colophon-grignan.fr\/#primaryimage"},"image":{"@id":"https:\/\/colophon-grignan.fr\/#primaryimage"},"thumbnailUrl":"https:\/\/colophon-grignan.fr\/wp-content\/uploads\/2020\/07\/boutonseditionsarrondipng.png","datePublished":"2019-03-21T23:52:31+00:00","dateModified":"2025-12-30T16:21:51+00:00","description":"Colophon \u00e0 Grignan, D\u00e9couvrez la librairie, le mus\u00e9e et atelier typographique dans ce village de la Correspondance et Ch\u00e2teau en Provence !","breadcrumb":{"@id":"https:\/\/colophon-grignan.fr\/#breadcrumb"},"inLanguage":"fr-FR","potentialAction":[{"@type":"ReadAction","target":["https:\/\/colophon-grignan.fr\/"]}]},{"@type":"ImageObject","inLanguage":"fr-FR","@id":"https:\/\/colophon-grignan.fr\/#primaryimage","url":"https:\/\/colophon-grignan.fr\/wp-content\/uploads\/2020\/07\/boutonseditionsarrondipng.png","contentUrl":"https:\/\/colophon-grignan.fr\/wp-content\/uploads\/2020\/07\/boutonseditionsarrondipng.png","width":1024,"height":767,"caption":"Lien vers la boutique en ligne"},{"@type":"BreadcrumbList","@id":"https:\/\/colophon-grignan.fr\/#breadcrumb","itemListElement":[{"@type":"ListItem","position":1,"name":"Accueil","item":"https:\/\/colophon-grignan.fr\/"},{"@type":"ListItem","position":2,"name":"Atelier-Mus\u00e9e &#038; Librairie"}]},{"@type":"WebSite","@id":"https:\/\/colophon-grignan.fr\/#website","url":"https:\/\/colophon-grignan.fr\/","name":"Colophon - Maison de l&#039;Imprimeur","description":"Atelier-Mus\u00e9e &amp; Librairie","publisher":{"@id":"https:\/\/colophon-grignan.fr\/#organization"},"potentialAction":[{"@type":"SearchAction","target":{"@type":"EntryPoint","urlTemplate":"https:\/\/colophon-grignan.fr\/?s={search_term_string}"},"query-input":{"@type":"PropertyValueSpecification","valueRequired":true,"valueName":"search_term_string"}}],"inLanguage":"fr-FR"},{"@type":"Organization","@id":"https:\/\/colophon-grignan.fr\/#organization","name":"Colophon - Maison de l'Imprimeur","url":"https:\/\/colophon-grignan.fr\/","logo":{"@type":"ImageObject","inLanguage":"fr-FR","@id":"https:\/\/colophon-grignan.fr\/#\/schema\/logo\/image\/","url":"https:\/\/i0.wp.com\/colophon-grignan.fr\/wp-content\/uploads\/2016\/12\/GRAND-CHAT.gif?fit=474%2C618&ssl=1","contentUrl":"https:\/\/i0.wp.com\/colophon-grignan.fr\/wp-content\/uploads\/2016\/12\/GRAND-CHAT.gif?fit=474%2C618&ssl=1","width":474,"height":618,"caption":"Colophon - Maison de l'Imprimeur"},"image":{"@id":"https:\/\/colophon-grignan.fr\/#\/schema\/logo\/image\/"},"sameAs":["https:\/\/www.facebook.com\/colophongrignan","https:\/\/www.pinterest.fr\/colophongrignan\/","https:\/\/www.instagram.com\/colophon_grignan\/"]}]}},"_links":{"self":[{"href":"https:\/\/colophon-grignan.fr\/index.php\/wp-json\/wp\/v2\/pages\/2217","targetHints":{"allow":["GET"]}}],"collection":[{"href":"https:\/\/colophon-grignan.fr\/index.php\/wp-json\/wp\/v2\/pages"}],"about":[{"href":"https:\/\/colophon-grignan.fr\/index.php\/wp-json\/wp\/v2\/types\/page"}],"author":[{"embeddable":true,"href":"https:\/\/colophon-grignan.fr\/index.php\/wp-json\/wp\/v2\/users\/6"}],"replies":[{"embeddable":true,"href":"https:\/\/colophon-grignan.fr\/index.php\/wp-json\/wp\/v2\/comments?post=2217"}],"version-history":[{"count":34,"href":"https:\/\/colophon-grignan.fr\/index.php\/wp-json\/wp\/v2\/pages\/2217\/revisions"}],"predecessor-version":[{"id":6266,"href":"https:\/\/colophon-grignan.fr\/index.php\/wp-json\/wp\/v2\/pages\/2217\/revisions\/6266"}],"wp:attachment":[{"href":"https:\/\/colophon-grignan.fr\/index.php\/wp-json\/wp\/v2\/media?parent=2217"}],"curies":[{"name":"wp","href":"https:\/\/api.w.org\/{rel}","templated":true}]}}