{"id":33,"date":"2014-02-14T15:32:07","date_gmt":"2014-02-14T14:32:07","guid":{"rendered":"http:\/\/colophon-grignan.fr\/?page_id=33"},"modified":"2025-09-10T17:43:56","modified_gmt":"2025-09-10T15:43:56","slug":"ateliers-animations-livre-scolaires","status":"publish","type":"page","link":"https:\/\/colophon-grignan.fr\/index.php\/ateliers-animations-livre-scolaires\/","title":{"rendered":"P\u00e9dagogie &#038; Animations sur le Livre"},"content":{"rendered":"\n<p><strong>Nos ateliers sur le livre se font chez nous ou chez vous (scolaires, m\u00e9diath\u00e8ques, centres de loisir&#8230;)<br>Sur place, les ateliers sont accompagn\u00e9s d&rsquo;une visite du mus\u00e9e.<\/strong><\/p>\n\n\n<p><script><span style=\"display: inline-block; width: 0px; overflow: hidden; line-height: 0;\" data-mce-type=\"bookmark\" class=\"mce_SELRES_start\">\ufeff<\/span><span style=\"display: inline-block; width: 0px; overflow: hidden; line-height: 0;\" data-mce-type=\"bookmark\" class=\"mce_SELRES_start\">\ufeff<\/span><span style=\"display: inline-block; width: 0px; overflow: hidden; line-height: 0;\" data-mce-type=\"bookmark\" class=\"mce_SELRES_start\">\ufeff<\/span><span style=\"display: inline-block; width: 0px; overflow: hidden; line-height: 0;\" data-mce-type=\"bookmark\" class=\"mce_SELRES_start\">\ufeff<\/span>\/\/ <![CDATA[ (function(i,s,o,g,r,a,m){i['GoogleAnalyticsObject']=r;i[r]=i[r]||function(){ (i[r].q=i[r].q||[]).push(arguments)},i[r].l=1*new Date();a=s.createElement(o), m=s.getElementsByTagName(o)[0];a.async=1;a.src=g;m.parentNode.insertBefore(a,m) })(window,document,'script','ga'); ga('create', 'UA-16502080-2', 'auto'); ga('send', 'pageview'); \/\/ ]]><\/script><\/p>\n<p>\u2022 <a href=\"https:\/\/colophon-grignan.fr\/wp-content\/uploads\/2019\/08\/animation-scolaire-livre.pdf\">PR\u00c9SENTATION DE NOS ATELIERS (format .pdf)<\/a><\/p>\n<p>\u2022 <a href=\"https:\/\/colophon-grignan.fr\/wp-content\/uploads\/2025\/09\/Fiche.pdf\" data-wplink-edit=\"true\">FORMULAIRE DE R\u00c9SERVATION<\/a><\/p>\n<p>\u2022 <a href=\"https:\/\/colophon-grignan.fr\/wp-content\/uploads\/2025\/09\/Formulaire-Deplacement.pdf\">FORMULAIRE DE D\u00c9PLACEMENT<\/a><\/p>\n<p>\u2022 <a href=\"mailto:colophon.grignan@orange.fr\">UN DEVIS, UNE QUESTION, UN RENSEIGNEMENT ?<\/a><\/p>\n<hr \/>\n<h6>\u2022 <strong>L\u2019\u00c9CRITOIRE AMBULANT<br \/><\/strong><strong><\/strong>\u00e0 partir de 5 ans<br \/><strong>Notions : histoire de l\u2019\u00e9criture, appr\u00e9hension des outils, r\u00e9daction d\u2019une lettre.<br \/><\/strong><em>Peut-on \u00e9crire \u00e0 l\u2019aide de baguettes chinoises, abaisse-langue, b\u00e2ton <\/em><em>de glace, noix ou garance ?<br \/><\/em>\u00c9criture et fa\u00e7onnage d\u2019une lettre ou d\u2019un \u00ab\u2009petit poulet\u2009\u00bb \u00e0 partir d\u2019outils traditionnels faits maison.<br \/><img loading=\"lazy\" decoding=\"async\" src=\"https:\/\/colophon-grignan.fr\/wp-content\/uploads\/2019\/04\/animation-scolaire-livre-3-207x300.jpg\" alt=\"L'\u00e9critoire ambulant\" class=\"alignnone size-medium wp-image-3045\" width=\"207\" height=\"300\" srcset=\"https:\/\/colophon-grignan.fr\/wp-content\/uploads\/2019\/04\/animation-scolaire-livre-3-207x300.jpg 207w, https:\/\/colophon-grignan.fr\/wp-content\/uploads\/2019\/04\/animation-scolaire-livre-3-600x868.jpg 600w, https:\/\/colophon-grignan.fr\/wp-content\/uploads\/2019\/04\/animation-scolaire-livre-3-104x150.jpg 104w, https:\/\/colophon-grignan.fr\/wp-content\/uploads\/2019\/04\/animation-scolaire-livre-3.jpg 621w\" sizes=\"auto, (max-width: 207px) 100vw, 207px\" \/><\/h6>\n<h6>\u2022 <strong>LE PETIT MARBR\u00c9<br \/><\/strong>\u00e0 partir de 5 ans<br \/><strong>Notions : comprendre la fabrication d\u2019un livre reli\u00e9, d\u00e9couvrir une technique unique.<br \/><\/strong><em>Le monde en couleur ! La marbrure du papier, une technique tr\u00e8s simple pour des rendus impressionnants.<\/em><br \/>R\u00e9alisation d\u2019une feuille de papier marbr\u00e9 qui servira de couverture \u00e0 un carnet rigide.<br \/><strong><img loading=\"lazy\" decoding=\"async\" src=\"https:\/\/colophon-grignan.fr\/wp-content\/uploads\/2019\/04\/animation-scolaire-livre-4.jpg\" alt=\"\" class=\"alignnone  wp-image-3029\" scale=\"0\" width=\"207\" height=\"299\" \/><\/strong><\/h6>\n<h6>\u2022 <strong>BRUITS DU JOUR, BONJOUR<br \/><\/strong>\u00e0 partir de 4 ans<br \/><strong>Notions : aborder les lettres de l\u2019alphabet et leurs sons, usage de la presse <\/strong><strong>manuelle.<br \/><\/strong><em>Avant les mots, il y a les sons, les onomatop\u00e9es et il y en a plein tout autour !<\/em><br \/>Manipuler ces grosses lettres en bois pour imprimer un son du quotidien.<br \/><img loading=\"lazy\" decoding=\"async\" src=\"https:\/\/colophon-grignan.fr\/wp-content\/uploads\/2019\/04\/animation-scolaire-livre-5.jpg\" alt=\"\" class=\"alignnone  wp-image-3030\" scale=\"0\" width=\"207\" height=\"299\" \/><\/h6>\n<h6><strong>\u2022 VRAIE-FAUSSE GAZETTE<br \/><\/strong>\u00e0 partir de 10 ans<strong><br \/>Notions : Information et d\u00e9sinformation, la presse aujourd\u2019hui, la synth\u00e8se du titre.<br \/><\/strong><em>Comment les journalistes choisissent la Une du lendemain ? Le choix des sujets et le sens de la formule ?<\/em><br \/>Composition au plomb et impression d\u2019une Une de journal, r\u00e9daction des titres, choix des rubriques.<br \/><img loading=\"lazy\" decoding=\"async\" src=\"https:\/\/colophon-grignan.fr\/wp-content\/uploads\/2019\/04\/animation-scolaire-livre-6.jpg\" alt=\"Ateliers Livre - Vraie Fausse Gazette\" class=\"alignnone wp-image-3031\" scale=\"0\" width=\"207\" height=\"299\" \/><\/h6>\n<h6>\u2022 <strong>AUTOPORTRAIT DU MATIN<\/strong><br \/>\u00e0 partir de 6 ans<strong><br \/>Notions : se repr\u00e9senter soi-m\u00eame, d\u00e9couverte d\u2019une technique artistique, impression \u00e0 la presse manuelle.<br \/><\/strong><em>On n\u2019est pas toujours \u00e0 son avantage au r\u00e9veil. Et si on immortalisait ce moment avec le sourire\u2009?<\/em><br \/>R\u00e9alisation d\u2019une linogravure et impression de la plaque sur un marque-page.<br \/><img loading=\"lazy\" decoding=\"async\" src=\"https:\/\/colophon-grignan.fr\/wp-content\/uploads\/2019\/04\/animation-scolaire-livre-7.jpg\" alt=\"Ateliers Livre - Autoportrait du matin\" class=\"alignnone wp-image-3032\" scale=\"0\" width=\"207\" height=\"299\" \/><\/h6>\n<h6>\u2022 <strong>FA\u00c7ADE DE LIVRE<br \/><\/strong>\u00e0 partir de 6 ans<br \/><strong>Notions : se familiariser avec l\u2019objet livre, aborder les acteurs de la cha\u00eene du livre, d\u00e9couvrir les possibilit\u00e9s graphiques.<br \/><\/strong><em>Comment est construite une couverture de livre ? Comme une maison ou comme un coffre au tr\u00e9sor peut-\u00eatre&#8230;<\/em><br \/>\u00c9laboration d\u2019une couverture (1e et 4e de couv.) en manipulant tous les \u00e9l\u00e9ments qui la composent.<br \/><img loading=\"lazy\" decoding=\"async\" src=\"https:\/\/colophon-grignan.fr\/wp-content\/uploads\/2019\/04\/animation-scolaire-livre-8.jpg\" alt=\"\" class=\"alignnone  wp-image-3033\" scale=\"0\" width=\"207\" height=\"299\" \/><strong><\/strong><\/h6>\n<h6><strong>\u2022 PAGANIMO<br \/><\/strong><em>\u00e0 partir de 5 ans<\/em><strong><br \/>Notions : les formes et leur repr\u00e9sentation, d\u00e9couverte d\u2019une technique artistique, impression \u00e0 la presse manuelle.<br \/><\/strong><em>Qu\u2019ils sont beaux les animaux ! On les imprime ?<\/em><br \/>Gravure sur linol\u00e9um d\u2019un animal au choix et impression originale sur une page de vieux livre.<br \/><img loading=\"lazy\" decoding=\"async\" src=\"https:\/\/colophon-grignan.fr\/wp-content\/uploads\/2019\/04\/animation-scolaire-livre-9.jpg\" alt=\"\" class=\"alignnone  wp-image-3034\" scale=\"0\" width=\"207\" height=\"299\" \/><\/h6>\n<h6><strong>\u2022 <\/strong><strong>MON MOULIN \u00c0 PAPIER<br \/><\/strong><em>\u00e0 partir de 5 ans<br \/><\/em><strong>Notions : comprendre la fabrication de cette mati\u00e8re mill\u00e9naire, r\u00e9aliser un processus ancestral.<br \/><\/strong><em>L\u2019invention du papier, quelle belle histoire ! Elle sera cont\u00e9e pendant que les participants mettent la main \u00e0 la p\u00e2te.<\/em><br \/>R\u00e9alisation traditionnelle d\u2019une feuille de papier qui pourra \u00eatre utilis\u00e9e par la suite.<br \/><img loading=\"lazy\" decoding=\"async\" src=\"https:\/\/colophon-grignan.fr\/wp-content\/uploads\/2019\/04\/animation-scolaire-livre-10.jpg\" alt=\"\" class=\"alignnone  wp-image-3035\" scale=\"0\" width=\"207\" height=\"299\" \/><\/h6>\n<h6><strong>\u2022 \u00c0 LA FORTUNE DES MOTS<br \/><\/strong><em>\u00e0 partir de 6 ans<br \/><\/em><strong>Notions : comprendre la fabrication de l\u2019objet livre, r\u00e9aliser ses \u00e9tapes : texte, impression, fa\u00e7onnage.<\/strong><em><strong><br \/><\/strong>Comment sont faits les livres ? C\u2019est ce que cherche \u00e0 d\u00e9crire cet atelier de mani\u00e8re ludique.<\/em><br \/>R\u00e9alisation d\u2019un livre : impression sur presse typographique, fa\u00e7onnage et mise sous couverture.<br \/><img loading=\"lazy\" decoding=\"async\" src=\"https:\/\/colophon-grignan.fr\/wp-content\/uploads\/2019\/04\/animation-scolaire-livre-11.jpg\" alt=\"\" class=\"alignnone  wp-image-3036\" scale=\"0\" width=\"207\" height=\"299\" \/><\/h6>\n<h6><strong>\u2022 \u00c0 DOUBLE-SENS<br \/><\/strong><em>\u00e0 partir de 10 ans<br \/><\/em><strong>Notions : aborder la traduction, exp\u00e9rimenter les possibilit\u00e9s graphiques, d\u00e9couvrir l\u2019imprimerie traditionnelle.<br \/><\/strong><em>Dans les langues \u00e9trang\u00e8res il y a toujours des mots dr\u00f4les, bizarres, mignons. Autant les immortaliser !<\/em><br \/>Impression en bilingue d\u2019un mot sur une affiche typographique.<br \/><img loading=\"lazy\" decoding=\"async\" src=\"https:\/\/colophon-grignan.fr\/wp-content\/uploads\/2019\/04\/animation-scolaire-livre-12.jpg\" alt=\"\" class=\"alignnone  wp-image-3037\" scale=\"0\" width=\"207\" height=\"299\" \/><\/h6>\n<h6><strong>\u2022 VERS LA CHINE<br \/><\/strong><em>\u00e0 partir de 6 ans<br \/><\/em><strong>Notions : d\u00e9couverte d\u2019un alphabet \u00e9tranger, d\u2019une technique artistique, impression \u00e0 la presse manuelle.<br \/><\/strong><em>Les inventions des chinois sont innombrables. Cet atelier rend hommage \u00e0 leur histoire et leur \u00e9criture.<\/em><br \/>R\u00e9alisation d\u2019une linogravure \u00e0 partir d\u2019un id\u00e9ogramme chinois et impression de la plaque.<br \/><img loading=\"lazy\" decoding=\"async\" src=\"https:\/\/colophon-grignan.fr\/wp-content\/uploads\/2019\/04\/animation-scolaire-livre-13.jpg\" alt=\"\" class=\"alignnone  wp-image-3039\" scale=\"0\" width=\"207\" height=\"299\" \/><\/h6>\n<h6><strong>\u2022 L\u2019ATELIER DES GROS MOTS<br \/><\/strong><em>\u00e0 partir de 5 ans<br \/><\/em><strong>Notions : aborder toutes les formes d\u2019une lettre, les r\u00e8gles de mise en page, usage d\u2019une presse traditionnelle. <br \/><\/strong><em>Des grandes, des rondes, des pench\u00e9es ; chaque lettre est unique et permet \u00e0 tous d\u2019exprimer ses envies.<\/em><br \/>Composition et impression d\u2019une affiche \u00e0 l\u2019aide de caract\u00e8res typographiques en bois.<br \/><img loading=\"lazy\" decoding=\"async\" src=\"https:\/\/colophon-grignan.fr\/wp-content\/uploads\/2019\/04\/animation-scolaire-livre-14.jpg\" alt=\"\" class=\"alignnone  wp-image-3040\" scale=\"0\" width=\"207\" height=\"299\" \/>\u00a0 \u00a0 \u00a0 \u00a0 \u00a0<\/h6>\n<hr \/>\n<h6><strong> \u2022 PARCOURS CROIS\u00c9S<\/strong><br \/><a href=\"https:\/\/www.chateaux-ladrome.fr\/fr\/jeunes-publics\">En partenariat avec le ch\u00e2teau de Grignan<\/a><br \/>Une visite th\u00e9matique du ch\u00e2teau et un atelier \u00e0 Colophon ! Contactez-nous\u00a0 :<\/h6>\n<div class=\"page\" title=\"Page 1\">\n<div class=\"layoutArea\">\n<div class=\"column\">\n<ul>\n<li style=\"list-style-type: none;\">\n<ul>\n<li style=\"list-style-type: none;\">\n<ul>\n<li>\n<h6>Bruits de Ch\u00e2teau (Cycle1\/CP)<\/h6>\n<\/li>\n<li>\n<h6>Fa\u00e7ade de Livre (Cycle 2 et 3)<\/h6>\n<\/li>\n<li>\n<h6>\u00c0\u00a0Double sens, sp\u00e9cial s\u00e9jour linguistique\u00a0 (\u00e0 partir de 12 ans)<\/h6>\n<\/li>\n<li>\n<h6>Vraie\/Fausse Gazette (Cycle 4 et Lyc\u00e9e)<\/h6>\n<\/li>\n<\/ul>\n<\/li>\n<\/ul>\n<\/li>\n<\/ul>\n<ul>\n<li style=\"list-style-type: none;\"><\/li>\n<\/ul>\n<\/div>\n<\/div>\n<\/div>\n<div class=\"page\" title=\"Page 1\">\n<div class=\"layoutArea\">\n<div class=\"column\">\n<div class=\"page\" title=\"Page 2\">\n<div class=\"layoutArea\">\n<div class=\"column\">\n<div class=\"page\" title=\"Page 2\">\n<div class=\"layoutArea\">\n<div class=\"column\">\n<div class=\"page\" title=\"Page 2\">\n<div class=\"layoutArea\">\n<div class=\"column\">\n<div class=\"page\" title=\"Page 2\">\n<div class=\"layoutArea\">\n<div class=\"column\">\n<div class=\"page\" title=\"Page 2\">\n<div class=\"layoutArea\">\n<div class=\"column\">\n<div class=\"page\" title=\"Page 2\">\n<div class=\"layoutArea\">\n<div class=\"column\"><hr \/>\n<div class=\"page\" title=\"Page 1\">\n<div class=\"layoutArea\">\n<h6 class=\"column\"><strong>\u2022 MON S\u00c9JOUR AU MUS\u00c9E<br \/><\/strong><em>\u00e0 partir de 6 ans<br \/><\/em><strong>Notions : cha\u00eene compl\u00e8te du livre, \u00e9criture et illustration, cr\u00e9ation manuelle et artistique.<br \/><\/strong><em>Cr\u00e9er un livre complet en typographie et aborder tous les aspects du livre avec un groupe, c\u2019est possible !<\/em><br \/>2 \u00e0 5 jours pour r\u00e9aliser une cr\u00e9ation collective (textes et images) et l\u2019imprimer \u00e0 50 exemplaires.<\/h6>\n<h6 class=\"column\"><img loading=\"lazy\" decoding=\"async\" src=\"https:\/\/colophon-grignan.fr\/wp-content\/uploads\/2019\/04\/animation-scolaire-livre-15.jpg\" alt=\"\" class=\"alignnone  wp-image-3041\" scale=\"0\" width=\"207\" height=\"299\" \/><br \/>Lors du s\u00e9jour, des ateliers de la liste pr\u00e9c\u00e9dente sont \u00e9galement anim\u00e9s pour accompagner le projet de cr\u00e9ation de livre.<\/h6>\n<div class=\"column\">\n<p><img loading=\"lazy\" decoding=\"async\" src=\"https:\/\/colophon-grignan.fr\/wp-content\/uploads\/2019\/04\/pedagogie-livre-scolaires.jpg\" alt=\"\" class=\"alignnone  wp-image-3042\" scale=\"0\" width=\"535\" height=\"401\" srcset=\"https:\/\/colophon-grignan.fr\/wp-content\/uploads\/2019\/04\/pedagogie-livre-scolaires.jpg 1024w, https:\/\/colophon-grignan.fr\/wp-content\/uploads\/2019\/04\/pedagogie-livre-scolaires-600x450.jpg 600w, https:\/\/colophon-grignan.fr\/wp-content\/uploads\/2019\/04\/pedagogie-livre-scolaires-150x113.jpg 150w, https:\/\/colophon-grignan.fr\/wp-content\/uploads\/2019\/04\/pedagogie-livre-scolaires-300x225.jpg 300w, https:\/\/colophon-grignan.fr\/wp-content\/uploads\/2019\/04\/pedagogie-livre-scolaires-768x576.jpg 768w\" sizes=\"auto, (max-width: 535px) 100vw, 535px\" \/><\/p>\n<\/div>\n<\/div>\n<\/div>\n<\/div>\n<\/div>\n<\/div>\n<\/div>\n<\/div>\n<\/div>\n<\/div>\n<\/div>\n<\/div>\n<\/div>\n<\/div>\n<\/div>\n<\/div>\n<\/div>\n<\/div>\n<\/div>\n<\/div>\n<\/div>\n<\/div>\n<\/div>\n<\/div>","protected":false},"excerpt":{"rendered":"<p>Nos ateliers sur le livre se font chez nous ou chez vous (scolaires, m\u00e9diath\u00e8ques, centres de loisir&#8230;)Sur place, les ateliers sont accompagn\u00e9s d&rsquo;une visite du mus\u00e9e. \u2022 PR\u00c9SENTATION DE NOS ATELIERS (format .pdf) \u2022 FORMULAIRE DE R\u00c9SERVATION \u2022 FORMULAIRE DE D\u00c9PLACEMENT \u2022 UN DEVIS, UNE QUESTION, UN RENSEIGNEMENT ? \u2022 [&hellip;]<\/p>\n","protected":false},"author":6,"featured_media":0,"parent":0,"menu_order":0,"comment_status":"closed","ping_status":"closed","template":"","meta":{"footnotes":""},"class_list":["post-33","page","type-page","status-publish","hentry"],"yoast_head":"<!-- This site is optimized with the Yoast SEO plugin v27.3 - https:\/\/yoast.com\/product\/yoast-seo-wordpress\/ -->\n<title>Ateliers Livre et Imprimerie &amp; Animations - Colophon, Grignan<\/title>\n<meta name=\"description\" content=\"Nos ateliers autour du livre et de imprimerie. Sur place ou en d\u00e9placement (\u00e9cole, m\u00e9diath\u00e8que, salon...), animations pour scolaires et tous publics.\" \/>\n<meta name=\"robots\" content=\"index, follow, max-snippet:-1, max-image-preview:large, max-video-preview:-1\" \/>\n<link rel=\"canonical\" href=\"https:\/\/colophon-grignan.fr\/index.php\/ateliers-animations-livre-scolaires\/\" \/>\n<meta property=\"og:locale\" content=\"fr_FR\" \/>\n<meta property=\"og:type\" content=\"article\" \/>\n<meta property=\"og:title\" content=\"P\u00e9dagogie &amp; Animations sur le Livre\" \/>\n<meta property=\"og:description\" content=\"Des ateliers p\u00e9dagogiques r\u00e9alis\u00e9s sur place ou chez vous (\u00e9coles, m\u00e9diath\u00e8ques, salons...)\" \/>\n<meta property=\"og:url\" content=\"https:\/\/colophon-grignan.fr\/index.php\/ateliers-animations-livre-scolaires\/\" \/>\n<meta property=\"og:site_name\" content=\"Colophon, Maison de l&#039;Imprimeur\" \/>\n<meta property=\"article:publisher\" content=\"https:\/\/www.facebook.com\/colophongrignan\" \/>\n<meta property=\"article:modified_time\" content=\"2025-09-10T15:43:56+00:00\" \/>\n<meta property=\"og:image\" content=\"https:\/\/colophon-grignan.fr\/wp-content\/uploads\/2019\/04\/pedagogie-livre-scolaires.jpg\" \/>\n\t<meta property=\"og:image:width\" content=\"1024\" \/>\n\t<meta property=\"og:image:height\" content=\"768\" \/>\n\t<meta property=\"og:image:type\" content=\"image\/jpeg\" \/>\n<meta name=\"twitter:card\" content=\"summary_large_image\" \/>\n<meta name=\"twitter:label1\" content=\"Dur\u00e9e de lecture estim\u00e9e\" \/>\n\t<meta name=\"twitter:data1\" content=\"7 minutes\" \/>\n<script type=\"application\/ld+json\" class=\"yoast-schema-graph\">{\"@context\":\"https:\\\/\\\/schema.org\",\"@graph\":[{\"@type\":\"WebPage\",\"@id\":\"https:\\\/\\\/colophon-grignan.fr\\\/index.php\\\/ateliers-animations-livre-scolaires\\\/\",\"url\":\"https:\\\/\\\/colophon-grignan.fr\\\/index.php\\\/ateliers-animations-livre-scolaires\\\/\",\"name\":\"Ateliers Livre et Imprimerie & Animations - Colophon, Grignan\",\"isPartOf\":{\"@id\":\"https:\\\/\\\/colophon-grignan.fr\\\/#website\"},\"primaryImageOfPage\":{\"@id\":\"https:\\\/\\\/colophon-grignan.fr\\\/index.php\\\/ateliers-animations-livre-scolaires\\\/#primaryimage\"},\"image\":{\"@id\":\"https:\\\/\\\/colophon-grignan.fr\\\/index.php\\\/ateliers-animations-livre-scolaires\\\/#primaryimage\"},\"thumbnailUrl\":\"https:\\\/\\\/colophon-grignan.fr\\\/wp-content\\\/uploads\\\/2019\\\/04\\\/animation-scolaire-livre-3-207x300.jpg\",\"datePublished\":\"2014-02-14T14:32:07+00:00\",\"dateModified\":\"2025-09-10T15:43:56+00:00\",\"description\":\"Nos ateliers autour du livre et de imprimerie. Sur place ou en d\u00e9placement (\u00e9cole, m\u00e9diath\u00e8que, salon...), animations pour scolaires et tous publics.\",\"breadcrumb\":{\"@id\":\"https:\\\/\\\/colophon-grignan.fr\\\/index.php\\\/ateliers-animations-livre-scolaires\\\/#breadcrumb\"},\"inLanguage\":\"fr-FR\",\"potentialAction\":[{\"@type\":\"ReadAction\",\"target\":[\"https:\\\/\\\/colophon-grignan.fr\\\/index.php\\\/ateliers-animations-livre-scolaires\\\/\"]}]},{\"@type\":\"ImageObject\",\"inLanguage\":\"fr-FR\",\"@id\":\"https:\\\/\\\/colophon-grignan.fr\\\/index.php\\\/ateliers-animations-livre-scolaires\\\/#primaryimage\",\"url\":\"https:\\\/\\\/colophon-grignan.fr\\\/wp-content\\\/uploads\\\/2019\\\/04\\\/animation-scolaire-livre-3.jpg\",\"contentUrl\":\"https:\\\/\\\/colophon-grignan.fr\\\/wp-content\\\/uploads\\\/2019\\\/04\\\/animation-scolaire-livre-3.jpg\",\"width\":621,\"height\":898,\"caption\":\"L'\u00e9critoire ambulant\"},{\"@type\":\"BreadcrumbList\",\"@id\":\"https:\\\/\\\/colophon-grignan.fr\\\/index.php\\\/ateliers-animations-livre-scolaires\\\/#breadcrumb\",\"itemListElement\":[{\"@type\":\"ListItem\",\"position\":1,\"name\":\"Accueil\",\"item\":\"https:\\\/\\\/colophon-grignan.fr\\\/\"},{\"@type\":\"ListItem\",\"position\":2,\"name\":\"P\u00e9dagogie &#038; Animations sur le Livre\"}]},{\"@type\":\"WebSite\",\"@id\":\"https:\\\/\\\/colophon-grignan.fr\\\/#website\",\"url\":\"https:\\\/\\\/colophon-grignan.fr\\\/\",\"name\":\"Colophon - Maison de l&#039;Imprimeur\",\"description\":\"Atelier-Mus\u00e9e &amp; Librairie\",\"publisher\":{\"@id\":\"https:\\\/\\\/colophon-grignan.fr\\\/#organization\"},\"potentialAction\":[{\"@type\":\"SearchAction\",\"target\":{\"@type\":\"EntryPoint\",\"urlTemplate\":\"https:\\\/\\\/colophon-grignan.fr\\\/?s={search_term_string}\"},\"query-input\":{\"@type\":\"PropertyValueSpecification\",\"valueRequired\":true,\"valueName\":\"search_term_string\"}}],\"inLanguage\":\"fr-FR\"},{\"@type\":\"Organization\",\"@id\":\"https:\\\/\\\/colophon-grignan.fr\\\/#organization\",\"name\":\"Colophon - Maison de l'Imprimeur\",\"url\":\"https:\\\/\\\/colophon-grignan.fr\\\/\",\"logo\":{\"@type\":\"ImageObject\",\"inLanguage\":\"fr-FR\",\"@id\":\"https:\\\/\\\/colophon-grignan.fr\\\/#\\\/schema\\\/logo\\\/image\\\/\",\"url\":\"https:\\\/\\\/i0.wp.com\\\/colophon-grignan.fr\\\/wp-content\\\/uploads\\\/2016\\\/12\\\/GRAND-CHAT.gif?fit=474%2C618&ssl=1\",\"contentUrl\":\"https:\\\/\\\/i0.wp.com\\\/colophon-grignan.fr\\\/wp-content\\\/uploads\\\/2016\\\/12\\\/GRAND-CHAT.gif?fit=474%2C618&ssl=1\",\"width\":474,\"height\":618,\"caption\":\"Colophon - Maison de l'Imprimeur\"},\"image\":{\"@id\":\"https:\\\/\\\/colophon-grignan.fr\\\/#\\\/schema\\\/logo\\\/image\\\/\"},\"sameAs\":[\"https:\\\/\\\/www.facebook.com\\\/colophongrignan\",\"https:\\\/\\\/www.pinterest.fr\\\/colophongrignan\\\/\",\"https:\\\/\\\/www.instagram.com\\\/colophon_grignan\\\/\"]}]}<\/script>\n<!-- \/ Yoast SEO plugin. -->","yoast_head_json":{"title":"Ateliers Livre et Imprimerie & Animations - Colophon, Grignan","description":"Nos ateliers autour du livre et de imprimerie. Sur place ou en d\u00e9placement (\u00e9cole, m\u00e9diath\u00e8que, salon...), animations pour scolaires et tous publics.","robots":{"index":"index","follow":"follow","max-snippet":"max-snippet:-1","max-image-preview":"max-image-preview:large","max-video-preview":"max-video-preview:-1"},"canonical":"https:\/\/colophon-grignan.fr\/index.php\/ateliers-animations-livre-scolaires\/","og_locale":"fr_FR","og_type":"article","og_title":"P\u00e9dagogie & Animations sur le Livre","og_description":"Des ateliers p\u00e9dagogiques r\u00e9alis\u00e9s sur place ou chez vous (\u00e9coles, m\u00e9diath\u00e8ques, salons...)","og_url":"https:\/\/colophon-grignan.fr\/index.php\/ateliers-animations-livre-scolaires\/","og_site_name":"Colophon, Maison de l&#039;Imprimeur","article_publisher":"https:\/\/www.facebook.com\/colophongrignan","article_modified_time":"2025-09-10T15:43:56+00:00","og_image":[{"width":1024,"height":768,"url":"https:\/\/colophon-grignan.fr\/wp-content\/uploads\/2019\/04\/pedagogie-livre-scolaires.jpg","type":"image\/jpeg"}],"twitter_card":"summary_large_image","twitter_misc":{"Dur\u00e9e de lecture estim\u00e9e":"7 minutes"},"schema":{"@context":"https:\/\/schema.org","@graph":[{"@type":"WebPage","@id":"https:\/\/colophon-grignan.fr\/index.php\/ateliers-animations-livre-scolaires\/","url":"https:\/\/colophon-grignan.fr\/index.php\/ateliers-animations-livre-scolaires\/","name":"Ateliers Livre et Imprimerie & Animations - Colophon, Grignan","isPartOf":{"@id":"https:\/\/colophon-grignan.fr\/#website"},"primaryImageOfPage":{"@id":"https:\/\/colophon-grignan.fr\/index.php\/ateliers-animations-livre-scolaires\/#primaryimage"},"image":{"@id":"https:\/\/colophon-grignan.fr\/index.php\/ateliers-animations-livre-scolaires\/#primaryimage"},"thumbnailUrl":"https:\/\/colophon-grignan.fr\/wp-content\/uploads\/2019\/04\/animation-scolaire-livre-3-207x300.jpg","datePublished":"2014-02-14T14:32:07+00:00","dateModified":"2025-09-10T15:43:56+00:00","description":"Nos ateliers autour du livre et de imprimerie. Sur place ou en d\u00e9placement (\u00e9cole, m\u00e9diath\u00e8que, salon...), animations pour scolaires et tous publics.","breadcrumb":{"@id":"https:\/\/colophon-grignan.fr\/index.php\/ateliers-animations-livre-scolaires\/#breadcrumb"},"inLanguage":"fr-FR","potentialAction":[{"@type":"ReadAction","target":["https:\/\/colophon-grignan.fr\/index.php\/ateliers-animations-livre-scolaires\/"]}]},{"@type":"ImageObject","inLanguage":"fr-FR","@id":"https:\/\/colophon-grignan.fr\/index.php\/ateliers-animations-livre-scolaires\/#primaryimage","url":"https:\/\/colophon-grignan.fr\/wp-content\/uploads\/2019\/04\/animation-scolaire-livre-3.jpg","contentUrl":"https:\/\/colophon-grignan.fr\/wp-content\/uploads\/2019\/04\/animation-scolaire-livre-3.jpg","width":621,"height":898,"caption":"L'\u00e9critoire ambulant"},{"@type":"BreadcrumbList","@id":"https:\/\/colophon-grignan.fr\/index.php\/ateliers-animations-livre-scolaires\/#breadcrumb","itemListElement":[{"@type":"ListItem","position":1,"name":"Accueil","item":"https:\/\/colophon-grignan.fr\/"},{"@type":"ListItem","position":2,"name":"P\u00e9dagogie &#038; Animations sur le Livre"}]},{"@type":"WebSite","@id":"https:\/\/colophon-grignan.fr\/#website","url":"https:\/\/colophon-grignan.fr\/","name":"Colophon - Maison de l&#039;Imprimeur","description":"Atelier-Mus\u00e9e &amp; Librairie","publisher":{"@id":"https:\/\/colophon-grignan.fr\/#organization"},"potentialAction":[{"@type":"SearchAction","target":{"@type":"EntryPoint","urlTemplate":"https:\/\/colophon-grignan.fr\/?s={search_term_string}"},"query-input":{"@type":"PropertyValueSpecification","valueRequired":true,"valueName":"search_term_string"}}],"inLanguage":"fr-FR"},{"@type":"Organization","@id":"https:\/\/colophon-grignan.fr\/#organization","name":"Colophon - Maison de l'Imprimeur","url":"https:\/\/colophon-grignan.fr\/","logo":{"@type":"ImageObject","inLanguage":"fr-FR","@id":"https:\/\/colophon-grignan.fr\/#\/schema\/logo\/image\/","url":"https:\/\/i0.wp.com\/colophon-grignan.fr\/wp-content\/uploads\/2016\/12\/GRAND-CHAT.gif?fit=474%2C618&ssl=1","contentUrl":"https:\/\/i0.wp.com\/colophon-grignan.fr\/wp-content\/uploads\/2016\/12\/GRAND-CHAT.gif?fit=474%2C618&ssl=1","width":474,"height":618,"caption":"Colophon - Maison de l'Imprimeur"},"image":{"@id":"https:\/\/colophon-grignan.fr\/#\/schema\/logo\/image\/"},"sameAs":["https:\/\/www.facebook.com\/colophongrignan","https:\/\/www.pinterest.fr\/colophongrignan\/","https:\/\/www.instagram.com\/colophon_grignan\/"]}]}},"_links":{"self":[{"href":"https:\/\/colophon-grignan.fr\/index.php\/wp-json\/wp\/v2\/pages\/33","targetHints":{"allow":["GET"]}}],"collection":[{"href":"https:\/\/colophon-grignan.fr\/index.php\/wp-json\/wp\/v2\/pages"}],"about":[{"href":"https:\/\/colophon-grignan.fr\/index.php\/wp-json\/wp\/v2\/types\/page"}],"author":[{"embeddable":true,"href":"https:\/\/colophon-grignan.fr\/index.php\/wp-json\/wp\/v2\/users\/6"}],"replies":[{"embeddable":true,"href":"https:\/\/colophon-grignan.fr\/index.php\/wp-json\/wp\/v2\/comments?post=33"}],"version-history":[{"count":4,"href":"https:\/\/colophon-grignan.fr\/index.php\/wp-json\/wp\/v2\/pages\/33\/revisions"}],"predecessor-version":[{"id":6410,"href":"https:\/\/colophon-grignan.fr\/index.php\/wp-json\/wp\/v2\/pages\/33\/revisions\/6410"}],"wp:attachment":[{"href":"https:\/\/colophon-grignan.fr\/index.php\/wp-json\/wp\/v2\/media?parent=33"}],"curies":[{"name":"wp","href":"https:\/\/api.w.org\/{rel}","templated":true}]}}