{"id":374,"date":"2015-04-17T16:43:39","date_gmt":"2015-04-17T15:43:39","guid":{"rendered":"http:\/\/colophon-grignan.fr\/?page_id=374"},"modified":"2019-03-15T15:20:08","modified_gmt":"2019-03-15T14:20:08","slug":"2014-4","status":"publish","type":"page","link":"https:\/\/colophon-grignan.fr\/index.php\/2014-4\/","title":{"rendered":"IIe titre 2014"},"content":{"rendered":"<p><script><br \/>\n  (function(i,s,o,g,r,a,m){i['GoogleAnalyticsObject']=r;i[r]=i[r]||function(){<br \/>\n  (i[r].q=i[r].q||[]).push(arguments)},i[r].l=1*new Date();a=s.createElement(o),<br \/>\n  m=s.getElementsByTagName(o)[0];a.async=1;a.src=g;m.parentNode.insertBefore(a,m)<br \/>\n  })(window,document,'script','https:\/\/www.google-analytics.com\/analytics.js','ga');<\/p>\n<p>  ga('create', 'UA-16502080-2', 'auto');<br \/>\n  ga('send', 'pageview');<\/p>\n<p><\/script><\/p>\n<p style=\"line-height: 0.18cm; font-weight: normal; margin-bottom: 0cm;\" align=\"LEFT\"><span style=\"color: #000000;\"><span style=\"font-family: Arial, sans-serif;\"><span style=\"font-size: medium;\"><span style=\"background: none;\">Le comit\u00e9 de lecture a lu 14 livres<\/span><\/span><\/span><\/span><\/p>\n<p style=\"line-height: 0.18cm; font-weight: normal; margin-bottom: 0cm;\" align=\"LEFT\"><span style=\"color: #000000;\"><span style=\"font-family: Arial, sans-serif;\"><span style=\"font-size: medium;\"><span style=\"background: none;\">Rencontres samedi 17 et dimanche 18 mai 2014<\/span><\/span><\/span><\/span><\/p>\n<p style=\"line-height: 0.18cm; font-weight: normal; margin-bottom: 0cm;\" align=\"LEFT\"><span style=\"color: #000000;\"><span style=\"font-family: Arial, sans-serif;\"><span style=\"font-size: medium;\"><span style=\"background: none;\"><br \/>\nLectures, table ronde, caf\u00e9s litt\u00e9raires et remise du prix<\/span><\/span><\/span><\/span><\/p>\n<p><img loading=\"lazy\" decoding=\"async\" class=\"size-thumbnail wp-image-1669\" src=\"https:\/\/colophon-grignan.fr\/wp-content\/uploads\/2018\/10\/P5170041-150x150.jpg\" alt=\"\" width=\"150\" height=\"150\" srcset=\"https:\/\/colophon-grignan.fr\/wp-content\/uploads\/2018\/10\/P5170041-150x150.jpg 150w, https:\/\/colophon-grignan.fr\/wp-content\/uploads\/2018\/10\/P5170041-230x230.jpg 230w, https:\/\/colophon-grignan.fr\/wp-content\/uploads\/2018\/10\/P5170041-160x160.jpg 160w, https:\/\/colophon-grignan.fr\/wp-content\/uploads\/2018\/10\/P5170041-300x300.jpg 300w, https:\/\/colophon-grignan.fr\/wp-content\/uploads\/2018\/10\/P5170041-140x140.jpg 140w\" sizes=\"auto, (max-width: 150px) 100vw, 150px\" \/><\/p>\n<p class=\"wp-caption-dd\"><span style=\"color: #000000;\"><span style=\"font-family: Arial, sans-serif;\"><span style=\"font-size: medium;\"><span style=\"background: none;\">E<span style=\"color: #000000;\"><span style=\"font-family: Arial, sans-serif;\"><span style=\"font-size: medium;\"><span style=\"background: none;\">crivains invit\u00e9s<\/span><\/span><\/span><\/span><\/span><\/span><\/span><\/span><\/p>\n<p style=\"line-height: 0.18cm; margin-bottom: 0cm;\" align=\"LEFT\"><span style=\"font-size: medium;\"><strong><span style=\"color: #000000;\"><span style=\"font-family: Arial, sans-serif;\"><span style=\"background: none;\">H\u00e9l\u00e8ne Gestern <\/span><\/span><\/span><\/strong><\/span><span style=\"color: #000000;\"><span style=\"font-family: Arial, sans-serif;\"><span style=\"font-size: medium;\"><i><span style=\"font-weight: normal;\"><span style=\"background: none;\">La part du feu <\/span><\/span><\/i><\/span><\/span><\/span><span style=\"color: #000000;\"><span style=\"font-family: Arial, sans-serif;\"><span style=\"font-size: medium;\"><span style=\"font-style: normal;\"><span style=\"font-weight: normal;\"><span style=\"background: none;\">Ed. Arl\u00e9a<\/span><\/span><\/span><\/span><\/span><\/span><\/p>\n<p style=\"line-height: 0.18cm; margin-bottom: 0cm;\" align=\"LEFT\"><span style=\"font-size: medium;\"><strong><span style=\"color: #000000;\"><span style=\"font-family: Arial, sans-serif;\"><span style=\"font-style: normal;\"><span style=\"background: none;\"><br \/>\nSylvain Pattieu <\/span><\/span><\/span><\/span><\/strong><\/span><span style=\"color: #000000;\"><span style=\"font-family: Arial, sans-serif;\"><span style=\"font-size: medium;\"><i><span style=\"font-weight: normal;\"><span style=\"background: none;\">Le bonheur pauvre rengaine <\/span><\/span><\/i><\/span><\/span><\/span><span style=\"color: #000000;\"><span style=\"font-family: Arial, sans-serif;\"><span style=\"font-size: medium;\"><span style=\"font-style: normal;\"><span style=\"font-weight: normal;\"><span style=\"background: none;\">Ed. Rouergue<\/span><\/span><\/span><\/span><\/span><\/span><\/p>\n<p style=\"line-height: 0.18cm; margin-bottom: 0cm;\" align=\"LEFT\"><span style=\"font-size: medium;\"><strong><span style=\"color: #000000;\"><span style=\"font-family: Arial, sans-serif;\"><span style=\"font-style: normal;\"><span style=\"background: none;\"><br \/>\nMaria Pourchet <\/span><\/span><\/span><\/span><\/strong><\/span><span style=\"color: #000000;\"><span style=\"font-family: Arial, sans-serif;\"><span style=\"font-size: medium;\"><i><span style=\"font-weight: normal;\"><span style=\"background: none;\">Rome en un jour <\/span><\/span><\/i><\/span><\/span><\/span><span style=\"color: #000000;\"><span style=\"font-family: Arial, sans-serif;\"><span style=\"font-size: medium;\"><span style=\"font-style: normal;\"><span style=\"font-weight: normal;\"><span style=\"background: none;\">Ed. Gallimard<\/span><\/span><\/span><\/span><\/span><\/span><\/p>\n<p style=\"line-height: 0.18cm; margin-bottom: 0cm;\" align=\"LEFT\"><span style=\"font-size: medium;\"><strong><span style=\"color: #000000;\"><span style=\"font-family: Arial, sans-serif;\"><span style=\"font-style: normal;\"><span style=\"background: none;\"><br \/>\nRapha\u00eblle Riol <\/span><\/span><\/span><\/span><\/strong><\/span><span style=\"color: #000000;\"><span style=\"font-family: Arial, sans-serif;\"><span style=\"font-size: medium;\"><i><span style=\"font-weight: normal;\"><span style=\"background: none;\">Amazones <\/span><\/span><\/i><\/span><\/span><\/span><span style=\"color: #000000;\"><span style=\"font-family: Arial, sans-serif;\"><span style=\"font-size: medium;\"><span style=\"font-style: normal;\"><span style=\"font-weight: normal;\"><span style=\"background: none;\">Ed. Rouergue<\/span><\/span><\/span><\/span><\/span><\/span><\/p>\n<p class=\"wp-caption-dd\"><span style=\"color: #000000;\"><span style=\"font-family: Arial, sans-serif;\"><span style=\"font-size: medium;\"><span style=\"background: none;\">Pr\u00e9sidente du jury <strong>Barbara Constantine<\/strong><\/span><\/span><\/span><\/span><\/p>\n<p style=\"line-height: 0.18cm; font-style: normal; font-weight: normal; margin-bottom: 0cm;\" align=\"LEFT\"><span style=\"color: #000000;\"><span style=\"font-family: Arial, sans-serif;\"><span style=\"font-size: medium;\"><span style=\"background: none;\"><br \/>\nD\u00e9lib\u00e9ration le samedi 12 avril<\/span><\/span><\/span><\/span><\/p>\n<p><img loading=\"lazy\" decoding=\"async\" class=\"alignnone size-thumbnail wp-image-1672\" src=\"https:\/\/colophon-grignan.fr\/wp-content\/uploads\/2018\/10\/P5180050-150x150.jpg\" alt=\"\" width=\"150\" height=\"150\" srcset=\"https:\/\/colophon-grignan.fr\/wp-content\/uploads\/2018\/10\/P5180050-150x150.jpg 150w, https:\/\/colophon-grignan.fr\/wp-content\/uploads\/2018\/10\/P5180050-230x230.jpg 230w, https:\/\/colophon-grignan.fr\/wp-content\/uploads\/2018\/10\/P5180050-160x160.jpg 160w, https:\/\/colophon-grignan.fr\/wp-content\/uploads\/2018\/10\/P5180050-300x300.jpg 300w, https:\/\/colophon-grignan.fr\/wp-content\/uploads\/2018\/10\/P5180050-140x140.jpg 140w\" sizes=\"auto, (max-width: 150px) 100vw, 150px\" \/><br \/>\n<span style=\"color: #000000;\"><span style=\"font-family: Arial, sans-serif;\"><span style=\"font-size: medium;\"><span style=\"font-style: normal;\"><span style=\"font-weight: normal;\"><span style=\"background: none;\">Prix <\/span><\/span><\/span><\/span><\/span><\/span><span style=\"color: #000000;\"><span style=\"font-family: Arial, sans-serif;\"><span style=\"font-size: medium;\"><i><span style=\"font-weight: normal;\"><span style=\"background: none;\">Rencontres du IIe titre 2014 <\/span><\/span><\/i><span style=\"font-weight: normal;\"><span style=\"background: none;\"><strong>Amazones<\/strong><\/span><\/span><\/span><\/span><\/span><\/p>\n<p style=\"line-height: 0.18cm; margin-bottom: 0cm;\" align=\"LEFT\"><span style=\"color: #000000;\"><span style=\"font-family: Arial, sans-serif;\"><span style=\"font-size: medium;\"><span style=\"font-weight: normal;\"><span style=\"background: none;\"><strong>&nbsp;<\/strong><\/span><\/span><\/span><\/span><\/span><\/p>\n","protected":false},"excerpt":{"rendered":"<p>Le comit\u00e9 de lecture a lu 14 livres Rencontres samedi 17 et dimanche 18 mai 2014 Lectures, table ronde, caf\u00e9s litt\u00e9raires et remise du prix Ecrivains invit\u00e9s H\u00e9l\u00e8ne Gestern La part du feu Ed. Arl\u00e9a Sylvain Pattieu Le bonheur pauvre rengaine Ed. Rouergue Maria Pourchet Rome en un jour Ed. [&hellip;]<\/p>\n","protected":false},"author":6,"featured_media":0,"parent":0,"menu_order":0,"comment_status":"closed","ping_status":"closed","template":"","meta":{"footnotes":""},"class_list":["post-374","page","type-page","status-publish","hentry"],"yoast_head":"<!-- This site is optimized with the Yoast SEO plugin v27.3 - https:\/\/yoast.com\/product\/yoast-seo-wordpress\/ -->\n<title>IIe titre 2014 - Colophon, Maison de l&#039;Imprimeur<\/title>\n<meta name=\"robots\" content=\"index, follow, max-snippet:-1, max-image-preview:large, max-video-preview:-1\" \/>\n<link rel=\"canonical\" href=\"https:\/\/colophon-grignan.fr\/index.php\/2014-4\/\" \/>\n<meta property=\"og:locale\" content=\"fr_FR\" \/>\n<meta property=\"og:type\" content=\"article\" \/>\n<meta property=\"og:title\" content=\"IIe titre 2014 - Colophon, Maison de l&#039;Imprimeur\" \/>\n<meta property=\"og:description\" content=\"Le comit\u00e9 de lecture a lu 14 livres Rencontres samedi 17 et dimanche 18 mai 2014 Lectures, table ronde, caf\u00e9s litt\u00e9raires et remise du prix Ecrivains invit\u00e9s H\u00e9l\u00e8ne Gestern La part du feu Ed. Arl\u00e9a Sylvain Pattieu Le bonheur pauvre rengaine Ed. Rouergue Maria Pourchet Rome en un jour Ed. [&hellip;]\" \/>\n<meta property=\"og:url\" content=\"https:\/\/colophon-grignan.fr\/index.php\/2014-4\/\" \/>\n<meta property=\"og:site_name\" content=\"Colophon, Maison de l&#039;Imprimeur\" \/>\n<meta property=\"article:publisher\" content=\"https:\/\/www.facebook.com\/colophongrignan\" \/>\n<meta property=\"article:modified_time\" content=\"2019-03-15T14:20:08+00:00\" \/>\n<meta property=\"og:image\" content=\"https:\/\/colophon-grignan.fr\/wp-content\/uploads\/2018\/10\/P5170041-150x150.jpg\" \/>\n<meta name=\"twitter:card\" content=\"summary_large_image\" \/>\n<script type=\"application\/ld+json\" class=\"yoast-schema-graph\">{\"@context\":\"https:\\\/\\\/schema.org\",\"@graph\":[{\"@type\":\"WebPage\",\"@id\":\"https:\\\/\\\/colophon-grignan.fr\\\/index.php\\\/2014-4\\\/\",\"url\":\"https:\\\/\\\/colophon-grignan.fr\\\/index.php\\\/2014-4\\\/\",\"name\":\"IIe titre 2014 - Colophon, Maison de l&#039;Imprimeur\",\"isPartOf\":{\"@id\":\"https:\\\/\\\/colophon-grignan.fr\\\/#website\"},\"primaryImageOfPage\":{\"@id\":\"https:\\\/\\\/colophon-grignan.fr\\\/index.php\\\/2014-4\\\/#primaryimage\"},\"image\":{\"@id\":\"https:\\\/\\\/colophon-grignan.fr\\\/index.php\\\/2014-4\\\/#primaryimage\"},\"thumbnailUrl\":\"https:\\\/\\\/colophon-grignan.fr\\\/wp-content\\\/uploads\\\/2018\\\/10\\\/P5170041-150x150.jpg\",\"datePublished\":\"2015-04-17T15:43:39+00:00\",\"dateModified\":\"2019-03-15T14:20:08+00:00\",\"breadcrumb\":{\"@id\":\"https:\\\/\\\/colophon-grignan.fr\\\/index.php\\\/2014-4\\\/#breadcrumb\"},\"inLanguage\":\"fr-FR\",\"potentialAction\":[{\"@type\":\"ReadAction\",\"target\":[\"https:\\\/\\\/colophon-grignan.fr\\\/index.php\\\/2014-4\\\/\"]}]},{\"@type\":\"ImageObject\",\"inLanguage\":\"fr-FR\",\"@id\":\"https:\\\/\\\/colophon-grignan.fr\\\/index.php\\\/2014-4\\\/#primaryimage\",\"url\":\"https:\\\/\\\/colophon-grignan.fr\\\/wp-content\\\/uploads\\\/2018\\\/10\\\/P5170041.jpg\",\"contentUrl\":\"https:\\\/\\\/colophon-grignan.fr\\\/wp-content\\\/uploads\\\/2018\\\/10\\\/P5170041.jpg\",\"width\":1024,\"height\":768,\"caption\":\"OLYMPUS DIGITAL CAMERA\"},{\"@type\":\"BreadcrumbList\",\"@id\":\"https:\\\/\\\/colophon-grignan.fr\\\/index.php\\\/2014-4\\\/#breadcrumb\",\"itemListElement\":[{\"@type\":\"ListItem\",\"position\":1,\"name\":\"Accueil\",\"item\":\"https:\\\/\\\/colophon-grignan.fr\\\/\"},{\"@type\":\"ListItem\",\"position\":2,\"name\":\"IIe titre 2014\"}]},{\"@type\":\"WebSite\",\"@id\":\"https:\\\/\\\/colophon-grignan.fr\\\/#website\",\"url\":\"https:\\\/\\\/colophon-grignan.fr\\\/\",\"name\":\"Colophon - Maison de l&#039;Imprimeur\",\"description\":\"Atelier-Mus\u00e9e &amp; Librairie\",\"publisher\":{\"@id\":\"https:\\\/\\\/colophon-grignan.fr\\\/#organization\"},\"potentialAction\":[{\"@type\":\"SearchAction\",\"target\":{\"@type\":\"EntryPoint\",\"urlTemplate\":\"https:\\\/\\\/colophon-grignan.fr\\\/?s={search_term_string}\"},\"query-input\":{\"@type\":\"PropertyValueSpecification\",\"valueRequired\":true,\"valueName\":\"search_term_string\"}}],\"inLanguage\":\"fr-FR\"},{\"@type\":\"Organization\",\"@id\":\"https:\\\/\\\/colophon-grignan.fr\\\/#organization\",\"name\":\"Colophon - Maison de l'Imprimeur\",\"url\":\"https:\\\/\\\/colophon-grignan.fr\\\/\",\"logo\":{\"@type\":\"ImageObject\",\"inLanguage\":\"fr-FR\",\"@id\":\"https:\\\/\\\/colophon-grignan.fr\\\/#\\\/schema\\\/logo\\\/image\\\/\",\"url\":\"https:\\\/\\\/i0.wp.com\\\/colophon-grignan.fr\\\/wp-content\\\/uploads\\\/2016\\\/12\\\/GRAND-CHAT.gif?fit=474%2C618&ssl=1\",\"contentUrl\":\"https:\\\/\\\/i0.wp.com\\\/colophon-grignan.fr\\\/wp-content\\\/uploads\\\/2016\\\/12\\\/GRAND-CHAT.gif?fit=474%2C618&ssl=1\",\"width\":474,\"height\":618,\"caption\":\"Colophon - Maison de l'Imprimeur\"},\"image\":{\"@id\":\"https:\\\/\\\/colophon-grignan.fr\\\/#\\\/schema\\\/logo\\\/image\\\/\"},\"sameAs\":[\"https:\\\/\\\/www.facebook.com\\\/colophongrignan\",\"https:\\\/\\\/www.pinterest.fr\\\/colophongrignan\\\/\",\"https:\\\/\\\/www.instagram.com\\\/colophon_grignan\\\/\"]}]}<\/script>\n<!-- \/ Yoast SEO plugin. -->","yoast_head_json":{"title":"IIe titre 2014 - Colophon, Maison de l&#039;Imprimeur","robots":{"index":"index","follow":"follow","max-snippet":"max-snippet:-1","max-image-preview":"max-image-preview:large","max-video-preview":"max-video-preview:-1"},"canonical":"https:\/\/colophon-grignan.fr\/index.php\/2014-4\/","og_locale":"fr_FR","og_type":"article","og_title":"IIe titre 2014 - Colophon, Maison de l&#039;Imprimeur","og_description":"Le comit\u00e9 de lecture a lu 14 livres Rencontres samedi 17 et dimanche 18 mai 2014 Lectures, table ronde, caf\u00e9s litt\u00e9raires et remise du prix Ecrivains invit\u00e9s H\u00e9l\u00e8ne Gestern La part du feu Ed. Arl\u00e9a Sylvain Pattieu Le bonheur pauvre rengaine Ed. Rouergue Maria Pourchet Rome en un jour Ed. [&hellip;]","og_url":"https:\/\/colophon-grignan.fr\/index.php\/2014-4\/","og_site_name":"Colophon, Maison de l&#039;Imprimeur","article_publisher":"https:\/\/www.facebook.com\/colophongrignan","article_modified_time":"2019-03-15T14:20:08+00:00","og_image":[{"url":"https:\/\/colophon-grignan.fr\/wp-content\/uploads\/2018\/10\/P5170041-150x150.jpg","type":"","width":"","height":""}],"twitter_card":"summary_large_image","schema":{"@context":"https:\/\/schema.org","@graph":[{"@type":"WebPage","@id":"https:\/\/colophon-grignan.fr\/index.php\/2014-4\/","url":"https:\/\/colophon-grignan.fr\/index.php\/2014-4\/","name":"IIe titre 2014 - Colophon, Maison de l&#039;Imprimeur","isPartOf":{"@id":"https:\/\/colophon-grignan.fr\/#website"},"primaryImageOfPage":{"@id":"https:\/\/colophon-grignan.fr\/index.php\/2014-4\/#primaryimage"},"image":{"@id":"https:\/\/colophon-grignan.fr\/index.php\/2014-4\/#primaryimage"},"thumbnailUrl":"https:\/\/colophon-grignan.fr\/wp-content\/uploads\/2018\/10\/P5170041-150x150.jpg","datePublished":"2015-04-17T15:43:39+00:00","dateModified":"2019-03-15T14:20:08+00:00","breadcrumb":{"@id":"https:\/\/colophon-grignan.fr\/index.php\/2014-4\/#breadcrumb"},"inLanguage":"fr-FR","potentialAction":[{"@type":"ReadAction","target":["https:\/\/colophon-grignan.fr\/index.php\/2014-4\/"]}]},{"@type":"ImageObject","inLanguage":"fr-FR","@id":"https:\/\/colophon-grignan.fr\/index.php\/2014-4\/#primaryimage","url":"https:\/\/colophon-grignan.fr\/wp-content\/uploads\/2018\/10\/P5170041.jpg","contentUrl":"https:\/\/colophon-grignan.fr\/wp-content\/uploads\/2018\/10\/P5170041.jpg","width":1024,"height":768,"caption":"OLYMPUS DIGITAL CAMERA"},{"@type":"BreadcrumbList","@id":"https:\/\/colophon-grignan.fr\/index.php\/2014-4\/#breadcrumb","itemListElement":[{"@type":"ListItem","position":1,"name":"Accueil","item":"https:\/\/colophon-grignan.fr\/"},{"@type":"ListItem","position":2,"name":"IIe titre 2014"}]},{"@type":"WebSite","@id":"https:\/\/colophon-grignan.fr\/#website","url":"https:\/\/colophon-grignan.fr\/","name":"Colophon - Maison de l&#039;Imprimeur","description":"Atelier-Mus\u00e9e &amp; Librairie","publisher":{"@id":"https:\/\/colophon-grignan.fr\/#organization"},"potentialAction":[{"@type":"SearchAction","target":{"@type":"EntryPoint","urlTemplate":"https:\/\/colophon-grignan.fr\/?s={search_term_string}"},"query-input":{"@type":"PropertyValueSpecification","valueRequired":true,"valueName":"search_term_string"}}],"inLanguage":"fr-FR"},{"@type":"Organization","@id":"https:\/\/colophon-grignan.fr\/#organization","name":"Colophon - Maison de l'Imprimeur","url":"https:\/\/colophon-grignan.fr\/","logo":{"@type":"ImageObject","inLanguage":"fr-FR","@id":"https:\/\/colophon-grignan.fr\/#\/schema\/logo\/image\/","url":"https:\/\/i0.wp.com\/colophon-grignan.fr\/wp-content\/uploads\/2016\/12\/GRAND-CHAT.gif?fit=474%2C618&ssl=1","contentUrl":"https:\/\/i0.wp.com\/colophon-grignan.fr\/wp-content\/uploads\/2016\/12\/GRAND-CHAT.gif?fit=474%2C618&ssl=1","width":474,"height":618,"caption":"Colophon - Maison de l'Imprimeur"},"image":{"@id":"https:\/\/colophon-grignan.fr\/#\/schema\/logo\/image\/"},"sameAs":["https:\/\/www.facebook.com\/colophongrignan","https:\/\/www.pinterest.fr\/colophongrignan\/","https:\/\/www.instagram.com\/colophon_grignan\/"]}]}},"_links":{"self":[{"href":"https:\/\/colophon-grignan.fr\/index.php\/wp-json\/wp\/v2\/pages\/374","targetHints":{"allow":["GET"]}}],"collection":[{"href":"https:\/\/colophon-grignan.fr\/index.php\/wp-json\/wp\/v2\/pages"}],"about":[{"href":"https:\/\/colophon-grignan.fr\/index.php\/wp-json\/wp\/v2\/types\/page"}],"author":[{"embeddable":true,"href":"https:\/\/colophon-grignan.fr\/index.php\/wp-json\/wp\/v2\/users\/6"}],"replies":[{"embeddable":true,"href":"https:\/\/colophon-grignan.fr\/index.php\/wp-json\/wp\/v2\/comments?post=374"}],"version-history":[{"count":0,"href":"https:\/\/colophon-grignan.fr\/index.php\/wp-json\/wp\/v2\/pages\/374\/revisions"}],"wp:attachment":[{"href":"https:\/\/colophon-grignan.fr\/index.php\/wp-json\/wp\/v2\/media?parent=374"}],"curies":[{"name":"wp","href":"https:\/\/api.w.org\/{rel}","templated":true}]}}