{"id":39,"date":"2014-02-14T15:37:36","date_gmt":"2014-02-14T14:37:36","guid":{"rendered":"http:\/\/colophon-grignan.fr\/?page_id=39"},"modified":"2023-04-06T11:23:56","modified_gmt":"2023-04-06T09:23:56","slug":"reseaux-contact-visites","status":"publish","type":"page","link":"https:\/\/colophon-grignan.fr\/index.php\/reseaux-contact-visites\/","title":{"rendered":"R\u00e9seaux, Contact, Visites"},"content":{"rendered":"<p><span style=\"color: #ffffff;\">R\u00e9seaux, Contact, Visite<\/span><strong><span style=\"color: #ffffff;\">s<\/span><br><\/strong><strong>R\u00c9SEAUX :<br><\/strong><\/p>\n\n\n<figure class=\"wp-block-table\"><table><tbody><tr><td class=\"has-text-align-center\" data-align=\"center\"><a href=\"https:\/\/www.facebook.com\/colophongrignan\" target=\"_blank\" rel=\"noreferrer noopener\"><img loading=\"lazy\" decoding=\"async\" width=\"70\" height=\"39\" class=\"wp-image-4139\" style=\"width: 70px;\" src=\"https:\/\/colophon-grignan.fr\/wp-content\/uploads\/2020\/08\/fb-logo.jpg\" alt=\"Logo de Facebook\" srcset=\"https:\/\/colophon-grignan.fr\/wp-content\/uploads\/2020\/08\/fb-logo.jpg 676w, https:\/\/colophon-grignan.fr\/wp-content\/uploads\/2020\/08\/fb-logo-600x337.jpg 600w, https:\/\/colophon-grignan.fr\/wp-content\/uploads\/2020\/08\/fb-logo-300x169.jpg 300w, https:\/\/colophon-grignan.fr\/wp-content\/uploads\/2020\/08\/fb-logo-150x84.jpg 150w\" sizes=\"auto, (max-width: 70px) 100vw, 70px\" \/><\/a><\/td><td class=\"has-text-align-center\" data-align=\"center\"><a href=\"https:\/\/g.page\/ColophonGrignan?share\" target=\"_blank\" rel=\"noreferrer noopener\"><img loading=\"lazy\" decoding=\"async\" width=\"40\" height=\"40\" class=\"wp-image-4140\" style=\"width: 40px;\" src=\"https:\/\/colophon-grignan.fr\/wp-content\/uploads\/2020\/08\/maps-logo.jpg\" alt=\"\" srcset=\"https:\/\/colophon-grignan.fr\/wp-content\/uploads\/2020\/08\/maps-logo.jpg 380w, https:\/\/colophon-grignan.fr\/wp-content\/uploads\/2020\/08\/maps-logo-230x230.jpg 230w, https:\/\/colophon-grignan.fr\/wp-content\/uploads\/2020\/08\/maps-logo-160x160.jpg 160w, https:\/\/colophon-grignan.fr\/wp-content\/uploads\/2020\/08\/maps-logo-300x300.jpg 300w, https:\/\/colophon-grignan.fr\/wp-content\/uploads\/2020\/08\/maps-logo-150x150.jpg 150w, https:\/\/colophon-grignan.fr\/wp-content\/uploads\/2020\/08\/maps-logo-50x50.jpg 50w\" sizes=\"auto, (max-width: 40px) 100vw, 40px\" \/><\/a><\/td><td class=\"has-text-align-center\" data-align=\"center\"><a href=\"https:\/\/www.instagram.com\/colophon_grignan\/\" target=\"_blank\" rel=\"noreferrer noopener\"><img decoding=\"async\" src=\"https:\/\/colophon-grignan.fr\/wp-content\/uploads\/2020\/08\/instagram-logo.jpg\" alt=\"\" style=\"width: 38px;\"><\/a><\/td><td class=\"has-text-align-center\" data-align=\"center\"><a href=\"https:\/\/www.openstreetmap.org\/node\/7222735431#map=19\/44.42011\/4.90966\" target=\"_blank\" rel=\"noreferrer noopener\"><img decoding=\"async\" src=\"https:\/\/colophon-grignan.fr\/wp-content\/uploads\/2020\/08\/logo-openstreetmap.png\" alt=\"\" style=\"width: 40px;\"><\/a><\/td><td class=\"has-text-align-center\" data-align=\"center\"><a href=\"https:\/\/video.antopie.org\/video-channels\/colophon_grignan\" target=\"_blank\" rel=\"noreferrer noopener\"><img loading=\"lazy\" decoding=\"async\" width=\"30\" height=\"40\" class=\"wp-image-4143\" style=\"width: 30px;\" src=\"https:\/\/colophon-grignan.fr\/wp-content\/uploads\/2020\/08\/logo-peertube.png\" alt=\"\" srcset=\"https:\/\/colophon-grignan.fr\/wp-content\/uploads\/2020\/08\/logo-peertube.png 285w, https:\/\/colophon-grignan.fr\/wp-content\/uploads\/2020\/08\/logo-peertube-225x300.png 225w, https:\/\/colophon-grignan.fr\/wp-content\/uploads\/2020\/08\/logo-peertube-113x150.png 113w\" sizes=\"auto, (max-width: 30px) 100vw, 30px\" \/><\/a><\/td><\/tr><tr><td class=\"has-text-align-center\" data-align=\"center\"><a href=\"https:\/\/www.pinterest.fr\/colophongrignan\/\" target=\"_blank\" rel=\"noreferrer noopener\"><img loading=\"lazy\" decoding=\"async\" width=\"60\" height=\"34\" class=\"wp-image-4144\" style=\"width: 60px;\" src=\"https:\/\/colophon-grignan.fr\/wp-content\/uploads\/2020\/08\/logo-pinterest.png\" alt=\"\" srcset=\"https:\/\/colophon-grignan.fr\/wp-content\/uploads\/2020\/08\/logo-pinterest.png 676w, https:\/\/colophon-grignan.fr\/wp-content\/uploads\/2020\/08\/logo-pinterest-600x337.png 600w, https:\/\/colophon-grignan.fr\/wp-content\/uploads\/2020\/08\/logo-pinterest-300x169.png 300w, https:\/\/colophon-grignan.fr\/wp-content\/uploads\/2020\/08\/logo-pinterest-150x84.png 150w\" sizes=\"auto, (max-width: 60px) 100vw, 60px\" \/><\/a><\/td><td class=\"has-text-align-center\" data-align=\"center\"><a href=\"https:\/\/www.tripadvisor.fr\/Attraction_Review-g445033-d1533799-Reviews-Colophon_Maison_de_l_Imprimeur-Grignan_Drome_Auvergne_Rhone_Alpes.html\" target=\"_blank\" rel=\"noreferrer noopener\"><img loading=\"lazy\" decoding=\"async\" width=\"50\" height=\"29\" class=\"wp-image-4145\" style=\"width: 50px;\" src=\"https:\/\/colophon-grignan.fr\/wp-content\/uploads\/2020\/08\/logo-tripadvisor.png\" alt=\"\" srcset=\"https:\/\/colophon-grignan.fr\/wp-content\/uploads\/2020\/08\/logo-tripadvisor.png 660w, https:\/\/colophon-grignan.fr\/wp-content\/uploads\/2020\/08\/logo-tripadvisor-600x345.png 600w, https:\/\/colophon-grignan.fr\/wp-content\/uploads\/2020\/08\/logo-tripadvisor-300x173.png 300w, https:\/\/colophon-grignan.fr\/wp-content\/uploads\/2020\/08\/logo-tripadvisor-150x86.png 150w\" sizes=\"auto, (max-width: 50px) 100vw, 50px\" \/><\/a><\/td><td class=\"has-text-align-center\" data-align=\"center\"><a href=\"https:\/\/colophon-grignan.tumblr.com\/\" target=\"_blank\" rel=\"noreferrer noopener\"><img loading=\"lazy\" decoding=\"async\" width=\"45\" height=\"45\" class=\"wp-image-4146\" style=\"width: 45px;\" src=\"https:\/\/colophon-grignan.fr\/wp-content\/uploads\/2020\/08\/logo-tumblr.png\" alt=\"\" srcset=\"https:\/\/colophon-grignan.fr\/wp-content\/uploads\/2020\/08\/logo-tumblr.png 380w, https:\/\/colophon-grignan.fr\/wp-content\/uploads\/2020\/08\/logo-tumblr-230x230.png 230w, https:\/\/colophon-grignan.fr\/wp-content\/uploads\/2020\/08\/logo-tumblr-160x160.png 160w, https:\/\/colophon-grignan.fr\/wp-content\/uploads\/2020\/08\/logo-tumblr-300x300.png 300w, https:\/\/colophon-grignan.fr\/wp-content\/uploads\/2020\/08\/logo-tumblr-150x150.png 150w, https:\/\/colophon-grignan.fr\/wp-content\/uploads\/2020\/08\/logo-tumblr-50x50.png 50w\" sizes=\"auto, (max-width: 45px) 100vw, 45px\" \/><\/a><\/td><td class=\"has-text-align-center\" data-align=\"center\"><a href=\"https:\/\/fr.wikipedia.org\/wiki\/Colophon,_Maison_de_l%27Imprimeur\" target=\"_blank\" rel=\"noreferrer noopener\"><img loading=\"lazy\" decoding=\"async\" width=\"47\" height=\"47\" class=\"wp-image-4147\" style=\"width: 47px;\" src=\"https:\/\/colophon-grignan.fr\/wp-content\/uploads\/2020\/08\/logo-wikipedia.png\" alt=\"\" srcset=\"https:\/\/colophon-grignan.fr\/wp-content\/uploads\/2020\/08\/logo-wikipedia.png 380w, https:\/\/colophon-grignan.fr\/wp-content\/uploads\/2020\/08\/logo-wikipedia-230x230.png 230w, https:\/\/colophon-grignan.fr\/wp-content\/uploads\/2020\/08\/logo-wikipedia-160x160.png 160w, https:\/\/colophon-grignan.fr\/wp-content\/uploads\/2020\/08\/logo-wikipedia-300x300.png 300w, https:\/\/colophon-grignan.fr\/wp-content\/uploads\/2020\/08\/logo-wikipedia-150x150.png 150w, https:\/\/colophon-grignan.fr\/wp-content\/uploads\/2020\/08\/logo-wikipedia-50x50.png 50w\" sizes=\"auto, (max-width: 47px) 100vw, 47px\" \/><\/a><\/td><td class=\"has-text-align-center\" data-align=\"center\"><a href=\"https:\/\/www.youtube.com\/channel\/UCeP6vcm3sv1ZlwDM1lmwgYQ\" target=\"_blank\" rel=\"noreferrer noopener\"><img loading=\"lazy\" decoding=\"async\" width=\"75\" height=\"42\" class=\"wp-image-4148\" style=\"width: 75px;\" src=\"https:\/\/colophon-grignan.fr\/wp-content\/uploads\/2020\/08\/logo-youtube.jpg\" alt=\"\" srcset=\"https:\/\/colophon-grignan.fr\/wp-content\/uploads\/2020\/08\/logo-youtube.jpg 676w, https:\/\/colophon-grignan.fr\/wp-content\/uploads\/2020\/08\/logo-youtube-600x337.jpg 600w, https:\/\/colophon-grignan.fr\/wp-content\/uploads\/2020\/08\/logo-youtube-300x169.jpg 300w, https:\/\/colophon-grignan.fr\/wp-content\/uploads\/2020\/08\/logo-youtube-150x84.jpg 150w\" sizes=\"auto, (max-width: 75px) 100vw, 75px\" \/><\/a><\/td><\/tr><\/tbody><\/table><\/figure>\n\n\n\n<p><strong>S&rsquo;INSCRIRE \u00c0 NOTRE NEWSLETTER :<\/strong><\/p>\n\n\n<script>(function() {\n\twindow.mc4wp = window.mc4wp || {\n\t\tlisteners: [],\n\t\tforms: {\n\t\t\ton: function(evt, cb) {\n\t\t\t\twindow.mc4wp.listeners.push(\n\t\t\t\t\t{\n\t\t\t\t\t\tevent   : evt,\n\t\t\t\t\t\tcallback: cb\n\t\t\t\t\t}\n\t\t\t\t);\n\t\t\t}\n\t\t}\n\t}\n})();\n<\/script><!-- Mailchimp for WordPress v4.12.1 - https:\/\/wordpress.org\/plugins\/mailchimp-for-wp\/ --><form id=\"mc4wp-form-1\" class=\"mc4wp-form mc4wp-form-4198 mc4wp-form-basic\" method=\"post\" data-id=\"4198\" data-name=\"Lecteurs\" ><div class=\"mc4wp-form-fields\"><p> \r\n<input type=\"email\" name=\"EMAIL\" placeholder=\"Votre adresse de courrier \u00e9lectronique\" required \/>\r\n<\/label>\r\n<\/p>\r\n<p>\r\n  <input type=\"submit\" value=\"Abonnez-vous !\"\/>\r\n<\/p><\/div><label style=\"display: none !important;\">Laissez ce champ vide si vous \u00eates humain\u00a0: <input type=\"text\" name=\"_mc4wp_honeypot\" value=\"\" tabindex=\"-1\" autocomplete=\"off\" \/><\/label><input type=\"hidden\" name=\"_mc4wp_timestamp\" value=\"1776040023\" \/><input type=\"hidden\" name=\"_mc4wp_form_id\" value=\"4198\" \/><input type=\"hidden\" name=\"_mc4wp_form_element_id\" value=\"mc4wp-form-1\" \/><div class=\"mc4wp-response\"><\/div><\/form><!-- \/ Mailchimp for WordPress Plugin -->\n\n\n<p><\/p>\n\n\n\n<p><strong>CONTACT :<\/strong><br><strong>Colophon, Maison de l&rsquo;Imprimeur<\/strong><br><strong>Maison du Bailli<\/strong><br><strong>26230 GRIGNAN<\/strong><br><strong>T\u00e9l : 04 75 46 57 16<\/strong><br><a href=\"mailto:colophon.grignan@orange.fr\"><strong>colophon.grignan(chez)orange.fr<\/strong><\/a><\/p>\n\n\n\n<p><strong>VISITES :<br>Automne &#8211; Hiver &#8211; Printemps<\/strong><br>Fermeture les 25 et 26 d\u00e9cembre &amp; les 1er et 2 janvier<br>Ouverture du mardi au samedi<br>de 10 h \u00e0 12 h 30 et de 14 h \u00e0 18 h 30<\/p>\n\n\n\n<p><strong>Juillet &amp; Ao\u00fbt<\/strong><br>Ouverture tous les jours<br>de 10 h 30 \u00e0 14 h 30<br>\u201414 h 30 \u00e0 16 h : sieste \u2014<br>et de 16 h \u00e0 19 h<\/p>\n\n\n\n<p><strong><a href=\"https:\/\/colophon-grignan.fr\/index.php\/musee-imprimerie-grignan-visite\/\" target=\"_blank\" rel=\"noreferrer noopener\">ENTR\u00c9E MUS\u00c9E<\/a> :<\/strong><a href=\"https:\/\/colophon-grignan.fr\/index.php\/musee-imprimerie-grignan-visite\/\" target=\"_blank\" rel=\"noreferrer noopener\"><br><\/a><strong>Adulte : 6\u20ac ; 12-18 ans : 5\u20ac ; -12 ans : gratuit<\/strong><\/p>\n\n\n\n<p>Arr\u00eat des visites au mus\u00e9e 1 h avant l\u2019horaire de fermeture<br><span class=\"has-inline-color has-white-color\">R\u00e9seaux, Contact, Visite<strong>s<\/strong><\/span><\/p>\n\n\n\n<iframe loading=\"lazy\" scrolling=\"no\" marginheight=\"0\" marginwidth=\"0\" src=\"https:\/\/www.openstreetmap.org\/export\/embed.html?bbox=4.9082010984420785%2C44.41934084555387%2C4.9110978841781625%2C44.420865747918825&amp;layer=mapnik&amp;marker=44.42010330170776%2C4.90964949131012\" style=\"border: 1px solid black\" width=\"425\" height=\"350\" frameborder=\"0\"><\/iframe><br><small><a href=\"https:\/\/www.openstreetmap.org\/?mlat=44.42010&amp;mlon=4.90965#map=19\/44.42010\/4.90965\" target=\"_blank\" rel=\"noopener noreferrer\">Afficher une carte plus grande<\/a><\/small>\n","protected":false},"excerpt":{"rendered":"<p>R\u00e9seaux, Contact, VisitesR\u00c9SEAUX : S&rsquo;INSCRIRE \u00c0 NOTRE NEWSLETTER : CONTACT :Colophon, Maison de l&rsquo;ImprimeurMaison du Bailli26230 GRIGNANT\u00e9l : 04 75 46 57 16colophon.grignan(chez)orange.fr VISITES :Automne &#8211; Hiver &#8211; PrintempsFermeture les 25 et 26 d\u00e9cembre &amp; les 1er et 2 janvierOuverture du mardi au samedide 10 h \u00e0 12 h 30 [&hellip;]<\/p>\n","protected":false},"author":6,"featured_media":0,"parent":0,"menu_order":0,"comment_status":"closed","ping_status":"closed","template":"","meta":{"footnotes":""},"class_list":["post-39","page","type-page","status-publish","hentry"],"yoast_head":"<!-- This site is optimized with the Yoast SEO plugin v27.3 - https:\/\/yoast.com\/product\/yoast-seo-wordpress\/ -->\n<title>R\u00e9seaux, Contact, Visites - Colophon, Maison de l&#039;Imprimeur<\/title>\n<meta name=\"description\" content=\"Les informations pour les r\u00e9seaux, contact, visites de la librairie \u00e0 Grignan, village de la Correspondance et son Ch\u00e2teau\" \/>\n<meta name=\"robots\" content=\"index, follow, max-snippet:-1, max-image-preview:large, max-video-preview:-1\" \/>\n<link rel=\"canonical\" href=\"https:\/\/colophon-grignan.fr\/index.php\/reseaux-contact-visites\/\" \/>\n<meta property=\"og:locale\" content=\"fr_FR\" \/>\n<meta property=\"og:type\" content=\"article\" \/>\n<meta property=\"og:title\" content=\"R\u00e9seaux, Contact, Visites - Colophon, Maison de l&#039;Imprimeur\" \/>\n<meta property=\"og:description\" content=\"Les informations pour les r\u00e9seaux, contact, visites de la librairie \u00e0 Grignan, village de la Correspondance et son Ch\u00e2teau\" \/>\n<meta property=\"og:url\" content=\"https:\/\/colophon-grignan.fr\/index.php\/reseaux-contact-visites\/\" \/>\n<meta property=\"og:site_name\" content=\"Colophon, Maison de l&#039;Imprimeur\" \/>\n<meta property=\"article:publisher\" content=\"https:\/\/www.facebook.com\/colophongrignan\" \/>\n<meta property=\"article:modified_time\" content=\"2023-04-06T09:23:56+00:00\" \/>\n<meta property=\"og:image\" content=\"https:\/\/colophon-grignan.fr\/wp-content\/uploads\/2020\/08\/fb-logo.jpg\" \/>\n<meta name=\"twitter:card\" content=\"summary_large_image\" \/>\n<meta name=\"twitter:label1\" content=\"Dur\u00e9e de lecture estim\u00e9e\" \/>\n\t<meta name=\"twitter:data1\" content=\"3 minutes\" \/>\n<script type=\"application\/ld+json\" class=\"yoast-schema-graph\">{\"@context\":\"https:\\\/\\\/schema.org\",\"@graph\":[{\"@type\":\"WebPage\",\"@id\":\"https:\\\/\\\/colophon-grignan.fr\\\/index.php\\\/reseaux-contact-visites\\\/\",\"url\":\"https:\\\/\\\/colophon-grignan.fr\\\/index.php\\\/reseaux-contact-visites\\\/\",\"name\":\"R\u00e9seaux, Contact, Visites - Colophon, Maison de l&#039;Imprimeur\",\"isPartOf\":{\"@id\":\"https:\\\/\\\/colophon-grignan.fr\\\/#website\"},\"primaryImageOfPage\":{\"@id\":\"https:\\\/\\\/colophon-grignan.fr\\\/index.php\\\/reseaux-contact-visites\\\/#primaryimage\"},\"image\":{\"@id\":\"https:\\\/\\\/colophon-grignan.fr\\\/index.php\\\/reseaux-contact-visites\\\/#primaryimage\"},\"thumbnailUrl\":\"https:\\\/\\\/colophon-grignan.fr\\\/wp-content\\\/uploads\\\/2020\\\/08\\\/fb-logo.jpg\",\"datePublished\":\"2014-02-14T14:37:36+00:00\",\"dateModified\":\"2023-04-06T09:23:56+00:00\",\"description\":\"Les informations pour les r\u00e9seaux, contact, visites de la librairie \u00e0 Grignan, village de la Correspondance et son Ch\u00e2teau\",\"breadcrumb\":{\"@id\":\"https:\\\/\\\/colophon-grignan.fr\\\/index.php\\\/reseaux-contact-visites\\\/#breadcrumb\"},\"inLanguage\":\"fr-FR\",\"potentialAction\":[{\"@type\":\"ReadAction\",\"target\":[\"https:\\\/\\\/colophon-grignan.fr\\\/index.php\\\/reseaux-contact-visites\\\/\"]}]},{\"@type\":\"ImageObject\",\"inLanguage\":\"fr-FR\",\"@id\":\"https:\\\/\\\/colophon-grignan.fr\\\/index.php\\\/reseaux-contact-visites\\\/#primaryimage\",\"url\":\"https:\\\/\\\/colophon-grignan.fr\\\/wp-content\\\/uploads\\\/2020\\\/08\\\/fb-logo.jpg\",\"contentUrl\":\"https:\\\/\\\/colophon-grignan.fr\\\/wp-content\\\/uploads\\\/2020\\\/08\\\/fb-logo.jpg\",\"width\":676,\"height\":380,\"caption\":\"R\u00e9seaux, Contact, Visites Logo de Facebook\"},{\"@type\":\"BreadcrumbList\",\"@id\":\"https:\\\/\\\/colophon-grignan.fr\\\/index.php\\\/reseaux-contact-visites\\\/#breadcrumb\",\"itemListElement\":[{\"@type\":\"ListItem\",\"position\":1,\"name\":\"Accueil\",\"item\":\"https:\\\/\\\/colophon-grignan.fr\\\/\"},{\"@type\":\"ListItem\",\"position\":2,\"name\":\"R\u00e9seaux, Contact, Visites\"}]},{\"@type\":\"WebSite\",\"@id\":\"https:\\\/\\\/colophon-grignan.fr\\\/#website\",\"url\":\"https:\\\/\\\/colophon-grignan.fr\\\/\",\"name\":\"Colophon - Maison de l&#039;Imprimeur\",\"description\":\"Atelier-Mus\u00e9e &amp; Librairie\",\"publisher\":{\"@id\":\"https:\\\/\\\/colophon-grignan.fr\\\/#organization\"},\"potentialAction\":[{\"@type\":\"SearchAction\",\"target\":{\"@type\":\"EntryPoint\",\"urlTemplate\":\"https:\\\/\\\/colophon-grignan.fr\\\/?s={search_term_string}\"},\"query-input\":{\"@type\":\"PropertyValueSpecification\",\"valueRequired\":true,\"valueName\":\"search_term_string\"}}],\"inLanguage\":\"fr-FR\"},{\"@type\":\"Organization\",\"@id\":\"https:\\\/\\\/colophon-grignan.fr\\\/#organization\",\"name\":\"Colophon - Maison de l'Imprimeur\",\"url\":\"https:\\\/\\\/colophon-grignan.fr\\\/\",\"logo\":{\"@type\":\"ImageObject\",\"inLanguage\":\"fr-FR\",\"@id\":\"https:\\\/\\\/colophon-grignan.fr\\\/#\\\/schema\\\/logo\\\/image\\\/\",\"url\":\"https:\\\/\\\/i0.wp.com\\\/colophon-grignan.fr\\\/wp-content\\\/uploads\\\/2016\\\/12\\\/GRAND-CHAT.gif?fit=474%2C618&ssl=1\",\"contentUrl\":\"https:\\\/\\\/i0.wp.com\\\/colophon-grignan.fr\\\/wp-content\\\/uploads\\\/2016\\\/12\\\/GRAND-CHAT.gif?fit=474%2C618&ssl=1\",\"width\":474,\"height\":618,\"caption\":\"Colophon - Maison de l'Imprimeur\"},\"image\":{\"@id\":\"https:\\\/\\\/colophon-grignan.fr\\\/#\\\/schema\\\/logo\\\/image\\\/\"},\"sameAs\":[\"https:\\\/\\\/www.facebook.com\\\/colophongrignan\",\"https:\\\/\\\/www.pinterest.fr\\\/colophongrignan\\\/\",\"https:\\\/\\\/www.instagram.com\\\/colophon_grignan\\\/\"]}]}<\/script>\n<!-- \/ Yoast SEO plugin. -->","yoast_head_json":{"title":"R\u00e9seaux, Contact, Visites - Colophon, Maison de l&#039;Imprimeur","description":"Les informations pour les r\u00e9seaux, contact, visites de la librairie \u00e0 Grignan, village de la Correspondance et son Ch\u00e2teau","robots":{"index":"index","follow":"follow","max-snippet":"max-snippet:-1","max-image-preview":"max-image-preview:large","max-video-preview":"max-video-preview:-1"},"canonical":"https:\/\/colophon-grignan.fr\/index.php\/reseaux-contact-visites\/","og_locale":"fr_FR","og_type":"article","og_title":"R\u00e9seaux, Contact, Visites - Colophon, Maison de l&#039;Imprimeur","og_description":"Les informations pour les r\u00e9seaux, contact, visites de la librairie \u00e0 Grignan, village de la Correspondance et son Ch\u00e2teau","og_url":"https:\/\/colophon-grignan.fr\/index.php\/reseaux-contact-visites\/","og_site_name":"Colophon, Maison de l&#039;Imprimeur","article_publisher":"https:\/\/www.facebook.com\/colophongrignan","article_modified_time":"2023-04-06T09:23:56+00:00","og_image":[{"url":"https:\/\/colophon-grignan.fr\/wp-content\/uploads\/2020\/08\/fb-logo.jpg","type":"","width":"","height":""}],"twitter_card":"summary_large_image","twitter_misc":{"Dur\u00e9e de lecture estim\u00e9e":"3 minutes"},"schema":{"@context":"https:\/\/schema.org","@graph":[{"@type":"WebPage","@id":"https:\/\/colophon-grignan.fr\/index.php\/reseaux-contact-visites\/","url":"https:\/\/colophon-grignan.fr\/index.php\/reseaux-contact-visites\/","name":"R\u00e9seaux, Contact, Visites - Colophon, Maison de l&#039;Imprimeur","isPartOf":{"@id":"https:\/\/colophon-grignan.fr\/#website"},"primaryImageOfPage":{"@id":"https:\/\/colophon-grignan.fr\/index.php\/reseaux-contact-visites\/#primaryimage"},"image":{"@id":"https:\/\/colophon-grignan.fr\/index.php\/reseaux-contact-visites\/#primaryimage"},"thumbnailUrl":"https:\/\/colophon-grignan.fr\/wp-content\/uploads\/2020\/08\/fb-logo.jpg","datePublished":"2014-02-14T14:37:36+00:00","dateModified":"2023-04-06T09:23:56+00:00","description":"Les informations pour les r\u00e9seaux, contact, visites de la librairie \u00e0 Grignan, village de la Correspondance et son Ch\u00e2teau","breadcrumb":{"@id":"https:\/\/colophon-grignan.fr\/index.php\/reseaux-contact-visites\/#breadcrumb"},"inLanguage":"fr-FR","potentialAction":[{"@type":"ReadAction","target":["https:\/\/colophon-grignan.fr\/index.php\/reseaux-contact-visites\/"]}]},{"@type":"ImageObject","inLanguage":"fr-FR","@id":"https:\/\/colophon-grignan.fr\/index.php\/reseaux-contact-visites\/#primaryimage","url":"https:\/\/colophon-grignan.fr\/wp-content\/uploads\/2020\/08\/fb-logo.jpg","contentUrl":"https:\/\/colophon-grignan.fr\/wp-content\/uploads\/2020\/08\/fb-logo.jpg","width":676,"height":380,"caption":"R\u00e9seaux, Contact, Visites Logo de Facebook"},{"@type":"BreadcrumbList","@id":"https:\/\/colophon-grignan.fr\/index.php\/reseaux-contact-visites\/#breadcrumb","itemListElement":[{"@type":"ListItem","position":1,"name":"Accueil","item":"https:\/\/colophon-grignan.fr\/"},{"@type":"ListItem","position":2,"name":"R\u00e9seaux, Contact, Visites"}]},{"@type":"WebSite","@id":"https:\/\/colophon-grignan.fr\/#website","url":"https:\/\/colophon-grignan.fr\/","name":"Colophon - Maison de l&#039;Imprimeur","description":"Atelier-Mus\u00e9e &amp; Librairie","publisher":{"@id":"https:\/\/colophon-grignan.fr\/#organization"},"potentialAction":[{"@type":"SearchAction","target":{"@type":"EntryPoint","urlTemplate":"https:\/\/colophon-grignan.fr\/?s={search_term_string}"},"query-input":{"@type":"PropertyValueSpecification","valueRequired":true,"valueName":"search_term_string"}}],"inLanguage":"fr-FR"},{"@type":"Organization","@id":"https:\/\/colophon-grignan.fr\/#organization","name":"Colophon - Maison de l'Imprimeur","url":"https:\/\/colophon-grignan.fr\/","logo":{"@type":"ImageObject","inLanguage":"fr-FR","@id":"https:\/\/colophon-grignan.fr\/#\/schema\/logo\/image\/","url":"https:\/\/i0.wp.com\/colophon-grignan.fr\/wp-content\/uploads\/2016\/12\/GRAND-CHAT.gif?fit=474%2C618&ssl=1","contentUrl":"https:\/\/i0.wp.com\/colophon-grignan.fr\/wp-content\/uploads\/2016\/12\/GRAND-CHAT.gif?fit=474%2C618&ssl=1","width":474,"height":618,"caption":"Colophon - Maison de l'Imprimeur"},"image":{"@id":"https:\/\/colophon-grignan.fr\/#\/schema\/logo\/image\/"},"sameAs":["https:\/\/www.facebook.com\/colophongrignan","https:\/\/www.pinterest.fr\/colophongrignan\/","https:\/\/www.instagram.com\/colophon_grignan\/"]}]}},"_links":{"self":[{"href":"https:\/\/colophon-grignan.fr\/index.php\/wp-json\/wp\/v2\/pages\/39","targetHints":{"allow":["GET"]}}],"collection":[{"href":"https:\/\/colophon-grignan.fr\/index.php\/wp-json\/wp\/v2\/pages"}],"about":[{"href":"https:\/\/colophon-grignan.fr\/index.php\/wp-json\/wp\/v2\/types\/page"}],"author":[{"embeddable":true,"href":"https:\/\/colophon-grignan.fr\/index.php\/wp-json\/wp\/v2\/users\/6"}],"replies":[{"embeddable":true,"href":"https:\/\/colophon-grignan.fr\/index.php\/wp-json\/wp\/v2\/comments?post=39"}],"version-history":[{"count":2,"href":"https:\/\/colophon-grignan.fr\/index.php\/wp-json\/wp\/v2\/pages\/39\/revisions"}],"predecessor-version":[{"id":5420,"href":"https:\/\/colophon-grignan.fr\/index.php\/wp-json\/wp\/v2\/pages\/39\/revisions\/5420"}],"wp:attachment":[{"href":"https:\/\/colophon-grignan.fr\/index.php\/wp-json\/wp\/v2\/media?parent=39"}],"curies":[{"name":"wp","href":"https:\/\/api.w.org\/{rel}","templated":true}]}}