{"id":4382,"date":"2020-11-27T17:02:01","date_gmt":"2020-11-27T16:02:01","guid":{"rendered":"https:\/\/colophon-grignan.fr\/?page_id=4382"},"modified":"2023-07-16T13:06:57","modified_gmt":"2023-07-16T11:06:57","slug":"2e-roman-2020","status":"publish","type":"page","link":"https:\/\/colophon-grignan.fr\/index.php\/2e-roman-2020\/","title":{"rendered":"2e roman 2020"},"content":{"rendered":"\n<p>2003 : cr\u00e9ation des Rencontres du IIe titre<br>2009 : cr\u00e9ation du prix Rencontres du IIe titre<br>Juillet 2017 : cr\u00e9ation du Festival du 2e roman Grignan<\/p>\n\n\n\n<p><strong>FESTIVAL ANNULE EN MAI ET EN NOVEMBRE CONFINEMENT COVID<\/strong><br><\/p>\n\n\n\n<figure class=\"wp-block-image\"><img loading=\"lazy\" decoding=\"async\" width=\"148\" height=\"150\" src=\"https:\/\/colophon-grignan.fr\/wp-content\/uploads\/2019\/08\/2e-roman-2020-visuel-148x150.jpg\" alt=\"\" class=\"wp-image-3442\" srcset=\"https:\/\/colophon-grignan.fr\/wp-content\/uploads\/2019\/08\/2e-roman-2020-visuel-148x150.jpg 148w, https:\/\/colophon-grignan.fr\/wp-content\/uploads\/2019\/08\/2e-roman-2020-visuel-295x300.jpg 295w, https:\/\/colophon-grignan.fr\/wp-content\/uploads\/2019\/08\/2e-roman-2020-visuel-50x50.jpg 50w, https:\/\/colophon-grignan.fr\/wp-content\/uploads\/2019\/08\/2e-roman-2020-visuel.jpg 492w\" sizes=\"auto, (max-width: 148px) 100vw, 148px\" \/><figcaption class=\"wp-element-caption\"><strong>POUR CAUSE DE CORONAVIRUS LE FESTIVAL DU 2e ROMAN GRIGNAN<\/strong><br><strong>EST REPORTE AU SAMEDI 14 &amp; DIMANCHE 15 NOVEMBRE<\/strong><\/figcaption><\/figure>\n\n\n\n<figure class=\"wp-block-image size-large is-resized\"><img loading=\"lazy\" decoding=\"async\" src=\"https:\/\/colophon-grignan.fr\/wp-content\/uploads\/2020\/05\/Visuel-2e-roman2020-2-Novembre-1009x1024.jpg\" alt=\"\" class=\"wp-image-3870\" width=\"148\" height=\"150\" srcset=\"https:\/\/colophon-grignan.fr\/wp-content\/uploads\/2020\/05\/Visuel-2e-roman2020-2-Novembre-scaled.jpg 1009w, https:\/\/colophon-grignan.fr\/wp-content\/uploads\/2020\/05\/Visuel-2e-roman2020-2-Novembre-600x609.jpg 600w, https:\/\/colophon-grignan.fr\/wp-content\/uploads\/2020\/05\/Visuel-2e-roman2020-2-Novembre-296x300.jpg 296w, https:\/\/colophon-grignan.fr\/wp-content\/uploads\/2020\/05\/Visuel-2e-roman2020-2-Novembre-148x150.jpg 148w, https:\/\/colophon-grignan.fr\/wp-content\/uploads\/2020\/05\/Visuel-2e-roman2020-2-Novembre-768x779.jpg 768w, https:\/\/colophon-grignan.fr\/wp-content\/uploads\/2020\/05\/Visuel-2e-roman2020-2-Novembre-50x50.jpg 50w\" sizes=\"auto, (max-width: 148px) 100vw, 148px\" \/><\/figure>\n\n\n\n<p>Le comit\u00e9 de lecture a lu 25 livres<\/p>\n\n\n\n<p><img loading=\"lazy\" decoding=\"async\" width=\"150\" height=\"150\" scale=\"0\" class=\"wp-image-3634\" style=\"width: 150px;\" src=\"https:\/\/colophon-grignan.fr\/wp-content\/uploads\/2019\/11\/Didier-Decoin-portrait.jpg\" alt=\"\" srcset=\"https:\/\/colophon-grignan.fr\/wp-content\/uploads\/2019\/11\/Didier-Decoin-portrait.jpg 400w, https:\/\/colophon-grignan.fr\/wp-content\/uploads\/2019\/11\/Didier-Decoin-portrait-230x230.jpg 230w, https:\/\/colophon-grignan.fr\/wp-content\/uploads\/2019\/11\/Didier-Decoin-portrait-160x160.jpg 160w, https:\/\/colophon-grignan.fr\/wp-content\/uploads\/2019\/11\/Didier-Decoin-portrait-300x300.jpg 300w, https:\/\/colophon-grignan.fr\/wp-content\/uploads\/2019\/11\/Didier-Decoin-portrait-150x150.jpg 150w, https:\/\/colophon-grignan.fr\/wp-content\/uploads\/2019\/11\/Didier-Decoin-portrait-50x50.jpg 50w\" sizes=\"auto, (max-width: 150px) 100vw, 150px\" \/> <strong>NOUVEAUTE<\/strong> La 18e \u00e9dition du Festival du 2e roman Grignan 2020 sera sous le parrainage de <strong>DIDIER DECOIN<\/strong>  (Et non Rendez-vous les 29 &amp; 30 mai 2021) -le Covid 19 nous oblige \u00e0 quelques modifications-<\/p>\n\n\n\n<p><\/p>\n\n\n\n<p><br><strong>ECRIVAINS INVITES<\/strong><\/p>\n\n\n<p><img loading=\"lazy\" decoding=\"async\" src=\"https:\/\/colophon-grignan.fr\/wp-content\/uploads\/2019\/11\/Festival-Grignan-Erwan-Desplanques-Couv-205x300.jpg\" alt=\"\" class=\"alignnone  wp-image-3569\" scale=\"0\" width=\"157\" height=\"229\" srcset=\"https:\/\/colophon-grignan.fr\/wp-content\/uploads\/2019\/11\/Festival-Grignan-Erwan-Desplanques-Couv-205x300.jpg 205w, https:\/\/colophon-grignan.fr\/wp-content\/uploads\/2019\/11\/Festival-Grignan-Erwan-Desplanques-Couv-600x879.jpg 600w, https:\/\/colophon-grignan.fr\/wp-content\/uploads\/2019\/11\/Festival-Grignan-Erwan-Desplanques-Couv-102x150.jpg 102w, https:\/\/colophon-grignan.fr\/wp-content\/uploads\/2019\/11\/Festival-Grignan-Erwan-Desplanques-Couv-768x1125.jpg 768w, https:\/\/colophon-grignan.fr\/wp-content\/uploads\/2019\/11\/Festival-Grignan-Erwan-Desplanques-Couv.jpg 699w\" sizes=\"auto, (max-width: 157px) 100vw, 157px\" \/><img loading=\"lazy\" decoding=\"async\" src=\"https:\/\/colophon-grignan.fr\/wp-content\/uploads\/2019\/11\/Festival-Grignan-Erwan-Desplanques-Portrait-225x300.jpg\" alt=\"\" class=\"alignnone  wp-image-3573\" scale=\"0\" width=\"165\" height=\"220\" srcset=\"https:\/\/colophon-grignan.fr\/wp-content\/uploads\/2019\/11\/Festival-Grignan-Erwan-Desplanques-Portrait-225x300.jpg 225w, https:\/\/colophon-grignan.fr\/wp-content\/uploads\/2019\/11\/Festival-Grignan-Erwan-Desplanques-Portrait-600x800.jpg 600w, https:\/\/colophon-grignan.fr\/wp-content\/uploads\/2019\/11\/Festival-Grignan-Erwan-Desplanques-Portrait-112x150.jpg 112w, https:\/\/colophon-grignan.fr\/wp-content\/uploads\/2019\/11\/Festival-Grignan-Erwan-Desplanques-Portrait.jpg 768w\" sizes=\"auto, (max-width: 165px) 100vw, 165px\" \/> <strong>ERWAN DESPLANQUES<\/strong><\/p>\n\n\n<blockquote class=\"wp-block-quote is-layout-flow wp-block-quote-is-layout-flow\">\n<p><\/p>\n<\/blockquote>\n\n\n<p><img loading=\"lazy\" decoding=\"async\" src=\"https:\/\/colophon-grignan.fr\/wp-content\/uploads\/2019\/12\/Festival-2e-roman-2020-Philippe-Gerin-Couverture-177x300.png\" alt=\"\" class=\"alignnone  wp-image-3678\" scale=\"0\" width=\"132\" height=\"224\" srcset=\"https:\/\/colophon-grignan.fr\/wp-content\/uploads\/2019\/12\/Festival-2e-roman-2020-Philippe-Gerin-Couverture-177x300.png 177w, https:\/\/colophon-grignan.fr\/wp-content\/uploads\/2019\/12\/Festival-2e-roman-2020-Philippe-Gerin-Couverture-600x1015.png 600w, https:\/\/colophon-grignan.fr\/wp-content\/uploads\/2019\/12\/Festival-2e-roman-2020-Philippe-Gerin-Couverture-scaled.png 605w, https:\/\/colophon-grignan.fr\/wp-content\/uploads\/2019\/12\/Festival-2e-roman-2020-Philippe-Gerin-Couverture-89x150.png 89w, https:\/\/colophon-grignan.fr\/wp-content\/uploads\/2019\/12\/Festival-2e-roman-2020-Philippe-Gerin-Couverture-768x1300.png 768w, https:\/\/colophon-grignan.fr\/wp-content\/uploads\/2019\/12\/Festival-2e-roman-2020-Philippe-Gerin-Couverture-908x1536.png 908w, https:\/\/colophon-grignan.fr\/wp-content\/uploads\/2019\/12\/Festival-2e-roman-2020-Philippe-Gerin-Couverture-1210x2048.png 1210w\" sizes=\"auto, (max-width: 132px) 100vw, 132px\" \/><img loading=\"lazy\" decoding=\"async\" src=\"https:\/\/colophon-grignan.fr\/wp-content\/uploads\/2019\/12\/Festival-2e-roman-2020-Philippe-Gerin-Portrait-300x201.jpg\" alt=\"\" class=\"size-medium wp-image-3679\" scale=\"0\" width=\"300\" height=\"201\" srcset=\"https:\/\/colophon-grignan.fr\/wp-content\/uploads\/2019\/12\/Festival-2e-roman-2020-Philippe-Gerin-Portrait-300x201.jpg 300w, https:\/\/colophon-grignan.fr\/wp-content\/uploads\/2019\/12\/Festival-2e-roman-2020-Philippe-Gerin-Portrait-600x402.jpg 600w, https:\/\/colophon-grignan.fr\/wp-content\/uploads\/2019\/12\/Festival-2e-roman-2020-Philippe-Gerin-Portrait-scaled.jpg 1024w, https:\/\/colophon-grignan.fr\/wp-content\/uploads\/2019\/12\/Festival-2e-roman-2020-Philippe-Gerin-Portrait-150x100.jpg 150w, https:\/\/colophon-grignan.fr\/wp-content\/uploads\/2019\/12\/Festival-2e-roman-2020-Philippe-Gerin-Portrait-768x514.jpg 768w, https:\/\/colophon-grignan.fr\/wp-content\/uploads\/2019\/12\/Festival-2e-roman-2020-Philippe-Gerin-Portrait-1536x1028.jpg 1536w, https:\/\/colophon-grignan.fr\/wp-content\/uploads\/2019\/12\/Festival-2e-roman-2020-Philippe-Gerin-Portrait-2048x1371.jpg 2048w, https:\/\/colophon-grignan.fr\/wp-content\/uploads\/2019\/12\/Festival-2e-roman-2020-Philippe-Gerin-Portrait-360x240.jpg 360w\" sizes=\"auto, (max-width: 300px) 100vw, 300px\" \/><br><strong>PHILIPPE GERIN<\/strong><\/p>\n<p><img loading=\"lazy\" decoding=\"async\" src=\"https:\/\/colophon-grignan.fr\/wp-content\/uploads\/2019\/11\/rencontre-festival-2e-roman-2020-Homs-couverture-187x300.jpg\" alt=\"\" class=\"alignnone  wp-image-3571\" scale=\"0\" width=\"134\" height=\"215\" srcset=\"https:\/\/colophon-grignan.fr\/wp-content\/uploads\/2019\/11\/rencontre-festival-2e-roman-2020-Homs-couverture-187x300.jpg 187w, https:\/\/colophon-grignan.fr\/wp-content\/uploads\/2019\/11\/rencontre-festival-2e-roman-2020-Homs-couverture-93x150.jpg 93w, https:\/\/colophon-grignan.fr\/wp-content\/uploads\/2019\/11\/rencontre-festival-2e-roman-2020-Homs-couverture.jpg 351w\" sizes=\"auto, (max-width: 134px) 100vw, 134px\" \/><img loading=\"lazy\" decoding=\"async\" src=\"https:\/\/colophon-grignan.fr\/wp-content\/uploads\/2019\/11\/rencontre-festival-2e-roman-2020-photo-Holms-300x300.jpg\" alt=\"\" class=\"alignnone  wp-image-3570\" scale=\"0\" width=\"215\" height=\"215\" srcset=\"https:\/\/colophon-grignan.fr\/wp-content\/uploads\/2019\/11\/rencontre-festival-2e-roman-2020-photo-Holms-300x300.jpg 300w, https:\/\/colophon-grignan.fr\/wp-content\/uploads\/2019\/11\/rencontre-festival-2e-roman-2020-photo-Holms-230x230.jpg 230w, https:\/\/colophon-grignan.fr\/wp-content\/uploads\/2019\/11\/rencontre-festival-2e-roman-2020-photo-Holms-160x160.jpg 160w, https:\/\/colophon-grignan.fr\/wp-content\/uploads\/2019\/11\/rencontre-festival-2e-roman-2020-photo-Holms-600x600.jpg 600w, https:\/\/colophon-grignan.fr\/wp-content\/uploads\/2019\/11\/rencontre-festival-2e-roman-2020-photo-Holms-150x150.jpg 150w, https:\/\/colophon-grignan.fr\/wp-content\/uploads\/2019\/11\/rencontre-festival-2e-roman-2020-photo-Holms-768x768.jpg 768w, https:\/\/colophon-grignan.fr\/wp-content\/uploads\/2019\/11\/rencontre-festival-2e-roman-2020-photo-Holms.jpg 1024w, https:\/\/colophon-grignan.fr\/wp-content\/uploads\/2019\/11\/rencontre-festival-2e-roman-2020-photo-Holms-460x460.jpg 460w, https:\/\/colophon-grignan.fr\/wp-content\/uploads\/2019\/11\/rencontre-festival-2e-roman-2020-photo-Holms-50x50.jpg 50w\" sizes=\"auto, (max-width: 215px) 100vw, 215px\" \/> <strong>BRICE HOMS<\/strong><\/p>\n<p><\/p>\n<p><img loading=\"lazy\" decoding=\"async\" src=\"https:\/\/colophon-grignan.fr\/wp-content\/uploads\/2019\/12\/Rencontre-Festival-2e-roman-2020-Olivier-Rogez-Couverture-205x300.jpg\" alt=\"\" class=\"alignnone  wp-image-3680\" scale=\"0\" width=\"129\" height=\"189\" srcset=\"https:\/\/colophon-grignan.fr\/wp-content\/uploads\/2019\/12\/Rencontre-Festival-2e-roman-2020-Olivier-Rogez-Couverture-205x300.jpg 205w, https:\/\/colophon-grignan.fr\/wp-content\/uploads\/2019\/12\/Rencontre-Festival-2e-roman-2020-Olivier-Rogez-Couverture-600x879.jpg 600w, https:\/\/colophon-grignan.fr\/wp-content\/uploads\/2019\/12\/Rencontre-Festival-2e-roman-2020-Olivier-Rogez-Couverture-scaled.jpg 699w, https:\/\/colophon-grignan.fr\/wp-content\/uploads\/2019\/12\/Rencontre-Festival-2e-roman-2020-Olivier-Rogez-Couverture-102x150.jpg 102w, https:\/\/colophon-grignan.fr\/wp-content\/uploads\/2019\/12\/Rencontre-Festival-2e-roman-2020-Olivier-Rogez-Couverture-768x1125.jpg 768w, https:\/\/colophon-grignan.fr\/wp-content\/uploads\/2019\/12\/Rencontre-Festival-2e-roman-2020-Olivier-Rogez-Couverture-1049x1536.jpg 1049w, https:\/\/colophon-grignan.fr\/wp-content\/uploads\/2019\/12\/Rencontre-Festival-2e-roman-2020-Olivier-Rogez-Couverture-1399x2048.jpg 1399w\" sizes=\"auto, (max-width: 129px) 100vw, 129px\" \/><img loading=\"lazy\" decoding=\"async\" src=\"https:\/\/colophon-grignan.fr\/wp-content\/uploads\/2019\/12\/Rencontre-Festival-2e-roman-2020-Olivier-Rogez-Portrait-200x300.jpg\" alt=\"\" class=\" wp-image-3681\" scale=\"0\" width=\"131\" height=\"197\" srcset=\"https:\/\/colophon-grignan.fr\/wp-content\/uploads\/2019\/12\/Rencontre-Festival-2e-roman-2020-Olivier-Rogez-Portrait-200x300.jpg 200w, https:\/\/colophon-grignan.fr\/wp-content\/uploads\/2019\/12\/Rencontre-Festival-2e-roman-2020-Olivier-Rogez-Portrait-600x900.jpg 600w, https:\/\/colophon-grignan.fr\/wp-content\/uploads\/2019\/12\/Rencontre-Festival-2e-roman-2020-Olivier-Rogez-Portrait-scaled.jpg 683w, https:\/\/colophon-grignan.fr\/wp-content\/uploads\/2019\/12\/Rencontre-Festival-2e-roman-2020-Olivier-Rogez-Portrait-100x150.jpg 100w, https:\/\/colophon-grignan.fr\/wp-content\/uploads\/2019\/12\/Rencontre-Festival-2e-roman-2020-Olivier-Rogez-Portrait-768x1152.jpg 768w, https:\/\/colophon-grignan.fr\/wp-content\/uploads\/2019\/12\/Rencontre-Festival-2e-roman-2020-Olivier-Rogez-Portrait-1024x1536.jpg 1024w, https:\/\/colophon-grignan.fr\/wp-content\/uploads\/2019\/12\/Rencontre-Festival-2e-roman-2020-Olivier-Rogez-Portrait-1365x2048.jpg 1365w\" sizes=\"auto, (max-width: 131px) 100vw, 131px\" \/> <strong>OLIVIER ROGEZ<\/strong><\/p>\n<p><\/p>\n<p><strong>13 NOVEMBRE 2020 : 15h30 <\/strong>D\u00e9lib\u00e9ration du jury de s\u00e9lection sous la pr\u00e9sidence de <strong>SANDRINE COLLETTE <\/strong><img loading=\"lazy\" decoding=\"async\" src=\"https:\/\/colophon-grignan.fr\/wp-content\/uploads\/2019\/12\/Rencontre-Grignan-Sandrine-Collette-Portrait-214x300.jpg\" alt=\"\" class=\" wp-image-3666\" scale=\"0\" width=\"118\" height=\"165\" srcset=\"https:\/\/colophon-grignan.fr\/wp-content\/uploads\/2019\/12\/Rencontre-Grignan-Sandrine-Collette-Portrait-214x300.jpg 214w, https:\/\/colophon-grignan.fr\/wp-content\/uploads\/2019\/12\/Rencontre-Grignan-Sandrine-Collette-Portrait-600x840.jpg 600w, https:\/\/colophon-grignan.fr\/wp-content\/uploads\/2019\/12\/Rencontre-Grignan-Sandrine-Collette-Portrait-scaled.jpg 731w, https:\/\/colophon-grignan.fr\/wp-content\/uploads\/2019\/12\/Rencontre-Grignan-Sandrine-Collette-Portrait-107x150.jpg 107w, https:\/\/colophon-grignan.fr\/wp-content\/uploads\/2019\/12\/Rencontre-Grignan-Sandrine-Collette-Portrait-768x1075.jpg 768w, https:\/\/colophon-grignan.fr\/wp-content\/uploads\/2019\/12\/Rencontre-Grignan-Sandrine-Collette-Portrait-1097x1536.jpg 1097w, https:\/\/colophon-grignan.fr\/wp-content\/uploads\/2019\/12\/Rencontre-Grignan-Sandrine-Collette-Portrait-1463x2048.jpg 1463w\" sizes=\"auto, (max-width: 118px) 100vw, 118px\" \/><\/p>\n<p><strong><img loading=\"lazy\" decoding=\"async\" src=\"https:\/\/colophon-grignan.fr\/wp-content\/uploads\/2020\/09\/depliant2eromannovembre20202-1-300x72.jpg\" alt=\"\" class=\"alignnone size-medium wp-image-4296\" width=\"300\" height=\"72\" srcset=\"https:\/\/colophon-grignan.fr\/wp-content\/uploads\/2020\/09\/depliant2eromannovembre20202-1-300x72.jpg 300w, https:\/\/colophon-grignan.fr\/wp-content\/uploads\/2020\/09\/depliant2eromannovembre20202-1-600x145.jpg 600w, https:\/\/colophon-grignan.fr\/wp-content\/uploads\/2020\/09\/depliant2eromannovembre20202-1-scaled.jpg 1024w, https:\/\/colophon-grignan.fr\/wp-content\/uploads\/2020\/09\/depliant2eromannovembre20202-1-150x36.jpg 150w, https:\/\/colophon-grignan.fr\/wp-content\/uploads\/2020\/09\/depliant2eromannovembre20202-1-768x185.jpg 768w, https:\/\/colophon-grignan.fr\/wp-content\/uploads\/2020\/09\/depliant2eromannovembre20202-1-1536x371.jpg 1536w, https:\/\/colophon-grignan.fr\/wp-content\/uploads\/2020\/09\/depliant2eromannovembre20202-1-2048x494.jpg 2048w\" sizes=\"auto, (max-width: 300px) 100vw, 300px\" \/><\/strong><strong><img loading=\"lazy\" decoding=\"async\" src=\"https:\/\/colophon-grignan.fr\/wp-content\/uploads\/2020\/09\/depliant2eromannovembre2020-4-300x72.jpg\" alt=\"\" class=\"alignnone size-medium wp-image-4297\" width=\"300\" height=\"72\" srcset=\"https:\/\/colophon-grignan.fr\/wp-content\/uploads\/2020\/09\/depliant2eromannovembre2020-4-300x72.jpg 300w, https:\/\/colophon-grignan.fr\/wp-content\/uploads\/2020\/09\/depliant2eromannovembre2020-4-600x145.jpg 600w, https:\/\/colophon-grignan.fr\/wp-content\/uploads\/2020\/09\/depliant2eromannovembre2020-4-scaled.jpg 1024w, https:\/\/colophon-grignan.fr\/wp-content\/uploads\/2020\/09\/depliant2eromannovembre2020-4-150x36.jpg 150w, https:\/\/colophon-grignan.fr\/wp-content\/uploads\/2020\/09\/depliant2eromannovembre2020-4-768x185.jpg 768w, https:\/\/colophon-grignan.fr\/wp-content\/uploads\/2020\/09\/depliant2eromannovembre2020-4-1536x371.jpg 1536w, https:\/\/colophon-grignan.fr\/wp-content\/uploads\/2020\/09\/depliant2eromannovembre2020-4-2048x494.jpg 2048w\" sizes=\"auto, (max-width: 300px) 100vw, 300px\" \/><\/strong><\/p>\n<p><\/p>","protected":false},"excerpt":{"rendered":"<p>2003 : cr\u00e9ation des Rencontres du IIe titre2009 : cr\u00e9ation du prix Rencontres du IIe titreJuillet 2017 : cr\u00e9ation du Festival du 2e roman Grignan FESTIVAL ANNULE EN MAI ET EN NOVEMBRE CONFINEMENT COVID Le comit\u00e9 de lecture a lu 25 livres NOUVEAUTE La 18e \u00e9dition du Festival du 2e [&hellip;]<\/p>\n","protected":false},"author":6,"featured_media":0,"parent":0,"menu_order":0,"comment_status":"closed","ping_status":"closed","template":"","meta":{"footnotes":""},"class_list":["post-4382","page","type-page","status-publish","hentry"],"yoast_head":"<!-- This site is optimized with the Yoast SEO plugin v27.3 - https:\/\/yoast.com\/product\/yoast-seo-wordpress\/ -->\n<title>2e roman 2020 - Colophon, Maison de l&#039;Imprimeur<\/title>\n<meta name=\"robots\" content=\"index, follow, max-snippet:-1, max-image-preview:large, max-video-preview:-1\" \/>\n<link rel=\"canonical\" href=\"https:\/\/colophon-grignan.fr\/index.php\/2e-roman-2020\/\" \/>\n<meta property=\"og:locale\" content=\"fr_FR\" \/>\n<meta property=\"og:type\" content=\"article\" \/>\n<meta property=\"og:title\" content=\"2e roman 2020 - Colophon, Maison de l&#039;Imprimeur\" \/>\n<meta property=\"og:description\" content=\"2003 : cr\u00e9ation des Rencontres du IIe titre2009 : cr\u00e9ation du prix Rencontres du IIe titreJuillet 2017 : cr\u00e9ation du Festival du 2e roman Grignan FESTIVAL ANNULE EN MAI ET EN NOVEMBRE CONFINEMENT COVID Le comit\u00e9 de lecture a lu 25 livres NOUVEAUTE La 18e \u00e9dition du Festival du 2e [&hellip;]\" \/>\n<meta property=\"og:url\" content=\"https:\/\/colophon-grignan.fr\/index.php\/2e-roman-2020\/\" \/>\n<meta property=\"og:site_name\" content=\"Colophon, Maison de l&#039;Imprimeur\" \/>\n<meta property=\"article:publisher\" content=\"https:\/\/www.facebook.com\/colophongrignan\" \/>\n<meta property=\"article:modified_time\" content=\"2023-07-16T11:06:57+00:00\" \/>\n<meta property=\"og:image\" content=\"https:\/\/colophon-grignan.fr\/wp-content\/uploads\/2019\/08\/2e-roman-2020-visuel-148x150.jpg\" \/>\n<meta name=\"twitter:card\" content=\"summary_large_image\" \/>\n<meta name=\"twitter:label1\" content=\"Dur\u00e9e de lecture estim\u00e9e\" \/>\n\t<meta name=\"twitter:data1\" content=\"4 minutes\" \/>\n<script type=\"application\/ld+json\" class=\"yoast-schema-graph\">{\"@context\":\"https:\\\/\\\/schema.org\",\"@graph\":[{\"@type\":\"WebPage\",\"@id\":\"https:\\\/\\\/colophon-grignan.fr\\\/index.php\\\/2e-roman-2020\\\/\",\"url\":\"https:\\\/\\\/colophon-grignan.fr\\\/index.php\\\/2e-roman-2020\\\/\",\"name\":\"2e roman 2020 - Colophon, Maison de l&#039;Imprimeur\",\"isPartOf\":{\"@id\":\"https:\\\/\\\/colophon-grignan.fr\\\/#website\"},\"primaryImageOfPage\":{\"@id\":\"https:\\\/\\\/colophon-grignan.fr\\\/index.php\\\/2e-roman-2020\\\/#primaryimage\"},\"image\":{\"@id\":\"https:\\\/\\\/colophon-grignan.fr\\\/index.php\\\/2e-roman-2020\\\/#primaryimage\"},\"thumbnailUrl\":\"https:\\\/\\\/colophon-grignan.fr\\\/wp-content\\\/uploads\\\/2019\\\/08\\\/2e-roman-2020-visuel-148x150.jpg\",\"datePublished\":\"2020-11-27T16:02:01+00:00\",\"dateModified\":\"2023-07-16T11:06:57+00:00\",\"breadcrumb\":{\"@id\":\"https:\\\/\\\/colophon-grignan.fr\\\/index.php\\\/2e-roman-2020\\\/#breadcrumb\"},\"inLanguage\":\"fr-FR\",\"potentialAction\":[{\"@type\":\"ReadAction\",\"target\":[\"https:\\\/\\\/colophon-grignan.fr\\\/index.php\\\/2e-roman-2020\\\/\"]}]},{\"@type\":\"ImageObject\",\"inLanguage\":\"fr-FR\",\"@id\":\"https:\\\/\\\/colophon-grignan.fr\\\/index.php\\\/2e-roman-2020\\\/#primaryimage\",\"url\":\"https:\\\/\\\/colophon-grignan.fr\\\/wp-content\\\/uploads\\\/2019\\\/08\\\/2e-roman-2020-visuel.jpg\",\"contentUrl\":\"https:\\\/\\\/colophon-grignan.fr\\\/wp-content\\\/uploads\\\/2019\\\/08\\\/2e-roman-2020-visuel.jpg\",\"width\":492,\"height\":500},{\"@type\":\"BreadcrumbList\",\"@id\":\"https:\\\/\\\/colophon-grignan.fr\\\/index.php\\\/2e-roman-2020\\\/#breadcrumb\",\"itemListElement\":[{\"@type\":\"ListItem\",\"position\":1,\"name\":\"Accueil\",\"item\":\"https:\\\/\\\/colophon-grignan.fr\\\/\"},{\"@type\":\"ListItem\",\"position\":2,\"name\":\"2e roman 2020\"}]},{\"@type\":\"WebSite\",\"@id\":\"https:\\\/\\\/colophon-grignan.fr\\\/#website\",\"url\":\"https:\\\/\\\/colophon-grignan.fr\\\/\",\"name\":\"Colophon - Maison de l&#039;Imprimeur\",\"description\":\"Atelier-Mus\u00e9e &amp; Librairie\",\"publisher\":{\"@id\":\"https:\\\/\\\/colophon-grignan.fr\\\/#organization\"},\"potentialAction\":[{\"@type\":\"SearchAction\",\"target\":{\"@type\":\"EntryPoint\",\"urlTemplate\":\"https:\\\/\\\/colophon-grignan.fr\\\/?s={search_term_string}\"},\"query-input\":{\"@type\":\"PropertyValueSpecification\",\"valueRequired\":true,\"valueName\":\"search_term_string\"}}],\"inLanguage\":\"fr-FR\"},{\"@type\":\"Organization\",\"@id\":\"https:\\\/\\\/colophon-grignan.fr\\\/#organization\",\"name\":\"Colophon - Maison de l'Imprimeur\",\"url\":\"https:\\\/\\\/colophon-grignan.fr\\\/\",\"logo\":{\"@type\":\"ImageObject\",\"inLanguage\":\"fr-FR\",\"@id\":\"https:\\\/\\\/colophon-grignan.fr\\\/#\\\/schema\\\/logo\\\/image\\\/\",\"url\":\"https:\\\/\\\/i0.wp.com\\\/colophon-grignan.fr\\\/wp-content\\\/uploads\\\/2016\\\/12\\\/GRAND-CHAT.gif?fit=474%2C618&ssl=1\",\"contentUrl\":\"https:\\\/\\\/i0.wp.com\\\/colophon-grignan.fr\\\/wp-content\\\/uploads\\\/2016\\\/12\\\/GRAND-CHAT.gif?fit=474%2C618&ssl=1\",\"width\":474,\"height\":618,\"caption\":\"Colophon - Maison de l'Imprimeur\"},\"image\":{\"@id\":\"https:\\\/\\\/colophon-grignan.fr\\\/#\\\/schema\\\/logo\\\/image\\\/\"},\"sameAs\":[\"https:\\\/\\\/www.facebook.com\\\/colophongrignan\",\"https:\\\/\\\/www.pinterest.fr\\\/colophongrignan\\\/\",\"https:\\\/\\\/www.instagram.com\\\/colophon_grignan\\\/\"]}]}<\/script>\n<!-- \/ Yoast SEO plugin. -->","yoast_head_json":{"title":"2e roman 2020 - Colophon, Maison de l&#039;Imprimeur","robots":{"index":"index","follow":"follow","max-snippet":"max-snippet:-1","max-image-preview":"max-image-preview:large","max-video-preview":"max-video-preview:-1"},"canonical":"https:\/\/colophon-grignan.fr\/index.php\/2e-roman-2020\/","og_locale":"fr_FR","og_type":"article","og_title":"2e roman 2020 - Colophon, Maison de l&#039;Imprimeur","og_description":"2003 : cr\u00e9ation des Rencontres du IIe titre2009 : cr\u00e9ation du prix Rencontres du IIe titreJuillet 2017 : cr\u00e9ation du Festival du 2e roman Grignan FESTIVAL ANNULE EN MAI ET EN NOVEMBRE CONFINEMENT COVID Le comit\u00e9 de lecture a lu 25 livres NOUVEAUTE La 18e \u00e9dition du Festival du 2e [&hellip;]","og_url":"https:\/\/colophon-grignan.fr\/index.php\/2e-roman-2020\/","og_site_name":"Colophon, Maison de l&#039;Imprimeur","article_publisher":"https:\/\/www.facebook.com\/colophongrignan","article_modified_time":"2023-07-16T11:06:57+00:00","og_image":[{"url":"https:\/\/colophon-grignan.fr\/wp-content\/uploads\/2019\/08\/2e-roman-2020-visuel-148x150.jpg","type":"","width":"","height":""}],"twitter_card":"summary_large_image","twitter_misc":{"Dur\u00e9e de lecture estim\u00e9e":"4 minutes"},"schema":{"@context":"https:\/\/schema.org","@graph":[{"@type":"WebPage","@id":"https:\/\/colophon-grignan.fr\/index.php\/2e-roman-2020\/","url":"https:\/\/colophon-grignan.fr\/index.php\/2e-roman-2020\/","name":"2e roman 2020 - Colophon, Maison de l&#039;Imprimeur","isPartOf":{"@id":"https:\/\/colophon-grignan.fr\/#website"},"primaryImageOfPage":{"@id":"https:\/\/colophon-grignan.fr\/index.php\/2e-roman-2020\/#primaryimage"},"image":{"@id":"https:\/\/colophon-grignan.fr\/index.php\/2e-roman-2020\/#primaryimage"},"thumbnailUrl":"https:\/\/colophon-grignan.fr\/wp-content\/uploads\/2019\/08\/2e-roman-2020-visuel-148x150.jpg","datePublished":"2020-11-27T16:02:01+00:00","dateModified":"2023-07-16T11:06:57+00:00","breadcrumb":{"@id":"https:\/\/colophon-grignan.fr\/index.php\/2e-roman-2020\/#breadcrumb"},"inLanguage":"fr-FR","potentialAction":[{"@type":"ReadAction","target":["https:\/\/colophon-grignan.fr\/index.php\/2e-roman-2020\/"]}]},{"@type":"ImageObject","inLanguage":"fr-FR","@id":"https:\/\/colophon-grignan.fr\/index.php\/2e-roman-2020\/#primaryimage","url":"https:\/\/colophon-grignan.fr\/wp-content\/uploads\/2019\/08\/2e-roman-2020-visuel.jpg","contentUrl":"https:\/\/colophon-grignan.fr\/wp-content\/uploads\/2019\/08\/2e-roman-2020-visuel.jpg","width":492,"height":500},{"@type":"BreadcrumbList","@id":"https:\/\/colophon-grignan.fr\/index.php\/2e-roman-2020\/#breadcrumb","itemListElement":[{"@type":"ListItem","position":1,"name":"Accueil","item":"https:\/\/colophon-grignan.fr\/"},{"@type":"ListItem","position":2,"name":"2e roman 2020"}]},{"@type":"WebSite","@id":"https:\/\/colophon-grignan.fr\/#website","url":"https:\/\/colophon-grignan.fr\/","name":"Colophon - Maison de l&#039;Imprimeur","description":"Atelier-Mus\u00e9e &amp; Librairie","publisher":{"@id":"https:\/\/colophon-grignan.fr\/#organization"},"potentialAction":[{"@type":"SearchAction","target":{"@type":"EntryPoint","urlTemplate":"https:\/\/colophon-grignan.fr\/?s={search_term_string}"},"query-input":{"@type":"PropertyValueSpecification","valueRequired":true,"valueName":"search_term_string"}}],"inLanguage":"fr-FR"},{"@type":"Organization","@id":"https:\/\/colophon-grignan.fr\/#organization","name":"Colophon - Maison de l'Imprimeur","url":"https:\/\/colophon-grignan.fr\/","logo":{"@type":"ImageObject","inLanguage":"fr-FR","@id":"https:\/\/colophon-grignan.fr\/#\/schema\/logo\/image\/","url":"https:\/\/i0.wp.com\/colophon-grignan.fr\/wp-content\/uploads\/2016\/12\/GRAND-CHAT.gif?fit=474%2C618&ssl=1","contentUrl":"https:\/\/i0.wp.com\/colophon-grignan.fr\/wp-content\/uploads\/2016\/12\/GRAND-CHAT.gif?fit=474%2C618&ssl=1","width":474,"height":618,"caption":"Colophon - Maison de l'Imprimeur"},"image":{"@id":"https:\/\/colophon-grignan.fr\/#\/schema\/logo\/image\/"},"sameAs":["https:\/\/www.facebook.com\/colophongrignan","https:\/\/www.pinterest.fr\/colophongrignan\/","https:\/\/www.instagram.com\/colophon_grignan\/"]}]}},"_links":{"self":[{"href":"https:\/\/colophon-grignan.fr\/index.php\/wp-json\/wp\/v2\/pages\/4382","targetHints":{"allow":["GET"]}}],"collection":[{"href":"https:\/\/colophon-grignan.fr\/index.php\/wp-json\/wp\/v2\/pages"}],"about":[{"href":"https:\/\/colophon-grignan.fr\/index.php\/wp-json\/wp\/v2\/types\/page"}],"author":[{"embeddable":true,"href":"https:\/\/colophon-grignan.fr\/index.php\/wp-json\/wp\/v2\/users\/6"}],"replies":[{"embeddable":true,"href":"https:\/\/colophon-grignan.fr\/index.php\/wp-json\/wp\/v2\/comments?post=4382"}],"version-history":[{"count":4,"href":"https:\/\/colophon-grignan.fr\/index.php\/wp-json\/wp\/v2\/pages\/4382\/revisions"}],"predecessor-version":[{"id":5522,"href":"https:\/\/colophon-grignan.fr\/index.php\/wp-json\/wp\/v2\/pages\/4382\/revisions\/5522"}],"wp:attachment":[{"href":"https:\/\/colophon-grignan.fr\/index.php\/wp-json\/wp\/v2\/media?parent=4382"}],"curies":[{"name":"wp","href":"https:\/\/api.w.org\/{rel}","templated":true}]}}