{"id":4724,"date":"2021-07-24T16:02:34","date_gmt":"2021-07-24T14:02:34","guid":{"rendered":"https:\/\/colophon-grignan.fr\/?page_id=4724"},"modified":"2021-12-13T14:47:15","modified_gmt":"2021-12-13T13:47:15","slug":"archives-2021","status":"publish","type":"page","link":"https:\/\/colophon-grignan.fr\/index.php\/archives-2021\/","title":{"rendered":"Archives 2021"},"content":{"rendered":"\n<p>Rencontres litt\u00e9raires 2021<br>F\u00e9vrier<br><img loading=\"lazy\" decoding=\"async\" src=\"https:\/\/colophon-grignan.fr\/wp-content\/uploads\/2020\/10\/Rencontre-litt.-Magyd-Cherfi-2021-Couverture-159x300.jpg\" alt=\"\" width=\"92\" height=\"174\"><img loading=\"lazy\" decoding=\"async\" src=\"https:\/\/colophon-grignan.fr\/wp-content\/uploads\/2020\/10\/Rencontre-litt.-Magyd-Cherfi-2021-Portrait.jpg\" alt=\"\" width=\"126\" height=\"172\"><strong> RENCONTRE LITTERAIRE ANNULEE<br>SAMEDI 20 FEVRIER \u00e0 18h30<br><\/strong>en pr\u00e9sence de <strong>MAGYD CHERFI <em>La part du sarrasin<br><\/em><\/strong>Editions Actes Sud<br>Anim\u00e9e par <strong>Chantal Bonnemaison<\/strong><\/p>\n\n\n\n<p><strong><\/strong><img loading=\"lazy\" decoding=\"async\" src=\"https:\/\/colophon-grignan.fr\/wp-content\/uploads\/2020\/06\/Rencontre-Grignan-2020-Ga\u00eblle-Nohant-Portrait-300x300.jpg\" alt=\"\" width=\"135\" height=\"135\"><strong> RENCONTRE LITTERAIRE ANNULEE<br>SAMEDI 27 FEVRIER 2021<br><\/strong>en pr\u00e9sence de <strong>GAELLE NOHANT <em>La femme r\u00e9v\u00e9l\u00e9e<br><\/em><\/strong>Editions Grasset<\/p>\n\n\n\n<p>Mars-JUIN<br><img loading=\"lazy\" decoding=\"async\" src=\"https:\/\/colophon-grignan.fr\/wp-content\/uploads\/2020\/10\/Rencontre-Grignan-Serge-Joncour-2021-Couverture.jpg\" alt=\"\" width=\"91\" height=\"142\"><img loading=\"lazy\" decoding=\"async\" src=\"https:\/\/colophon-grignan.fr\/wp-content\/uploads\/2020\/10\/Rencontre-Grignan-Serge-Joncour-2021-Portrait-300x245.jpg\" alt=\"\" width=\"172\" height=\"141\"><strong>RENCONTRE LITTERAIRE ANNULEE REPORTEE LE SAMEDI 26 JUIN \u00e0 18h30<br>SAMEDI 13 MARS \u00e0 18h30<br><\/strong>en pr\u00e9sence de <strong>SERGE JONCOUR <em>NATURE HUMAINE<br><\/em><\/strong>Editions Flammarion PRIX FEMINA 2020<br>Anim\u00e9e par <strong>Bruno Mabille<\/strong><\/p>\n\n\n\n<p><img loading=\"lazy\" decoding=\"async\" src=\"https:\/\/colophon-grignan.fr\/wp-content\/uploads\/2020\/10\/Rencontre-Grignan-2021-Emmanuel-Ruben-Couverture-188x300.jpg\" alt=\"\" width=\"87\" height=\"139\"><img loading=\"lazy\" decoding=\"async\" src=\"https:\/\/colophon-grignan.fr\/wp-content\/uploads\/2020\/10\/Rencontre-Grignan-2021-Emmanuel-Ruben-Portrait-225x300.jpg\" alt=\"\" width=\"104\" height=\"139\"> <strong>RENCONTRE LITTERAIRE&nbsp;ANNULEE<br>SAMEDI&nbsp; 27 MARS \u00e0 18h30<br><\/strong>en pr\u00e9sence de&nbsp;<strong>EMMANEUL RUBEN<\/strong><strong> <em>Sabre<br><\/em><\/strong>Editions Stock<br>Anim\u00e9e par <strong>Denis Bruyant<\/strong><\/p>\n\n\n\n<p>Avril<br><img loading=\"lazy\" decoding=\"async\" src=\"https:\/\/colophon-grignan.fr\/wp-content\/uploads\/2020\/10\/rencontre-grignan-carole-martinez-couverture.jpg\" alt=\"\" width=\"103\" height=\"151\"><img loading=\"lazy\" decoding=\"async\" src=\"https:\/\/colophon-grignan.fr\/wp-content\/uploads\/2020\/10\/rencontre-grignan-carole-martinez-portrait.jpg\" alt=\"\" width=\"105\" height=\"142\"><strong> RENCONTRE LITTERAIRE<br>SAMEDI 17 AVRIL \u00e0 18h30 ANNULEE REPORTEE LE MARDI 25 MAI \u00e0 18h30 INSCRIPTION AU 04 75 46 57 16<br><\/strong>en pr\u00e9sence de<strong> CAROLE MARTINEZ <em>Les roses fauves<br><\/em><\/strong>Editions GallimardAnim\u00e9e par <strong>Bruno Mabille<br>Et \u00e0 15h30 Festival du 2e roman Grignan &#8211; d\u00e9lib\u00e9rations du jury de s\u00e9lection sous la pr\u00e9sidence de Carole Martinez<\/strong><\/p>\n\n\n\n<p>Mai<br><img loading=\"lazy\" decoding=\"async\" src=\"https:\/\/colophon-grignan.fr\/wp-content\/uploads\/2020\/11\/Visuel-2e-roman-2021-bandeau-1-296x300.jpg\" alt=\"\" width=\"128\" height=\"130\"> <strong>F<\/strong>ESTIVAL DU 2e ROMAN GRIGNAN 2021<br>Programmation sur la page Festival du 2e roman Grignan<\/p>\n\n\n\n<p>Juin<br><img loading=\"lazy\" decoding=\"async\" src=\"https:\/\/colophon-grignan.fr\/wp-content\/uploads\/2021\/01\/2021-Rencontres-litteraires-Thomas-Flahaut-Couverture-205x300.jpg\" alt=\"\" width=\"76\" height=\"111\"><img loading=\"lazy\" decoding=\"async\" src=\"https:\/\/colophon-grignan.fr\/wp-content\/uploads\/2021\/01\/2021-Rencontres-litteraires-Thomas-Flahaut-c-Patrice-Normand-Portrait-300x300.jpg\" alt=\"\" width=\"133\" height=\"133\"> <strong>RENCONTRE LITTERAIRE<br>SAMEDI 12 JUIN \u00e0 18h30<br><\/strong>en pr\u00e9sence de <strong>THOMAS FLAHAUT <em>LES NUITS D&rsquo;ETE<br><\/em><\/strong>Editions L&rsquo;OLIVIER<br>Anim\u00e9e par <strong>Jean-Claude Coulmier<\/strong><\/p>\n\n\n\n<p><\/p>\n\n\n\n<p>Juillet<br><img loading=\"lazy\" decoding=\"async\" src=\"https:\/\/colophon-grignan.fr\/wp-content\/uploads\/2021\/01\/Rencontres-2021-Herve-Le-Tellier-Couverture.jpg\" alt=\"\" width=\"97\" height=\"142\"><img loading=\"lazy\" decoding=\"async\" src=\"https:\/\/colophon-grignan.fr\/wp-content\/uploads\/2021\/01\/Rencontres-2021-Herve-Le-Tellier-Photo-Francesca-Mantovani-c-Editions-Gallimard-7898-200x300.jpg\" alt=\"\" width=\"93\" height=\"140\"> <strong>RENCONTRE LITTERAIRE<br>DIMANCHE 25 JUILLET \u00e0 18h30<br><\/strong>en pr\u00e9sence de<strong> HERVE LE TELLIER <em>L&rsquo;anomalie<br><\/em><\/strong>Editions Gallimard<strong><br><\/strong>Anim\u00e9e par <strong>Denis Bruyant<\/strong><\/p>\n\n\n\n<p>Ao\u00fbt<br><img loading=\"lazy\" decoding=\"async\" src=\"https:\/\/colophon-grignan.fr\/wp-content\/uploads\/2021\/01\/Rencontre-2021-Sandrine-Collette-Couverture-186x300.jpg\" alt=\"\" width=\"95\" height=\"154\"><img loading=\"lazy\" decoding=\"async\" src=\"https:\/\/colophon-grignan.fr\/wp-content\/uploads\/2021\/01\/Rencontre-2021-Sandrine-Collette-Portrait-214x300.jpg\" alt=\"\" width=\"108\" height=\"151\"> <strong>RENCONTRE LITTERAIRE<br>DIMANCHE 8 AOUT \u00e0 18h30<br><\/strong>en pr\u00e9sence de <strong>SANDRINE COLLETTE <em>CES ORAGES-LA<br><\/em><\/strong>Editions J.C. Latt\u00e8s<br>Anim\u00e9e par <strong>Chantal Bonnemaison<\/strong><\/p>\n\n\n\n<figure class=\"wp-block-image is-resized\"><img loading=\"lazy\" decoding=\"async\" src=\"https:\/\/colophon-grignan.fr\/wp-content\/uploads\/2021\/06\/Rencontres-2021-Couverture-livre-ROQUESdominique_1120PM-19bandeau-203x300.jpg\" alt=\"\" class=\"wp-image-4594\" width=\"137\" height=\"202\" srcset=\"https:\/\/colophon-grignan.fr\/wp-content\/uploads\/2021\/06\/Rencontres-2021-Couverture-livre-ROQUESdominique_1120PM-19bandeau-203x300.jpg 203w, https:\/\/colophon-grignan.fr\/wp-content\/uploads\/2021\/06\/Rencontres-2021-Couverture-livre-ROQUESdominique_1120PM-19bandeau-600x886.jpg 600w, https:\/\/colophon-grignan.fr\/wp-content\/uploads\/2021\/06\/Rencontres-2021-Couverture-livre-ROQUESdominique_1120PM-19bandeau-scaled.jpg 693w, https:\/\/colophon-grignan.fr\/wp-content\/uploads\/2021\/06\/Rencontres-2021-Couverture-livre-ROQUESdominique_1120PM-19bandeau-102x150.jpg 102w, https:\/\/colophon-grignan.fr\/wp-content\/uploads\/2021\/06\/Rencontres-2021-Couverture-livre-ROQUESdominique_1120PM-19bandeau-768x1134.jpg 768w, https:\/\/colophon-grignan.fr\/wp-content\/uploads\/2021\/06\/Rencontres-2021-Couverture-livre-ROQUESdominique_1120PM-19bandeau-1040x1536.jpg 1040w, https:\/\/colophon-grignan.fr\/wp-content\/uploads\/2021\/06\/Rencontres-2021-Couverture-livre-ROQUESdominique_1120PM-19bandeau-1386x2048.jpg 1386w\" sizes=\"auto, (max-width: 137px) 100vw, 137px\" \/><\/figure>\n\n\n\n<p><strong>RENCONTRE LITTERAIRE <\/strong><strong>DIMANCHE 22 AOUT \u00e0 18h30<\/strong><br>en pr\u00e9sence de&nbsp;<strong>DOMINIQUE ROQUES<\/strong><strong><em>CUEILLEUR D&rsquo;ESSENCES <\/em><\/strong>Editions Grasset&nbsp;&nbsp;&nbsp;&nbsp;&nbsp;<br>Anim\u00e9e par&nbsp; <strong>Chantal Bonnemaison<\/strong><\/p>\n\n\n\n<figure class=\"wp-block-image is-resized\"><img loading=\"lazy\" decoding=\"async\" src=\"https:\/\/colophon-grignan.fr\/wp-content\/uploads\/2021\/06\/Rencontres-2021-Portrait-ROQUESdominique_1120PM-19bandeau-214x300.jpg\" alt=\"\" class=\"wp-image-4595\" width=\"134\" height=\"188\" srcset=\"https:\/\/colophon-grignan.fr\/wp-content\/uploads\/2021\/06\/Rencontres-2021-Portrait-ROQUESdominique_1120PM-19bandeau-214x300.jpg 214w, https:\/\/colophon-grignan.fr\/wp-content\/uploads\/2021\/06\/Rencontres-2021-Portrait-ROQUESdominique_1120PM-19bandeau-600x840.jpg 600w, https:\/\/colophon-grignan.fr\/wp-content\/uploads\/2021\/06\/Rencontres-2021-Portrait-ROQUESdominique_1120PM-19bandeau-scaled.jpg 731w, https:\/\/colophon-grignan.fr\/wp-content\/uploads\/2021\/06\/Rencontres-2021-Portrait-ROQUESdominique_1120PM-19bandeau-107x150.jpg 107w, https:\/\/colophon-grignan.fr\/wp-content\/uploads\/2021\/06\/Rencontres-2021-Portrait-ROQUESdominique_1120PM-19bandeau-768x1075.jpg 768w, https:\/\/colophon-grignan.fr\/wp-content\/uploads\/2021\/06\/Rencontres-2021-Portrait-ROQUESdominique_1120PM-19bandeau-1097x1536.jpg 1097w, https:\/\/colophon-grignan.fr\/wp-content\/uploads\/2021\/06\/Rencontres-2021-Portrait-ROQUESdominique_1120PM-19bandeau-1463x2048.jpg 1463w\" sizes=\"auto, (max-width: 134px) 100vw, 134px\" \/><\/figure>\n\n\n\n<figure class=\"wp-block-image size-large is-resized\"><img loading=\"lazy\" decoding=\"async\" src=\"https:\/\/colophon-grignan.fr\/wp-content\/uploads\/2021\/07\/2021-Rencontre-Claudie-Gallay-Couverture.jpg\" alt=\"\" class=\"wp-image-4736\" width=\"135\" height=\"224\" srcset=\"https:\/\/colophon-grignan.fr\/wp-content\/uploads\/2021\/07\/2021-Rencontre-Claudie-Gallay-Couverture.jpg 195w, https:\/\/colophon-grignan.fr\/wp-content\/uploads\/2021\/07\/2021-Rencontre-Claudie-Gallay-Couverture-181x300.jpg 181w, https:\/\/colophon-grignan.fr\/wp-content\/uploads\/2021\/07\/2021-Rencontre-Claudie-Gallay-Couverture-91x150.jpg 91w\" sizes=\"auto, (max-width: 135px) 100vw, 135px\" \/><figcaption>RENCONTRE EN PRESENCE DE <strong>CLAUDIE GALLAY LE SAMEDI 4 SEPTEMBRE A 18h30 <\/strong><br>ANIMEE PAR DENIS BRUYANT<\/figcaption><\/figure>\n\n\n\n<figure class=\"wp-block-image is-resized\"><img loading=\"lazy\" decoding=\"async\" src=\"https:\/\/colophon-grignan.fr\/wp-content\/uploads\/2021\/08\/affichecollapsologie-small-724x1024.jpg\" alt=\"L\u2019attribut alt de cette image est vide, son nom de fichier est affichecollapsologie-small-724x1024.jpg.\" width=\"132\" height=\"186\"\/><\/figure>\n\n\n\n<p><\/p>\n\n\n\n<p><\/p>\n\n\n\n<figure class=\"wp-block-image is-resized\"><img loading=\"lazy\" decoding=\"async\" src=\"https:\/\/colophon-grignan.fr\/wp-content\/uploads\/2021\/07\/Rencontre-2021-Philippe-Gerin-Couverture.jpg\" alt=\"L\u2019attribut alt de cette image est vide, son nom de fichier est Rencontre-2021-Philippe-Gerin-Couverture.jpg.\" width=\"142\" height=\"223\"\/><\/figure>\n\n\n\n<p>RENCONTRE EN PRESENCE DE <strong>PHILIPPE GERIN LE SAMEDI 16 OCTOBRE A 18h30<br><\/strong>ANIMEE PAR CHANTAL BONNEMAISON<\/p>\n\n\n\n<figure class=\"wp-block-image is-resized\"><img loading=\"lazy\" decoding=\"async\" src=\"https:\/\/colophon-grignan.fr\/wp-content\/uploads\/2021\/07\/2021-Rencontre-Andre-Bucher-Couverture.jpg\" alt=\"L\u2019attribut alt de cette image est vide, son nom de fichier est 2021-Rencontre-Andre-Bucher-Couverture.jpg.\" width=\"142\" height=\"201\"\/><figcaption> RENCONTRE EN PRESENCE DE <strong>ANDRE BUCHER LE SAMEDI 6 NOVEMBRE A 18h30<\/strong><br>ANIMEE PAR ESTELLE VIGNE <\/figcaption><\/figure>\n\n\n\n<figure class=\"wp-block-image size-large is-resized\"><img loading=\"lazy\" decoding=\"async\" src=\"https:\/\/colophon-grignan.fr\/wp-content\/uploads\/2021\/07\/Rencontre-2021-T.B.-Reverdy-Couverture-658x1024.jpg\" alt=\"\" class=\"wp-image-4731\" width=\"141\" height=\"219\" srcset=\"https:\/\/colophon-grignan.fr\/wp-content\/uploads\/2021\/07\/Rencontre-2021-T.B.-Reverdy-Couverture-scaled.jpg 658w, https:\/\/colophon-grignan.fr\/wp-content\/uploads\/2021\/07\/Rencontre-2021-T.B.-Reverdy-Couverture-600x934.jpg 600w, https:\/\/colophon-grignan.fr\/wp-content\/uploads\/2021\/07\/Rencontre-2021-T.B.-Reverdy-Couverture-193x300.jpg 193w, https:\/\/colophon-grignan.fr\/wp-content\/uploads\/2021\/07\/Rencontre-2021-T.B.-Reverdy-Couverture-96x150.jpg 96w, https:\/\/colophon-grignan.fr\/wp-content\/uploads\/2021\/07\/Rencontre-2021-T.B.-Reverdy-Couverture-768x1195.jpg 768w\" sizes=\"auto, (max-width: 141px) 100vw, 141px\" \/><figcaption>RENCONTRE EN PRESENCE DE <strong>THOMAS B. REVERDY LE SAMEDI 4 DECEMBRE A 18h30<\/strong><br>ANIMEE PAR BRUNO MABILLE<\/figcaption><\/figure>\n\n\n\n<figure class=\"wp-block-image size-large is-resized\"><img loading=\"lazy\" decoding=\"async\" src=\"https:\/\/colophon-grignan.fr\/wp-content\/uploads\/2021\/10\/Rencontres-2021-Bruno-Couverture-1-813x1024.jpeg\" alt=\"\" class=\"wp-image-4813\" width=\"139\" height=\"175\" srcset=\"https:\/\/colophon-grignan.fr\/wp-content\/uploads\/2021\/10\/Rencontres-2021-Bruno-Couverture-1-scaled.jpeg 813w, https:\/\/colophon-grignan.fr\/wp-content\/uploads\/2021\/10\/Rencontres-2021-Bruno-Couverture-1-600x755.jpeg 600w, https:\/\/colophon-grignan.fr\/wp-content\/uploads\/2021\/10\/Rencontres-2021-Bruno-Couverture-1-238x300.jpeg 238w, https:\/\/colophon-grignan.fr\/wp-content\/uploads\/2021\/10\/Rencontres-2021-Bruno-Couverture-1-119x150.jpeg 119w, https:\/\/colophon-grignan.fr\/wp-content\/uploads\/2021\/10\/Rencontres-2021-Bruno-Couverture-1-768x967.jpeg 768w, https:\/\/colophon-grignan.fr\/wp-content\/uploads\/2021\/10\/Rencontres-2021-Bruno-Couverture-1-1220x1536.jpeg 1220w, https:\/\/colophon-grignan.fr\/wp-content\/uploads\/2021\/10\/Rencontres-2021-Bruno-Couverture-1-1627x2048.jpeg 1627w, https:\/\/colophon-grignan.fr\/wp-content\/uploads\/2021\/10\/Rencontres-2021-Bruno-Couverture-1-48x60.jpeg 48w, https:\/\/colophon-grignan.fr\/wp-content\/uploads\/2021\/10\/Rencontres-2021-Bruno-Couverture-1-71x90.jpeg 71w\" sizes=\"auto, (max-width: 139px) 100vw, 139px\" \/><figcaption>LECTURE PAR <strong>BRUNO MABILLE &amp; <\/strong>CHANTAL BONNEMAISON<strong> SAMEDI 11 DECEMBRE A 18h30<\/strong><br>SUIVIE D&rsquo;UNE RENCONTRE ANIMEE PAR MONIQUE GOBIN<\/figcaption><\/figure>\n\n\n\n<p><\/p>\n","protected":false},"excerpt":{"rendered":"<p>Rencontres litt\u00e9raires 2021F\u00e9vrier RENCONTRE LITTERAIRE ANNULEESAMEDI 20 FEVRIER \u00e0 18h30en pr\u00e9sence de MAGYD CHERFI La part du sarrasinEditions Actes SudAnim\u00e9e par Chantal Bonnemaison RENCONTRE LITTERAIRE ANNULEESAMEDI 27 FEVRIER 2021en pr\u00e9sence de GAELLE NOHANT La femme r\u00e9v\u00e9l\u00e9eEditions Grasset Mars-JUINRENCONTRE LITTERAIRE ANNULEE REPORTEE LE SAMEDI 26 JUIN \u00e0 18h30SAMEDI 13 MARS \u00e0 [&hellip;]<\/p>\n","protected":false},"author":6,"featured_media":0,"parent":0,"menu_order":0,"comment_status":"closed","ping_status":"closed","template":"","meta":{"footnotes":""},"class_list":["post-4724","page","type-page","status-publish","hentry"],"yoast_head":"<!-- This site is optimized with the Yoast SEO plugin v27.3 - https:\/\/yoast.com\/product\/yoast-seo-wordpress\/ -->\n<title>Archives 2021 - Colophon, Maison de l&#039;Imprimeur<\/title>\n<meta name=\"robots\" content=\"index, follow, max-snippet:-1, max-image-preview:large, max-video-preview:-1\" \/>\n<link rel=\"canonical\" href=\"https:\/\/colophon-grignan.fr\/index.php\/archives-2021\/\" \/>\n<meta property=\"og:locale\" content=\"fr_FR\" \/>\n<meta property=\"og:type\" content=\"article\" \/>\n<meta property=\"og:title\" content=\"Archives 2021 - Colophon, Maison de l&#039;Imprimeur\" \/>\n<meta property=\"og:description\" content=\"Rencontres litt\u00e9raires 2021F\u00e9vrier RENCONTRE LITTERAIRE ANNULEESAMEDI 20 FEVRIER \u00e0 18h30en pr\u00e9sence de MAGYD CHERFI La part du sarrasinEditions Actes SudAnim\u00e9e par Chantal Bonnemaison RENCONTRE LITTERAIRE ANNULEESAMEDI 27 FEVRIER 2021en pr\u00e9sence de GAELLE NOHANT La femme r\u00e9v\u00e9l\u00e9eEditions Grasset Mars-JUINRENCONTRE LITTERAIRE ANNULEE REPORTEE LE SAMEDI 26 JUIN \u00e0 18h30SAMEDI 13 MARS \u00e0 [&hellip;]\" \/>\n<meta property=\"og:url\" content=\"https:\/\/colophon-grignan.fr\/index.php\/archives-2021\/\" \/>\n<meta property=\"og:site_name\" content=\"Colophon, Maison de l&#039;Imprimeur\" \/>\n<meta property=\"article:publisher\" content=\"https:\/\/www.facebook.com\/colophongrignan\" \/>\n<meta property=\"article:modified_time\" content=\"2021-12-13T13:47:15+00:00\" \/>\n<meta property=\"og:image\" content=\"https:\/\/colophon-grignan.fr\/wp-content\/uploads\/2020\/10\/Rencontre-litt.-Magyd-Cherfi-2021-Couverture-159x300.jpg\" \/>\n<meta name=\"twitter:card\" content=\"summary_large_image\" \/>\n<meta name=\"twitter:label1\" content=\"Dur\u00e9e de lecture estim\u00e9e\" \/>\n\t<meta name=\"twitter:data1\" content=\"7 minutes\" \/>\n<script type=\"application\/ld+json\" class=\"yoast-schema-graph\">{\"@context\":\"https:\\\/\\\/schema.org\",\"@graph\":[{\"@type\":\"WebPage\",\"@id\":\"https:\\\/\\\/colophon-grignan.fr\\\/index.php\\\/archives-2021\\\/\",\"url\":\"https:\\\/\\\/colophon-grignan.fr\\\/index.php\\\/archives-2021\\\/\",\"name\":\"Archives 2021 - Colophon, Maison de l&#039;Imprimeur\",\"isPartOf\":{\"@id\":\"https:\\\/\\\/colophon-grignan.fr\\\/#website\"},\"primaryImageOfPage\":{\"@id\":\"https:\\\/\\\/colophon-grignan.fr\\\/index.php\\\/archives-2021\\\/#primaryimage\"},\"image\":{\"@id\":\"https:\\\/\\\/colophon-grignan.fr\\\/index.php\\\/archives-2021\\\/#primaryimage\"},\"thumbnailUrl\":\"https:\\\/\\\/colophon-grignan.fr\\\/wp-content\\\/uploads\\\/2020\\\/10\\\/Rencontre-litt.-Magyd-Cherfi-2021-Couverture-159x300.jpg\",\"datePublished\":\"2021-07-24T14:02:34+00:00\",\"dateModified\":\"2021-12-13T13:47:15+00:00\",\"breadcrumb\":{\"@id\":\"https:\\\/\\\/colophon-grignan.fr\\\/index.php\\\/archives-2021\\\/#breadcrumb\"},\"inLanguage\":\"fr-FR\",\"potentialAction\":[{\"@type\":\"ReadAction\",\"target\":[\"https:\\\/\\\/colophon-grignan.fr\\\/index.php\\\/archives-2021\\\/\"]}]},{\"@type\":\"ImageObject\",\"inLanguage\":\"fr-FR\",\"@id\":\"https:\\\/\\\/colophon-grignan.fr\\\/index.php\\\/archives-2021\\\/#primaryimage\",\"url\":\"https:\\\/\\\/colophon-grignan.fr\\\/wp-content\\\/uploads\\\/2020\\\/10\\\/Rencontre-litt.-Magyd-Cherfi-2021-Couverture.jpg\",\"contentUrl\":\"https:\\\/\\\/colophon-grignan.fr\\\/wp-content\\\/uploads\\\/2020\\\/10\\\/Rencontre-litt.-Magyd-Cherfi-2021-Couverture.jpg\",\"width\":489,\"height\":923},{\"@type\":\"BreadcrumbList\",\"@id\":\"https:\\\/\\\/colophon-grignan.fr\\\/index.php\\\/archives-2021\\\/#breadcrumb\",\"itemListElement\":[{\"@type\":\"ListItem\",\"position\":1,\"name\":\"Accueil\",\"item\":\"https:\\\/\\\/colophon-grignan.fr\\\/\"},{\"@type\":\"ListItem\",\"position\":2,\"name\":\"Archives 2021\"}]},{\"@type\":\"WebSite\",\"@id\":\"https:\\\/\\\/colophon-grignan.fr\\\/#website\",\"url\":\"https:\\\/\\\/colophon-grignan.fr\\\/\",\"name\":\"Colophon - Maison de l&#039;Imprimeur\",\"description\":\"Atelier-Mus\u00e9e &amp; Librairie\",\"publisher\":{\"@id\":\"https:\\\/\\\/colophon-grignan.fr\\\/#organization\"},\"potentialAction\":[{\"@type\":\"SearchAction\",\"target\":{\"@type\":\"EntryPoint\",\"urlTemplate\":\"https:\\\/\\\/colophon-grignan.fr\\\/?s={search_term_string}\"},\"query-input\":{\"@type\":\"PropertyValueSpecification\",\"valueRequired\":true,\"valueName\":\"search_term_string\"}}],\"inLanguage\":\"fr-FR\"},{\"@type\":\"Organization\",\"@id\":\"https:\\\/\\\/colophon-grignan.fr\\\/#organization\",\"name\":\"Colophon - Maison de l'Imprimeur\",\"url\":\"https:\\\/\\\/colophon-grignan.fr\\\/\",\"logo\":{\"@type\":\"ImageObject\",\"inLanguage\":\"fr-FR\",\"@id\":\"https:\\\/\\\/colophon-grignan.fr\\\/#\\\/schema\\\/logo\\\/image\\\/\",\"url\":\"https:\\\/\\\/i0.wp.com\\\/colophon-grignan.fr\\\/wp-content\\\/uploads\\\/2016\\\/12\\\/GRAND-CHAT.gif?fit=474%2C618&ssl=1\",\"contentUrl\":\"https:\\\/\\\/i0.wp.com\\\/colophon-grignan.fr\\\/wp-content\\\/uploads\\\/2016\\\/12\\\/GRAND-CHAT.gif?fit=474%2C618&ssl=1\",\"width\":474,\"height\":618,\"caption\":\"Colophon - Maison de l'Imprimeur\"},\"image\":{\"@id\":\"https:\\\/\\\/colophon-grignan.fr\\\/#\\\/schema\\\/logo\\\/image\\\/\"},\"sameAs\":[\"https:\\\/\\\/www.facebook.com\\\/colophongrignan\",\"https:\\\/\\\/www.pinterest.fr\\\/colophongrignan\\\/\",\"https:\\\/\\\/www.instagram.com\\\/colophon_grignan\\\/\"]}]}<\/script>\n<!-- \/ Yoast SEO plugin. -->","yoast_head_json":{"title":"Archives 2021 - Colophon, Maison de l&#039;Imprimeur","robots":{"index":"index","follow":"follow","max-snippet":"max-snippet:-1","max-image-preview":"max-image-preview:large","max-video-preview":"max-video-preview:-1"},"canonical":"https:\/\/colophon-grignan.fr\/index.php\/archives-2021\/","og_locale":"fr_FR","og_type":"article","og_title":"Archives 2021 - Colophon, Maison de l&#039;Imprimeur","og_description":"Rencontres litt\u00e9raires 2021F\u00e9vrier RENCONTRE LITTERAIRE ANNULEESAMEDI 20 FEVRIER \u00e0 18h30en pr\u00e9sence de MAGYD CHERFI La part du sarrasinEditions Actes SudAnim\u00e9e par Chantal Bonnemaison RENCONTRE LITTERAIRE ANNULEESAMEDI 27 FEVRIER 2021en pr\u00e9sence de GAELLE NOHANT La femme r\u00e9v\u00e9l\u00e9eEditions Grasset Mars-JUINRENCONTRE LITTERAIRE ANNULEE REPORTEE LE SAMEDI 26 JUIN \u00e0 18h30SAMEDI 13 MARS \u00e0 [&hellip;]","og_url":"https:\/\/colophon-grignan.fr\/index.php\/archives-2021\/","og_site_name":"Colophon, Maison de l&#039;Imprimeur","article_publisher":"https:\/\/www.facebook.com\/colophongrignan","article_modified_time":"2021-12-13T13:47:15+00:00","og_image":[{"url":"https:\/\/colophon-grignan.fr\/wp-content\/uploads\/2020\/10\/Rencontre-litt.-Magyd-Cherfi-2021-Couverture-159x300.jpg","type":"","width":"","height":""}],"twitter_card":"summary_large_image","twitter_misc":{"Dur\u00e9e de lecture estim\u00e9e":"7 minutes"},"schema":{"@context":"https:\/\/schema.org","@graph":[{"@type":"WebPage","@id":"https:\/\/colophon-grignan.fr\/index.php\/archives-2021\/","url":"https:\/\/colophon-grignan.fr\/index.php\/archives-2021\/","name":"Archives 2021 - Colophon, Maison de l&#039;Imprimeur","isPartOf":{"@id":"https:\/\/colophon-grignan.fr\/#website"},"primaryImageOfPage":{"@id":"https:\/\/colophon-grignan.fr\/index.php\/archives-2021\/#primaryimage"},"image":{"@id":"https:\/\/colophon-grignan.fr\/index.php\/archives-2021\/#primaryimage"},"thumbnailUrl":"https:\/\/colophon-grignan.fr\/wp-content\/uploads\/2020\/10\/Rencontre-litt.-Magyd-Cherfi-2021-Couverture-159x300.jpg","datePublished":"2021-07-24T14:02:34+00:00","dateModified":"2021-12-13T13:47:15+00:00","breadcrumb":{"@id":"https:\/\/colophon-grignan.fr\/index.php\/archives-2021\/#breadcrumb"},"inLanguage":"fr-FR","potentialAction":[{"@type":"ReadAction","target":["https:\/\/colophon-grignan.fr\/index.php\/archives-2021\/"]}]},{"@type":"ImageObject","inLanguage":"fr-FR","@id":"https:\/\/colophon-grignan.fr\/index.php\/archives-2021\/#primaryimage","url":"https:\/\/colophon-grignan.fr\/wp-content\/uploads\/2020\/10\/Rencontre-litt.-Magyd-Cherfi-2021-Couverture.jpg","contentUrl":"https:\/\/colophon-grignan.fr\/wp-content\/uploads\/2020\/10\/Rencontre-litt.-Magyd-Cherfi-2021-Couverture.jpg","width":489,"height":923},{"@type":"BreadcrumbList","@id":"https:\/\/colophon-grignan.fr\/index.php\/archives-2021\/#breadcrumb","itemListElement":[{"@type":"ListItem","position":1,"name":"Accueil","item":"https:\/\/colophon-grignan.fr\/"},{"@type":"ListItem","position":2,"name":"Archives 2021"}]},{"@type":"WebSite","@id":"https:\/\/colophon-grignan.fr\/#website","url":"https:\/\/colophon-grignan.fr\/","name":"Colophon - Maison de l&#039;Imprimeur","description":"Atelier-Mus\u00e9e &amp; Librairie","publisher":{"@id":"https:\/\/colophon-grignan.fr\/#organization"},"potentialAction":[{"@type":"SearchAction","target":{"@type":"EntryPoint","urlTemplate":"https:\/\/colophon-grignan.fr\/?s={search_term_string}"},"query-input":{"@type":"PropertyValueSpecification","valueRequired":true,"valueName":"search_term_string"}}],"inLanguage":"fr-FR"},{"@type":"Organization","@id":"https:\/\/colophon-grignan.fr\/#organization","name":"Colophon - Maison de l'Imprimeur","url":"https:\/\/colophon-grignan.fr\/","logo":{"@type":"ImageObject","inLanguage":"fr-FR","@id":"https:\/\/colophon-grignan.fr\/#\/schema\/logo\/image\/","url":"https:\/\/i0.wp.com\/colophon-grignan.fr\/wp-content\/uploads\/2016\/12\/GRAND-CHAT.gif?fit=474%2C618&ssl=1","contentUrl":"https:\/\/i0.wp.com\/colophon-grignan.fr\/wp-content\/uploads\/2016\/12\/GRAND-CHAT.gif?fit=474%2C618&ssl=1","width":474,"height":618,"caption":"Colophon - Maison de l'Imprimeur"},"image":{"@id":"https:\/\/colophon-grignan.fr\/#\/schema\/logo\/image\/"},"sameAs":["https:\/\/www.facebook.com\/colophongrignan","https:\/\/www.pinterest.fr\/colophongrignan\/","https:\/\/www.instagram.com\/colophon_grignan\/"]}]}},"_links":{"self":[{"href":"https:\/\/colophon-grignan.fr\/index.php\/wp-json\/wp\/v2\/pages\/4724","targetHints":{"allow":["GET"]}}],"collection":[{"href":"https:\/\/colophon-grignan.fr\/index.php\/wp-json\/wp\/v2\/pages"}],"about":[{"href":"https:\/\/colophon-grignan.fr\/index.php\/wp-json\/wp\/v2\/types\/page"}],"author":[{"embeddable":true,"href":"https:\/\/colophon-grignan.fr\/index.php\/wp-json\/wp\/v2\/users\/6"}],"replies":[{"embeddable":true,"href":"https:\/\/colophon-grignan.fr\/index.php\/wp-json\/wp\/v2\/comments?post=4724"}],"version-history":[{"count":17,"href":"https:\/\/colophon-grignan.fr\/index.php\/wp-json\/wp\/v2\/pages\/4724\/revisions"}],"predecessor-version":[{"id":4948,"href":"https:\/\/colophon-grignan.fr\/index.php\/wp-json\/wp\/v2\/pages\/4724\/revisions\/4948"}],"wp:attachment":[{"href":"https:\/\/colophon-grignan.fr\/index.php\/wp-json\/wp\/v2\/media?parent=4724"}],"curies":[{"name":"wp","href":"https:\/\/api.w.org\/{rel}","templated":true}]}}