{"id":4859,"date":"2021-10-31T15:27:02","date_gmt":"2021-10-31T14:27:02","guid":{"rendered":"https:\/\/colophon-grignan.fr\/?page_id=4859"},"modified":"2021-10-31T15:45:04","modified_gmt":"2021-10-31T14:45:04","slug":"2e-roman-2021-2","status":"publish","type":"page","link":"https:\/\/colophon-grignan.fr\/index.php\/2e-roman-2021-2\/","title":{"rendered":"2e roman 2021"},"content":{"rendered":"\n<p><\/p>\n\n\n\n<p id=\"block-73791b85-d01c-41ba-9c2d-beb58ad1d661\">2003 : cr\u00e9ation des Rencontres du IIe titre<br>2009 : cr\u00e9ation du prix Rencontres du IIe titre<br>Juillet 2017 : cr\u00e9ation du Festival du 2e roman Grignan<\/p>\n\n\n\n<p id=\"block-bb44a1f8-4869-49a9-acda-12085e7c7286\">Le comit\u00e9 de lecture a lu 28 livres<\/p>\n\n\n\n<figure class=\"wp-block-image is-resized\" id=\"block-5a905291-343b-49d6-96e1-6b40ffb25c05\"><img loading=\"lazy\" decoding=\"async\" src=\"https:\/\/colophon-grignan.fr\/wp-content\/uploads\/2020\/11\/Visuel-2e-roman-2021-bandeau-1-1009x1024.jpg\" alt=\"L\u2019attribut alt de cette image est vide, son nom de fichier est Visuel-2e-roman-2021-bandeau-1-1009x1024.jpg.\" width=\"199\" height=\"202\"\/><figcaption>Prix <em>Rencontres du IIe titre 2021&nbsp;<\/em><em><strong>Rivages de la col\u00e8re CAROLINE LAURENT<\/strong> EditionsLes Escales<\/em><\/figcaption><\/figure>\n\n\n\n<p id=\"block-0839a4c2-950b-4214-a5ed-d23026549812\">  <img loading=\"lazy\" decoding=\"async\" width=\"150\" height=\"150\" scale=\"0\" class=\"wp-image-3634\" style=\"width: 150px;\" src=\"https:\/\/colophon-grignan.fr\/wp-content\/uploads\/2019\/11\/Didier-Decoin-portrait.jpg\" alt=\"\" srcset=\"https:\/\/colophon-grignan.fr\/wp-content\/uploads\/2019\/11\/Didier-Decoin-portrait.jpg 400w, https:\/\/colophon-grignan.fr\/wp-content\/uploads\/2019\/11\/Didier-Decoin-portrait-230x230.jpg 230w, https:\/\/colophon-grignan.fr\/wp-content\/uploads\/2019\/11\/Didier-Decoin-portrait-160x160.jpg 160w, https:\/\/colophon-grignan.fr\/wp-content\/uploads\/2019\/11\/Didier-Decoin-portrait-300x300.jpg 300w, https:\/\/colophon-grignan.fr\/wp-content\/uploads\/2019\/11\/Didier-Decoin-portrait-150x150.jpg 150w, https:\/\/colophon-grignan.fr\/wp-content\/uploads\/2019\/11\/Didier-Decoin-portrait-50x50.jpg 50w\" sizes=\"auto, (max-width: 150px) 100vw, 150px\" \/> <strong>NOUVEAUTE<\/strong> La 19e \u00e9dition du Festival du 2e roman Grignan 2021 sera sous le parrainage de <strong>DIDIER DECOIN<\/strong> <strong><em>RENCONTRE SAMEDI 29 MAI \u00e0 18h15 SUR INSCRIPTION AU 04 75 46 57 16<\/em><\/strong><\/p>\n\n\n\n<p id=\"block-47d6d678-6c57-4b17-b5a8-0f84bd9f6d76\"><br><strong>ECRIVAINES INVITEES<\/strong><\/p>\n\n\n\n<p id=\"block-f2062d3b-57f4-4afb-b24e-af8e00818436\"><strong>ELOISE COHEN DE TIMARY<\/strong><\/p>\n\n\n\n<figure class=\"wp-block-image is-resized\" id=\"block-c227222f-f491-490f-acd9-3511f82cd557\"><img loading=\"lazy\" decoding=\"async\" src=\"https:\/\/colophon-grignan.fr\/wp-content\/uploads\/2021\/01\/IIe-titre-2021-Eloise-Cohen-de-TimaryPortrait-731x1024.jpg\" alt=\"L\u2019attribut alt de cette image est vide, son nom de fichier est IIe-titre-2021-Eloise-Cohen-de-TimaryPortrait-731x1024.jpg.\" width=\"228\" height=\"319\"\/><\/figure>\n\n\n\n<figure class=\"wp-block-image is-resized\" id=\"block-0c7178f3-99f7-40f3-a729-d7eae51b233d\"><img loading=\"lazy\" decoding=\"async\" src=\"https:\/\/colophon-grignan.fr\/wp-content\/uploads\/2021\/01\/IIe-titre-2021-Eloise-Cohen-de-Timary-Couverture.jpg\" alt=\"L\u2019attribut alt de cette image est vide, son nom de fichier est IIe-titre-2021-Eloise-Cohen-de-Timary-Couverture.jpg.\" width=\"315\" height=\"315\"\/><\/figure>\n\n\n\n<p><\/p>\n\n\n\n<p id=\"block-652d0920-ddb7-4ccf-87c5-5894dad41465\"><strong>SOPHIE DE BAERE<\/strong><\/p>\n\n\n\n<figure class=\"wp-block-image is-resized\" id=\"block-0ff77dce-d168-4275-9484-222281cd56e6\"><img loading=\"lazy\" decoding=\"async\" src=\"https:\/\/colophon-grignan.fr\/wp-content\/uploads\/2020\/12\/Festival-2e-roman-2021-Sophie-De-Baere-Portrait-\u00a9-Renaud-Savignard.jpg\" alt=\"L\u2019attribut alt de cette image est vide, son nom de fichier est Festival-2e-roman-2021-Sophie-De-Baere-Portrait-\u00a9-Renaud-Savignard.jpg.\" width=\"180\" height=\"240\"\/><\/figure>\n\n\n\n<figure class=\"wp-block-image is-resized\" id=\"block-256a47f8-8b02-41cc-b1f2-81e0c2826ac8\"><img loading=\"lazy\" decoding=\"async\" src=\"https:\/\/colophon-grignan.fr\/wp-content\/uploads\/2020\/12\/Festival-2e-roman-2021-Sophie-De-Baere-Couverture.jpg\" alt=\"L\u2019attribut alt de cette image est vide, son nom de fichier est Festival-2e-roman-2021-Sophie-De-Baere-Couverture.jpg.\" width=\"179\" height=\"276\"\/><\/figure>\n\n\n\n<p id=\"block-3987ed57-74c6-4688-888e-55f480b399b4\"><strong>CAROLINE LAURENT<\/strong><\/p>\n\n\n\n<figure class=\"wp-block-image is-resized\" id=\"block-0f7a4835-1731-427a-82ef-eebfe18c25ab\"><img loading=\"lazy\" decoding=\"async\" src=\"https:\/\/colophon-grignan.fr\/wp-content\/uploads\/2021\/01\/IIe-titre-2021-Caroline-Laurent-\u00a9-Philippe-Matsas-Portrait-1024x819.jpg\" alt=\"L\u2019attribut alt de cette image est vide, son nom de fichier est IIe-titre-2021-Caroline-Laurent-\u00a9-Philippe-Matsas-Portrait-1024x819.jpg.\" width=\"180\" height=\"143\"\/><\/figure>\n\n\n\n<figure class=\"wp-block-image is-resized\" id=\"block-0435951c-6096-4bd4-806d-ff41af62ae20\"><img loading=\"lazy\" decoding=\"async\" src=\"https:\/\/colophon-grignan.fr\/wp-content\/uploads\/2021\/01\/IIe-titre-2021-Caroline-Laurent-Couverture.jpg\" alt=\"L\u2019attribut alt de cette image est vide, son nom de fichier est IIe-titre-2021-Caroline-Laurent-Couverture.jpg.\" width=\"230\" height=\"230\"\/><\/figure>\n\n\n\n<p id=\"block-8b53b7f1-57e3-4b80-95c1-e960641c6664\"><strong>OCEANE MADELAINE<\/strong><\/p>\n\n\n\n<figure class=\"wp-block-image is-resized\" id=\"block-8ad12879-9cbf-4ef5-a11a-077de0a36f48\"><img loading=\"lazy\" decoding=\"async\" src=\"https:\/\/colophon-grignan.fr\/wp-content\/uploads\/2021\/01\/IIe-titre-2021-Oceane-Madelaine-Portrait.jpg\" alt=\"L\u2019attribut alt de cette image est vide, son nom de fichier est IIe-titre-2021-Oceane-Madelaine-Portrait.jpg.\" width=\"164\" height=\"245\"\/><\/figure>\n\n\n\n<figure class=\"wp-block-image is-resized\" id=\"block-63ea9d3b-d521-46d4-8d95-6aa158a9443a\"><img loading=\"lazy\" decoding=\"async\" src=\"https:\/\/colophon-grignan.fr\/wp-content\/uploads\/2021\/01\/IIe-titre-2021-Oceane-Madelaine-Couverture.jpg\" alt=\"L\u2019attribut alt de cette image est vide, son nom de fichier est IIe-titre-2021-Oceane-Madelaine-Couverture.jpg.\" width=\"256\" height=\"256\"\/><\/figure>\n\n\n\n<p id=\"block-5254dc03-35d7-491b-9aee-8381d3253924\"><strong>CAROLE MARTINEZ : PRESIDENTE DU JURY<\/strong><br>D\u00e9lib\u00e9rations mardi 25 mai \u00e0 15h30<br>Rencontre litt\u00e9raire \u00e0 18h30 sur INSCRIPTION AU 04 75 46 57 16<\/p>\n\n\n\n<figure class=\"wp-block-image is-resized\" id=\"block-0b552211-1146-4666-ac4f-a9d25616da90\"><img loading=\"lazy\" decoding=\"async\" src=\"https:\/\/colophon-grignan.fr\/wp-content\/uploads\/2020\/10\/rencontre-grignan-carole-martinez-portrait.jpg\" alt=\"L\u2019attribut alt de cette image est vide, son nom de fichier est rencontre-grignan-carole-martinez-portrait.jpg.\" width=\"158\" height=\"213\"\/><\/figure>\n\n\n\n<figure class=\"wp-block-image is-resized\" id=\"block-07346633-b264-44d9-b46d-46f86179cbe2\"><img loading=\"lazy\" decoding=\"async\" src=\"https:\/\/colophon-grignan.fr\/wp-content\/uploads\/2020\/10\/rencontre-grignan-carole-martinez-couverture.jpg\" alt=\"L\u2019attribut alt de cette image est vide, son nom de fichier est rencontre-grignan-carole-martinez-couverture.jpg.\" width=\"159\" height=\"232\"\/><\/figure>\n\n\n\n<figure class=\"wp-block-image\" id=\"block-cce3e130-34b8-4e1b-8a9e-b73c8f3284de\"><img decoding=\"async\" src=\"https:\/\/colophon-grignan.fr\/wp-content\/uploads\/2021\/05\/festival2021-1-1024x187.jpg\" alt=\"L\u2019attribut alt de cette image est vide, son nom de fichier est festival2021-1-1024x187.jpg.\"\/><figcaption><strong><a href=\"https:\/\/colophon-grignan.fr\/wp-content\/uploads\/2021\/05\/Programme-2021-imprime.pdf\">Programme du Festival 2021<\/a><\/strong><\/figcaption><\/figure>\n\n\n\n<p id=\"block-92f623de-e89a-4e5a-b84a-5d45fd372be9\">\ufeff<\/p>\n\n\n\n<p>\ufeff<\/p>\n\n\n\n<ul class=\"wp-block-list\"><li><a href=\"https:\/\/colophon-grignan.fr\/wp-admin\/post.php?post=3560&amp;action=edit#wpseo-meta-section-content\"><\/a><\/li><\/ul>\n\n\n\n<p><a href=\"https:\/\/colophon-grignan.fr\/wp-admin\/post.php?post=3560&amp;action=edit#wpseo-meta-section-content\">SEO<\/a><a href=\"https:\/\/colophon-grignan.fr\/wp-admin\/post.php?post=3560&amp;action=edit#wpseo-meta-section-readability\"><\/a><\/p>\n\n\n\n<ul class=\"wp-block-list\"><li><a href=\"https:\/\/colophon-grignan.fr\/wp-admin\/post.php?post=3560&amp;action=edit#wpseo-meta-section-readability\">Lisibilit\u00e9<\/a><\/li><li><a href=\"https:\/\/colophon-grignan.fr\/wp-admin\/post.php?post=3560&amp;action=edit#wpseo-meta-section-schema\">Schema<\/a><\/li><li><a href=\"https:\/\/colophon-grignan.fr\/wp-admin\/post.php?post=3560&amp;action=edit#wpseo-meta-section-social\">R\u00e9seaux sociaux<\/a><\/li><\/ul>\n\n\n\n<p>Requ\u00eate cible<a href=\"https:\/\/yoa.st\/focus-keyword?php_version=7.3&amp;platform=wordpress&amp;platform_version=5.8.1&amp;software=free&amp;software_version=17.4&amp;days_active=365plus&amp;user_language=fr_FR\" target=\"_blank\" rel=\"noreferrer noopener\">Aide pour obtenir la requ\u00eate cible parfaite(S\u2019ouvre dans un nouvel onglet)<\/a><a href=\"https:\/\/oauth.semrush.com\/oauth2\/authorize?ref=1513012826&amp;client_id=yoast&amp;redirect_uri=https%3A%2F%2Foauth.semrush.com%2Foauth2%2Fyoast%2Fsuccess&amp;response_type=code&amp;scope=user.id\">Obtenir des requ\u00eates cibles li\u00e9es(ouvre une nouvelle fen\u00eatre de navigation)<\/a><\/p>\n\n\n\n<h2 class=\"wp-block-heading\"><\/h2>\n\n\n\n<p>Pr\u00e9visualiser en tant que&nbsp;:R\u00e9sultat mobileR\u00e9sultat bureauPr\u00e9visualisation de l\u2019URL:colophon-grignan.fr \u203a 2e-roman-2021Pr\u00e9visualisation du m\u00e9ta titre:2e roman 2021 &#8211; Colophon, Maison de l&rsquo;ImprimeurPr\u00e9visualisation de la m\u00e9ta description&nbsp;:<\/p>\n\n\n\n<figure class=\"wp-block-image is-resized\"><img loading=\"lazy\" decoding=\"async\" src=\"https:\/\/colophon-grignan.fr\/wp-content\/uploads\/2020\/11\/Visuel-2e-roman-2021-bandeau-1-1009x1024.jpg\" alt=\"\" width=\"168\" height=\"170\"\/><\/figure>\n\n\n\n<p>Nov 4, 2019 \uff0d Veuillez renseigner une m\u00e9ta description en \u00e9ditant le champ ci-dessous. Si vous ne le faites pas, Google essaiera de trouver une partie pertinente de votre publication et l\u2019affichera dans les r\u00e9sultats de recherche.M\u00e9ta titreTitre Page S\u00e9parateur Titre du site Titre du siteTitreCat\u00e9gorie principaleS\u00e9parateurSlugM\u00e9ta descriptionModifiez votre m\u00e9ta description en l\u2019\u00e9ditant ici<br>Titre du siteTitreCat\u00e9gorie principaleS\u00e9parateur<\/p>\n\n\n\n<h2 class=\"wp-block-heading\"><\/h2>\n\n\n\n<h2 class=\"wp-block-heading\"><\/h2>\n\n\n\n<h2 class=\"wp-block-heading\"><\/h2>\n\n\n\n<h2 class=\"wp-block-heading\"><\/h2>\n\n\n\n<h2 class=\"wp-block-heading\"><\/h2>\n\n\n\n<p>Visibilit\u00e9Publier<\/p>\n\n\n\n<h2 class=\"wp-block-heading\"><\/h2>\n\n\n\n<h2 class=\"wp-block-heading\"><\/h2>\n\n\n\n<p>Analyse de lisibilit\u00e9&nbsp;: <strong>Bon<\/strong> Analyse SEO&nbsp;: <strong>\u00c0 am\u00e9liorer<\/strong><br><a href=\"https:\/\/colophon-grignan.fr\/wp-admin\/revision.php?revision=4629&amp;gutenberg=true\"><\/a><a href=\"https:\/\/colophon-grignan.fr\/wp-admin\/revision.php?revision=4629&amp;gutenberg=true\">30 r\u00e9visions<\/a><\/p>\n\n\n\n<h2 class=\"wp-block-heading\"><\/h2>\n\n\n\n<h2 class=\"wp-block-heading\"><\/h2>\n\n\n\n<h2 class=\"wp-block-heading\"><\/h2>\n\n\n\n<p>Barre Pleine largeur<img decoding=\"async\" src=\"blob:https:\/\/colophon-grignan.fr\/4f01c84f-6450-4dc9-9bc1-6dab7dc100d7\" alt=\"Pleine largeur\"> Barre lat\u00e9rale de gauche<img decoding=\"async\" src=\"blob:https:\/\/colophon-grignan.fr\/65a4c345-7f2f-4d19-8aeb-76fd07df675d\" alt=\"Barre lat\u00e9rale de gauche\"> Barre lat\u00e9rale de droite<img decoding=\"async\" src=\"blob:https:\/\/colophon-grignan.fr\/5f7bc54f-ebab-41b6-9f34-fcecd6eea44f\" alt=\"Barre lat\u00e9rale de droite\"><\/p>\n\n\n\n<p>ComposantsD\u00e9sactiver la navigationD\u00e9sactiver le pied<\/p>\n\n\n\n<ul class=\"wp-block-list\"><li>Document<\/li><\/ul>\n\n\n\n<p>2e roman 2021 &#8211; Colophon, Maison de l&rsquo;Imprimeur<\/p>\n","protected":false},"excerpt":{"rendered":"<p>2003 : cr\u00e9ation des Rencontres du IIe titre2009 : cr\u00e9ation du prix Rencontres du IIe titreJuillet 2017 : cr\u00e9ation du Festival du 2e roman Grignan Le comit\u00e9 de lecture a lu 28 livres NOUVEAUTE La 19e \u00e9dition du Festival du 2e roman Grignan 2021 sera sous le parrainage de DIDIER [&hellip;]<\/p>\n","protected":false},"author":6,"featured_media":0,"parent":0,"menu_order":0,"comment_status":"closed","ping_status":"closed","template":"","meta":{"footnotes":""},"class_list":["post-4859","page","type-page","status-publish","hentry"],"yoast_head":"<!-- This site is optimized with the Yoast SEO plugin v27.3 - https:\/\/yoast.com\/product\/yoast-seo-wordpress\/ -->\n<title>2e roman 2021 - Colophon, Maison de l&#039;Imprimeur<\/title>\n<meta name=\"robots\" content=\"index, follow, max-snippet:-1, max-image-preview:large, max-video-preview:-1\" \/>\n<link rel=\"canonical\" href=\"https:\/\/colophon-grignan.fr\/index.php\/2e-roman-2021-2\/\" \/>\n<meta property=\"og:locale\" content=\"fr_FR\" \/>\n<meta property=\"og:type\" content=\"article\" \/>\n<meta property=\"og:title\" content=\"2e roman 2021 - Colophon, Maison de l&#039;Imprimeur\" \/>\n<meta property=\"og:description\" content=\"2003 : cr\u00e9ation des Rencontres du IIe titre2009 : cr\u00e9ation du prix Rencontres du IIe titreJuillet 2017 : cr\u00e9ation du Festival du 2e roman Grignan Le comit\u00e9 de lecture a lu 28 livres NOUVEAUTE La 19e \u00e9dition du Festival du 2e roman Grignan 2021 sera sous le parrainage de DIDIER [&hellip;]\" \/>\n<meta property=\"og:url\" content=\"https:\/\/colophon-grignan.fr\/index.php\/2e-roman-2021-2\/\" \/>\n<meta property=\"og:site_name\" content=\"Colophon, Maison de l&#039;Imprimeur\" \/>\n<meta property=\"article:publisher\" content=\"https:\/\/www.facebook.com\/colophongrignan\" \/>\n<meta property=\"article:modified_time\" content=\"2021-10-31T14:45:04+00:00\" \/>\n<meta property=\"og:image\" content=\"https:\/\/colophon-grignan.fr\/wp-content\/uploads\/2020\/11\/Visuel-2e-roman-2021-bandeau-1-1009x1024.jpg\" \/>\n<meta name=\"twitter:card\" content=\"summary_large_image\" \/>\n<meta name=\"twitter:label1\" content=\"Dur\u00e9e de lecture estim\u00e9e\" \/>\n\t<meta name=\"twitter:data1\" content=\"5 minutes\" \/>\n<script type=\"application\/ld+json\" class=\"yoast-schema-graph\">{\"@context\":\"https:\\\/\\\/schema.org\",\"@graph\":[{\"@type\":\"WebPage\",\"@id\":\"https:\\\/\\\/colophon-grignan.fr\\\/index.php\\\/2e-roman-2021-2\\\/\",\"url\":\"https:\\\/\\\/colophon-grignan.fr\\\/index.php\\\/2e-roman-2021-2\\\/\",\"name\":\"2e roman 2021 - Colophon, Maison de l&#039;Imprimeur\",\"isPartOf\":{\"@id\":\"https:\\\/\\\/colophon-grignan.fr\\\/#website\"},\"primaryImageOfPage\":{\"@id\":\"https:\\\/\\\/colophon-grignan.fr\\\/index.php\\\/2e-roman-2021-2\\\/#primaryimage\"},\"image\":{\"@id\":\"https:\\\/\\\/colophon-grignan.fr\\\/index.php\\\/2e-roman-2021-2\\\/#primaryimage\"},\"thumbnailUrl\":\"https:\\\/\\\/colophon-grignan.fr\\\/wp-content\\\/uploads\\\/2020\\\/11\\\/Visuel-2e-roman-2021-bandeau-1-1009x1024.jpg\",\"datePublished\":\"2021-10-31T14:27:02+00:00\",\"dateModified\":\"2021-10-31T14:45:04+00:00\",\"breadcrumb\":{\"@id\":\"https:\\\/\\\/colophon-grignan.fr\\\/index.php\\\/2e-roman-2021-2\\\/#breadcrumb\"},\"inLanguage\":\"fr-FR\",\"potentialAction\":[{\"@type\":\"ReadAction\",\"target\":[\"https:\\\/\\\/colophon-grignan.fr\\\/index.php\\\/2e-roman-2021-2\\\/\"]}]},{\"@type\":\"ImageObject\",\"inLanguage\":\"fr-FR\",\"@id\":\"https:\\\/\\\/colophon-grignan.fr\\\/index.php\\\/2e-roman-2021-2\\\/#primaryimage\",\"url\":\"https:\\\/\\\/colophon-grignan.fr\\\/wp-content\\\/uploads\\\/2020\\\/11\\\/Visuel-2e-roman-2021-bandeau-1-scaled.jpg\",\"contentUrl\":\"https:\\\/\\\/colophon-grignan.fr\\\/wp-content\\\/uploads\\\/2020\\\/11\\\/Visuel-2e-roman-2021-bandeau-1-scaled.jpg\",\"width\":1009,\"height\":1024},{\"@type\":\"BreadcrumbList\",\"@id\":\"https:\\\/\\\/colophon-grignan.fr\\\/index.php\\\/2e-roman-2021-2\\\/#breadcrumb\",\"itemListElement\":[{\"@type\":\"ListItem\",\"position\":1,\"name\":\"Accueil\",\"item\":\"https:\\\/\\\/colophon-grignan.fr\\\/\"},{\"@type\":\"ListItem\",\"position\":2,\"name\":\"2e roman 2021\"}]},{\"@type\":\"WebSite\",\"@id\":\"https:\\\/\\\/colophon-grignan.fr\\\/#website\",\"url\":\"https:\\\/\\\/colophon-grignan.fr\\\/\",\"name\":\"Colophon - Maison de l&#039;Imprimeur\",\"description\":\"Atelier-Mus\u00e9e &amp; Librairie\",\"publisher\":{\"@id\":\"https:\\\/\\\/colophon-grignan.fr\\\/#organization\"},\"potentialAction\":[{\"@type\":\"SearchAction\",\"target\":{\"@type\":\"EntryPoint\",\"urlTemplate\":\"https:\\\/\\\/colophon-grignan.fr\\\/?s={search_term_string}\"},\"query-input\":{\"@type\":\"PropertyValueSpecification\",\"valueRequired\":true,\"valueName\":\"search_term_string\"}}],\"inLanguage\":\"fr-FR\"},{\"@type\":\"Organization\",\"@id\":\"https:\\\/\\\/colophon-grignan.fr\\\/#organization\",\"name\":\"Colophon - Maison de l'Imprimeur\",\"url\":\"https:\\\/\\\/colophon-grignan.fr\\\/\",\"logo\":{\"@type\":\"ImageObject\",\"inLanguage\":\"fr-FR\",\"@id\":\"https:\\\/\\\/colophon-grignan.fr\\\/#\\\/schema\\\/logo\\\/image\\\/\",\"url\":\"https:\\\/\\\/i0.wp.com\\\/colophon-grignan.fr\\\/wp-content\\\/uploads\\\/2016\\\/12\\\/GRAND-CHAT.gif?fit=474%2C618&ssl=1\",\"contentUrl\":\"https:\\\/\\\/i0.wp.com\\\/colophon-grignan.fr\\\/wp-content\\\/uploads\\\/2016\\\/12\\\/GRAND-CHAT.gif?fit=474%2C618&ssl=1\",\"width\":474,\"height\":618,\"caption\":\"Colophon - Maison de l'Imprimeur\"},\"image\":{\"@id\":\"https:\\\/\\\/colophon-grignan.fr\\\/#\\\/schema\\\/logo\\\/image\\\/\"},\"sameAs\":[\"https:\\\/\\\/www.facebook.com\\\/colophongrignan\",\"https:\\\/\\\/www.pinterest.fr\\\/colophongrignan\\\/\",\"https:\\\/\\\/www.instagram.com\\\/colophon_grignan\\\/\"]}]}<\/script>\n<!-- \/ Yoast SEO plugin. -->","yoast_head_json":{"title":"2e roman 2021 - Colophon, Maison de l&#039;Imprimeur","robots":{"index":"index","follow":"follow","max-snippet":"max-snippet:-1","max-image-preview":"max-image-preview:large","max-video-preview":"max-video-preview:-1"},"canonical":"https:\/\/colophon-grignan.fr\/index.php\/2e-roman-2021-2\/","og_locale":"fr_FR","og_type":"article","og_title":"2e roman 2021 - Colophon, Maison de l&#039;Imprimeur","og_description":"2003 : cr\u00e9ation des Rencontres du IIe titre2009 : cr\u00e9ation du prix Rencontres du IIe titreJuillet 2017 : cr\u00e9ation du Festival du 2e roman Grignan Le comit\u00e9 de lecture a lu 28 livres NOUVEAUTE La 19e \u00e9dition du Festival du 2e roman Grignan 2021 sera sous le parrainage de DIDIER [&hellip;]","og_url":"https:\/\/colophon-grignan.fr\/index.php\/2e-roman-2021-2\/","og_site_name":"Colophon, Maison de l&#039;Imprimeur","article_publisher":"https:\/\/www.facebook.com\/colophongrignan","article_modified_time":"2021-10-31T14:45:04+00:00","og_image":[{"url":"https:\/\/colophon-grignan.fr\/wp-content\/uploads\/2020\/11\/Visuel-2e-roman-2021-bandeau-1-1009x1024.jpg","type":"","width":"","height":""}],"twitter_card":"summary_large_image","twitter_misc":{"Dur\u00e9e de lecture estim\u00e9e":"5 minutes"},"schema":{"@context":"https:\/\/schema.org","@graph":[{"@type":"WebPage","@id":"https:\/\/colophon-grignan.fr\/index.php\/2e-roman-2021-2\/","url":"https:\/\/colophon-grignan.fr\/index.php\/2e-roman-2021-2\/","name":"2e roman 2021 - Colophon, Maison de l&#039;Imprimeur","isPartOf":{"@id":"https:\/\/colophon-grignan.fr\/#website"},"primaryImageOfPage":{"@id":"https:\/\/colophon-grignan.fr\/index.php\/2e-roman-2021-2\/#primaryimage"},"image":{"@id":"https:\/\/colophon-grignan.fr\/index.php\/2e-roman-2021-2\/#primaryimage"},"thumbnailUrl":"https:\/\/colophon-grignan.fr\/wp-content\/uploads\/2020\/11\/Visuel-2e-roman-2021-bandeau-1-1009x1024.jpg","datePublished":"2021-10-31T14:27:02+00:00","dateModified":"2021-10-31T14:45:04+00:00","breadcrumb":{"@id":"https:\/\/colophon-grignan.fr\/index.php\/2e-roman-2021-2\/#breadcrumb"},"inLanguage":"fr-FR","potentialAction":[{"@type":"ReadAction","target":["https:\/\/colophon-grignan.fr\/index.php\/2e-roman-2021-2\/"]}]},{"@type":"ImageObject","inLanguage":"fr-FR","@id":"https:\/\/colophon-grignan.fr\/index.php\/2e-roman-2021-2\/#primaryimage","url":"https:\/\/colophon-grignan.fr\/wp-content\/uploads\/2020\/11\/Visuel-2e-roman-2021-bandeau-1-scaled.jpg","contentUrl":"https:\/\/colophon-grignan.fr\/wp-content\/uploads\/2020\/11\/Visuel-2e-roman-2021-bandeau-1-scaled.jpg","width":1009,"height":1024},{"@type":"BreadcrumbList","@id":"https:\/\/colophon-grignan.fr\/index.php\/2e-roman-2021-2\/#breadcrumb","itemListElement":[{"@type":"ListItem","position":1,"name":"Accueil","item":"https:\/\/colophon-grignan.fr\/"},{"@type":"ListItem","position":2,"name":"2e roman 2021"}]},{"@type":"WebSite","@id":"https:\/\/colophon-grignan.fr\/#website","url":"https:\/\/colophon-grignan.fr\/","name":"Colophon - Maison de l&#039;Imprimeur","description":"Atelier-Mus\u00e9e &amp; Librairie","publisher":{"@id":"https:\/\/colophon-grignan.fr\/#organization"},"potentialAction":[{"@type":"SearchAction","target":{"@type":"EntryPoint","urlTemplate":"https:\/\/colophon-grignan.fr\/?s={search_term_string}"},"query-input":{"@type":"PropertyValueSpecification","valueRequired":true,"valueName":"search_term_string"}}],"inLanguage":"fr-FR"},{"@type":"Organization","@id":"https:\/\/colophon-grignan.fr\/#organization","name":"Colophon - Maison de l'Imprimeur","url":"https:\/\/colophon-grignan.fr\/","logo":{"@type":"ImageObject","inLanguage":"fr-FR","@id":"https:\/\/colophon-grignan.fr\/#\/schema\/logo\/image\/","url":"https:\/\/i0.wp.com\/colophon-grignan.fr\/wp-content\/uploads\/2016\/12\/GRAND-CHAT.gif?fit=474%2C618&ssl=1","contentUrl":"https:\/\/i0.wp.com\/colophon-grignan.fr\/wp-content\/uploads\/2016\/12\/GRAND-CHAT.gif?fit=474%2C618&ssl=1","width":474,"height":618,"caption":"Colophon - Maison de l'Imprimeur"},"image":{"@id":"https:\/\/colophon-grignan.fr\/#\/schema\/logo\/image\/"},"sameAs":["https:\/\/www.facebook.com\/colophongrignan","https:\/\/www.pinterest.fr\/colophongrignan\/","https:\/\/www.instagram.com\/colophon_grignan\/"]}]}},"_links":{"self":[{"href":"https:\/\/colophon-grignan.fr\/index.php\/wp-json\/wp\/v2\/pages\/4859","targetHints":{"allow":["GET"]}}],"collection":[{"href":"https:\/\/colophon-grignan.fr\/index.php\/wp-json\/wp\/v2\/pages"}],"about":[{"href":"https:\/\/colophon-grignan.fr\/index.php\/wp-json\/wp\/v2\/types\/page"}],"author":[{"embeddable":true,"href":"https:\/\/colophon-grignan.fr\/index.php\/wp-json\/wp\/v2\/users\/6"}],"replies":[{"embeddable":true,"href":"https:\/\/colophon-grignan.fr\/index.php\/wp-json\/wp\/v2\/comments?post=4859"}],"version-history":[{"count":10,"href":"https:\/\/colophon-grignan.fr\/index.php\/wp-json\/wp\/v2\/pages\/4859\/revisions"}],"predecessor-version":[{"id":4874,"href":"https:\/\/colophon-grignan.fr\/index.php\/wp-json\/wp\/v2\/pages\/4859\/revisions\/4874"}],"wp:attachment":[{"href":"https:\/\/colophon-grignan.fr\/index.php\/wp-json\/wp\/v2\/media?parent=4859"}],"curies":[{"name":"wp","href":"https:\/\/api.w.org\/{rel}","templated":true}]}}