{"id":4897,"date":"2021-11-02T16:32:35","date_gmt":"2021-11-02T15:32:35","guid":{"rendered":"https:\/\/colophon-grignan.fr\/?page_id=4897"},"modified":"2021-11-02T16:47:48","modified_gmt":"2021-11-02T15:47:48","slug":"et-avant","status":"publish","type":"page","link":"https:\/\/colophon-grignan.fr\/index.php\/et-avant\/","title":{"rendered":"Et avant"},"content":{"rendered":"\n<p class=\"has-text-align-center\"><strong><span style=\"color:#e83333\" class=\"has-inline-color\">2010<\/span><\/strong><\/p>\n\n\n\n<p>12 DECEMBRE <strong>BENEDICTE APPELS <\/strong><em>La truffe, m\u00e9tamorphoses d\u00e9licieuses <\/em>Ed, Gramond<\/p>\n\n\n\n<p>4 DECEMBRE <strong>CLAUDIE GALLAY <\/strong><em>L&rsquo;amour est une \u00eele <\/em>Ed. Actes Sud<\/p>\n\n\n\n<p>13 NOVEMBRE <strong>DENIS JEAMBAR <\/strong><em>et <\/em><strong>ANDRE PERLSTEIN <\/strong><em>Chroniques des ann\u00e9es 70<\/em><\/p>\n\n\n\n<p>Ed.Seuil<\/p>\n\n\n\n<p>30 OCTOBRE <strong>\u00ab&nbsp;Les Tardives&nbsp;\u00bb BRUNO MABILLE <\/strong>pr\u00e9sente <em>Vladimir Jank\u00e9l\u00e9vitch<\/em><\/p>\n\n\n\n<p>11 SEPTEMBRE <strong>EMMANUELLE PAGANO <\/strong><em>L&rsquo;absence d&rsquo;oiseaux d&rsquo;eau <\/em>Ed.P.O.L<\/p>\n\n\n\n<p>12 JUIN S<strong>ELIM CHERIF <\/strong>pour la traduction <em>La chienne de vie de Juanita Narboni<\/em><\/p>\n\n\n\n<p>de ANGEL VASQUEZ Ed. Rouge Inside<\/p>\n\n\n\n<p>17 AVRIL <strong>SOPHIE LOUBIERE <\/strong><em>Dans l&rsquo;oeil noir du corbeau <\/em>Ed. Le cherche midi<\/p>\n\n\n\n<p>20 MARS <strong>BARBARA CONSTANTINE <\/strong><em>Tom petit Tom tout petit homme Tom <\/em>Ed. Calmann-L\u00e9vy<\/p>\n\n\n\n<p>27 FEVRIER <strong>PAULINE FRAISSE <\/strong><em>Vol int\u00e9rieur <\/em>Ed. Les promeneurssolitaires<\/p>\n\n\n\n<p>23 JANVIER <strong>PASCAL GARNIER <\/strong><em>Le grand loin <\/em>Ed. Zulma<\/p>\n\n\n\n<p class=\"has-text-align-center\"><strong><span style=\"color:#e03939\" class=\"has-inline-color\">2009<\/span><\/strong><\/p>\n\n\n\n<p>21 NOVEMBRE <strong>ANDRE BUCHER <\/strong><em>La cascade aux miroirs <\/em>Ed. Deno\u00ebl<\/p>\n\n\n\n<p>31 OCTOBRE <strong>\u00ab&nbsp;Les Tardives&nbsp;\u00bb BRUNO MABILLE <\/strong>pr\u00e9sente <em>Un coup de d\u00e9s jamais n&rsquo;abolira le hasard <\/em>de Mallarm\u00e9<\/p>\n\n\n\n<p>12 SEPTEMBRE <strong>MARIE-SABINE ROGER <\/strong><em>T\u00eate en friche <\/em>Ed. Rouergue<\/p>\n\n\n\n<p>27 JUIN <strong>DOMINIQUE VITTOZ <\/strong>pour la traduction du livre <em>Le survivant <\/em>Ed. Flammarion<\/p>\n\n\n\n<p>Prix Rh\u00f4ne-Alpes du livre 2009 \u2013 traduction<\/p>\n\n\n\n<p>18 AVRIL <strong>CHRISTELLE RAVEY <\/strong><em>Etrennes de Russier <\/em>Ed. De la Boucle<\/p>\n\n\n\n<p>21 MARS <strong>LORETTE NOBECOURT <\/strong><em>L&rsquo;usure des jours <\/em>Ed. Grasset<\/p>\n\n\n\n<p class=\"has-text-align-center\"><strong><span style=\"color:#b91717\" class=\"has-inline-color\">2005<\/span><\/strong><\/p>\n\n\n\n<p>15 OCTOBRE <strong>LIRE EN FETE<\/strong><\/p>\n\n\n\n<p><strong>CATHERINE QUEVREMONT <\/strong><em>Les soufflets <\/em>Ed. Marabout<\/p>\n\n\n\n<p><strong>LA NUIT DES LECTEURS <\/strong>Lectures gourmandes \u2013 sc\u00e8ne ouverte aux lectures<\/p>\n\n\n\n<p>17 SEPTEMBRE <strong>JOURNEE DU PATRIMOINE<\/strong><\/p>\n\n\n\n<p><strong>HELIANE BERNARD &amp; ALEXNDRE FAURE <\/strong><em>9 de c\u0153ur&nbsp;: revu num\u00e9ro de septembre<\/em><\/p>\n\n\n\n<p><em>L&rsquo;art postal <\/em>Ed. Seuil<\/p>\n\n\n\n<p>10 SEPTEMBRE <strong>JO\u00cbL EGLOFF <\/strong><em>L&rsquo;\u00e9tourdissement <\/em>Ed. Buchet-Chastel<\/p>\n\n\n\n<p>Prix du Livre Inter 2005<\/p>\n","protected":false},"excerpt":{"rendered":"<p>2010 12 DECEMBRE BENEDICTE APPELS La truffe, m\u00e9tamorphoses d\u00e9licieuses Ed, Gramond 4 DECEMBRE CLAUDIE GALLAY L&rsquo;amour est une \u00eele Ed. Actes Sud 13 NOVEMBRE DENIS JEAMBAR et ANDRE PERLSTEIN Chroniques des ann\u00e9es 70 Ed.Seuil 30 OCTOBRE \u00ab&nbsp;Les Tardives&nbsp;\u00bb BRUNO MABILLE pr\u00e9sente Vladimir Jank\u00e9l\u00e9vitch 11 SEPTEMBRE EMMANUELLE PAGANO L&rsquo;absence d&rsquo;oiseaux d&rsquo;eau [&hellip;]<\/p>\n","protected":false},"author":6,"featured_media":0,"parent":0,"menu_order":0,"comment_status":"closed","ping_status":"closed","template":"","meta":{"footnotes":""},"class_list":["post-4897","page","type-page","status-publish","hentry"],"yoast_head":"<!-- This site is optimized with the Yoast SEO plugin v27.3 - https:\/\/yoast.com\/product\/yoast-seo-wordpress\/ -->\n<title>Et avant - Colophon, Maison de l&#039;Imprimeur<\/title>\n<meta name=\"robots\" content=\"index, follow, max-snippet:-1, max-image-preview:large, max-video-preview:-1\" \/>\n<link rel=\"canonical\" href=\"https:\/\/colophon-grignan.fr\/index.php\/et-avant\/\" \/>\n<meta property=\"og:locale\" content=\"fr_FR\" \/>\n<meta property=\"og:type\" content=\"article\" \/>\n<meta property=\"og:title\" content=\"Et avant - Colophon, Maison de l&#039;Imprimeur\" \/>\n<meta property=\"og:description\" content=\"2010 12 DECEMBRE BENEDICTE APPELS La truffe, m\u00e9tamorphoses d\u00e9licieuses Ed, Gramond 4 DECEMBRE CLAUDIE GALLAY L&rsquo;amour est une \u00eele Ed. Actes Sud 13 NOVEMBRE DENIS JEAMBAR et ANDRE PERLSTEIN Chroniques des ann\u00e9es 70 Ed.Seuil 30 OCTOBRE \u00ab&nbsp;Les Tardives&nbsp;\u00bb BRUNO MABILLE pr\u00e9sente Vladimir Jank\u00e9l\u00e9vitch 11 SEPTEMBRE EMMANUELLE PAGANO L&rsquo;absence d&rsquo;oiseaux d&rsquo;eau [&hellip;]\" \/>\n<meta property=\"og:url\" content=\"https:\/\/colophon-grignan.fr\/index.php\/et-avant\/\" \/>\n<meta property=\"og:site_name\" content=\"Colophon, Maison de l&#039;Imprimeur\" \/>\n<meta property=\"article:publisher\" content=\"https:\/\/www.facebook.com\/colophongrignan\" \/>\n<meta property=\"article:modified_time\" content=\"2021-11-02T15:47:48+00:00\" \/>\n<meta name=\"twitter:card\" content=\"summary_large_image\" \/>\n<meta name=\"twitter:label1\" content=\"Dur\u00e9e de lecture estim\u00e9e\" \/>\n\t<meta name=\"twitter:data1\" content=\"2 minutes\" \/>\n<script type=\"application\/ld+json\" class=\"yoast-schema-graph\">{\"@context\":\"https:\\\/\\\/schema.org\",\"@graph\":[{\"@type\":\"WebPage\",\"@id\":\"https:\\\/\\\/colophon-grignan.fr\\\/index.php\\\/et-avant\\\/\",\"url\":\"https:\\\/\\\/colophon-grignan.fr\\\/index.php\\\/et-avant\\\/\",\"name\":\"Et avant - Colophon, Maison de l&#039;Imprimeur\",\"isPartOf\":{\"@id\":\"https:\\\/\\\/colophon-grignan.fr\\\/#website\"},\"datePublished\":\"2021-11-02T15:32:35+00:00\",\"dateModified\":\"2021-11-02T15:47:48+00:00\",\"breadcrumb\":{\"@id\":\"https:\\\/\\\/colophon-grignan.fr\\\/index.php\\\/et-avant\\\/#breadcrumb\"},\"inLanguage\":\"fr-FR\",\"potentialAction\":[{\"@type\":\"ReadAction\",\"target\":[\"https:\\\/\\\/colophon-grignan.fr\\\/index.php\\\/et-avant\\\/\"]}]},{\"@type\":\"BreadcrumbList\",\"@id\":\"https:\\\/\\\/colophon-grignan.fr\\\/index.php\\\/et-avant\\\/#breadcrumb\",\"itemListElement\":[{\"@type\":\"ListItem\",\"position\":1,\"name\":\"Accueil\",\"item\":\"https:\\\/\\\/colophon-grignan.fr\\\/\"},{\"@type\":\"ListItem\",\"position\":2,\"name\":\"Et avant\"}]},{\"@type\":\"WebSite\",\"@id\":\"https:\\\/\\\/colophon-grignan.fr\\\/#website\",\"url\":\"https:\\\/\\\/colophon-grignan.fr\\\/\",\"name\":\"Colophon - Maison de l&#039;Imprimeur\",\"description\":\"Atelier-Mus\u00e9e &amp; Librairie\",\"publisher\":{\"@id\":\"https:\\\/\\\/colophon-grignan.fr\\\/#organization\"},\"potentialAction\":[{\"@type\":\"SearchAction\",\"target\":{\"@type\":\"EntryPoint\",\"urlTemplate\":\"https:\\\/\\\/colophon-grignan.fr\\\/?s={search_term_string}\"},\"query-input\":{\"@type\":\"PropertyValueSpecification\",\"valueRequired\":true,\"valueName\":\"search_term_string\"}}],\"inLanguage\":\"fr-FR\"},{\"@type\":\"Organization\",\"@id\":\"https:\\\/\\\/colophon-grignan.fr\\\/#organization\",\"name\":\"Colophon - Maison de l'Imprimeur\",\"url\":\"https:\\\/\\\/colophon-grignan.fr\\\/\",\"logo\":{\"@type\":\"ImageObject\",\"inLanguage\":\"fr-FR\",\"@id\":\"https:\\\/\\\/colophon-grignan.fr\\\/#\\\/schema\\\/logo\\\/image\\\/\",\"url\":\"https:\\\/\\\/i0.wp.com\\\/colophon-grignan.fr\\\/wp-content\\\/uploads\\\/2016\\\/12\\\/GRAND-CHAT.gif?fit=474%2C618&ssl=1\",\"contentUrl\":\"https:\\\/\\\/i0.wp.com\\\/colophon-grignan.fr\\\/wp-content\\\/uploads\\\/2016\\\/12\\\/GRAND-CHAT.gif?fit=474%2C618&ssl=1\",\"width\":474,\"height\":618,\"caption\":\"Colophon - Maison de l'Imprimeur\"},\"image\":{\"@id\":\"https:\\\/\\\/colophon-grignan.fr\\\/#\\\/schema\\\/logo\\\/image\\\/\"},\"sameAs\":[\"https:\\\/\\\/www.facebook.com\\\/colophongrignan\",\"https:\\\/\\\/www.pinterest.fr\\\/colophongrignan\\\/\",\"https:\\\/\\\/www.instagram.com\\\/colophon_grignan\\\/\"]}]}<\/script>\n<!-- \/ Yoast SEO plugin. -->","yoast_head_json":{"title":"Et avant - Colophon, Maison de l&#039;Imprimeur","robots":{"index":"index","follow":"follow","max-snippet":"max-snippet:-1","max-image-preview":"max-image-preview:large","max-video-preview":"max-video-preview:-1"},"canonical":"https:\/\/colophon-grignan.fr\/index.php\/et-avant\/","og_locale":"fr_FR","og_type":"article","og_title":"Et avant - Colophon, Maison de l&#039;Imprimeur","og_description":"2010 12 DECEMBRE BENEDICTE APPELS La truffe, m\u00e9tamorphoses d\u00e9licieuses Ed, Gramond 4 DECEMBRE CLAUDIE GALLAY L&rsquo;amour est une \u00eele Ed. Actes Sud 13 NOVEMBRE DENIS JEAMBAR et ANDRE PERLSTEIN Chroniques des ann\u00e9es 70 Ed.Seuil 30 OCTOBRE \u00ab&nbsp;Les Tardives&nbsp;\u00bb BRUNO MABILLE pr\u00e9sente Vladimir Jank\u00e9l\u00e9vitch 11 SEPTEMBRE EMMANUELLE PAGANO L&rsquo;absence d&rsquo;oiseaux d&rsquo;eau [&hellip;]","og_url":"https:\/\/colophon-grignan.fr\/index.php\/et-avant\/","og_site_name":"Colophon, Maison de l&#039;Imprimeur","article_publisher":"https:\/\/www.facebook.com\/colophongrignan","article_modified_time":"2021-11-02T15:47:48+00:00","twitter_card":"summary_large_image","twitter_misc":{"Dur\u00e9e de lecture estim\u00e9e":"2 minutes"},"schema":{"@context":"https:\/\/schema.org","@graph":[{"@type":"WebPage","@id":"https:\/\/colophon-grignan.fr\/index.php\/et-avant\/","url":"https:\/\/colophon-grignan.fr\/index.php\/et-avant\/","name":"Et avant - Colophon, Maison de l&#039;Imprimeur","isPartOf":{"@id":"https:\/\/colophon-grignan.fr\/#website"},"datePublished":"2021-11-02T15:32:35+00:00","dateModified":"2021-11-02T15:47:48+00:00","breadcrumb":{"@id":"https:\/\/colophon-grignan.fr\/index.php\/et-avant\/#breadcrumb"},"inLanguage":"fr-FR","potentialAction":[{"@type":"ReadAction","target":["https:\/\/colophon-grignan.fr\/index.php\/et-avant\/"]}]},{"@type":"BreadcrumbList","@id":"https:\/\/colophon-grignan.fr\/index.php\/et-avant\/#breadcrumb","itemListElement":[{"@type":"ListItem","position":1,"name":"Accueil","item":"https:\/\/colophon-grignan.fr\/"},{"@type":"ListItem","position":2,"name":"Et avant"}]},{"@type":"WebSite","@id":"https:\/\/colophon-grignan.fr\/#website","url":"https:\/\/colophon-grignan.fr\/","name":"Colophon - Maison de l&#039;Imprimeur","description":"Atelier-Mus\u00e9e &amp; Librairie","publisher":{"@id":"https:\/\/colophon-grignan.fr\/#organization"},"potentialAction":[{"@type":"SearchAction","target":{"@type":"EntryPoint","urlTemplate":"https:\/\/colophon-grignan.fr\/?s={search_term_string}"},"query-input":{"@type":"PropertyValueSpecification","valueRequired":true,"valueName":"search_term_string"}}],"inLanguage":"fr-FR"},{"@type":"Organization","@id":"https:\/\/colophon-grignan.fr\/#organization","name":"Colophon - Maison de l'Imprimeur","url":"https:\/\/colophon-grignan.fr\/","logo":{"@type":"ImageObject","inLanguage":"fr-FR","@id":"https:\/\/colophon-grignan.fr\/#\/schema\/logo\/image\/","url":"https:\/\/i0.wp.com\/colophon-grignan.fr\/wp-content\/uploads\/2016\/12\/GRAND-CHAT.gif?fit=474%2C618&ssl=1","contentUrl":"https:\/\/i0.wp.com\/colophon-grignan.fr\/wp-content\/uploads\/2016\/12\/GRAND-CHAT.gif?fit=474%2C618&ssl=1","width":474,"height":618,"caption":"Colophon - Maison de l'Imprimeur"},"image":{"@id":"https:\/\/colophon-grignan.fr\/#\/schema\/logo\/image\/"},"sameAs":["https:\/\/www.facebook.com\/colophongrignan","https:\/\/www.pinterest.fr\/colophongrignan\/","https:\/\/www.instagram.com\/colophon_grignan\/"]}]}},"_links":{"self":[{"href":"https:\/\/colophon-grignan.fr\/index.php\/wp-json\/wp\/v2\/pages\/4897","targetHints":{"allow":["GET"]}}],"collection":[{"href":"https:\/\/colophon-grignan.fr\/index.php\/wp-json\/wp\/v2\/pages"}],"about":[{"href":"https:\/\/colophon-grignan.fr\/index.php\/wp-json\/wp\/v2\/types\/page"}],"author":[{"embeddable":true,"href":"https:\/\/colophon-grignan.fr\/index.php\/wp-json\/wp\/v2\/users\/6"}],"replies":[{"embeddable":true,"href":"https:\/\/colophon-grignan.fr\/index.php\/wp-json\/wp\/v2\/comments?post=4897"}],"version-history":[{"count":4,"href":"https:\/\/colophon-grignan.fr\/index.php\/wp-json\/wp\/v2\/pages\/4897\/revisions"}],"predecessor-version":[{"id":4905,"href":"https:\/\/colophon-grignan.fr\/index.php\/wp-json\/wp\/v2\/pages\/4897\/revisions\/4905"}],"wp:attachment":[{"href":"https:\/\/colophon-grignan.fr\/index.php\/wp-json\/wp\/v2\/media?parent=4897"}],"curies":[{"name":"wp","href":"https:\/\/api.w.org\/{rel}","templated":true}]}}