{"id":613,"date":"2016-02-05T13:34:27","date_gmt":"2016-02-05T12:34:27","guid":{"rendered":"http:\/\/colophon-grignan.fr\/?page_id=613"},"modified":"2019-03-15T15:21:05","modified_gmt":"2019-03-15T14:21:05","slug":"2015-4","status":"publish","type":"page","link":"https:\/\/colophon-grignan.fr\/index.php\/2015-4\/","title":{"rendered":"IIe titre 2015"},"content":{"rendered":"<p><script><br \/>\n  (function(i,s,o,g,r,a,m){i['GoogleAnalyticsObject']=r;i[r]=i[r]||function(){<br \/>\n  (i[r].q=i[r].q||[]).push(arguments)},i[r].l=1*new Date();a=s.createElement(o),<br \/>\n  m=s.getElementsByTagName(o)[0];a.async=1;a.src=g;m.parentNode.insertBefore(a,m)<br \/>\n  })(window,document,'script','https:\/\/www.google-analytics.com\/analytics.js','ga');<\/p>\n<p>  ga('create', 'UA-16502080-2', 'auto');<br \/>\n  ga('send', 'pageview');<\/p>\n<p><\/script><\/p>\n<h2>RENCONTRES DU IIe TITRE,<br \/>\nle deuxi\u00e8me roman : une entr\u00e9e en litt\u00e9rature<\/h2>\n<p>&nbsp;<\/p>\n<h2><img loading=\"lazy\" decoding=\"async\" class=\"alignnone size-thumbnail wp-image-1664\" src=\"https:\/\/colophon-grignan.fr\/wp-content\/uploads\/2018\/10\/IIe-titre-Titre-150x150.jpg\" alt=\"\" width=\"150\" height=\"150\" srcset=\"https:\/\/colophon-grignan.fr\/wp-content\/uploads\/2018\/10\/IIe-titre-Titre-150x150.jpg 150w, https:\/\/colophon-grignan.fr\/wp-content\/uploads\/2018\/10\/IIe-titre-Titre-230x230.jpg 230w, https:\/\/colophon-grignan.fr\/wp-content\/uploads\/2018\/10\/IIe-titre-Titre-160x160.jpg 160w, https:\/\/colophon-grignan.fr\/wp-content\/uploads\/2018\/10\/IIe-titre-Titre-300x300.jpg 300w, https:\/\/colophon-grignan.fr\/wp-content\/uploads\/2018\/10\/IIe-titre-Titre-140x140.jpg 140w\" sizes=\"auto, (max-width: 150px) 100vw, 150px\" \/>2015<\/h2>\n<p>Le comit\u00e9 de lecture a lu 18 livres<\/p>\n<p>Rencontres samedi 16 et dimanche 17 mai 2015<\/p>\n<p>Ecrivains invit\u00e9s<\/p>\n<p><img loading=\"lazy\" decoding=\"async\" class=\"size-thumbnail wp-image-1670\" src=\"https:\/\/colophon-grignan.fr\/wp-content\/uploads\/2018\/10\/P5170059-150x150.jpg\" alt=\"\" width=\"150\" height=\"150\" srcset=\"https:\/\/colophon-grignan.fr\/wp-content\/uploads\/2018\/10\/P5170059-150x150.jpg 150w, https:\/\/colophon-grignan.fr\/wp-content\/uploads\/2018\/10\/P5170059-230x230.jpg 230w, https:\/\/colophon-grignan.fr\/wp-content\/uploads\/2018\/10\/P5170059-160x160.jpg 160w, https:\/\/colophon-grignan.fr\/wp-content\/uploads\/2018\/10\/P5170059-300x300.jpg 300w, https:\/\/colophon-grignan.fr\/wp-content\/uploads\/2018\/10\/P5170059-140x140.jpg 140w\" sizes=\"auto, (max-width: 150px) 100vw, 150px\" \/><\/p>\n<p><strong>CHRISTIAN ASTOLFI<\/strong> <em>Une peine capitale<\/em> Editions Flammarion<br \/>\n<strong>LUCILE BORDES<\/strong> <em>D\u00e9corama<\/em> Editions Liana L\u00e9vi<br \/>\n<strong>SANDRINE COLLETTE<\/strong> <em>Un vent de cendres<\/em> Editions Deno\u00ebl<br \/>\n<strong>BRUNO D&rsquo;HALLUIN<\/strong> <em>L&rsquo;\u00e9gar\u00e9 de Lisbonne<\/em> Editions Ga\u00efa<\/p>\n<p>Pr\u00e9sidente du jury <strong>FABIENNE JACOB<\/strong><br \/>\nD\u00e9lib\u00e9rations le 25 avril<\/p>\n<p>&nbsp;<\/p>\n<p><img loading=\"lazy\" decoding=\"async\" class=\"size-thumbnail wp-image-1671\" src=\"https:\/\/colophon-grignan.fr\/wp-content\/uploads\/2018\/10\/P5170077-Copie-150x150.jpg\" alt=\"\" width=\"150\" height=\"150\" srcset=\"https:\/\/colophon-grignan.fr\/wp-content\/uploads\/2018\/10\/P5170077-Copie-150x150.jpg 150w, https:\/\/colophon-grignan.fr\/wp-content\/uploads\/2018\/10\/P5170077-Copie-230x230.jpg 230w, https:\/\/colophon-grignan.fr\/wp-content\/uploads\/2018\/10\/P5170077-Copie-160x160.jpg 160w, https:\/\/colophon-grignan.fr\/wp-content\/uploads\/2018\/10\/P5170077-Copie-300x300.jpg 300w, https:\/\/colophon-grignan.fr\/wp-content\/uploads\/2018\/10\/P5170077-Copie-140x140.jpg 140w\" sizes=\"auto, (max-width: 150px) 100vw, 150px\" \/><\/p>\n<p>Prix <em>Rencontres du IIe titre 2015<\/em><strong>&nbsp;Une peine capitale<\/strong><\/p>\n<p class=\"wp-caption-dd\">\n","protected":false},"excerpt":{"rendered":"<p>RENCONTRES DU IIe TITRE, le deuxi\u00e8me roman : une entr\u00e9e en litt\u00e9rature &nbsp; 2015 Le comit\u00e9 de lecture a lu 18 livres Rencontres samedi 16 et dimanche 17 mai 2015 Ecrivains invit\u00e9s CHRISTIAN ASTOLFI Une peine capitale Editions Flammarion LUCILE BORDES D\u00e9corama Editions Liana L\u00e9vi SANDRINE COLLETTE Un vent de [&hellip;]<\/p>\n","protected":false},"author":6,"featured_media":0,"parent":0,"menu_order":0,"comment_status":"closed","ping_status":"closed","template":"","meta":{"footnotes":""},"class_list":["post-613","page","type-page","status-publish","hentry"],"yoast_head":"<!-- This site is optimized with the Yoast SEO plugin v27.3 - https:\/\/yoast.com\/product\/yoast-seo-wordpress\/ -->\n<title>IIe titre 2015 - Colophon, Maison de l&#039;Imprimeur<\/title>\n<meta name=\"robots\" content=\"index, follow, max-snippet:-1, max-image-preview:large, max-video-preview:-1\" \/>\n<link rel=\"canonical\" href=\"https:\/\/colophon-grignan.fr\/index.php\/2015-4\/\" \/>\n<meta property=\"og:locale\" content=\"fr_FR\" \/>\n<meta property=\"og:type\" content=\"article\" \/>\n<meta property=\"og:title\" content=\"IIe titre 2015 - Colophon, Maison de l&#039;Imprimeur\" \/>\n<meta property=\"og:description\" content=\"RENCONTRES DU IIe TITRE, le deuxi\u00e8me roman : une entr\u00e9e en litt\u00e9rature &nbsp; 2015 Le comit\u00e9 de lecture a lu 18 livres Rencontres samedi 16 et dimanche 17 mai 2015 Ecrivains invit\u00e9s CHRISTIAN ASTOLFI Une peine capitale Editions Flammarion LUCILE BORDES D\u00e9corama Editions Liana L\u00e9vi SANDRINE COLLETTE Un vent de [&hellip;]\" \/>\n<meta property=\"og:url\" content=\"https:\/\/colophon-grignan.fr\/index.php\/2015-4\/\" \/>\n<meta property=\"og:site_name\" content=\"Colophon, Maison de l&#039;Imprimeur\" \/>\n<meta property=\"article:publisher\" content=\"https:\/\/www.facebook.com\/colophongrignan\" \/>\n<meta property=\"article:modified_time\" content=\"2019-03-15T14:21:05+00:00\" \/>\n<meta property=\"og:image\" content=\"https:\/\/colophon-grignan.fr\/wp-content\/uploads\/2018\/10\/IIe-titre-Titre-150x150.jpg\" \/>\n<meta name=\"twitter:card\" content=\"summary_large_image\" \/>\n<script type=\"application\/ld+json\" class=\"yoast-schema-graph\">{\"@context\":\"https:\\\/\\\/schema.org\",\"@graph\":[{\"@type\":\"WebPage\",\"@id\":\"https:\\\/\\\/colophon-grignan.fr\\\/index.php\\\/2015-4\\\/\",\"url\":\"https:\\\/\\\/colophon-grignan.fr\\\/index.php\\\/2015-4\\\/\",\"name\":\"IIe titre 2015 - Colophon, Maison de l&#039;Imprimeur\",\"isPartOf\":{\"@id\":\"https:\\\/\\\/colophon-grignan.fr\\\/#website\"},\"primaryImageOfPage\":{\"@id\":\"https:\\\/\\\/colophon-grignan.fr\\\/index.php\\\/2015-4\\\/#primaryimage\"},\"image\":{\"@id\":\"https:\\\/\\\/colophon-grignan.fr\\\/index.php\\\/2015-4\\\/#primaryimage\"},\"thumbnailUrl\":\"https:\\\/\\\/colophon-grignan.fr\\\/wp-content\\\/uploads\\\/2018\\\/10\\\/IIe-titre-Titre-150x150.jpg\",\"datePublished\":\"2016-02-05T12:34:27+00:00\",\"dateModified\":\"2019-03-15T14:21:05+00:00\",\"breadcrumb\":{\"@id\":\"https:\\\/\\\/colophon-grignan.fr\\\/index.php\\\/2015-4\\\/#breadcrumb\"},\"inLanguage\":\"fr-FR\",\"potentialAction\":[{\"@type\":\"ReadAction\",\"target\":[\"https:\\\/\\\/colophon-grignan.fr\\\/index.php\\\/2015-4\\\/\"]}]},{\"@type\":\"ImageObject\",\"inLanguage\":\"fr-FR\",\"@id\":\"https:\\\/\\\/colophon-grignan.fr\\\/index.php\\\/2015-4\\\/#primaryimage\",\"url\":\"https:\\\/\\\/colophon-grignan.fr\\\/wp-content\\\/uploads\\\/2018\\\/10\\\/IIe-titre-Titre.jpg\",\"contentUrl\":\"https:\\\/\\\/colophon-grignan.fr\\\/wp-content\\\/uploads\\\/2018\\\/10\\\/IIe-titre-Titre.jpg\",\"width\":809,\"height\":905},{\"@type\":\"BreadcrumbList\",\"@id\":\"https:\\\/\\\/colophon-grignan.fr\\\/index.php\\\/2015-4\\\/#breadcrumb\",\"itemListElement\":[{\"@type\":\"ListItem\",\"position\":1,\"name\":\"Accueil\",\"item\":\"https:\\\/\\\/colophon-grignan.fr\\\/\"},{\"@type\":\"ListItem\",\"position\":2,\"name\":\"IIe titre 2015\"}]},{\"@type\":\"WebSite\",\"@id\":\"https:\\\/\\\/colophon-grignan.fr\\\/#website\",\"url\":\"https:\\\/\\\/colophon-grignan.fr\\\/\",\"name\":\"Colophon - Maison de l&#039;Imprimeur\",\"description\":\"Atelier-Mus\u00e9e &amp; Librairie\",\"publisher\":{\"@id\":\"https:\\\/\\\/colophon-grignan.fr\\\/#organization\"},\"potentialAction\":[{\"@type\":\"SearchAction\",\"target\":{\"@type\":\"EntryPoint\",\"urlTemplate\":\"https:\\\/\\\/colophon-grignan.fr\\\/?s={search_term_string}\"},\"query-input\":{\"@type\":\"PropertyValueSpecification\",\"valueRequired\":true,\"valueName\":\"search_term_string\"}}],\"inLanguage\":\"fr-FR\"},{\"@type\":\"Organization\",\"@id\":\"https:\\\/\\\/colophon-grignan.fr\\\/#organization\",\"name\":\"Colophon - Maison de l'Imprimeur\",\"url\":\"https:\\\/\\\/colophon-grignan.fr\\\/\",\"logo\":{\"@type\":\"ImageObject\",\"inLanguage\":\"fr-FR\",\"@id\":\"https:\\\/\\\/colophon-grignan.fr\\\/#\\\/schema\\\/logo\\\/image\\\/\",\"url\":\"https:\\\/\\\/i0.wp.com\\\/colophon-grignan.fr\\\/wp-content\\\/uploads\\\/2016\\\/12\\\/GRAND-CHAT.gif?fit=474%2C618&ssl=1\",\"contentUrl\":\"https:\\\/\\\/i0.wp.com\\\/colophon-grignan.fr\\\/wp-content\\\/uploads\\\/2016\\\/12\\\/GRAND-CHAT.gif?fit=474%2C618&ssl=1\",\"width\":474,\"height\":618,\"caption\":\"Colophon - Maison de l'Imprimeur\"},\"image\":{\"@id\":\"https:\\\/\\\/colophon-grignan.fr\\\/#\\\/schema\\\/logo\\\/image\\\/\"},\"sameAs\":[\"https:\\\/\\\/www.facebook.com\\\/colophongrignan\",\"https:\\\/\\\/www.pinterest.fr\\\/colophongrignan\\\/\",\"https:\\\/\\\/www.instagram.com\\\/colophon_grignan\\\/\"]}]}<\/script>\n<!-- \/ Yoast SEO plugin. -->","yoast_head_json":{"title":"IIe titre 2015 - Colophon, Maison de l&#039;Imprimeur","robots":{"index":"index","follow":"follow","max-snippet":"max-snippet:-1","max-image-preview":"max-image-preview:large","max-video-preview":"max-video-preview:-1"},"canonical":"https:\/\/colophon-grignan.fr\/index.php\/2015-4\/","og_locale":"fr_FR","og_type":"article","og_title":"IIe titre 2015 - Colophon, Maison de l&#039;Imprimeur","og_description":"RENCONTRES DU IIe TITRE, le deuxi\u00e8me roman : une entr\u00e9e en litt\u00e9rature &nbsp; 2015 Le comit\u00e9 de lecture a lu 18 livres Rencontres samedi 16 et dimanche 17 mai 2015 Ecrivains invit\u00e9s CHRISTIAN ASTOLFI Une peine capitale Editions Flammarion LUCILE BORDES D\u00e9corama Editions Liana L\u00e9vi SANDRINE COLLETTE Un vent de [&hellip;]","og_url":"https:\/\/colophon-grignan.fr\/index.php\/2015-4\/","og_site_name":"Colophon, Maison de l&#039;Imprimeur","article_publisher":"https:\/\/www.facebook.com\/colophongrignan","article_modified_time":"2019-03-15T14:21:05+00:00","og_image":[{"url":"https:\/\/colophon-grignan.fr\/wp-content\/uploads\/2018\/10\/IIe-titre-Titre-150x150.jpg","type":"","width":"","height":""}],"twitter_card":"summary_large_image","schema":{"@context":"https:\/\/schema.org","@graph":[{"@type":"WebPage","@id":"https:\/\/colophon-grignan.fr\/index.php\/2015-4\/","url":"https:\/\/colophon-grignan.fr\/index.php\/2015-4\/","name":"IIe titre 2015 - Colophon, Maison de l&#039;Imprimeur","isPartOf":{"@id":"https:\/\/colophon-grignan.fr\/#website"},"primaryImageOfPage":{"@id":"https:\/\/colophon-grignan.fr\/index.php\/2015-4\/#primaryimage"},"image":{"@id":"https:\/\/colophon-grignan.fr\/index.php\/2015-4\/#primaryimage"},"thumbnailUrl":"https:\/\/colophon-grignan.fr\/wp-content\/uploads\/2018\/10\/IIe-titre-Titre-150x150.jpg","datePublished":"2016-02-05T12:34:27+00:00","dateModified":"2019-03-15T14:21:05+00:00","breadcrumb":{"@id":"https:\/\/colophon-grignan.fr\/index.php\/2015-4\/#breadcrumb"},"inLanguage":"fr-FR","potentialAction":[{"@type":"ReadAction","target":["https:\/\/colophon-grignan.fr\/index.php\/2015-4\/"]}]},{"@type":"ImageObject","inLanguage":"fr-FR","@id":"https:\/\/colophon-grignan.fr\/index.php\/2015-4\/#primaryimage","url":"https:\/\/colophon-grignan.fr\/wp-content\/uploads\/2018\/10\/IIe-titre-Titre.jpg","contentUrl":"https:\/\/colophon-grignan.fr\/wp-content\/uploads\/2018\/10\/IIe-titre-Titre.jpg","width":809,"height":905},{"@type":"BreadcrumbList","@id":"https:\/\/colophon-grignan.fr\/index.php\/2015-4\/#breadcrumb","itemListElement":[{"@type":"ListItem","position":1,"name":"Accueil","item":"https:\/\/colophon-grignan.fr\/"},{"@type":"ListItem","position":2,"name":"IIe titre 2015"}]},{"@type":"WebSite","@id":"https:\/\/colophon-grignan.fr\/#website","url":"https:\/\/colophon-grignan.fr\/","name":"Colophon - Maison de l&#039;Imprimeur","description":"Atelier-Mus\u00e9e &amp; Librairie","publisher":{"@id":"https:\/\/colophon-grignan.fr\/#organization"},"potentialAction":[{"@type":"SearchAction","target":{"@type":"EntryPoint","urlTemplate":"https:\/\/colophon-grignan.fr\/?s={search_term_string}"},"query-input":{"@type":"PropertyValueSpecification","valueRequired":true,"valueName":"search_term_string"}}],"inLanguage":"fr-FR"},{"@type":"Organization","@id":"https:\/\/colophon-grignan.fr\/#organization","name":"Colophon - Maison de l'Imprimeur","url":"https:\/\/colophon-grignan.fr\/","logo":{"@type":"ImageObject","inLanguage":"fr-FR","@id":"https:\/\/colophon-grignan.fr\/#\/schema\/logo\/image\/","url":"https:\/\/i0.wp.com\/colophon-grignan.fr\/wp-content\/uploads\/2016\/12\/GRAND-CHAT.gif?fit=474%2C618&ssl=1","contentUrl":"https:\/\/i0.wp.com\/colophon-grignan.fr\/wp-content\/uploads\/2016\/12\/GRAND-CHAT.gif?fit=474%2C618&ssl=1","width":474,"height":618,"caption":"Colophon - Maison de l'Imprimeur"},"image":{"@id":"https:\/\/colophon-grignan.fr\/#\/schema\/logo\/image\/"},"sameAs":["https:\/\/www.facebook.com\/colophongrignan","https:\/\/www.pinterest.fr\/colophongrignan\/","https:\/\/www.instagram.com\/colophon_grignan\/"]}]}},"_links":{"self":[{"href":"https:\/\/colophon-grignan.fr\/index.php\/wp-json\/wp\/v2\/pages\/613","targetHints":{"allow":["GET"]}}],"collection":[{"href":"https:\/\/colophon-grignan.fr\/index.php\/wp-json\/wp\/v2\/pages"}],"about":[{"href":"https:\/\/colophon-grignan.fr\/index.php\/wp-json\/wp\/v2\/types\/page"}],"author":[{"embeddable":true,"href":"https:\/\/colophon-grignan.fr\/index.php\/wp-json\/wp\/v2\/users\/6"}],"replies":[{"embeddable":true,"href":"https:\/\/colophon-grignan.fr\/index.php\/wp-json\/wp\/v2\/comments?post=613"}],"version-history":[{"count":0,"href":"https:\/\/colophon-grignan.fr\/index.php\/wp-json\/wp\/v2\/pages\/613\/revisions"}],"wp:attachment":[{"href":"https:\/\/colophon-grignan.fr\/index.php\/wp-json\/wp\/v2\/media?parent=613"}],"curies":[{"name":"wp","href":"https:\/\/api.w.org\/{rel}","templated":true}]}}