{"id":2187,"date":"2019-03-21T17:51:51","date_gmt":"2019-03-21T16:51:51","guid":{"rendered":"https:\/\/colophon-grignan.fr\/?post_type=product&#038;p=2187"},"modified":"2024-08-31T13:31:56","modified_gmt":"2024-08-31T11:31:56","slug":"carnet-fait-main-on-the-road","status":"publish","type":"product","link":"https:\/\/colophon-grignan.fr\/index.php\/produit\/carnet-fait-main-on-the-road\/","title":{"rendered":"On the Road"},"content":{"rendered":"<p>Carnet de voyage fait main avec carte routi\u00e8re pour couverture. Choix de coloris disponible. Le papier int\u00e9rieur et le morceau de carte changent selon les stocks, chutes de papier&#8230;<\/p>\n","protected":false},"excerpt":{"rendered":"<p>Carnet de voyage fait main avec carte routi\u00e8re pour couverture.<\/p>\n","protected":false},"featured_media":3674,"comment_status":"closed","ping_status":"closed","template":"","meta":[],"product_brand":[],"product_cat":[19],"product_tag":[],"class_list":{"0":"post-2187","1":"product","2":"type-product","3":"status-publish","4":"has-post-thumbnail","6":"product_cat-carnets-marque-pages","8":"first","9":"onbackorder","10":"shipping-taxable","11":"purchasable","12":"product-type-variable"},"yoast_head":"<!-- This site is optimized with the Yoast SEO plugin v27.3 - https:\/\/yoast.com\/product\/yoast-seo-wordpress\/ -->\n<title>Carnet artisanal On the Road - Colophon, Maison de l&#039;Imprimeur<\/title>\n<meta name=\"description\" content=\"Carnet de route artisanal r\u00e9alis\u00e9 \u00e0 la main et imprim\u00e9 en typographie avec une carte routi\u00e8re en couverture. Id\u00e9e cadeau original et insolite\" \/>\n<meta name=\"robots\" content=\"index, follow, max-snippet:-1, max-image-preview:large, max-video-preview:-1\" \/>\n<link rel=\"canonical\" href=\"https:\/\/colophon-grignan.fr\/index.php\/produit\/carnet-fait-main-on-the-road\/\" \/>\n<meta property=\"og:locale\" content=\"fr_FR\" \/>\n<meta property=\"og:type\" content=\"article\" \/>\n<meta property=\"og:title\" content=\"Carnet artisanal On the Road - Colophon, Maison de l&#039;Imprimeur\" \/>\n<meta property=\"og:description\" content=\"Carnet de route artisanal r\u00e9alis\u00e9 \u00e0 la main et imprim\u00e9 en typographie avec une carte routi\u00e8re en couverture. Id\u00e9e cadeau original et insolite\" \/>\n<meta property=\"og:url\" content=\"https:\/\/colophon-grignan.fr\/index.php\/produit\/carnet-fait-main-on-the-road\/\" \/>\n<meta property=\"og:site_name\" content=\"Colophon, Maison de l&#039;Imprimeur\" \/>\n<meta property=\"article:publisher\" content=\"https:\/\/www.facebook.com\/colophongrignan\" \/>\n<meta property=\"article:modified_time\" content=\"2024-08-31T11:31:56+00:00\" \/>\n<meta property=\"og:image\" content=\"https:\/\/colophon-grignan.fr\/wp-content\/uploads\/2019\/12\/carnet-fait-main-on-the-road-saumon-scaled.jpg\" \/>\n\t<meta property=\"og:image:width\" content=\"1024\" \/>\n\t<meta property=\"og:image:height\" content=\"548\" \/>\n\t<meta property=\"og:image:type\" content=\"image\/jpeg\" \/>\n<meta name=\"twitter:card\" content=\"summary_large_image\" \/>\n<meta name=\"twitter:label1\" content=\"Dur\u00e9e de lecture estim\u00e9e\" \/>\n\t<meta name=\"twitter:data1\" content=\"1 minute\" \/>\n<script type=\"application\/ld+json\" class=\"yoast-schema-graph\">{\"@context\":\"https:\\\/\\\/schema.org\",\"@graph\":[{\"@type\":\"WebPage\",\"@id\":\"https:\\\/\\\/colophon-grignan.fr\\\/index.php\\\/produit\\\/carnet-fait-main-on-the-road\\\/\",\"url\":\"https:\\\/\\\/colophon-grignan.fr\\\/index.php\\\/produit\\\/carnet-fait-main-on-the-road\\\/\",\"name\":\"Carnet artisanal On the Road - Colophon, Maison de l&#039;Imprimeur\",\"isPartOf\":{\"@id\":\"https:\\\/\\\/colophon-grignan.fr\\\/#website\"},\"primaryImageOfPage\":{\"@id\":\"https:\\\/\\\/colophon-grignan.fr\\\/index.php\\\/produit\\\/carnet-fait-main-on-the-road\\\/#primaryimage\"},\"image\":{\"@id\":\"https:\\\/\\\/colophon-grignan.fr\\\/index.php\\\/produit\\\/carnet-fait-main-on-the-road\\\/#primaryimage\"},\"thumbnailUrl\":\"https:\\\/\\\/colophon-grignan.fr\\\/wp-content\\\/uploads\\\/2019\\\/12\\\/carnet-fait-main-on-the-road-saumon-scaled.jpg\",\"datePublished\":\"2019-03-21T16:51:51+00:00\",\"dateModified\":\"2024-08-31T11:31:56+00:00\",\"description\":\"Carnet de route artisanal r\u00e9alis\u00e9 \u00e0 la main et imprim\u00e9 en typographie avec une carte routi\u00e8re en couverture. Id\u00e9e cadeau original et insolite\",\"breadcrumb\":{\"@id\":\"https:\\\/\\\/colophon-grignan.fr\\\/index.php\\\/produit\\\/carnet-fait-main-on-the-road\\\/#breadcrumb\"},\"inLanguage\":\"fr-FR\",\"potentialAction\":[{\"@type\":\"ReadAction\",\"target\":[\"https:\\\/\\\/colophon-grignan.fr\\\/index.php\\\/produit\\\/carnet-fait-main-on-the-road\\\/\"]}]},{\"@type\":\"ImageObject\",\"inLanguage\":\"fr-FR\",\"@id\":\"https:\\\/\\\/colophon-grignan.fr\\\/index.php\\\/produit\\\/carnet-fait-main-on-the-road\\\/#primaryimage\",\"url\":\"https:\\\/\\\/colophon-grignan.fr\\\/wp-content\\\/uploads\\\/2019\\\/12\\\/carnet-fait-main-on-the-road-saumon-scaled.jpg\",\"contentUrl\":\"https:\\\/\\\/colophon-grignan.fr\\\/wp-content\\\/uploads\\\/2019\\\/12\\\/carnet-fait-main-on-the-road-saumon-scaled.jpg\",\"width\":1024,\"height\":548},{\"@type\":\"BreadcrumbList\",\"@id\":\"https:\\\/\\\/colophon-grignan.fr\\\/index.php\\\/produit\\\/carnet-fait-main-on-the-road\\\/#breadcrumb\",\"itemListElement\":[{\"@type\":\"ListItem\",\"position\":1,\"name\":\"Accueil\",\"item\":\"https:\\\/\\\/colophon-grignan.fr\\\/\"},{\"@type\":\"ListItem\",\"position\":2,\"name\":\"\u00c9ditions &#038; Boutique Letterpress\",\"item\":\"https:\\\/\\\/colophon-grignan.fr\\\/index.php\\\/boutique-letterpress\\\/\"},{\"@type\":\"ListItem\",\"position\":3,\"name\":\"On the Road\"}]},{\"@type\":\"WebSite\",\"@id\":\"https:\\\/\\\/colophon-grignan.fr\\\/#website\",\"url\":\"https:\\\/\\\/colophon-grignan.fr\\\/\",\"name\":\"Colophon - Maison de l&#039;Imprimeur\",\"description\":\"Atelier-Mus\u00e9e &amp; Librairie\",\"publisher\":{\"@id\":\"https:\\\/\\\/colophon-grignan.fr\\\/#organization\"},\"potentialAction\":[{\"@type\":\"SearchAction\",\"target\":{\"@type\":\"EntryPoint\",\"urlTemplate\":\"https:\\\/\\\/colophon-grignan.fr\\\/?s={search_term_string}\"},\"query-input\":{\"@type\":\"PropertyValueSpecification\",\"valueRequired\":true,\"valueName\":\"search_term_string\"}}],\"inLanguage\":\"fr-FR\"},{\"@type\":\"Organization\",\"@id\":\"https:\\\/\\\/colophon-grignan.fr\\\/#organization\",\"name\":\"Colophon - Maison de l'Imprimeur\",\"url\":\"https:\\\/\\\/colophon-grignan.fr\\\/\",\"logo\":{\"@type\":\"ImageObject\",\"inLanguage\":\"fr-FR\",\"@id\":\"https:\\\/\\\/colophon-grignan.fr\\\/#\\\/schema\\\/logo\\\/image\\\/\",\"url\":\"https:\\\/\\\/i0.wp.com\\\/colophon-grignan.fr\\\/wp-content\\\/uploads\\\/2016\\\/12\\\/GRAND-CHAT.gif?fit=474%2C618&ssl=1\",\"contentUrl\":\"https:\\\/\\\/i0.wp.com\\\/colophon-grignan.fr\\\/wp-content\\\/uploads\\\/2016\\\/12\\\/GRAND-CHAT.gif?fit=474%2C618&ssl=1\",\"width\":474,\"height\":618,\"caption\":\"Colophon - Maison de l'Imprimeur\"},\"image\":{\"@id\":\"https:\\\/\\\/colophon-grignan.fr\\\/#\\\/schema\\\/logo\\\/image\\\/\"},\"sameAs\":[\"https:\\\/\\\/www.facebook.com\\\/colophongrignan\",\"https:\\\/\\\/www.pinterest.fr\\\/colophongrignan\\\/\",\"https:\\\/\\\/www.instagram.com\\\/colophon_grignan\\\/\"]}]}<\/script>\n<!-- \/ Yoast SEO plugin. -->","yoast_head_json":{"title":"Carnet artisanal On the Road - Colophon, Maison de l&#039;Imprimeur","description":"Carnet de route artisanal r\u00e9alis\u00e9 \u00e0 la main et imprim\u00e9 en typographie avec une carte routi\u00e8re en couverture. Id\u00e9e cadeau original et insolite","robots":{"index":"index","follow":"follow","max-snippet":"max-snippet:-1","max-image-preview":"max-image-preview:large","max-video-preview":"max-video-preview:-1"},"canonical":"https:\/\/colophon-grignan.fr\/index.php\/produit\/carnet-fait-main-on-the-road\/","og_locale":"fr_FR","og_type":"article","og_title":"Carnet artisanal On the Road - Colophon, Maison de l&#039;Imprimeur","og_description":"Carnet de route artisanal r\u00e9alis\u00e9 \u00e0 la main et imprim\u00e9 en typographie avec une carte routi\u00e8re en couverture. Id\u00e9e cadeau original et insolite","og_url":"https:\/\/colophon-grignan.fr\/index.php\/produit\/carnet-fait-main-on-the-road\/","og_site_name":"Colophon, Maison de l&#039;Imprimeur","article_publisher":"https:\/\/www.facebook.com\/colophongrignan","article_modified_time":"2024-08-31T11:31:56+00:00","og_image":[{"width":1024,"height":548,"url":"https:\/\/colophon-grignan.fr\/wp-content\/uploads\/2019\/12\/carnet-fait-main-on-the-road-saumon-scaled.jpg","type":"image\/jpeg"}],"twitter_card":"summary_large_image","twitter_misc":{"Dur\u00e9e de lecture estim\u00e9e":"1 minute"},"schema":{"@context":"https:\/\/schema.org","@graph":[{"@type":"WebPage","@id":"https:\/\/colophon-grignan.fr\/index.php\/produit\/carnet-fait-main-on-the-road\/","url":"https:\/\/colophon-grignan.fr\/index.php\/produit\/carnet-fait-main-on-the-road\/","name":"Carnet artisanal On the Road - Colophon, Maison de l&#039;Imprimeur","isPartOf":{"@id":"https:\/\/colophon-grignan.fr\/#website"},"primaryImageOfPage":{"@id":"https:\/\/colophon-grignan.fr\/index.php\/produit\/carnet-fait-main-on-the-road\/#primaryimage"},"image":{"@id":"https:\/\/colophon-grignan.fr\/index.php\/produit\/carnet-fait-main-on-the-road\/#primaryimage"},"thumbnailUrl":"https:\/\/colophon-grignan.fr\/wp-content\/uploads\/2019\/12\/carnet-fait-main-on-the-road-saumon-scaled.jpg","datePublished":"2019-03-21T16:51:51+00:00","dateModified":"2024-08-31T11:31:56+00:00","description":"Carnet de route artisanal r\u00e9alis\u00e9 \u00e0 la main et imprim\u00e9 en typographie avec une carte routi\u00e8re en couverture. Id\u00e9e cadeau original et insolite","breadcrumb":{"@id":"https:\/\/colophon-grignan.fr\/index.php\/produit\/carnet-fait-main-on-the-road\/#breadcrumb"},"inLanguage":"fr-FR","potentialAction":[{"@type":"ReadAction","target":["https:\/\/colophon-grignan.fr\/index.php\/produit\/carnet-fait-main-on-the-road\/"]}]},{"@type":"ImageObject","inLanguage":"fr-FR","@id":"https:\/\/colophon-grignan.fr\/index.php\/produit\/carnet-fait-main-on-the-road\/#primaryimage","url":"https:\/\/colophon-grignan.fr\/wp-content\/uploads\/2019\/12\/carnet-fait-main-on-the-road-saumon-scaled.jpg","contentUrl":"https:\/\/colophon-grignan.fr\/wp-content\/uploads\/2019\/12\/carnet-fait-main-on-the-road-saumon-scaled.jpg","width":1024,"height":548},{"@type":"BreadcrumbList","@id":"https:\/\/colophon-grignan.fr\/index.php\/produit\/carnet-fait-main-on-the-road\/#breadcrumb","itemListElement":[{"@type":"ListItem","position":1,"name":"Accueil","item":"https:\/\/colophon-grignan.fr\/"},{"@type":"ListItem","position":2,"name":"\u00c9ditions &#038; Boutique Letterpress","item":"https:\/\/colophon-grignan.fr\/index.php\/boutique-letterpress\/"},{"@type":"ListItem","position":3,"name":"On the Road"}]},{"@type":"WebSite","@id":"https:\/\/colophon-grignan.fr\/#website","url":"https:\/\/colophon-grignan.fr\/","name":"Colophon - Maison de l&#039;Imprimeur","description":"Atelier-Mus\u00e9e &amp; Librairie","publisher":{"@id":"https:\/\/colophon-grignan.fr\/#organization"},"potentialAction":[{"@type":"SearchAction","target":{"@type":"EntryPoint","urlTemplate":"https:\/\/colophon-grignan.fr\/?s={search_term_string}"},"query-input":{"@type":"PropertyValueSpecification","valueRequired":true,"valueName":"search_term_string"}}],"inLanguage":"fr-FR"},{"@type":"Organization","@id":"https:\/\/colophon-grignan.fr\/#organization","name":"Colophon - Maison de l'Imprimeur","url":"https:\/\/colophon-grignan.fr\/","logo":{"@type":"ImageObject","inLanguage":"fr-FR","@id":"https:\/\/colophon-grignan.fr\/#\/schema\/logo\/image\/","url":"https:\/\/i0.wp.com\/colophon-grignan.fr\/wp-content\/uploads\/2016\/12\/GRAND-CHAT.gif?fit=474%2C618&ssl=1","contentUrl":"https:\/\/i0.wp.com\/colophon-grignan.fr\/wp-content\/uploads\/2016\/12\/GRAND-CHAT.gif?fit=474%2C618&ssl=1","width":474,"height":618,"caption":"Colophon - Maison de l'Imprimeur"},"image":{"@id":"https:\/\/colophon-grignan.fr\/#\/schema\/logo\/image\/"},"sameAs":["https:\/\/www.facebook.com\/colophongrignan","https:\/\/www.pinterest.fr\/colophongrignan\/","https:\/\/www.instagram.com\/colophon_grignan\/"]}]}},"_links":{"self":[{"href":"https:\/\/colophon-grignan.fr\/index.php\/wp-json\/wp\/v2\/product\/2187","targetHints":{"allow":["GET"]}}],"collection":[{"href":"https:\/\/colophon-grignan.fr\/index.php\/wp-json\/wp\/v2\/product"}],"about":[{"href":"https:\/\/colophon-grignan.fr\/index.php\/wp-json\/wp\/v2\/types\/product"}],"replies":[{"embeddable":true,"href":"https:\/\/colophon-grignan.fr\/index.php\/wp-json\/wp\/v2\/comments?post=2187"}],"wp:featuredmedia":[{"embeddable":true,"href":"https:\/\/colophon-grignan.fr\/index.php\/wp-json\/wp\/v2\/media\/3674"}],"wp:attachment":[{"href":"https:\/\/colophon-grignan.fr\/index.php\/wp-json\/wp\/v2\/media?parent=2187"}],"wp:term":[{"taxonomy":"product_brand","embeddable":true,"href":"https:\/\/colophon-grignan.fr\/index.php\/wp-json\/wp\/v2\/product_brand?post=2187"},{"taxonomy":"product_cat","embeddable":true,"href":"https:\/\/colophon-grignan.fr\/index.php\/wp-json\/wp\/v2\/product_cat?post=2187"},{"taxonomy":"product_tag","embeddable":true,"href":"https:\/\/colophon-grignan.fr\/index.php\/wp-json\/wp\/v2\/product_tag?post=2187"}],"curies":[{"name":"wp","href":"https:\/\/api.w.org\/{rel}","templated":true}]}}