{"id":2675,"date":"2019-03-28T17:47:25","date_gmt":"2019-03-28T16:47:25","guid":{"rendered":"https:\/\/colophon-grignan.fr\/?post_type=product&#038;p=2675"},"modified":"2020-02-21T15:48:51","modified_gmt":"2020-02-21T14:48:51","slug":"livre-art-le-mordillalphabet","status":"publish","type":"product","link":"https:\/\/colophon-grignan.fr\/index.php\/produit\/livre-art-le-mordillalphabet\/","title":{"rendered":"Le Mordillalphabet"},"content":{"rendered":"<p>Tirage de t\u00eate \u00e0 65 exemplaires sur papier Rives num\u00e9rot\u00e9s et sign\u00e9s par G. Mordillat.<br \/>\nTexte de G\u00e9rard Mordillat et Illustrations de Ernest Pignon-Ernest. 15 feuillets encart\u00e9s contenant une prose et une illustration de chacune des 26 lettres de l&rsquo;alphabet.<br \/>\nTirage courant \u00e0 360 exemplaires.<br \/>\nISBN : 978 2 917139 19 6<\/p>\n","protected":false},"excerpt":{"rendered":"<p>Un po\u00e8me de l\u2019amour de A jusqu\u2019\u00e0 Z ! Pour adulte uniquement, un ab\u00e9c\u00e9daire qui n\u2019apprend pas qu\u2019\u00e0 lire !<\/p>\n","protected":false},"featured_media":3246,"comment_status":"closed","ping_status":"closed","template":"","meta":[],"product_brand":[],"product_cat":[20],"product_tag":[],"class_list":{"0":"post-2675","1":"product","2":"type-product","3":"status-publish","4":"has-post-thumbnail","6":"product_cat-livres-dart","8":"first","9":"instock","10":"shipping-taxable","11":"purchasable","12":"product-type-variable"},"yoast_head":"<!-- This site is optimized with the Yoast SEO plugin v27.3 - https:\/\/yoast.com\/product\/yoast-seo-wordpress\/ -->\n<title>Livre d&#039;art Le Mordillalphabet - Colophon, Maison de l&#039;Imprimeur<\/title>\n<meta name=\"description\" content=\"Imprim\u00e9 en typographie letterpress. Texte de G. Mordillat et illustrations de E. Pignon-Ernest. Livre objet, livre d&#039;art, id\u00e9e cadeau artisanal et insolite\" \/>\n<meta name=\"robots\" content=\"index, follow, max-snippet:-1, max-image-preview:large, max-video-preview:-1\" \/>\n<link rel=\"canonical\" href=\"https:\/\/colophon-grignan.fr\/index.php\/produit\/livre-art-le-mordillalphabet\/\" \/>\n<meta property=\"og:locale\" content=\"fr_FR\" \/>\n<meta property=\"og:type\" content=\"article\" \/>\n<meta property=\"og:title\" content=\"Livre d&#039;art Le Mordillalphabet - Colophon, Maison de l&#039;Imprimeur\" \/>\n<meta property=\"og:description\" content=\"Imprim\u00e9 en typographie letterpress. Texte de G. Mordillat et illustrations de E. Pignon-Ernest. Livre objet, livre d&#039;art, id\u00e9e cadeau artisanal et insolite\" \/>\n<meta property=\"og:url\" content=\"https:\/\/colophon-grignan.fr\/index.php\/produit\/livre-art-le-mordillalphabet\/\" \/>\n<meta property=\"og:site_name\" content=\"Colophon, Maison de l&#039;Imprimeur\" \/>\n<meta property=\"article:publisher\" content=\"https:\/\/www.facebook.com\/colophongrignan\" \/>\n<meta property=\"article:modified_time\" content=\"2020-02-21T14:48:51+00:00\" \/>\n<meta property=\"og:image\" content=\"https:\/\/i2.wp.com\/colophon-grignan.fr\/wp-content\/uploads\/2019\/04\/Livre-art-typographie-mordillat-mordillalphabet-couverture.jpg?fit=1024%2C931&ssl=1\" \/>\n\t<meta property=\"og:image:width\" content=\"1024\" \/>\n\t<meta property=\"og:image:height\" content=\"931\" \/>\n\t<meta property=\"og:image:type\" content=\"image\/jpeg\" \/>\n<meta name=\"twitter:card\" content=\"summary_large_image\" \/>\n<script type=\"application\/ld+json\" class=\"yoast-schema-graph\">{\"@context\":\"https:\\\/\\\/schema.org\",\"@graph\":[{\"@type\":\"WebPage\",\"@id\":\"https:\\\/\\\/colophon-grignan.fr\\\/index.php\\\/produit\\\/livre-art-le-mordillalphabet\\\/\",\"url\":\"https:\\\/\\\/colophon-grignan.fr\\\/index.php\\\/produit\\\/livre-art-le-mordillalphabet\\\/\",\"name\":\"Livre d'art Le Mordillalphabet - Colophon, Maison de l&#039;Imprimeur\",\"isPartOf\":{\"@id\":\"https:\\\/\\\/colophon-grignan.fr\\\/#website\"},\"primaryImageOfPage\":{\"@id\":\"https:\\\/\\\/colophon-grignan.fr\\\/index.php\\\/produit\\\/livre-art-le-mordillalphabet\\\/#primaryimage\"},\"image\":{\"@id\":\"https:\\\/\\\/colophon-grignan.fr\\\/index.php\\\/produit\\\/livre-art-le-mordillalphabet\\\/#primaryimage\"},\"thumbnailUrl\":\"https:\\\/\\\/colophon-grignan.fr\\\/wp-content\\\/uploads\\\/2019\\\/04\\\/Livre-art-typographie-mordillat-mordillalphabet-couverture.jpg\",\"datePublished\":\"2019-03-28T16:47:25+00:00\",\"dateModified\":\"2020-02-21T14:48:51+00:00\",\"description\":\"Imprim\u00e9 en typographie letterpress. Texte de G. Mordillat et illustrations de E. Pignon-Ernest. Livre objet, livre d'art, id\u00e9e cadeau artisanal et insolite\",\"breadcrumb\":{\"@id\":\"https:\\\/\\\/colophon-grignan.fr\\\/index.php\\\/produit\\\/livre-art-le-mordillalphabet\\\/#breadcrumb\"},\"inLanguage\":\"fr-FR\",\"potentialAction\":[{\"@type\":\"ReadAction\",\"target\":[\"https:\\\/\\\/colophon-grignan.fr\\\/index.php\\\/produit\\\/livre-art-le-mordillalphabet\\\/\"]}]},{\"@type\":\"ImageObject\",\"inLanguage\":\"fr-FR\",\"@id\":\"https:\\\/\\\/colophon-grignan.fr\\\/index.php\\\/produit\\\/livre-art-le-mordillalphabet\\\/#primaryimage\",\"url\":\"https:\\\/\\\/colophon-grignan.fr\\\/wp-content\\\/uploads\\\/2019\\\/04\\\/Livre-art-typographie-mordillat-mordillalphabet-couverture.jpg\",\"contentUrl\":\"https:\\\/\\\/colophon-grignan.fr\\\/wp-content\\\/uploads\\\/2019\\\/04\\\/Livre-art-typographie-mordillat-mordillalphabet-couverture.jpg\",\"width\":1024,\"height\":931},{\"@type\":\"BreadcrumbList\",\"@id\":\"https:\\\/\\\/colophon-grignan.fr\\\/index.php\\\/produit\\\/livre-art-le-mordillalphabet\\\/#breadcrumb\",\"itemListElement\":[{\"@type\":\"ListItem\",\"position\":1,\"name\":\"Accueil\",\"item\":\"https:\\\/\\\/colophon-grignan.fr\\\/\"},{\"@type\":\"ListItem\",\"position\":2,\"name\":\"\u00c9ditions &#038; Boutique Letterpress\",\"item\":\"https:\\\/\\\/colophon-grignan.fr\\\/index.php\\\/boutique-letterpress\\\/\"},{\"@type\":\"ListItem\",\"position\":3,\"name\":\"Le Mordillalphabet\"}]},{\"@type\":\"WebSite\",\"@id\":\"https:\\\/\\\/colophon-grignan.fr\\\/#website\",\"url\":\"https:\\\/\\\/colophon-grignan.fr\\\/\",\"name\":\"Colophon - Maison de l&#039;Imprimeur\",\"description\":\"Atelier-Mus\u00e9e &amp; Librairie\",\"publisher\":{\"@id\":\"https:\\\/\\\/colophon-grignan.fr\\\/#organization\"},\"potentialAction\":[{\"@type\":\"SearchAction\",\"target\":{\"@type\":\"EntryPoint\",\"urlTemplate\":\"https:\\\/\\\/colophon-grignan.fr\\\/?s={search_term_string}\"},\"query-input\":{\"@type\":\"PropertyValueSpecification\",\"valueRequired\":true,\"valueName\":\"search_term_string\"}}],\"inLanguage\":\"fr-FR\"},{\"@type\":\"Organization\",\"@id\":\"https:\\\/\\\/colophon-grignan.fr\\\/#organization\",\"name\":\"Colophon - Maison de l'Imprimeur\",\"url\":\"https:\\\/\\\/colophon-grignan.fr\\\/\",\"logo\":{\"@type\":\"ImageObject\",\"inLanguage\":\"fr-FR\",\"@id\":\"https:\\\/\\\/colophon-grignan.fr\\\/#\\\/schema\\\/logo\\\/image\\\/\",\"url\":\"https:\\\/\\\/i0.wp.com\\\/colophon-grignan.fr\\\/wp-content\\\/uploads\\\/2016\\\/12\\\/GRAND-CHAT.gif?fit=474%2C618&ssl=1\",\"contentUrl\":\"https:\\\/\\\/i0.wp.com\\\/colophon-grignan.fr\\\/wp-content\\\/uploads\\\/2016\\\/12\\\/GRAND-CHAT.gif?fit=474%2C618&ssl=1\",\"width\":474,\"height\":618,\"caption\":\"Colophon - Maison de l'Imprimeur\"},\"image\":{\"@id\":\"https:\\\/\\\/colophon-grignan.fr\\\/#\\\/schema\\\/logo\\\/image\\\/\"},\"sameAs\":[\"https:\\\/\\\/www.facebook.com\\\/colophongrignan\",\"https:\\\/\\\/www.pinterest.fr\\\/colophongrignan\\\/\",\"https:\\\/\\\/www.instagram.com\\\/colophon_grignan\\\/\"]}]}<\/script>\n<!-- \/ Yoast SEO plugin. -->","yoast_head_json":{"title":"Livre d'art Le Mordillalphabet - Colophon, Maison de l&#039;Imprimeur","description":"Imprim\u00e9 en typographie letterpress. Texte de G. Mordillat et illustrations de E. Pignon-Ernest. Livre objet, livre d'art, id\u00e9e cadeau artisanal et insolite","robots":{"index":"index","follow":"follow","max-snippet":"max-snippet:-1","max-image-preview":"max-image-preview:large","max-video-preview":"max-video-preview:-1"},"canonical":"https:\/\/colophon-grignan.fr\/index.php\/produit\/livre-art-le-mordillalphabet\/","og_locale":"fr_FR","og_type":"article","og_title":"Livre d'art Le Mordillalphabet - Colophon, Maison de l&#039;Imprimeur","og_description":"Imprim\u00e9 en typographie letterpress. Texte de G. Mordillat et illustrations de E. Pignon-Ernest. Livre objet, livre d'art, id\u00e9e cadeau artisanal et insolite","og_url":"https:\/\/colophon-grignan.fr\/index.php\/produit\/livre-art-le-mordillalphabet\/","og_site_name":"Colophon, Maison de l&#039;Imprimeur","article_publisher":"https:\/\/www.facebook.com\/colophongrignan","article_modified_time":"2020-02-21T14:48:51+00:00","og_image":[{"width":1024,"height":931,"url":"https:\/\/i2.wp.com\/colophon-grignan.fr\/wp-content\/uploads\/2019\/04\/Livre-art-typographie-mordillat-mordillalphabet-couverture.jpg?fit=1024%2C931&ssl=1","type":"image\/jpeg"}],"twitter_card":"summary_large_image","schema":{"@context":"https:\/\/schema.org","@graph":[{"@type":"WebPage","@id":"https:\/\/colophon-grignan.fr\/index.php\/produit\/livre-art-le-mordillalphabet\/","url":"https:\/\/colophon-grignan.fr\/index.php\/produit\/livre-art-le-mordillalphabet\/","name":"Livre d'art Le Mordillalphabet - Colophon, Maison de l&#039;Imprimeur","isPartOf":{"@id":"https:\/\/colophon-grignan.fr\/#website"},"primaryImageOfPage":{"@id":"https:\/\/colophon-grignan.fr\/index.php\/produit\/livre-art-le-mordillalphabet\/#primaryimage"},"image":{"@id":"https:\/\/colophon-grignan.fr\/index.php\/produit\/livre-art-le-mordillalphabet\/#primaryimage"},"thumbnailUrl":"https:\/\/colophon-grignan.fr\/wp-content\/uploads\/2019\/04\/Livre-art-typographie-mordillat-mordillalphabet-couverture.jpg","datePublished":"2019-03-28T16:47:25+00:00","dateModified":"2020-02-21T14:48:51+00:00","description":"Imprim\u00e9 en typographie letterpress. Texte de G. Mordillat et illustrations de E. Pignon-Ernest. Livre objet, livre d'art, id\u00e9e cadeau artisanal et insolite","breadcrumb":{"@id":"https:\/\/colophon-grignan.fr\/index.php\/produit\/livre-art-le-mordillalphabet\/#breadcrumb"},"inLanguage":"fr-FR","potentialAction":[{"@type":"ReadAction","target":["https:\/\/colophon-grignan.fr\/index.php\/produit\/livre-art-le-mordillalphabet\/"]}]},{"@type":"ImageObject","inLanguage":"fr-FR","@id":"https:\/\/colophon-grignan.fr\/index.php\/produit\/livre-art-le-mordillalphabet\/#primaryimage","url":"https:\/\/colophon-grignan.fr\/wp-content\/uploads\/2019\/04\/Livre-art-typographie-mordillat-mordillalphabet-couverture.jpg","contentUrl":"https:\/\/colophon-grignan.fr\/wp-content\/uploads\/2019\/04\/Livre-art-typographie-mordillat-mordillalphabet-couverture.jpg","width":1024,"height":931},{"@type":"BreadcrumbList","@id":"https:\/\/colophon-grignan.fr\/index.php\/produit\/livre-art-le-mordillalphabet\/#breadcrumb","itemListElement":[{"@type":"ListItem","position":1,"name":"Accueil","item":"https:\/\/colophon-grignan.fr\/"},{"@type":"ListItem","position":2,"name":"\u00c9ditions &#038; Boutique Letterpress","item":"https:\/\/colophon-grignan.fr\/index.php\/boutique-letterpress\/"},{"@type":"ListItem","position":3,"name":"Le Mordillalphabet"}]},{"@type":"WebSite","@id":"https:\/\/colophon-grignan.fr\/#website","url":"https:\/\/colophon-grignan.fr\/","name":"Colophon - Maison de l&#039;Imprimeur","description":"Atelier-Mus\u00e9e &amp; Librairie","publisher":{"@id":"https:\/\/colophon-grignan.fr\/#organization"},"potentialAction":[{"@type":"SearchAction","target":{"@type":"EntryPoint","urlTemplate":"https:\/\/colophon-grignan.fr\/?s={search_term_string}"},"query-input":{"@type":"PropertyValueSpecification","valueRequired":true,"valueName":"search_term_string"}}],"inLanguage":"fr-FR"},{"@type":"Organization","@id":"https:\/\/colophon-grignan.fr\/#organization","name":"Colophon - Maison de l'Imprimeur","url":"https:\/\/colophon-grignan.fr\/","logo":{"@type":"ImageObject","inLanguage":"fr-FR","@id":"https:\/\/colophon-grignan.fr\/#\/schema\/logo\/image\/","url":"https:\/\/i0.wp.com\/colophon-grignan.fr\/wp-content\/uploads\/2016\/12\/GRAND-CHAT.gif?fit=474%2C618&ssl=1","contentUrl":"https:\/\/i0.wp.com\/colophon-grignan.fr\/wp-content\/uploads\/2016\/12\/GRAND-CHAT.gif?fit=474%2C618&ssl=1","width":474,"height":618,"caption":"Colophon - Maison de l'Imprimeur"},"image":{"@id":"https:\/\/colophon-grignan.fr\/#\/schema\/logo\/image\/"},"sameAs":["https:\/\/www.facebook.com\/colophongrignan","https:\/\/www.pinterest.fr\/colophongrignan\/","https:\/\/www.instagram.com\/colophon_grignan\/"]}]}},"_links":{"self":[{"href":"https:\/\/colophon-grignan.fr\/index.php\/wp-json\/wp\/v2\/product\/2675","targetHints":{"allow":["GET"]}}],"collection":[{"href":"https:\/\/colophon-grignan.fr\/index.php\/wp-json\/wp\/v2\/product"}],"about":[{"href":"https:\/\/colophon-grignan.fr\/index.php\/wp-json\/wp\/v2\/types\/product"}],"replies":[{"embeddable":true,"href":"https:\/\/colophon-grignan.fr\/index.php\/wp-json\/wp\/v2\/comments?post=2675"}],"wp:featuredmedia":[{"embeddable":true,"href":"https:\/\/colophon-grignan.fr\/index.php\/wp-json\/wp\/v2\/media\/3246"}],"wp:attachment":[{"href":"https:\/\/colophon-grignan.fr\/index.php\/wp-json\/wp\/v2\/media?parent=2675"}],"wp:term":[{"taxonomy":"product_brand","embeddable":true,"href":"https:\/\/colophon-grignan.fr\/index.php\/wp-json\/wp\/v2\/product_brand?post=2675"},{"taxonomy":"product_cat","embeddable":true,"href":"https:\/\/colophon-grignan.fr\/index.php\/wp-json\/wp\/v2\/product_cat?post=2675"},{"taxonomy":"product_tag","embeddable":true,"href":"https:\/\/colophon-grignan.fr\/index.php\/wp-json\/wp\/v2\/product_tag?post=2675"}],"curies":[{"name":"wp","href":"https:\/\/api.w.org\/{rel}","templated":true}]}}