{"id":2678,"date":"2019-03-28T17:50:55","date_gmt":"2019-03-28T16:50:55","guid":{"rendered":"https:\/\/colophon-grignan.fr\/?post_type=product&#038;p=2678"},"modified":"2023-11-24T16:47:54","modified_gmt":"2023-11-24T15:47:54","slug":"livre-art-une-histoire-lamentable-de-pizza","status":"publish","type":"product","link":"https:\/\/colophon-grignan.fr\/index.php\/produit\/livre-art-une-histoire-lamentable-de-pizza\/","title":{"rendered":"Histoire lamentable de Pizza"},"content":{"rendered":"<p>Texte de Philippe Devoghel. Ouvrage fa\u00e7onn\u00e9 dans un carton \u00e0 pizza.<br \/>\nIllustrations collectives r\u00e9alis\u00e9es en partenariat avec l&rsquo;\u00e9cole Intuit.Lab. Tirage \u00e0 200 exemplaires<\/p>\n","protected":false},"excerpt":{"rendered":"<p>Galileo Galilei, c\u00e9l\u00e8bre scientifique, monte en haut de la tour de Pise un lendemain de soir\u00e9e bien arros\u00e9e. Son but d\u00e9montrer \u00e0 ses \u00e9tudiants le principe de la chute des corps. Son exp\u00e9rience mal ma\u00eetris\u00e9e donne lieu \u00e0 la cr\u00e9ation du plat le plus c\u00e9l\u00e8bre du monde !<\/p>\n","protected":false},"featured_media":3234,"comment_status":"closed","ping_status":"closed","template":"","meta":[],"product_brand":[],"product_cat":[20],"product_tag":[],"class_list":{"0":"post-2678","1":"product","2":"type-product","3":"status-publish","4":"has-post-thumbnail","6":"product_cat-livres-dart","8":"first","9":"instock","10":"shipping-taxable","11":"purchasable","12":"product-type-simple"},"yoast_head":"<!-- This site is optimized with the Yoast SEO plugin v27.4 - https:\/\/yoast.com\/product\/yoast-seo-wordpress\/ -->\n<title>Livre d&#039;art Histoire lamentable de Pizza - Colophon, Maison de l&#039;Imprimeur<\/title>\n<meta name=\"description\" content=\"Compos\u00e9 \u00e0 la main, imprim\u00e9 en typographie letterpress. Gravure originale sur linol\u00e9um. Livre objet, livre d&#039;art, id\u00e9e cadeau artisanal et insolite\" \/>\n<meta name=\"robots\" content=\"index, follow, max-snippet:-1, max-image-preview:large, max-video-preview:-1\" \/>\n<link rel=\"canonical\" href=\"https:\/\/colophon-grignan.fr\/index.php\/produit\/livre-art-une-histoire-lamentable-de-pizza\/\" \/>\n<meta property=\"og:locale\" content=\"fr_FR\" \/>\n<meta property=\"og:type\" content=\"article\" \/>\n<meta property=\"og:title\" content=\"Livre d&#039;art Histoire lamentable de Pizza - Colophon, Maison de l&#039;Imprimeur\" \/>\n<meta property=\"og:description\" content=\"Compos\u00e9 \u00e0 la main, imprim\u00e9 en typographie letterpress. Gravure originale sur linol\u00e9um. Livre objet, livre d&#039;art, id\u00e9e cadeau artisanal et insolite\" \/>\n<meta property=\"og:url\" content=\"https:\/\/colophon-grignan.fr\/index.php\/produit\/livre-art-une-histoire-lamentable-de-pizza\/\" \/>\n<meta property=\"og:site_name\" content=\"Colophon, Maison de l&#039;Imprimeur\" \/>\n<meta property=\"article:publisher\" content=\"https:\/\/www.facebook.com\/colophongrignan\" \/>\n<meta property=\"article:modified_time\" content=\"2023-11-24T15:47:54+00:00\" \/>\n<meta property=\"og:image\" content=\"https:\/\/colophon-grignan.fr\/wp-content\/uploads\/2019\/04\/Livre-art-typographie-lamentable-pizza-couverture.jpg\" \/>\n\t<meta property=\"og:image:width\" content=\"1024\" \/>\n\t<meta property=\"og:image:height\" content=\"879\" \/>\n\t<meta property=\"og:image:type\" content=\"image\/jpeg\" \/>\n<meta name=\"twitter:card\" content=\"summary_large_image\" \/>\n<meta name=\"twitter:label1\" content=\"Dur\u00e9e de lecture estim\u00e9e\" \/>\n\t<meta name=\"twitter:data1\" content=\"1 minute\" \/>\n<script type=\"application\/ld+json\" class=\"yoast-schema-graph\">{\"@context\":\"https:\\\/\\\/schema.org\",\"@graph\":[{\"@type\":\"WebPage\",\"@id\":\"https:\\\/\\\/colophon-grignan.fr\\\/index.php\\\/produit\\\/livre-art-une-histoire-lamentable-de-pizza\\\/\",\"url\":\"https:\\\/\\\/colophon-grignan.fr\\\/index.php\\\/produit\\\/livre-art-une-histoire-lamentable-de-pizza\\\/\",\"name\":\"Livre d'art Histoire lamentable de Pizza - Colophon, Maison de l&#039;Imprimeur\",\"isPartOf\":{\"@id\":\"https:\\\/\\\/colophon-grignan.fr\\\/#website\"},\"primaryImageOfPage\":{\"@id\":\"https:\\\/\\\/colophon-grignan.fr\\\/index.php\\\/produit\\\/livre-art-une-histoire-lamentable-de-pizza\\\/#primaryimage\"},\"image\":{\"@id\":\"https:\\\/\\\/colophon-grignan.fr\\\/index.php\\\/produit\\\/livre-art-une-histoire-lamentable-de-pizza\\\/#primaryimage\"},\"thumbnailUrl\":\"https:\\\/\\\/colophon-grignan.fr\\\/wp-content\\\/uploads\\\/2019\\\/04\\\/Livre-art-typographie-lamentable-pizza-couverture.jpg\",\"datePublished\":\"2019-03-28T16:50:55+00:00\",\"dateModified\":\"2023-11-24T15:47:54+00:00\",\"description\":\"Compos\u00e9 \u00e0 la main, imprim\u00e9 en typographie letterpress. Gravure originale sur linol\u00e9um. Livre objet, livre d'art, id\u00e9e cadeau artisanal et insolite\",\"breadcrumb\":{\"@id\":\"https:\\\/\\\/colophon-grignan.fr\\\/index.php\\\/produit\\\/livre-art-une-histoire-lamentable-de-pizza\\\/#breadcrumb\"},\"inLanguage\":\"fr-FR\",\"potentialAction\":[{\"@type\":\"ReadAction\",\"target\":[\"https:\\\/\\\/colophon-grignan.fr\\\/index.php\\\/produit\\\/livre-art-une-histoire-lamentable-de-pizza\\\/\"]}]},{\"@type\":\"ImageObject\",\"inLanguage\":\"fr-FR\",\"@id\":\"https:\\\/\\\/colophon-grignan.fr\\\/index.php\\\/produit\\\/livre-art-une-histoire-lamentable-de-pizza\\\/#primaryimage\",\"url\":\"https:\\\/\\\/colophon-grignan.fr\\\/wp-content\\\/uploads\\\/2019\\\/04\\\/Livre-art-typographie-lamentable-pizza-couverture.jpg\",\"contentUrl\":\"https:\\\/\\\/colophon-grignan.fr\\\/wp-content\\\/uploads\\\/2019\\\/04\\\/Livre-art-typographie-lamentable-pizza-couverture.jpg\",\"width\":1024,\"height\":879},{\"@type\":\"BreadcrumbList\",\"@id\":\"https:\\\/\\\/colophon-grignan.fr\\\/index.php\\\/produit\\\/livre-art-une-histoire-lamentable-de-pizza\\\/#breadcrumb\",\"itemListElement\":[{\"@type\":\"ListItem\",\"position\":1,\"name\":\"Accueil\",\"item\":\"https:\\\/\\\/colophon-grignan.fr\\\/\"},{\"@type\":\"ListItem\",\"position\":2,\"name\":\"\u00c9ditions &#038; Boutique Letterpress\",\"item\":\"https:\\\/\\\/colophon-grignan.fr\\\/index.php\\\/boutique-letterpress\\\/\"},{\"@type\":\"ListItem\",\"position\":3,\"name\":\"Histoire lamentable de Pizza\"}]},{\"@type\":\"WebSite\",\"@id\":\"https:\\\/\\\/colophon-grignan.fr\\\/#website\",\"url\":\"https:\\\/\\\/colophon-grignan.fr\\\/\",\"name\":\"Colophon - Maison de l&#039;Imprimeur\",\"description\":\"Atelier-Mus\u00e9e &amp; Librairie\",\"publisher\":{\"@id\":\"https:\\\/\\\/colophon-grignan.fr\\\/#organization\"},\"potentialAction\":[{\"@type\":\"SearchAction\",\"target\":{\"@type\":\"EntryPoint\",\"urlTemplate\":\"https:\\\/\\\/colophon-grignan.fr\\\/?s={search_term_string}\"},\"query-input\":{\"@type\":\"PropertyValueSpecification\",\"valueRequired\":true,\"valueName\":\"search_term_string\"}}],\"inLanguage\":\"fr-FR\"},{\"@type\":\"Organization\",\"@id\":\"https:\\\/\\\/colophon-grignan.fr\\\/#organization\",\"name\":\"Colophon - Maison de l'Imprimeur\",\"url\":\"https:\\\/\\\/colophon-grignan.fr\\\/\",\"logo\":{\"@type\":\"ImageObject\",\"inLanguage\":\"fr-FR\",\"@id\":\"https:\\\/\\\/colophon-grignan.fr\\\/#\\\/schema\\\/logo\\\/image\\\/\",\"url\":\"https:\\\/\\\/i0.wp.com\\\/colophon-grignan.fr\\\/wp-content\\\/uploads\\\/2016\\\/12\\\/GRAND-CHAT.gif?fit=474%2C618&ssl=1\",\"contentUrl\":\"https:\\\/\\\/i0.wp.com\\\/colophon-grignan.fr\\\/wp-content\\\/uploads\\\/2016\\\/12\\\/GRAND-CHAT.gif?fit=474%2C618&ssl=1\",\"width\":474,\"height\":618,\"caption\":\"Colophon - Maison de l'Imprimeur\"},\"image\":{\"@id\":\"https:\\\/\\\/colophon-grignan.fr\\\/#\\\/schema\\\/logo\\\/image\\\/\"},\"sameAs\":[\"https:\\\/\\\/www.facebook.com\\\/colophongrignan\",\"https:\\\/\\\/www.pinterest.fr\\\/colophongrignan\\\/\",\"https:\\\/\\\/www.instagram.com\\\/colophon_grignan\\\/\"]}]}<\/script>\n<!-- \/ Yoast SEO plugin. -->","yoast_head_json":{"title":"Livre d'art Histoire lamentable de Pizza - Colophon, Maison de l&#039;Imprimeur","description":"Compos\u00e9 \u00e0 la main, imprim\u00e9 en typographie letterpress. Gravure originale sur linol\u00e9um. Livre objet, livre d'art, id\u00e9e cadeau artisanal et insolite","robots":{"index":"index","follow":"follow","max-snippet":"max-snippet:-1","max-image-preview":"max-image-preview:large","max-video-preview":"max-video-preview:-1"},"canonical":"https:\/\/colophon-grignan.fr\/index.php\/produit\/livre-art-une-histoire-lamentable-de-pizza\/","og_locale":"fr_FR","og_type":"article","og_title":"Livre d'art Histoire lamentable de Pizza - Colophon, Maison de l&#039;Imprimeur","og_description":"Compos\u00e9 \u00e0 la main, imprim\u00e9 en typographie letterpress. Gravure originale sur linol\u00e9um. Livre objet, livre d'art, id\u00e9e cadeau artisanal et insolite","og_url":"https:\/\/colophon-grignan.fr\/index.php\/produit\/livre-art-une-histoire-lamentable-de-pizza\/","og_site_name":"Colophon, Maison de l&#039;Imprimeur","article_publisher":"https:\/\/www.facebook.com\/colophongrignan","article_modified_time":"2023-11-24T15:47:54+00:00","og_image":[{"width":1024,"height":879,"url":"https:\/\/colophon-grignan.fr\/wp-content\/uploads\/2019\/04\/Livre-art-typographie-lamentable-pizza-couverture.jpg","type":"image\/jpeg"}],"twitter_card":"summary_large_image","twitter_misc":{"Dur\u00e9e de lecture estim\u00e9e":"1 minute"},"schema":{"@context":"https:\/\/schema.org","@graph":[{"@type":"WebPage","@id":"https:\/\/colophon-grignan.fr\/index.php\/produit\/livre-art-une-histoire-lamentable-de-pizza\/","url":"https:\/\/colophon-grignan.fr\/index.php\/produit\/livre-art-une-histoire-lamentable-de-pizza\/","name":"Livre d'art Histoire lamentable de Pizza - Colophon, Maison de l&#039;Imprimeur","isPartOf":{"@id":"https:\/\/colophon-grignan.fr\/#website"},"primaryImageOfPage":{"@id":"https:\/\/colophon-grignan.fr\/index.php\/produit\/livre-art-une-histoire-lamentable-de-pizza\/#primaryimage"},"image":{"@id":"https:\/\/colophon-grignan.fr\/index.php\/produit\/livre-art-une-histoire-lamentable-de-pizza\/#primaryimage"},"thumbnailUrl":"https:\/\/colophon-grignan.fr\/wp-content\/uploads\/2019\/04\/Livre-art-typographie-lamentable-pizza-couverture.jpg","datePublished":"2019-03-28T16:50:55+00:00","dateModified":"2023-11-24T15:47:54+00:00","description":"Compos\u00e9 \u00e0 la main, imprim\u00e9 en typographie letterpress. Gravure originale sur linol\u00e9um. Livre objet, livre d'art, id\u00e9e cadeau artisanal et insolite","breadcrumb":{"@id":"https:\/\/colophon-grignan.fr\/index.php\/produit\/livre-art-une-histoire-lamentable-de-pizza\/#breadcrumb"},"inLanguage":"fr-FR","potentialAction":[{"@type":"ReadAction","target":["https:\/\/colophon-grignan.fr\/index.php\/produit\/livre-art-une-histoire-lamentable-de-pizza\/"]}]},{"@type":"ImageObject","inLanguage":"fr-FR","@id":"https:\/\/colophon-grignan.fr\/index.php\/produit\/livre-art-une-histoire-lamentable-de-pizza\/#primaryimage","url":"https:\/\/colophon-grignan.fr\/wp-content\/uploads\/2019\/04\/Livre-art-typographie-lamentable-pizza-couverture.jpg","contentUrl":"https:\/\/colophon-grignan.fr\/wp-content\/uploads\/2019\/04\/Livre-art-typographie-lamentable-pizza-couverture.jpg","width":1024,"height":879},{"@type":"BreadcrumbList","@id":"https:\/\/colophon-grignan.fr\/index.php\/produit\/livre-art-une-histoire-lamentable-de-pizza\/#breadcrumb","itemListElement":[{"@type":"ListItem","position":1,"name":"Accueil","item":"https:\/\/colophon-grignan.fr\/"},{"@type":"ListItem","position":2,"name":"\u00c9ditions &#038; Boutique Letterpress","item":"https:\/\/colophon-grignan.fr\/index.php\/boutique-letterpress\/"},{"@type":"ListItem","position":3,"name":"Histoire lamentable de Pizza"}]},{"@type":"WebSite","@id":"https:\/\/colophon-grignan.fr\/#website","url":"https:\/\/colophon-grignan.fr\/","name":"Colophon - Maison de l&#039;Imprimeur","description":"Atelier-Mus\u00e9e &amp; Librairie","publisher":{"@id":"https:\/\/colophon-grignan.fr\/#organization"},"potentialAction":[{"@type":"SearchAction","target":{"@type":"EntryPoint","urlTemplate":"https:\/\/colophon-grignan.fr\/?s={search_term_string}"},"query-input":{"@type":"PropertyValueSpecification","valueRequired":true,"valueName":"search_term_string"}}],"inLanguage":"fr-FR"},{"@type":"Organization","@id":"https:\/\/colophon-grignan.fr\/#organization","name":"Colophon - Maison de l'Imprimeur","url":"https:\/\/colophon-grignan.fr\/","logo":{"@type":"ImageObject","inLanguage":"fr-FR","@id":"https:\/\/colophon-grignan.fr\/#\/schema\/logo\/image\/","url":"https:\/\/i0.wp.com\/colophon-grignan.fr\/wp-content\/uploads\/2016\/12\/GRAND-CHAT.gif?fit=474%2C618&ssl=1","contentUrl":"https:\/\/i0.wp.com\/colophon-grignan.fr\/wp-content\/uploads\/2016\/12\/GRAND-CHAT.gif?fit=474%2C618&ssl=1","width":474,"height":618,"caption":"Colophon - Maison de l'Imprimeur"},"image":{"@id":"https:\/\/colophon-grignan.fr\/#\/schema\/logo\/image\/"},"sameAs":["https:\/\/www.facebook.com\/colophongrignan","https:\/\/www.pinterest.fr\/colophongrignan\/","https:\/\/www.instagram.com\/colophon_grignan\/"]}]}},"_links":{"self":[{"href":"https:\/\/colophon-grignan.fr\/index.php\/wp-json\/wp\/v2\/product\/2678","targetHints":{"allow":["GET"]}}],"collection":[{"href":"https:\/\/colophon-grignan.fr\/index.php\/wp-json\/wp\/v2\/product"}],"about":[{"href":"https:\/\/colophon-grignan.fr\/index.php\/wp-json\/wp\/v2\/types\/product"}],"replies":[{"embeddable":true,"href":"https:\/\/colophon-grignan.fr\/index.php\/wp-json\/wp\/v2\/comments?post=2678"}],"wp:featuredmedia":[{"embeddable":true,"href":"https:\/\/colophon-grignan.fr\/index.php\/wp-json\/wp\/v2\/media\/3234"}],"wp:attachment":[{"href":"https:\/\/colophon-grignan.fr\/index.php\/wp-json\/wp\/v2\/media?parent=2678"}],"wp:term":[{"taxonomy":"product_brand","embeddable":true,"href":"https:\/\/colophon-grignan.fr\/index.php\/wp-json\/wp\/v2\/product_brand?post=2678"},{"taxonomy":"product_cat","embeddable":true,"href":"https:\/\/colophon-grignan.fr\/index.php\/wp-json\/wp\/v2\/product_cat?post=2678"},{"taxonomy":"product_tag","embeddable":true,"href":"https:\/\/colophon-grignan.fr\/index.php\/wp-json\/wp\/v2\/product_tag?post=2678"}],"curies":[{"name":"wp","href":"https:\/\/api.w.org\/{rel}","templated":true}]}}