{"id":4924,"date":"2021-12-02T17:46:25","date_gmt":"2021-12-02T16:46:25","guid":{"rendered":"https:\/\/colophon-grignan.fr\/?post_type=product&#038;p=4924"},"modified":"2025-04-19T14:50:23","modified_gmt":"2025-04-19T12:50:23","slug":"affiche-la-ville-coeur","status":"publish","type":"product","link":"https:\/\/colophon-grignan.fr\/index.php\/produit\/affiche-la-ville-coeur\/","title":{"rendered":"Affiche : La Ville-coeur"},"content":{"rendered":"<p>Affiche r\u00e9alis\u00e9e lors du s\u00e9jour des <a href=\"https:\/\/ecole-intuit-lab.com\/\">\u00e9tudiants d&rsquo;Intuit.lab<\/a> en septembre 2021.<\/p>\n<p>Linogravure en 2 couleurs au format A3. Papier 120g, cr\u00e8me<\/p>\n<p><a href=\"https:\/\/colophon-grignan.fr\/index.php\/produit\/expression-typos-vol-1-argot\/\">D&rsquo;autres projets avec l&rsquo;\u00e9cole Inuit.lab <\/a><\/p>\n","protected":false},"excerpt":{"rendered":"<p>Linogravure en 2 couleurs<\/p>\n","protected":false},"featured_media":4933,"comment_status":"closed","ping_status":"closed","template":"","meta":[],"product_brand":[],"product_cat":[18],"product_tag":[],"class_list":{"0":"post-4924","1":"product","2":"type-product","3":"status-publish","4":"has-post-thumbnail","6":"product_cat-affiches","8":"first","9":"instock","10":"shipping-taxable","11":"purchasable","12":"product-type-simple"},"yoast_head":"<!-- This site is optimized with the Yoast SEO plugin v27.3 - https:\/\/yoast.com\/product\/yoast-seo-wordpress\/ -->\n<title>Affiche : La Ville-coeur - Colophon, Maison de l&#039;Imprimeur<\/title>\n<meta name=\"description\" content=\"Affiche r\u00e9alis\u00e9e en linogravure originale en 2 couleurs, impression typographique, \u00e9ditions Colophon, septembre 2021\" \/>\n<meta name=\"robots\" content=\"index, follow, max-snippet:-1, max-image-preview:large, max-video-preview:-1\" \/>\n<link rel=\"canonical\" href=\"https:\/\/colophon-grignan.fr\/index.php\/produit\/affiche-la-ville-coeur\/\" \/>\n<meta property=\"og:locale\" content=\"fr_FR\" \/>\n<meta property=\"og:type\" content=\"article\" \/>\n<meta property=\"og:title\" content=\"Affiche : La Ville-coeur - Colophon, Maison de l&#039;Imprimeur\" \/>\n<meta property=\"og:description\" content=\"Affiche r\u00e9alis\u00e9e en linogravure originale en 2 couleurs, impression typographique, \u00e9ditions Colophon, septembre 2021\" \/>\n<meta property=\"og:url\" content=\"https:\/\/colophon-grignan.fr\/index.php\/produit\/affiche-la-ville-coeur\/\" \/>\n<meta property=\"og:site_name\" content=\"Colophon, Maison de l&#039;Imprimeur\" \/>\n<meta property=\"article:publisher\" content=\"https:\/\/www.facebook.com\/colophongrignan\" \/>\n<meta property=\"article:modified_time\" content=\"2025-04-19T12:50:23+00:00\" \/>\n<meta property=\"og:image\" content=\"https:\/\/colophon-grignan.fr\/wp-content\/uploads\/2021\/12\/affiche-gravure-ville-coeur-scaled.jpg\" \/>\n\t<meta property=\"og:image:width\" content=\"763\" \/>\n\t<meta property=\"og:image:height\" content=\"1024\" \/>\n\t<meta property=\"og:image:type\" content=\"image\/jpeg\" \/>\n<meta name=\"twitter:card\" content=\"summary_large_image\" \/>\n<meta name=\"twitter:label1\" content=\"Dur\u00e9e de lecture estim\u00e9e\" \/>\n\t<meta name=\"twitter:data1\" content=\"1 minute\" \/>\n<script type=\"application\/ld+json\" class=\"yoast-schema-graph\">{\"@context\":\"https:\\\/\\\/schema.org\",\"@graph\":[{\"@type\":\"WebPage\",\"@id\":\"https:\\\/\\\/colophon-grignan.fr\\\/index.php\\\/produit\\\/affiche-la-ville-coeur\\\/\",\"url\":\"https:\\\/\\\/colophon-grignan.fr\\\/index.php\\\/produit\\\/affiche-la-ville-coeur\\\/\",\"name\":\"Affiche : La Ville-coeur - Colophon, Maison de l&#039;Imprimeur\",\"isPartOf\":{\"@id\":\"https:\\\/\\\/colophon-grignan.fr\\\/#website\"},\"primaryImageOfPage\":{\"@id\":\"https:\\\/\\\/colophon-grignan.fr\\\/index.php\\\/produit\\\/affiche-la-ville-coeur\\\/#primaryimage\"},\"image\":{\"@id\":\"https:\\\/\\\/colophon-grignan.fr\\\/index.php\\\/produit\\\/affiche-la-ville-coeur\\\/#primaryimage\"},\"thumbnailUrl\":\"https:\\\/\\\/colophon-grignan.fr\\\/wp-content\\\/uploads\\\/2021\\\/12\\\/affiche-gravure-ville-coeur-scaled.jpg\",\"datePublished\":\"2021-12-02T16:46:25+00:00\",\"dateModified\":\"2025-04-19T12:50:23+00:00\",\"description\":\"Affiche r\u00e9alis\u00e9e en linogravure originale en 2 couleurs, impression typographique, \u00e9ditions Colophon, septembre 2021\",\"breadcrumb\":{\"@id\":\"https:\\\/\\\/colophon-grignan.fr\\\/index.php\\\/produit\\\/affiche-la-ville-coeur\\\/#breadcrumb\"},\"inLanguage\":\"fr-FR\",\"potentialAction\":[{\"@type\":\"ReadAction\",\"target\":[\"https:\\\/\\\/colophon-grignan.fr\\\/index.php\\\/produit\\\/affiche-la-ville-coeur\\\/\"]}]},{\"@type\":\"ImageObject\",\"inLanguage\":\"fr-FR\",\"@id\":\"https:\\\/\\\/colophon-grignan.fr\\\/index.php\\\/produit\\\/affiche-la-ville-coeur\\\/#primaryimage\",\"url\":\"https:\\\/\\\/colophon-grignan.fr\\\/wp-content\\\/uploads\\\/2021\\\/12\\\/affiche-gravure-ville-coeur-scaled.jpg\",\"contentUrl\":\"https:\\\/\\\/colophon-grignan.fr\\\/wp-content\\\/uploads\\\/2021\\\/12\\\/affiche-gravure-ville-coeur-scaled.jpg\",\"width\":763,\"height\":1024,\"caption\":\"affiche ville coeur\"},{\"@type\":\"BreadcrumbList\",\"@id\":\"https:\\\/\\\/colophon-grignan.fr\\\/index.php\\\/produit\\\/affiche-la-ville-coeur\\\/#breadcrumb\",\"itemListElement\":[{\"@type\":\"ListItem\",\"position\":1,\"name\":\"Accueil\",\"item\":\"https:\\\/\\\/colophon-grignan.fr\\\/\"},{\"@type\":\"ListItem\",\"position\":2,\"name\":\"\u00c9ditions &#038; Boutique Letterpress\",\"item\":\"https:\\\/\\\/colophon-grignan.fr\\\/index.php\\\/boutique-letterpress\\\/\"},{\"@type\":\"ListItem\",\"position\":3,\"name\":\"Affiche : La Ville-coeur\"}]},{\"@type\":\"WebSite\",\"@id\":\"https:\\\/\\\/colophon-grignan.fr\\\/#website\",\"url\":\"https:\\\/\\\/colophon-grignan.fr\\\/\",\"name\":\"Colophon - Maison de l&#039;Imprimeur\",\"description\":\"Atelier-Mus\u00e9e &amp; Librairie\",\"publisher\":{\"@id\":\"https:\\\/\\\/colophon-grignan.fr\\\/#organization\"},\"potentialAction\":[{\"@type\":\"SearchAction\",\"target\":{\"@type\":\"EntryPoint\",\"urlTemplate\":\"https:\\\/\\\/colophon-grignan.fr\\\/?s={search_term_string}\"},\"query-input\":{\"@type\":\"PropertyValueSpecification\",\"valueRequired\":true,\"valueName\":\"search_term_string\"}}],\"inLanguage\":\"fr-FR\"},{\"@type\":\"Organization\",\"@id\":\"https:\\\/\\\/colophon-grignan.fr\\\/#organization\",\"name\":\"Colophon - Maison de l'Imprimeur\",\"url\":\"https:\\\/\\\/colophon-grignan.fr\\\/\",\"logo\":{\"@type\":\"ImageObject\",\"inLanguage\":\"fr-FR\",\"@id\":\"https:\\\/\\\/colophon-grignan.fr\\\/#\\\/schema\\\/logo\\\/image\\\/\",\"url\":\"https:\\\/\\\/i0.wp.com\\\/colophon-grignan.fr\\\/wp-content\\\/uploads\\\/2016\\\/12\\\/GRAND-CHAT.gif?fit=474%2C618&ssl=1\",\"contentUrl\":\"https:\\\/\\\/i0.wp.com\\\/colophon-grignan.fr\\\/wp-content\\\/uploads\\\/2016\\\/12\\\/GRAND-CHAT.gif?fit=474%2C618&ssl=1\",\"width\":474,\"height\":618,\"caption\":\"Colophon - Maison de l'Imprimeur\"},\"image\":{\"@id\":\"https:\\\/\\\/colophon-grignan.fr\\\/#\\\/schema\\\/logo\\\/image\\\/\"},\"sameAs\":[\"https:\\\/\\\/www.facebook.com\\\/colophongrignan\",\"https:\\\/\\\/www.pinterest.fr\\\/colophongrignan\\\/\",\"https:\\\/\\\/www.instagram.com\\\/colophon_grignan\\\/\"]}]}<\/script>\n<!-- \/ Yoast SEO plugin. -->","yoast_head_json":{"title":"Affiche : La Ville-coeur - Colophon, Maison de l&#039;Imprimeur","description":"Affiche r\u00e9alis\u00e9e en linogravure originale en 2 couleurs, impression typographique, \u00e9ditions Colophon, septembre 2021","robots":{"index":"index","follow":"follow","max-snippet":"max-snippet:-1","max-image-preview":"max-image-preview:large","max-video-preview":"max-video-preview:-1"},"canonical":"https:\/\/colophon-grignan.fr\/index.php\/produit\/affiche-la-ville-coeur\/","og_locale":"fr_FR","og_type":"article","og_title":"Affiche : La Ville-coeur - Colophon, Maison de l&#039;Imprimeur","og_description":"Affiche r\u00e9alis\u00e9e en linogravure originale en 2 couleurs, impression typographique, \u00e9ditions Colophon, septembre 2021","og_url":"https:\/\/colophon-grignan.fr\/index.php\/produit\/affiche-la-ville-coeur\/","og_site_name":"Colophon, Maison de l&#039;Imprimeur","article_publisher":"https:\/\/www.facebook.com\/colophongrignan","article_modified_time":"2025-04-19T12:50:23+00:00","og_image":[{"width":763,"height":1024,"url":"https:\/\/colophon-grignan.fr\/wp-content\/uploads\/2021\/12\/affiche-gravure-ville-coeur-scaled.jpg","type":"image\/jpeg"}],"twitter_card":"summary_large_image","twitter_misc":{"Dur\u00e9e de lecture estim\u00e9e":"1 minute"},"schema":{"@context":"https:\/\/schema.org","@graph":[{"@type":"WebPage","@id":"https:\/\/colophon-grignan.fr\/index.php\/produit\/affiche-la-ville-coeur\/","url":"https:\/\/colophon-grignan.fr\/index.php\/produit\/affiche-la-ville-coeur\/","name":"Affiche : La Ville-coeur - Colophon, Maison de l&#039;Imprimeur","isPartOf":{"@id":"https:\/\/colophon-grignan.fr\/#website"},"primaryImageOfPage":{"@id":"https:\/\/colophon-grignan.fr\/index.php\/produit\/affiche-la-ville-coeur\/#primaryimage"},"image":{"@id":"https:\/\/colophon-grignan.fr\/index.php\/produit\/affiche-la-ville-coeur\/#primaryimage"},"thumbnailUrl":"https:\/\/colophon-grignan.fr\/wp-content\/uploads\/2021\/12\/affiche-gravure-ville-coeur-scaled.jpg","datePublished":"2021-12-02T16:46:25+00:00","dateModified":"2025-04-19T12:50:23+00:00","description":"Affiche r\u00e9alis\u00e9e en linogravure originale en 2 couleurs, impression typographique, \u00e9ditions Colophon, septembre 2021","breadcrumb":{"@id":"https:\/\/colophon-grignan.fr\/index.php\/produit\/affiche-la-ville-coeur\/#breadcrumb"},"inLanguage":"fr-FR","potentialAction":[{"@type":"ReadAction","target":["https:\/\/colophon-grignan.fr\/index.php\/produit\/affiche-la-ville-coeur\/"]}]},{"@type":"ImageObject","inLanguage":"fr-FR","@id":"https:\/\/colophon-grignan.fr\/index.php\/produit\/affiche-la-ville-coeur\/#primaryimage","url":"https:\/\/colophon-grignan.fr\/wp-content\/uploads\/2021\/12\/affiche-gravure-ville-coeur-scaled.jpg","contentUrl":"https:\/\/colophon-grignan.fr\/wp-content\/uploads\/2021\/12\/affiche-gravure-ville-coeur-scaled.jpg","width":763,"height":1024,"caption":"affiche ville coeur"},{"@type":"BreadcrumbList","@id":"https:\/\/colophon-grignan.fr\/index.php\/produit\/affiche-la-ville-coeur\/#breadcrumb","itemListElement":[{"@type":"ListItem","position":1,"name":"Accueil","item":"https:\/\/colophon-grignan.fr\/"},{"@type":"ListItem","position":2,"name":"\u00c9ditions &#038; Boutique Letterpress","item":"https:\/\/colophon-grignan.fr\/index.php\/boutique-letterpress\/"},{"@type":"ListItem","position":3,"name":"Affiche : La Ville-coeur"}]},{"@type":"WebSite","@id":"https:\/\/colophon-grignan.fr\/#website","url":"https:\/\/colophon-grignan.fr\/","name":"Colophon - Maison de l&#039;Imprimeur","description":"Atelier-Mus\u00e9e &amp; Librairie","publisher":{"@id":"https:\/\/colophon-grignan.fr\/#organization"},"potentialAction":[{"@type":"SearchAction","target":{"@type":"EntryPoint","urlTemplate":"https:\/\/colophon-grignan.fr\/?s={search_term_string}"},"query-input":{"@type":"PropertyValueSpecification","valueRequired":true,"valueName":"search_term_string"}}],"inLanguage":"fr-FR"},{"@type":"Organization","@id":"https:\/\/colophon-grignan.fr\/#organization","name":"Colophon - Maison de l'Imprimeur","url":"https:\/\/colophon-grignan.fr\/","logo":{"@type":"ImageObject","inLanguage":"fr-FR","@id":"https:\/\/colophon-grignan.fr\/#\/schema\/logo\/image\/","url":"https:\/\/i0.wp.com\/colophon-grignan.fr\/wp-content\/uploads\/2016\/12\/GRAND-CHAT.gif?fit=474%2C618&ssl=1","contentUrl":"https:\/\/i0.wp.com\/colophon-grignan.fr\/wp-content\/uploads\/2016\/12\/GRAND-CHAT.gif?fit=474%2C618&ssl=1","width":474,"height":618,"caption":"Colophon - Maison de l'Imprimeur"},"image":{"@id":"https:\/\/colophon-grignan.fr\/#\/schema\/logo\/image\/"},"sameAs":["https:\/\/www.facebook.com\/colophongrignan","https:\/\/www.pinterest.fr\/colophongrignan\/","https:\/\/www.instagram.com\/colophon_grignan\/"]}]}},"_links":{"self":[{"href":"https:\/\/colophon-grignan.fr\/index.php\/wp-json\/wp\/v2\/product\/4924","targetHints":{"allow":["GET"]}}],"collection":[{"href":"https:\/\/colophon-grignan.fr\/index.php\/wp-json\/wp\/v2\/product"}],"about":[{"href":"https:\/\/colophon-grignan.fr\/index.php\/wp-json\/wp\/v2\/types\/product"}],"replies":[{"embeddable":true,"href":"https:\/\/colophon-grignan.fr\/index.php\/wp-json\/wp\/v2\/comments?post=4924"}],"wp:featuredmedia":[{"embeddable":true,"href":"https:\/\/colophon-grignan.fr\/index.php\/wp-json\/wp\/v2\/media\/4933"}],"wp:attachment":[{"href":"https:\/\/colophon-grignan.fr\/index.php\/wp-json\/wp\/v2\/media?parent=4924"}],"wp:term":[{"taxonomy":"product_brand","embeddable":true,"href":"https:\/\/colophon-grignan.fr\/index.php\/wp-json\/wp\/v2\/product_brand?post=4924"},{"taxonomy":"product_cat","embeddable":true,"href":"https:\/\/colophon-grignan.fr\/index.php\/wp-json\/wp\/v2\/product_cat?post=4924"},{"taxonomy":"product_tag","embeddable":true,"href":"https:\/\/colophon-grignan.fr\/index.php\/wp-json\/wp\/v2\/product_tag?post=4924"}],"curies":[{"name":"wp","href":"https:\/\/api.w.org\/{rel}","templated":true}]}}