{"id":4952,"date":"2021-12-21T15:55:08","date_gmt":"2021-12-21T14:55:08","guid":{"rendered":"https:\/\/colophon-grignan.fr\/?post_type=product&#038;p=4952"},"modified":"2021-12-22T14:21:50","modified_gmt":"2021-12-22T13:21:50","slug":"livre-dart-le-chant-de-sulamith","status":"publish","type":"product","link":"https:\/\/colophon-grignan.fr\/index.php\/produit\/livre-dart-le-chant-de-sulamith\/","title":{"rendered":"Livre d&rsquo;art &#8211; Le chant de Sulamith"},"content":{"rendered":"<p>Livre d&rsquo;art, po\u00e8me d&rsquo;amour inspir\u00e9 du <a href=\"https:\/\/fr.wikipedia.org\/wiki\/Cantique_des_Cantiques\" target=\"_blank\" rel=\"noopener\">Cantiques des Cantiques<\/a>, \u00e9crit par Bruno Mabille<\/p>\n<p>Le livre se lit dans les deux sens avec \u00ab\u00a0Le chant de Salomon\u00a0\u00bb au verso.<\/p>\n<p>Imprim\u00e9 sur papier verg\u00e9 160g \u00e0 250 exemplaires.<\/p>\n<p><a href=\"https:\/\/colophon-grignan.fr\/index.php\/produit\/poesie\/\"><em>L&rsquo;amoureuse<\/em> de Bruno Mabille aux \u00e9ditions Colop\u0125on<\/a><\/p>\n","protected":false},"excerpt":{"rendered":"<p>po\u00e8me double inspir\u00e9 du Cantique des Cantiques<\/p>\n","protected":false},"featured_media":4963,"comment_status":"closed","ping_status":"closed","template":"","meta":[],"product_brand":[],"product_cat":[20],"product_tag":[],"class_list":{"0":"post-4952","1":"product","2":"type-product","3":"status-publish","4":"has-post-thumbnail","6":"product_cat-livres-dart","8":"first","9":"instock","10":"shipping-taxable","11":"purchasable","12":"product-type-simple"},"yoast_head":"<!-- This site is optimized with the Yoast SEO plugin v27.3 - https:\/\/yoast.com\/product\/yoast-seo-wordpress\/ -->\n<title>Livre d&#039;art - Le chant de Sulamith - Colophon, Maison de l&#039;Imprimeur<\/title>\n<meta name=\"description\" content=\"po\u00e8me d&#039;amour librement inspir\u00e9 du Cantique des Cantiques, imprim\u00e9 enti\u00e8rement en typographie. Livre d&#039;art en tirage limit\u00e9\" \/>\n<meta name=\"robots\" content=\"index, follow, max-snippet:-1, max-image-preview:large, max-video-preview:-1\" \/>\n<link rel=\"canonical\" href=\"https:\/\/colophon-grignan.fr\/index.php\/produit\/livre-dart-le-chant-de-sulamith\/\" \/>\n<meta property=\"og:locale\" content=\"fr_FR\" \/>\n<meta property=\"og:type\" content=\"article\" \/>\n<meta property=\"og:title\" content=\"Livre d&#039;art - Le chant de Sulamith - Colophon, Maison de l&#039;Imprimeur\" \/>\n<meta property=\"og:description\" content=\"po\u00e8me d&#039;amour librement inspir\u00e9 du Cantique des Cantiques, imprim\u00e9 enti\u00e8rement en typographie. Livre d&#039;art en tirage limit\u00e9\" \/>\n<meta property=\"og:url\" content=\"https:\/\/colophon-grignan.fr\/index.php\/produit\/livre-dart-le-chant-de-sulamith\/\" \/>\n<meta property=\"og:site_name\" content=\"Colophon, Maison de l&#039;Imprimeur\" \/>\n<meta property=\"article:publisher\" content=\"https:\/\/www.facebook.com\/colophongrignan\" \/>\n<meta property=\"article:modified_time\" content=\"2021-12-22T13:21:50+00:00\" \/>\n<meta property=\"og:image\" content=\"https:\/\/colophon-grignan.fr\/wp-content\/uploads\/2021\/12\/couverture-chant-sulamith-scaled.jpg\" \/>\n\t<meta property=\"og:image:width\" content=\"627\" \/>\n\t<meta property=\"og:image:height\" content=\"1024\" \/>\n\t<meta property=\"og:image:type\" content=\"image\/jpeg\" \/>\n<meta name=\"twitter:card\" content=\"summary_large_image\" \/>\n<meta name=\"twitter:label1\" content=\"Dur\u00e9e de lecture estim\u00e9e\" \/>\n\t<meta name=\"twitter:data1\" content=\"1 minute\" \/>\n<script type=\"application\/ld+json\" class=\"yoast-schema-graph\">{\"@context\":\"https:\\\/\\\/schema.org\",\"@graph\":[{\"@type\":\"WebPage\",\"@id\":\"https:\\\/\\\/colophon-grignan.fr\\\/index.php\\\/produit\\\/livre-dart-le-chant-de-sulamith\\\/\",\"url\":\"https:\\\/\\\/colophon-grignan.fr\\\/index.php\\\/produit\\\/livre-dart-le-chant-de-sulamith\\\/\",\"name\":\"Livre d'art - Le chant de Sulamith - Colophon, Maison de l&#039;Imprimeur\",\"isPartOf\":{\"@id\":\"https:\\\/\\\/colophon-grignan.fr\\\/#website\"},\"primaryImageOfPage\":{\"@id\":\"https:\\\/\\\/colophon-grignan.fr\\\/index.php\\\/produit\\\/livre-dart-le-chant-de-sulamith\\\/#primaryimage\"},\"image\":{\"@id\":\"https:\\\/\\\/colophon-grignan.fr\\\/index.php\\\/produit\\\/livre-dart-le-chant-de-sulamith\\\/#primaryimage\"},\"thumbnailUrl\":\"https:\\\/\\\/colophon-grignan.fr\\\/wp-content\\\/uploads\\\/2021\\\/12\\\/couverture-chant-sulamith-scaled.jpg\",\"datePublished\":\"2021-12-21T14:55:08+00:00\",\"dateModified\":\"2021-12-22T13:21:50+00:00\",\"description\":\"po\u00e8me d'amour librement inspir\u00e9 du Cantique des Cantiques, imprim\u00e9 enti\u00e8rement en typographie. Livre d'art en tirage limit\u00e9\",\"breadcrumb\":{\"@id\":\"https:\\\/\\\/colophon-grignan.fr\\\/index.php\\\/produit\\\/livre-dart-le-chant-de-sulamith\\\/#breadcrumb\"},\"inLanguage\":\"fr-FR\",\"potentialAction\":[{\"@type\":\"ReadAction\",\"target\":[\"https:\\\/\\\/colophon-grignan.fr\\\/index.php\\\/produit\\\/livre-dart-le-chant-de-sulamith\\\/\"]}]},{\"@type\":\"ImageObject\",\"inLanguage\":\"fr-FR\",\"@id\":\"https:\\\/\\\/colophon-grignan.fr\\\/index.php\\\/produit\\\/livre-dart-le-chant-de-sulamith\\\/#primaryimage\",\"url\":\"https:\\\/\\\/colophon-grignan.fr\\\/wp-content\\\/uploads\\\/2021\\\/12\\\/couverture-chant-sulamith-scaled.jpg\",\"contentUrl\":\"https:\\\/\\\/colophon-grignan.fr\\\/wp-content\\\/uploads\\\/2021\\\/12\\\/couverture-chant-sulamith-scaled.jpg\",\"width\":627,\"height\":1024},{\"@type\":\"BreadcrumbList\",\"@id\":\"https:\\\/\\\/colophon-grignan.fr\\\/index.php\\\/produit\\\/livre-dart-le-chant-de-sulamith\\\/#breadcrumb\",\"itemListElement\":[{\"@type\":\"ListItem\",\"position\":1,\"name\":\"Accueil\",\"item\":\"https:\\\/\\\/colophon-grignan.fr\\\/\"},{\"@type\":\"ListItem\",\"position\":2,\"name\":\"\u00c9ditions &#038; Boutique Letterpress\",\"item\":\"https:\\\/\\\/colophon-grignan.fr\\\/index.php\\\/boutique-letterpress\\\/\"},{\"@type\":\"ListItem\",\"position\":3,\"name\":\"Livre d&rsquo;art &#8211; Le chant de Sulamith\"}]},{\"@type\":\"WebSite\",\"@id\":\"https:\\\/\\\/colophon-grignan.fr\\\/#website\",\"url\":\"https:\\\/\\\/colophon-grignan.fr\\\/\",\"name\":\"Colophon - Maison de l&#039;Imprimeur\",\"description\":\"Atelier-Mus\u00e9e &amp; Librairie\",\"publisher\":{\"@id\":\"https:\\\/\\\/colophon-grignan.fr\\\/#organization\"},\"potentialAction\":[{\"@type\":\"SearchAction\",\"target\":{\"@type\":\"EntryPoint\",\"urlTemplate\":\"https:\\\/\\\/colophon-grignan.fr\\\/?s={search_term_string}\"},\"query-input\":{\"@type\":\"PropertyValueSpecification\",\"valueRequired\":true,\"valueName\":\"search_term_string\"}}],\"inLanguage\":\"fr-FR\"},{\"@type\":\"Organization\",\"@id\":\"https:\\\/\\\/colophon-grignan.fr\\\/#organization\",\"name\":\"Colophon - Maison de l'Imprimeur\",\"url\":\"https:\\\/\\\/colophon-grignan.fr\\\/\",\"logo\":{\"@type\":\"ImageObject\",\"inLanguage\":\"fr-FR\",\"@id\":\"https:\\\/\\\/colophon-grignan.fr\\\/#\\\/schema\\\/logo\\\/image\\\/\",\"url\":\"https:\\\/\\\/i0.wp.com\\\/colophon-grignan.fr\\\/wp-content\\\/uploads\\\/2016\\\/12\\\/GRAND-CHAT.gif?fit=474%2C618&ssl=1\",\"contentUrl\":\"https:\\\/\\\/i0.wp.com\\\/colophon-grignan.fr\\\/wp-content\\\/uploads\\\/2016\\\/12\\\/GRAND-CHAT.gif?fit=474%2C618&ssl=1\",\"width\":474,\"height\":618,\"caption\":\"Colophon - Maison de l'Imprimeur\"},\"image\":{\"@id\":\"https:\\\/\\\/colophon-grignan.fr\\\/#\\\/schema\\\/logo\\\/image\\\/\"},\"sameAs\":[\"https:\\\/\\\/www.facebook.com\\\/colophongrignan\",\"https:\\\/\\\/www.pinterest.fr\\\/colophongrignan\\\/\",\"https:\\\/\\\/www.instagram.com\\\/colophon_grignan\\\/\"]}]}<\/script>\n<!-- \/ Yoast SEO plugin. -->","yoast_head_json":{"title":"Livre d'art - Le chant de Sulamith - Colophon, Maison de l&#039;Imprimeur","description":"po\u00e8me d'amour librement inspir\u00e9 du Cantique des Cantiques, imprim\u00e9 enti\u00e8rement en typographie. Livre d'art en tirage limit\u00e9","robots":{"index":"index","follow":"follow","max-snippet":"max-snippet:-1","max-image-preview":"max-image-preview:large","max-video-preview":"max-video-preview:-1"},"canonical":"https:\/\/colophon-grignan.fr\/index.php\/produit\/livre-dart-le-chant-de-sulamith\/","og_locale":"fr_FR","og_type":"article","og_title":"Livre d'art - Le chant de Sulamith - Colophon, Maison de l&#039;Imprimeur","og_description":"po\u00e8me d'amour librement inspir\u00e9 du Cantique des Cantiques, imprim\u00e9 enti\u00e8rement en typographie. Livre d'art en tirage limit\u00e9","og_url":"https:\/\/colophon-grignan.fr\/index.php\/produit\/livre-dart-le-chant-de-sulamith\/","og_site_name":"Colophon, Maison de l&#039;Imprimeur","article_publisher":"https:\/\/www.facebook.com\/colophongrignan","article_modified_time":"2021-12-22T13:21:50+00:00","og_image":[{"width":627,"height":1024,"url":"https:\/\/colophon-grignan.fr\/wp-content\/uploads\/2021\/12\/couverture-chant-sulamith-scaled.jpg","type":"image\/jpeg"}],"twitter_card":"summary_large_image","twitter_misc":{"Dur\u00e9e de lecture estim\u00e9e":"1 minute"},"schema":{"@context":"https:\/\/schema.org","@graph":[{"@type":"WebPage","@id":"https:\/\/colophon-grignan.fr\/index.php\/produit\/livre-dart-le-chant-de-sulamith\/","url":"https:\/\/colophon-grignan.fr\/index.php\/produit\/livre-dart-le-chant-de-sulamith\/","name":"Livre d'art - Le chant de Sulamith - Colophon, Maison de l&#039;Imprimeur","isPartOf":{"@id":"https:\/\/colophon-grignan.fr\/#website"},"primaryImageOfPage":{"@id":"https:\/\/colophon-grignan.fr\/index.php\/produit\/livre-dart-le-chant-de-sulamith\/#primaryimage"},"image":{"@id":"https:\/\/colophon-grignan.fr\/index.php\/produit\/livre-dart-le-chant-de-sulamith\/#primaryimage"},"thumbnailUrl":"https:\/\/colophon-grignan.fr\/wp-content\/uploads\/2021\/12\/couverture-chant-sulamith-scaled.jpg","datePublished":"2021-12-21T14:55:08+00:00","dateModified":"2021-12-22T13:21:50+00:00","description":"po\u00e8me d'amour librement inspir\u00e9 du Cantique des Cantiques, imprim\u00e9 enti\u00e8rement en typographie. Livre d'art en tirage limit\u00e9","breadcrumb":{"@id":"https:\/\/colophon-grignan.fr\/index.php\/produit\/livre-dart-le-chant-de-sulamith\/#breadcrumb"},"inLanguage":"fr-FR","potentialAction":[{"@type":"ReadAction","target":["https:\/\/colophon-grignan.fr\/index.php\/produit\/livre-dart-le-chant-de-sulamith\/"]}]},{"@type":"ImageObject","inLanguage":"fr-FR","@id":"https:\/\/colophon-grignan.fr\/index.php\/produit\/livre-dart-le-chant-de-sulamith\/#primaryimage","url":"https:\/\/colophon-grignan.fr\/wp-content\/uploads\/2021\/12\/couverture-chant-sulamith-scaled.jpg","contentUrl":"https:\/\/colophon-grignan.fr\/wp-content\/uploads\/2021\/12\/couverture-chant-sulamith-scaled.jpg","width":627,"height":1024},{"@type":"BreadcrumbList","@id":"https:\/\/colophon-grignan.fr\/index.php\/produit\/livre-dart-le-chant-de-sulamith\/#breadcrumb","itemListElement":[{"@type":"ListItem","position":1,"name":"Accueil","item":"https:\/\/colophon-grignan.fr\/"},{"@type":"ListItem","position":2,"name":"\u00c9ditions &#038; Boutique Letterpress","item":"https:\/\/colophon-grignan.fr\/index.php\/boutique-letterpress\/"},{"@type":"ListItem","position":3,"name":"Livre d&rsquo;art &#8211; Le chant de Sulamith"}]},{"@type":"WebSite","@id":"https:\/\/colophon-grignan.fr\/#website","url":"https:\/\/colophon-grignan.fr\/","name":"Colophon - Maison de l&#039;Imprimeur","description":"Atelier-Mus\u00e9e &amp; Librairie","publisher":{"@id":"https:\/\/colophon-grignan.fr\/#organization"},"potentialAction":[{"@type":"SearchAction","target":{"@type":"EntryPoint","urlTemplate":"https:\/\/colophon-grignan.fr\/?s={search_term_string}"},"query-input":{"@type":"PropertyValueSpecification","valueRequired":true,"valueName":"search_term_string"}}],"inLanguage":"fr-FR"},{"@type":"Organization","@id":"https:\/\/colophon-grignan.fr\/#organization","name":"Colophon - Maison de l'Imprimeur","url":"https:\/\/colophon-grignan.fr\/","logo":{"@type":"ImageObject","inLanguage":"fr-FR","@id":"https:\/\/colophon-grignan.fr\/#\/schema\/logo\/image\/","url":"https:\/\/i0.wp.com\/colophon-grignan.fr\/wp-content\/uploads\/2016\/12\/GRAND-CHAT.gif?fit=474%2C618&ssl=1","contentUrl":"https:\/\/i0.wp.com\/colophon-grignan.fr\/wp-content\/uploads\/2016\/12\/GRAND-CHAT.gif?fit=474%2C618&ssl=1","width":474,"height":618,"caption":"Colophon - Maison de l'Imprimeur"},"image":{"@id":"https:\/\/colophon-grignan.fr\/#\/schema\/logo\/image\/"},"sameAs":["https:\/\/www.facebook.com\/colophongrignan","https:\/\/www.pinterest.fr\/colophongrignan\/","https:\/\/www.instagram.com\/colophon_grignan\/"]}]}},"_links":{"self":[{"href":"https:\/\/colophon-grignan.fr\/index.php\/wp-json\/wp\/v2\/product\/4952","targetHints":{"allow":["GET"]}}],"collection":[{"href":"https:\/\/colophon-grignan.fr\/index.php\/wp-json\/wp\/v2\/product"}],"about":[{"href":"https:\/\/colophon-grignan.fr\/index.php\/wp-json\/wp\/v2\/types\/product"}],"replies":[{"embeddable":true,"href":"https:\/\/colophon-grignan.fr\/index.php\/wp-json\/wp\/v2\/comments?post=4952"}],"wp:featuredmedia":[{"embeddable":true,"href":"https:\/\/colophon-grignan.fr\/index.php\/wp-json\/wp\/v2\/media\/4963"}],"wp:attachment":[{"href":"https:\/\/colophon-grignan.fr\/index.php\/wp-json\/wp\/v2\/media?parent=4952"}],"wp:term":[{"taxonomy":"product_brand","embeddable":true,"href":"https:\/\/colophon-grignan.fr\/index.php\/wp-json\/wp\/v2\/product_brand?post=4952"},{"taxonomy":"product_cat","embeddable":true,"href":"https:\/\/colophon-grignan.fr\/index.php\/wp-json\/wp\/v2\/product_cat?post=4952"},{"taxonomy":"product_tag","embeddable":true,"href":"https:\/\/colophon-grignan.fr\/index.php\/wp-json\/wp\/v2\/product_tag?post=4952"}],"curies":[{"name":"wp","href":"https:\/\/api.w.org\/{rel}","templated":true}]}}