{"id":5166,"date":"2022-07-24T13:34:58","date_gmt":"2022-07-24T11:34:58","guid":{"rendered":"https:\/\/colophon-grignan.fr\/?post_type=product&#038;p=5166"},"modified":"2022-07-24T13:35:03","modified_gmt":"2022-07-24T11:35:03","slug":"nez-cleopatre-allais","status":"publish","type":"product","link":"https:\/\/colophon-grignan.fr\/index.php\/produit\/nez-cleopatre-allais\/","title":{"rendered":"Nez Cl\u00e9op\u00e2tre &#038; Allais"},"content":{"rendered":"<p>Carte postale d&rsquo;une citation de Alphonse Allais sur le Nez de Cl\u00e9op\u00e2tre.<\/p>\n<p>Composition manuelle au plomb, impression sur presse traditionnelle. Papier : 250g<\/p>\n<p><a href=\"https:\/\/colophon-grignan.fr\/index.php\/categorie-produit\/cartes-postales\/\">Nos autres cartes postales<\/a><\/p>\n<p><a href=\"https:\/\/fr.wikipedia.org\/wiki\/Alphonse_Allais\">en savoir plus sur Alphonse Allais<\/a><\/p>\n","protected":false},"excerpt":{"rendered":"<p>Parole de Gaulois !<\/p>\n","protected":false},"featured_media":5167,"comment_status":"closed","ping_status":"closed","template":"","meta":[],"product_brand":[],"product_cat":[21],"product_tag":[],"class_list":{"0":"post-5166","1":"product","2":"type-product","3":"status-publish","4":"has-post-thumbnail","6":"product_cat-cartes-postales","8":"first","9":"instock","10":"shipping-taxable","11":"purchasable","12":"product-type-simple"},"yoast_head":"<!-- This site is optimized with the Yoast SEO plugin v27.3 - https:\/\/yoast.com\/product\/yoast-seo-wordpress\/ -->\n<title>Carte postale - Nez Cl\u00e9op\u00e2tre &amp; Allais<\/title>\n<meta name=\"description\" content=\"Carte postale humoristique en typographie citation Alphonse Allais Nez Cl\u00e9op\u00e2tre. Id\u00e9e cadeau artisanale et insolite !\" \/>\n<meta name=\"robots\" content=\"index, follow, max-snippet:-1, max-image-preview:large, max-video-preview:-1\" \/>\n<link rel=\"canonical\" href=\"https:\/\/colophon-grignan.fr\/index.php\/produit\/nez-cleopatre-allais\/\" \/>\n<meta property=\"og:locale\" content=\"fr_FR\" \/>\n<meta property=\"og:type\" content=\"article\" \/>\n<meta property=\"og:title\" content=\"Carte postale - Nez Cl\u00e9op\u00e2tre &amp; Allais\" \/>\n<meta property=\"og:description\" content=\"Carte postale humoristique en typographie citation Alphonse Allais Nez Cl\u00e9op\u00e2tre. Id\u00e9e cadeau artisanale et insolite !\" \/>\n<meta property=\"og:url\" content=\"https:\/\/colophon-grignan.fr\/index.php\/produit\/nez-cleopatre-allais\/\" \/>\n<meta property=\"og:site_name\" content=\"Colophon, Maison de l&#039;Imprimeur\" \/>\n<meta property=\"article:publisher\" content=\"https:\/\/www.facebook.com\/colophongrignan\" \/>\n<meta property=\"article:modified_time\" content=\"2022-07-24T11:35:03+00:00\" \/>\n<meta property=\"og:image\" content=\"https:\/\/colophon-grignan.fr\/wp-content\/uploads\/2022\/07\/carte-postale-cleopatre-allais-scaled.jpg\" \/>\n\t<meta property=\"og:image:width\" content=\"719\" \/>\n\t<meta property=\"og:image:height\" content=\"1024\" \/>\n\t<meta property=\"og:image:type\" content=\"image\/jpeg\" \/>\n<meta name=\"twitter:card\" content=\"summary_large_image\" \/>\n<meta name=\"twitter:label1\" content=\"Dur\u00e9e de lecture estim\u00e9e\" \/>\n\t<meta name=\"twitter:data1\" content=\"1 minute\" \/>\n<script type=\"application\/ld+json\" class=\"yoast-schema-graph\">{\"@context\":\"https:\\\/\\\/schema.org\",\"@graph\":[{\"@type\":\"WebPage\",\"@id\":\"https:\\\/\\\/colophon-grignan.fr\\\/index.php\\\/produit\\\/nez-cleopatre-allais\\\/\",\"url\":\"https:\\\/\\\/colophon-grignan.fr\\\/index.php\\\/produit\\\/nez-cleopatre-allais\\\/\",\"name\":\"Carte postale - Nez Cl\u00e9op\u00e2tre & Allais\",\"isPartOf\":{\"@id\":\"https:\\\/\\\/colophon-grignan.fr\\\/#website\"},\"primaryImageOfPage\":{\"@id\":\"https:\\\/\\\/colophon-grignan.fr\\\/index.php\\\/produit\\\/nez-cleopatre-allais\\\/#primaryimage\"},\"image\":{\"@id\":\"https:\\\/\\\/colophon-grignan.fr\\\/index.php\\\/produit\\\/nez-cleopatre-allais\\\/#primaryimage\"},\"thumbnailUrl\":\"https:\\\/\\\/colophon-grignan.fr\\\/wp-content\\\/uploads\\\/2022\\\/07\\\/carte-postale-cleopatre-allais-scaled.jpg\",\"datePublished\":\"2022-07-24T11:34:58+00:00\",\"dateModified\":\"2022-07-24T11:35:03+00:00\",\"description\":\"Carte postale humoristique en typographie citation Alphonse Allais Nez Cl\u00e9op\u00e2tre. Id\u00e9e cadeau artisanale et insolite !\",\"breadcrumb\":{\"@id\":\"https:\\\/\\\/colophon-grignan.fr\\\/index.php\\\/produit\\\/nez-cleopatre-allais\\\/#breadcrumb\"},\"inLanguage\":\"fr-FR\",\"potentialAction\":[{\"@type\":\"ReadAction\",\"target\":[\"https:\\\/\\\/colophon-grignan.fr\\\/index.php\\\/produit\\\/nez-cleopatre-allais\\\/\"]}]},{\"@type\":\"ImageObject\",\"inLanguage\":\"fr-FR\",\"@id\":\"https:\\\/\\\/colophon-grignan.fr\\\/index.php\\\/produit\\\/nez-cleopatre-allais\\\/#primaryimage\",\"url\":\"https:\\\/\\\/colophon-grignan.fr\\\/wp-content\\\/uploads\\\/2022\\\/07\\\/carte-postale-cleopatre-allais-scaled.jpg\",\"contentUrl\":\"https:\\\/\\\/colophon-grignan.fr\\\/wp-content\\\/uploads\\\/2022\\\/07\\\/carte-postale-cleopatre-allais-scaled.jpg\",\"width\":719,\"height\":1024},{\"@type\":\"BreadcrumbList\",\"@id\":\"https:\\\/\\\/colophon-grignan.fr\\\/index.php\\\/produit\\\/nez-cleopatre-allais\\\/#breadcrumb\",\"itemListElement\":[{\"@type\":\"ListItem\",\"position\":1,\"name\":\"Accueil\",\"item\":\"https:\\\/\\\/colophon-grignan.fr\\\/\"},{\"@type\":\"ListItem\",\"position\":2,\"name\":\"\u00c9ditions &#038; Boutique Letterpress\",\"item\":\"https:\\\/\\\/colophon-grignan.fr\\\/index.php\\\/boutique-letterpress\\\/\"},{\"@type\":\"ListItem\",\"position\":3,\"name\":\"Nez Cl\u00e9op\u00e2tre &#038; Allais\"}]},{\"@type\":\"WebSite\",\"@id\":\"https:\\\/\\\/colophon-grignan.fr\\\/#website\",\"url\":\"https:\\\/\\\/colophon-grignan.fr\\\/\",\"name\":\"Colophon - Maison de l&#039;Imprimeur\",\"description\":\"Atelier-Mus\u00e9e &amp; Librairie\",\"publisher\":{\"@id\":\"https:\\\/\\\/colophon-grignan.fr\\\/#organization\"},\"potentialAction\":[{\"@type\":\"SearchAction\",\"target\":{\"@type\":\"EntryPoint\",\"urlTemplate\":\"https:\\\/\\\/colophon-grignan.fr\\\/?s={search_term_string}\"},\"query-input\":{\"@type\":\"PropertyValueSpecification\",\"valueRequired\":true,\"valueName\":\"search_term_string\"}}],\"inLanguage\":\"fr-FR\"},{\"@type\":\"Organization\",\"@id\":\"https:\\\/\\\/colophon-grignan.fr\\\/#organization\",\"name\":\"Colophon - Maison de l'Imprimeur\",\"url\":\"https:\\\/\\\/colophon-grignan.fr\\\/\",\"logo\":{\"@type\":\"ImageObject\",\"inLanguage\":\"fr-FR\",\"@id\":\"https:\\\/\\\/colophon-grignan.fr\\\/#\\\/schema\\\/logo\\\/image\\\/\",\"url\":\"https:\\\/\\\/i0.wp.com\\\/colophon-grignan.fr\\\/wp-content\\\/uploads\\\/2016\\\/12\\\/GRAND-CHAT.gif?fit=474%2C618&ssl=1\",\"contentUrl\":\"https:\\\/\\\/i0.wp.com\\\/colophon-grignan.fr\\\/wp-content\\\/uploads\\\/2016\\\/12\\\/GRAND-CHAT.gif?fit=474%2C618&ssl=1\",\"width\":474,\"height\":618,\"caption\":\"Colophon - Maison de l'Imprimeur\"},\"image\":{\"@id\":\"https:\\\/\\\/colophon-grignan.fr\\\/#\\\/schema\\\/logo\\\/image\\\/\"},\"sameAs\":[\"https:\\\/\\\/www.facebook.com\\\/colophongrignan\",\"https:\\\/\\\/www.pinterest.fr\\\/colophongrignan\\\/\",\"https:\\\/\\\/www.instagram.com\\\/colophon_grignan\\\/\"]}]}<\/script>\n<!-- \/ Yoast SEO plugin. -->","yoast_head_json":{"title":"Carte postale - Nez Cl\u00e9op\u00e2tre & Allais","description":"Carte postale humoristique en typographie citation Alphonse Allais Nez Cl\u00e9op\u00e2tre. Id\u00e9e cadeau artisanale et insolite !","robots":{"index":"index","follow":"follow","max-snippet":"max-snippet:-1","max-image-preview":"max-image-preview:large","max-video-preview":"max-video-preview:-1"},"canonical":"https:\/\/colophon-grignan.fr\/index.php\/produit\/nez-cleopatre-allais\/","og_locale":"fr_FR","og_type":"article","og_title":"Carte postale - Nez Cl\u00e9op\u00e2tre & Allais","og_description":"Carte postale humoristique en typographie citation Alphonse Allais Nez Cl\u00e9op\u00e2tre. Id\u00e9e cadeau artisanale et insolite !","og_url":"https:\/\/colophon-grignan.fr\/index.php\/produit\/nez-cleopatre-allais\/","og_site_name":"Colophon, Maison de l&#039;Imprimeur","article_publisher":"https:\/\/www.facebook.com\/colophongrignan","article_modified_time":"2022-07-24T11:35:03+00:00","og_image":[{"width":719,"height":1024,"url":"https:\/\/colophon-grignan.fr\/wp-content\/uploads\/2022\/07\/carte-postale-cleopatre-allais-scaled.jpg","type":"image\/jpeg"}],"twitter_card":"summary_large_image","twitter_misc":{"Dur\u00e9e de lecture estim\u00e9e":"1 minute"},"schema":{"@context":"https:\/\/schema.org","@graph":[{"@type":"WebPage","@id":"https:\/\/colophon-grignan.fr\/index.php\/produit\/nez-cleopatre-allais\/","url":"https:\/\/colophon-grignan.fr\/index.php\/produit\/nez-cleopatre-allais\/","name":"Carte postale - Nez Cl\u00e9op\u00e2tre & Allais","isPartOf":{"@id":"https:\/\/colophon-grignan.fr\/#website"},"primaryImageOfPage":{"@id":"https:\/\/colophon-grignan.fr\/index.php\/produit\/nez-cleopatre-allais\/#primaryimage"},"image":{"@id":"https:\/\/colophon-grignan.fr\/index.php\/produit\/nez-cleopatre-allais\/#primaryimage"},"thumbnailUrl":"https:\/\/colophon-grignan.fr\/wp-content\/uploads\/2022\/07\/carte-postale-cleopatre-allais-scaled.jpg","datePublished":"2022-07-24T11:34:58+00:00","dateModified":"2022-07-24T11:35:03+00:00","description":"Carte postale humoristique en typographie citation Alphonse Allais Nez Cl\u00e9op\u00e2tre. Id\u00e9e cadeau artisanale et insolite !","breadcrumb":{"@id":"https:\/\/colophon-grignan.fr\/index.php\/produit\/nez-cleopatre-allais\/#breadcrumb"},"inLanguage":"fr-FR","potentialAction":[{"@type":"ReadAction","target":["https:\/\/colophon-grignan.fr\/index.php\/produit\/nez-cleopatre-allais\/"]}]},{"@type":"ImageObject","inLanguage":"fr-FR","@id":"https:\/\/colophon-grignan.fr\/index.php\/produit\/nez-cleopatre-allais\/#primaryimage","url":"https:\/\/colophon-grignan.fr\/wp-content\/uploads\/2022\/07\/carte-postale-cleopatre-allais-scaled.jpg","contentUrl":"https:\/\/colophon-grignan.fr\/wp-content\/uploads\/2022\/07\/carte-postale-cleopatre-allais-scaled.jpg","width":719,"height":1024},{"@type":"BreadcrumbList","@id":"https:\/\/colophon-grignan.fr\/index.php\/produit\/nez-cleopatre-allais\/#breadcrumb","itemListElement":[{"@type":"ListItem","position":1,"name":"Accueil","item":"https:\/\/colophon-grignan.fr\/"},{"@type":"ListItem","position":2,"name":"\u00c9ditions &#038; Boutique Letterpress","item":"https:\/\/colophon-grignan.fr\/index.php\/boutique-letterpress\/"},{"@type":"ListItem","position":3,"name":"Nez Cl\u00e9op\u00e2tre &#038; Allais"}]},{"@type":"WebSite","@id":"https:\/\/colophon-grignan.fr\/#website","url":"https:\/\/colophon-grignan.fr\/","name":"Colophon - Maison de l&#039;Imprimeur","description":"Atelier-Mus\u00e9e &amp; Librairie","publisher":{"@id":"https:\/\/colophon-grignan.fr\/#organization"},"potentialAction":[{"@type":"SearchAction","target":{"@type":"EntryPoint","urlTemplate":"https:\/\/colophon-grignan.fr\/?s={search_term_string}"},"query-input":{"@type":"PropertyValueSpecification","valueRequired":true,"valueName":"search_term_string"}}],"inLanguage":"fr-FR"},{"@type":"Organization","@id":"https:\/\/colophon-grignan.fr\/#organization","name":"Colophon - Maison de l'Imprimeur","url":"https:\/\/colophon-grignan.fr\/","logo":{"@type":"ImageObject","inLanguage":"fr-FR","@id":"https:\/\/colophon-grignan.fr\/#\/schema\/logo\/image\/","url":"https:\/\/i0.wp.com\/colophon-grignan.fr\/wp-content\/uploads\/2016\/12\/GRAND-CHAT.gif?fit=474%2C618&ssl=1","contentUrl":"https:\/\/i0.wp.com\/colophon-grignan.fr\/wp-content\/uploads\/2016\/12\/GRAND-CHAT.gif?fit=474%2C618&ssl=1","width":474,"height":618,"caption":"Colophon - Maison de l'Imprimeur"},"image":{"@id":"https:\/\/colophon-grignan.fr\/#\/schema\/logo\/image\/"},"sameAs":["https:\/\/www.facebook.com\/colophongrignan","https:\/\/www.pinterest.fr\/colophongrignan\/","https:\/\/www.instagram.com\/colophon_grignan\/"]}]}},"_links":{"self":[{"href":"https:\/\/colophon-grignan.fr\/index.php\/wp-json\/wp\/v2\/product\/5166","targetHints":{"allow":["GET"]}}],"collection":[{"href":"https:\/\/colophon-grignan.fr\/index.php\/wp-json\/wp\/v2\/product"}],"about":[{"href":"https:\/\/colophon-grignan.fr\/index.php\/wp-json\/wp\/v2\/types\/product"}],"replies":[{"embeddable":true,"href":"https:\/\/colophon-grignan.fr\/index.php\/wp-json\/wp\/v2\/comments?post=5166"}],"wp:featuredmedia":[{"embeddable":true,"href":"https:\/\/colophon-grignan.fr\/index.php\/wp-json\/wp\/v2\/media\/5167"}],"wp:attachment":[{"href":"https:\/\/colophon-grignan.fr\/index.php\/wp-json\/wp\/v2\/media?parent=5166"}],"wp:term":[{"taxonomy":"product_brand","embeddable":true,"href":"https:\/\/colophon-grignan.fr\/index.php\/wp-json\/wp\/v2\/product_brand?post=5166"},{"taxonomy":"product_cat","embeddable":true,"href":"https:\/\/colophon-grignan.fr\/index.php\/wp-json\/wp\/v2\/product_cat?post=5166"},{"taxonomy":"product_tag","embeddable":true,"href":"https:\/\/colophon-grignan.fr\/index.php\/wp-json\/wp\/v2\/product_tag?post=5166"}],"curies":[{"name":"wp","href":"https:\/\/api.w.org\/{rel}","templated":true}]}}