{"id":5676,"date":"2023-11-24T18:03:40","date_gmt":"2023-11-24T17:03:40","guid":{"rendered":"https:\/\/colophon-grignan.fr\/?post_type=product&#038;p=5676"},"modified":"2023-11-24T18:03:41","modified_gmt":"2023-11-24T17:03:41","slug":"herbert-et-le-chien-phoque-aurelia-grandin","status":"publish","type":"product","link":"https:\/\/colophon-grignan.fr\/index.php\/produit\/herbert-et-le-chien-phoque-aurelia-grandin\/","title":{"rendered":"Herbert et le Chien-Phoque, Aur\u00e9lia Grandin"},"content":{"rendered":"<p>Le voyage onirique d&rsquo;un <a href=\"https:\/\/colophon-grignan.fr\/index.php\/produit\/livre-art-un-jouet-dans-la-tempete\/\">p\u00eacheur<\/a> apr\u00e8s quelques gorg\u00e9es de rhum, par Aur\u00e9lia Grandin.<\/p>\n<p>Linogravures d&rsquo;Aur\u00e9lia Grandin et texte de Gilles et Aur\u00e9lia.<\/p>\n<p>ISBN : 2 9509897 5 6<\/p>\n","protected":false},"excerpt":{"rendered":"<p>On voyage avec du Rhum !<\/p>\n","protected":false},"featured_media":5677,"comment_status":"closed","ping_status":"closed","template":"","meta":[],"product_brand":[],"product_cat":[20],"product_tag":[],"class_list":{"0":"post-5676","1":"product","2":"type-product","3":"status-publish","4":"has-post-thumbnail","6":"product_cat-livres-dart","8":"first","9":"instock","10":"shipping-taxable","11":"purchasable","12":"product-type-simple"},"yoast_head":"<!-- This site is optimized with the Yoast SEO plugin v27.3 - https:\/\/yoast.com\/product\/yoast-seo-wordpress\/ -->\n<title>Herbert et le Chien-Phoque, Aur\u00e9lia Grandin - Colophon, Maison de l&#039;Imprimeur<\/title>\n<meta name=\"description\" content=\"Le Voyage par Aur\u00e9lia Grandin d&#039;Herbert, p\u00eacheur ayant le blues et se laissant aller \u00e0 des r\u00eaveries nourries au rhum, compos\u00e9 et illustr\u00e9 en typographie.\" \/>\n<meta name=\"robots\" content=\"index, follow, max-snippet:-1, max-image-preview:large, max-video-preview:-1\" \/>\n<link rel=\"canonical\" href=\"https:\/\/colophon-grignan.fr\/index.php\/produit\/herbert-et-le-chien-phoque-aurelia-grandin\/\" \/>\n<meta property=\"og:locale\" content=\"fr_FR\" \/>\n<meta property=\"og:type\" content=\"article\" \/>\n<meta property=\"og:title\" content=\"Herbert et le Chien-Phoque, Aur\u00e9lia Grandin - Colophon, Maison de l&#039;Imprimeur\" \/>\n<meta property=\"og:description\" content=\"Le Voyage par Aur\u00e9lia Grandin d&#039;Herbert, p\u00eacheur ayant le blues et se laissant aller \u00e0 des r\u00eaveries nourries au rhum, compos\u00e9 et illustr\u00e9 en typographie.\" \/>\n<meta property=\"og:url\" content=\"https:\/\/colophon-grignan.fr\/index.php\/produit\/herbert-et-le-chien-phoque-aurelia-grandin\/\" \/>\n<meta property=\"og:site_name\" content=\"Colophon, Maison de l&#039;Imprimeur\" \/>\n<meta property=\"article:publisher\" content=\"https:\/\/www.facebook.com\/colophongrignan\" \/>\n<meta property=\"article:modified_time\" content=\"2023-11-24T17:03:41+00:00\" \/>\n<meta property=\"og:image\" content=\"https:\/\/colophon-grignan.fr\/wp-content\/uploads\/2023\/11\/herbert-chien-phoque-couverture-scaled.jpg\" \/>\n\t<meta property=\"og:image:width\" content=\"2560\" \/>\n\t<meta property=\"og:image:height\" content=\"2305\" \/>\n\t<meta property=\"og:image:type\" content=\"image\/jpeg\" \/>\n<meta name=\"twitter:card\" content=\"summary_large_image\" \/>\n<meta name=\"twitter:label1\" content=\"Dur\u00e9e de lecture estim\u00e9e\" \/>\n\t<meta name=\"twitter:data1\" content=\"1 minute\" \/>\n<script type=\"application\/ld+json\" class=\"yoast-schema-graph\">{\"@context\":\"https:\\\/\\\/schema.org\",\"@graph\":[{\"@type\":\"WebPage\",\"@id\":\"https:\\\/\\\/colophon-grignan.fr\\\/index.php\\\/produit\\\/herbert-et-le-chien-phoque-aurelia-grandin\\\/\",\"url\":\"https:\\\/\\\/colophon-grignan.fr\\\/index.php\\\/produit\\\/herbert-et-le-chien-phoque-aurelia-grandin\\\/\",\"name\":\"Herbert et le Chien-Phoque, Aur\u00e9lia Grandin - Colophon, Maison de l&#039;Imprimeur\",\"isPartOf\":{\"@id\":\"https:\\\/\\\/colophon-grignan.fr\\\/#website\"},\"primaryImageOfPage\":{\"@id\":\"https:\\\/\\\/colophon-grignan.fr\\\/index.php\\\/produit\\\/herbert-et-le-chien-phoque-aurelia-grandin\\\/#primaryimage\"},\"image\":{\"@id\":\"https:\\\/\\\/colophon-grignan.fr\\\/index.php\\\/produit\\\/herbert-et-le-chien-phoque-aurelia-grandin\\\/#primaryimage\"},\"thumbnailUrl\":\"https:\\\/\\\/colophon-grignan.fr\\\/wp-content\\\/uploads\\\/2023\\\/11\\\/herbert-chien-phoque-couverture-scaled.jpg\",\"datePublished\":\"2023-11-24T17:03:40+00:00\",\"dateModified\":\"2023-11-24T17:03:41+00:00\",\"description\":\"Le Voyage par Aur\u00e9lia Grandin d'Herbert, p\u00eacheur ayant le blues et se laissant aller \u00e0 des r\u00eaveries nourries au rhum, compos\u00e9 et illustr\u00e9 en typographie.\",\"breadcrumb\":{\"@id\":\"https:\\\/\\\/colophon-grignan.fr\\\/index.php\\\/produit\\\/herbert-et-le-chien-phoque-aurelia-grandin\\\/#breadcrumb\"},\"inLanguage\":\"fr-FR\",\"potentialAction\":[{\"@type\":\"ReadAction\",\"target\":[\"https:\\\/\\\/colophon-grignan.fr\\\/index.php\\\/produit\\\/herbert-et-le-chien-phoque-aurelia-grandin\\\/\"]}]},{\"@type\":\"ImageObject\",\"inLanguage\":\"fr-FR\",\"@id\":\"https:\\\/\\\/colophon-grignan.fr\\\/index.php\\\/produit\\\/herbert-et-le-chien-phoque-aurelia-grandin\\\/#primaryimage\",\"url\":\"https:\\\/\\\/colophon-grignan.fr\\\/wp-content\\\/uploads\\\/2023\\\/11\\\/herbert-chien-phoque-couverture-scaled.jpg\",\"contentUrl\":\"https:\\\/\\\/colophon-grignan.fr\\\/wp-content\\\/uploads\\\/2023\\\/11\\\/herbert-chien-phoque-couverture-scaled.jpg\",\"width\":2560,\"height\":2305,\"caption\":\"Couverture de Herbert et le chien-phoque\"},{\"@type\":\"BreadcrumbList\",\"@id\":\"https:\\\/\\\/colophon-grignan.fr\\\/index.php\\\/produit\\\/herbert-et-le-chien-phoque-aurelia-grandin\\\/#breadcrumb\",\"itemListElement\":[{\"@type\":\"ListItem\",\"position\":1,\"name\":\"Accueil\",\"item\":\"https:\\\/\\\/colophon-grignan.fr\\\/\"},{\"@type\":\"ListItem\",\"position\":2,\"name\":\"\u00c9ditions &#038; Boutique Letterpress\",\"item\":\"https:\\\/\\\/colophon-grignan.fr\\\/index.php\\\/boutique-letterpress\\\/\"},{\"@type\":\"ListItem\",\"position\":3,\"name\":\"Herbert et le Chien-Phoque, Aur\u00e9lia Grandin\"}]},{\"@type\":\"WebSite\",\"@id\":\"https:\\\/\\\/colophon-grignan.fr\\\/#website\",\"url\":\"https:\\\/\\\/colophon-grignan.fr\\\/\",\"name\":\"Colophon - Maison de l&#039;Imprimeur\",\"description\":\"Atelier-Mus\u00e9e &amp; Librairie\",\"publisher\":{\"@id\":\"https:\\\/\\\/colophon-grignan.fr\\\/#organization\"},\"potentialAction\":[{\"@type\":\"SearchAction\",\"target\":{\"@type\":\"EntryPoint\",\"urlTemplate\":\"https:\\\/\\\/colophon-grignan.fr\\\/?s={search_term_string}\"},\"query-input\":{\"@type\":\"PropertyValueSpecification\",\"valueRequired\":true,\"valueName\":\"search_term_string\"}}],\"inLanguage\":\"fr-FR\"},{\"@type\":\"Organization\",\"@id\":\"https:\\\/\\\/colophon-grignan.fr\\\/#organization\",\"name\":\"Colophon - Maison de l'Imprimeur\",\"url\":\"https:\\\/\\\/colophon-grignan.fr\\\/\",\"logo\":{\"@type\":\"ImageObject\",\"inLanguage\":\"fr-FR\",\"@id\":\"https:\\\/\\\/colophon-grignan.fr\\\/#\\\/schema\\\/logo\\\/image\\\/\",\"url\":\"https:\\\/\\\/i0.wp.com\\\/colophon-grignan.fr\\\/wp-content\\\/uploads\\\/2016\\\/12\\\/GRAND-CHAT.gif?fit=474%2C618&ssl=1\",\"contentUrl\":\"https:\\\/\\\/i0.wp.com\\\/colophon-grignan.fr\\\/wp-content\\\/uploads\\\/2016\\\/12\\\/GRAND-CHAT.gif?fit=474%2C618&ssl=1\",\"width\":474,\"height\":618,\"caption\":\"Colophon - Maison de l'Imprimeur\"},\"image\":{\"@id\":\"https:\\\/\\\/colophon-grignan.fr\\\/#\\\/schema\\\/logo\\\/image\\\/\"},\"sameAs\":[\"https:\\\/\\\/www.facebook.com\\\/colophongrignan\",\"https:\\\/\\\/www.pinterest.fr\\\/colophongrignan\\\/\",\"https:\\\/\\\/www.instagram.com\\\/colophon_grignan\\\/\"]}]}<\/script>\n<!-- \/ Yoast SEO plugin. -->","yoast_head_json":{"title":"Herbert et le Chien-Phoque, Aur\u00e9lia Grandin - Colophon, Maison de l&#039;Imprimeur","description":"Le Voyage par Aur\u00e9lia Grandin d'Herbert, p\u00eacheur ayant le blues et se laissant aller \u00e0 des r\u00eaveries nourries au rhum, compos\u00e9 et illustr\u00e9 en typographie.","robots":{"index":"index","follow":"follow","max-snippet":"max-snippet:-1","max-image-preview":"max-image-preview:large","max-video-preview":"max-video-preview:-1"},"canonical":"https:\/\/colophon-grignan.fr\/index.php\/produit\/herbert-et-le-chien-phoque-aurelia-grandin\/","og_locale":"fr_FR","og_type":"article","og_title":"Herbert et le Chien-Phoque, Aur\u00e9lia Grandin - Colophon, Maison de l&#039;Imprimeur","og_description":"Le Voyage par Aur\u00e9lia Grandin d'Herbert, p\u00eacheur ayant le blues et se laissant aller \u00e0 des r\u00eaveries nourries au rhum, compos\u00e9 et illustr\u00e9 en typographie.","og_url":"https:\/\/colophon-grignan.fr\/index.php\/produit\/herbert-et-le-chien-phoque-aurelia-grandin\/","og_site_name":"Colophon, Maison de l&#039;Imprimeur","article_publisher":"https:\/\/www.facebook.com\/colophongrignan","article_modified_time":"2023-11-24T17:03:41+00:00","og_image":[{"width":2560,"height":2305,"url":"https:\/\/colophon-grignan.fr\/wp-content\/uploads\/2023\/11\/herbert-chien-phoque-couverture-scaled.jpg","type":"image\/jpeg"}],"twitter_card":"summary_large_image","twitter_misc":{"Dur\u00e9e de lecture estim\u00e9e":"1 minute"},"schema":{"@context":"https:\/\/schema.org","@graph":[{"@type":"WebPage","@id":"https:\/\/colophon-grignan.fr\/index.php\/produit\/herbert-et-le-chien-phoque-aurelia-grandin\/","url":"https:\/\/colophon-grignan.fr\/index.php\/produit\/herbert-et-le-chien-phoque-aurelia-grandin\/","name":"Herbert et le Chien-Phoque, Aur\u00e9lia Grandin - Colophon, Maison de l&#039;Imprimeur","isPartOf":{"@id":"https:\/\/colophon-grignan.fr\/#website"},"primaryImageOfPage":{"@id":"https:\/\/colophon-grignan.fr\/index.php\/produit\/herbert-et-le-chien-phoque-aurelia-grandin\/#primaryimage"},"image":{"@id":"https:\/\/colophon-grignan.fr\/index.php\/produit\/herbert-et-le-chien-phoque-aurelia-grandin\/#primaryimage"},"thumbnailUrl":"https:\/\/colophon-grignan.fr\/wp-content\/uploads\/2023\/11\/herbert-chien-phoque-couverture-scaled.jpg","datePublished":"2023-11-24T17:03:40+00:00","dateModified":"2023-11-24T17:03:41+00:00","description":"Le Voyage par Aur\u00e9lia Grandin d'Herbert, p\u00eacheur ayant le blues et se laissant aller \u00e0 des r\u00eaveries nourries au rhum, compos\u00e9 et illustr\u00e9 en typographie.","breadcrumb":{"@id":"https:\/\/colophon-grignan.fr\/index.php\/produit\/herbert-et-le-chien-phoque-aurelia-grandin\/#breadcrumb"},"inLanguage":"fr-FR","potentialAction":[{"@type":"ReadAction","target":["https:\/\/colophon-grignan.fr\/index.php\/produit\/herbert-et-le-chien-phoque-aurelia-grandin\/"]}]},{"@type":"ImageObject","inLanguage":"fr-FR","@id":"https:\/\/colophon-grignan.fr\/index.php\/produit\/herbert-et-le-chien-phoque-aurelia-grandin\/#primaryimage","url":"https:\/\/colophon-grignan.fr\/wp-content\/uploads\/2023\/11\/herbert-chien-phoque-couverture-scaled.jpg","contentUrl":"https:\/\/colophon-grignan.fr\/wp-content\/uploads\/2023\/11\/herbert-chien-phoque-couverture-scaled.jpg","width":2560,"height":2305,"caption":"Couverture de Herbert et le chien-phoque"},{"@type":"BreadcrumbList","@id":"https:\/\/colophon-grignan.fr\/index.php\/produit\/herbert-et-le-chien-phoque-aurelia-grandin\/#breadcrumb","itemListElement":[{"@type":"ListItem","position":1,"name":"Accueil","item":"https:\/\/colophon-grignan.fr\/"},{"@type":"ListItem","position":2,"name":"\u00c9ditions &#038; Boutique Letterpress","item":"https:\/\/colophon-grignan.fr\/index.php\/boutique-letterpress\/"},{"@type":"ListItem","position":3,"name":"Herbert et le Chien-Phoque, Aur\u00e9lia Grandin"}]},{"@type":"WebSite","@id":"https:\/\/colophon-grignan.fr\/#website","url":"https:\/\/colophon-grignan.fr\/","name":"Colophon - Maison de l&#039;Imprimeur","description":"Atelier-Mus\u00e9e &amp; Librairie","publisher":{"@id":"https:\/\/colophon-grignan.fr\/#organization"},"potentialAction":[{"@type":"SearchAction","target":{"@type":"EntryPoint","urlTemplate":"https:\/\/colophon-grignan.fr\/?s={search_term_string}"},"query-input":{"@type":"PropertyValueSpecification","valueRequired":true,"valueName":"search_term_string"}}],"inLanguage":"fr-FR"},{"@type":"Organization","@id":"https:\/\/colophon-grignan.fr\/#organization","name":"Colophon - Maison de l'Imprimeur","url":"https:\/\/colophon-grignan.fr\/","logo":{"@type":"ImageObject","inLanguage":"fr-FR","@id":"https:\/\/colophon-grignan.fr\/#\/schema\/logo\/image\/","url":"https:\/\/i0.wp.com\/colophon-grignan.fr\/wp-content\/uploads\/2016\/12\/GRAND-CHAT.gif?fit=474%2C618&ssl=1","contentUrl":"https:\/\/i0.wp.com\/colophon-grignan.fr\/wp-content\/uploads\/2016\/12\/GRAND-CHAT.gif?fit=474%2C618&ssl=1","width":474,"height":618,"caption":"Colophon - Maison de l'Imprimeur"},"image":{"@id":"https:\/\/colophon-grignan.fr\/#\/schema\/logo\/image\/"},"sameAs":["https:\/\/www.facebook.com\/colophongrignan","https:\/\/www.pinterest.fr\/colophongrignan\/","https:\/\/www.instagram.com\/colophon_grignan\/"]}]}},"_links":{"self":[{"href":"https:\/\/colophon-grignan.fr\/index.php\/wp-json\/wp\/v2\/product\/5676","targetHints":{"allow":["GET"]}}],"collection":[{"href":"https:\/\/colophon-grignan.fr\/index.php\/wp-json\/wp\/v2\/product"}],"about":[{"href":"https:\/\/colophon-grignan.fr\/index.php\/wp-json\/wp\/v2\/types\/product"}],"replies":[{"embeddable":true,"href":"https:\/\/colophon-grignan.fr\/index.php\/wp-json\/wp\/v2\/comments?post=5676"}],"wp:featuredmedia":[{"embeddable":true,"href":"https:\/\/colophon-grignan.fr\/index.php\/wp-json\/wp\/v2\/media\/5677"}],"wp:attachment":[{"href":"https:\/\/colophon-grignan.fr\/index.php\/wp-json\/wp\/v2\/media?parent=5676"}],"wp:term":[{"taxonomy":"product_brand","embeddable":true,"href":"https:\/\/colophon-grignan.fr\/index.php\/wp-json\/wp\/v2\/product_brand?post=5676"},{"taxonomy":"product_cat","embeddable":true,"href":"https:\/\/colophon-grignan.fr\/index.php\/wp-json\/wp\/v2\/product_cat?post=5676"},{"taxonomy":"product_tag","embeddable":true,"href":"https:\/\/colophon-grignan.fr\/index.php\/wp-json\/wp\/v2\/product_tag?post=5676"}],"curies":[{"name":"wp","href":"https:\/\/api.w.org\/{rel}","templated":true}]}}