{"id":5981,"date":"2024-09-03T14:58:10","date_gmt":"2024-09-03T12:58:10","guid":{"rendered":"https:\/\/colophon-grignan.fr\/?post_type=product&#038;p=5981"},"modified":"2024-09-03T15:33:53","modified_gmt":"2024-09-03T13:33:53","slug":"pont-japonais","status":"publish","type":"product","link":"https:\/\/colophon-grignan.fr\/index.php\/produit\/pont-japonais\/","title":{"rendered":"Pont japonais"},"content":{"rendered":"<p>Linogravure d&rsquo;un Pont japonais par Jacob Pascal-Jeny.<\/p>\n<p>Disponible en 3 variations : Marron, Bleu et Bleu sur papier beige<\/p>\n<p><a href=\"https:\/\/vivreatokyo.com\/le-shinto-de-a-a-z.html\">Un peu d&rsquo;information sur le shinto<\/a><\/p>\n<p><a href=\"https:\/\/colophon-grignan.fr\/index.php\/produit\/linogravure-dragon\/\">Autre linogravure au format carte postale<\/a><\/p>\n","protected":false},"excerpt":{"rendered":"<p>Interpr\u00e9tation d&rsquo;un japon m\u00e9di\u00e9val<\/p>\n","protected":false},"featured_media":5982,"comment_status":"closed","ping_status":"closed","template":"","meta":[],"product_brand":[],"product_cat":[21],"product_tag":[],"class_list":{"0":"post-5981","1":"product","2":"type-product","3":"status-publish","4":"has-post-thumbnail","6":"product_cat-cartes-postales","8":"first","9":"instock","10":"shipping-taxable","11":"purchasable","12":"product-type-variable"},"yoast_head":"<!-- This site is optimized with the Yoast SEO plugin v27.3 - https:\/\/yoast.com\/product\/yoast-seo-wordpress\/ -->\n<title>Pont japonais - Colophon, Maison de l&#039;Imprimeur<\/title>\n<meta name=\"description\" content=\"Linogravure d&#039;un pont japonais, grav\u00e9 \u00e0 la main et imprim\u00e9 sur presse traditionelle. Repr\u00e9sentant un homme traversant un pont en direction d&#039;un Shinto\" \/>\n<meta name=\"robots\" content=\"index, follow, max-snippet:-1, max-image-preview:large, max-video-preview:-1\" \/>\n<link rel=\"canonical\" href=\"https:\/\/colophon-grignan.fr\/index.php\/produit\/pont-japonais\/\" \/>\n<meta property=\"og:locale\" content=\"fr_FR\" \/>\n<meta property=\"og:type\" content=\"article\" \/>\n<meta property=\"og:title\" content=\"Pont japonais - Colophon, Maison de l&#039;Imprimeur\" \/>\n<meta property=\"og:description\" content=\"Linogravure d&#039;un pont japonais, grav\u00e9 \u00e0 la main et imprim\u00e9 sur presse traditionelle. Repr\u00e9sentant un homme traversant un pont en direction d&#039;un Shinto\" \/>\n<meta property=\"og:url\" content=\"https:\/\/colophon-grignan.fr\/index.php\/produit\/pont-japonais\/\" \/>\n<meta property=\"og:site_name\" content=\"Colophon, Maison de l&#039;Imprimeur\" \/>\n<meta property=\"article:publisher\" content=\"https:\/\/www.facebook.com\/colophongrignan\" \/>\n<meta property=\"article:modified_time\" content=\"2024-09-03T13:33:53+00:00\" \/>\n<meta property=\"og:image\" content=\"https:\/\/colophon-grignan.fr\/wp-content\/uploads\/2024\/09\/carte-pont-japonais-fond-marron-recto-scaled.jpg\" \/>\n\t<meta property=\"og:image:width\" content=\"2560\" \/>\n\t<meta property=\"og:image:height\" content=\"1853\" \/>\n\t<meta property=\"og:image:type\" content=\"image\/jpeg\" \/>\n<meta name=\"twitter:card\" content=\"summary_large_image\" \/>\n<meta name=\"twitter:label1\" content=\"Dur\u00e9e de lecture estim\u00e9e\" \/>\n\t<meta name=\"twitter:data1\" content=\"1 minute\" \/>\n<script type=\"application\/ld+json\" class=\"yoast-schema-graph\">{\"@context\":\"https:\\\/\\\/schema.org\",\"@graph\":[{\"@type\":\"WebPage\",\"@id\":\"https:\\\/\\\/colophon-grignan.fr\\\/index.php\\\/produit\\\/pont-japonais\\\/\",\"url\":\"https:\\\/\\\/colophon-grignan.fr\\\/index.php\\\/produit\\\/pont-japonais\\\/\",\"name\":\"Pont japonais - Colophon, Maison de l&#039;Imprimeur\",\"isPartOf\":{\"@id\":\"https:\\\/\\\/colophon-grignan.fr\\\/#website\"},\"primaryImageOfPage\":{\"@id\":\"https:\\\/\\\/colophon-grignan.fr\\\/index.php\\\/produit\\\/pont-japonais\\\/#primaryimage\"},\"image\":{\"@id\":\"https:\\\/\\\/colophon-grignan.fr\\\/index.php\\\/produit\\\/pont-japonais\\\/#primaryimage\"},\"thumbnailUrl\":\"https:\\\/\\\/colophon-grignan.fr\\\/wp-content\\\/uploads\\\/2024\\\/09\\\/carte-pont-japonais-fond-marron-recto-scaled.jpg\",\"datePublished\":\"2024-09-03T12:58:10+00:00\",\"dateModified\":\"2024-09-03T13:33:53+00:00\",\"description\":\"Linogravure d'un pont japonais, grav\u00e9 \u00e0 la main et imprim\u00e9 sur presse traditionelle. Repr\u00e9sentant un homme traversant un pont en direction d'un Shinto\",\"breadcrumb\":{\"@id\":\"https:\\\/\\\/colophon-grignan.fr\\\/index.php\\\/produit\\\/pont-japonais\\\/#breadcrumb\"},\"inLanguage\":\"fr-FR\",\"potentialAction\":[{\"@type\":\"ReadAction\",\"target\":[\"https:\\\/\\\/colophon-grignan.fr\\\/index.php\\\/produit\\\/pont-japonais\\\/\"]}]},{\"@type\":\"ImageObject\",\"inLanguage\":\"fr-FR\",\"@id\":\"https:\\\/\\\/colophon-grignan.fr\\\/index.php\\\/produit\\\/pont-japonais\\\/#primaryimage\",\"url\":\"https:\\\/\\\/colophon-grignan.fr\\\/wp-content\\\/uploads\\\/2024\\\/09\\\/carte-pont-japonais-fond-marron-recto-scaled.jpg\",\"contentUrl\":\"https:\\\/\\\/colophon-grignan.fr\\\/wp-content\\\/uploads\\\/2024\\\/09\\\/carte-pont-japonais-fond-marron-recto-scaled.jpg\",\"width\":2560,\"height\":1853,\"caption\":\"linogravure d'un pont japonais sur papier beige\"},{\"@type\":\"BreadcrumbList\",\"@id\":\"https:\\\/\\\/colophon-grignan.fr\\\/index.php\\\/produit\\\/pont-japonais\\\/#breadcrumb\",\"itemListElement\":[{\"@type\":\"ListItem\",\"position\":1,\"name\":\"Accueil\",\"item\":\"https:\\\/\\\/colophon-grignan.fr\\\/\"},{\"@type\":\"ListItem\",\"position\":2,\"name\":\"\u00c9ditions &#038; Boutique Letterpress\",\"item\":\"https:\\\/\\\/colophon-grignan.fr\\\/index.php\\\/boutique-letterpress\\\/\"},{\"@type\":\"ListItem\",\"position\":3,\"name\":\"Pont japonais\"}]},{\"@type\":\"WebSite\",\"@id\":\"https:\\\/\\\/colophon-grignan.fr\\\/#website\",\"url\":\"https:\\\/\\\/colophon-grignan.fr\\\/\",\"name\":\"Colophon - Maison de l&#039;Imprimeur\",\"description\":\"Atelier-Mus\u00e9e &amp; Librairie\",\"publisher\":{\"@id\":\"https:\\\/\\\/colophon-grignan.fr\\\/#organization\"},\"potentialAction\":[{\"@type\":\"SearchAction\",\"target\":{\"@type\":\"EntryPoint\",\"urlTemplate\":\"https:\\\/\\\/colophon-grignan.fr\\\/?s={search_term_string}\"},\"query-input\":{\"@type\":\"PropertyValueSpecification\",\"valueRequired\":true,\"valueName\":\"search_term_string\"}}],\"inLanguage\":\"fr-FR\"},{\"@type\":\"Organization\",\"@id\":\"https:\\\/\\\/colophon-grignan.fr\\\/#organization\",\"name\":\"Colophon - Maison de l'Imprimeur\",\"url\":\"https:\\\/\\\/colophon-grignan.fr\\\/\",\"logo\":{\"@type\":\"ImageObject\",\"inLanguage\":\"fr-FR\",\"@id\":\"https:\\\/\\\/colophon-grignan.fr\\\/#\\\/schema\\\/logo\\\/image\\\/\",\"url\":\"https:\\\/\\\/i0.wp.com\\\/colophon-grignan.fr\\\/wp-content\\\/uploads\\\/2016\\\/12\\\/GRAND-CHAT.gif?fit=474%2C618&ssl=1\",\"contentUrl\":\"https:\\\/\\\/i0.wp.com\\\/colophon-grignan.fr\\\/wp-content\\\/uploads\\\/2016\\\/12\\\/GRAND-CHAT.gif?fit=474%2C618&ssl=1\",\"width\":474,\"height\":618,\"caption\":\"Colophon - Maison de l'Imprimeur\"},\"image\":{\"@id\":\"https:\\\/\\\/colophon-grignan.fr\\\/#\\\/schema\\\/logo\\\/image\\\/\"},\"sameAs\":[\"https:\\\/\\\/www.facebook.com\\\/colophongrignan\",\"https:\\\/\\\/www.pinterest.fr\\\/colophongrignan\\\/\",\"https:\\\/\\\/www.instagram.com\\\/colophon_grignan\\\/\"]}]}<\/script>\n<!-- \/ Yoast SEO plugin. -->","yoast_head_json":{"title":"Pont japonais - Colophon, Maison de l&#039;Imprimeur","description":"Linogravure d'un pont japonais, grav\u00e9 \u00e0 la main et imprim\u00e9 sur presse traditionelle. Repr\u00e9sentant un homme traversant un pont en direction d'un Shinto","robots":{"index":"index","follow":"follow","max-snippet":"max-snippet:-1","max-image-preview":"max-image-preview:large","max-video-preview":"max-video-preview:-1"},"canonical":"https:\/\/colophon-grignan.fr\/index.php\/produit\/pont-japonais\/","og_locale":"fr_FR","og_type":"article","og_title":"Pont japonais - Colophon, Maison de l&#039;Imprimeur","og_description":"Linogravure d'un pont japonais, grav\u00e9 \u00e0 la main et imprim\u00e9 sur presse traditionelle. Repr\u00e9sentant un homme traversant un pont en direction d'un Shinto","og_url":"https:\/\/colophon-grignan.fr\/index.php\/produit\/pont-japonais\/","og_site_name":"Colophon, Maison de l&#039;Imprimeur","article_publisher":"https:\/\/www.facebook.com\/colophongrignan","article_modified_time":"2024-09-03T13:33:53+00:00","og_image":[{"width":2560,"height":1853,"url":"https:\/\/colophon-grignan.fr\/wp-content\/uploads\/2024\/09\/carte-pont-japonais-fond-marron-recto-scaled.jpg","type":"image\/jpeg"}],"twitter_card":"summary_large_image","twitter_misc":{"Dur\u00e9e de lecture estim\u00e9e":"1 minute"},"schema":{"@context":"https:\/\/schema.org","@graph":[{"@type":"WebPage","@id":"https:\/\/colophon-grignan.fr\/index.php\/produit\/pont-japonais\/","url":"https:\/\/colophon-grignan.fr\/index.php\/produit\/pont-japonais\/","name":"Pont japonais - Colophon, Maison de l&#039;Imprimeur","isPartOf":{"@id":"https:\/\/colophon-grignan.fr\/#website"},"primaryImageOfPage":{"@id":"https:\/\/colophon-grignan.fr\/index.php\/produit\/pont-japonais\/#primaryimage"},"image":{"@id":"https:\/\/colophon-grignan.fr\/index.php\/produit\/pont-japonais\/#primaryimage"},"thumbnailUrl":"https:\/\/colophon-grignan.fr\/wp-content\/uploads\/2024\/09\/carte-pont-japonais-fond-marron-recto-scaled.jpg","datePublished":"2024-09-03T12:58:10+00:00","dateModified":"2024-09-03T13:33:53+00:00","description":"Linogravure d'un pont japonais, grav\u00e9 \u00e0 la main et imprim\u00e9 sur presse traditionelle. Repr\u00e9sentant un homme traversant un pont en direction d'un Shinto","breadcrumb":{"@id":"https:\/\/colophon-grignan.fr\/index.php\/produit\/pont-japonais\/#breadcrumb"},"inLanguage":"fr-FR","potentialAction":[{"@type":"ReadAction","target":["https:\/\/colophon-grignan.fr\/index.php\/produit\/pont-japonais\/"]}]},{"@type":"ImageObject","inLanguage":"fr-FR","@id":"https:\/\/colophon-grignan.fr\/index.php\/produit\/pont-japonais\/#primaryimage","url":"https:\/\/colophon-grignan.fr\/wp-content\/uploads\/2024\/09\/carte-pont-japonais-fond-marron-recto-scaled.jpg","contentUrl":"https:\/\/colophon-grignan.fr\/wp-content\/uploads\/2024\/09\/carte-pont-japonais-fond-marron-recto-scaled.jpg","width":2560,"height":1853,"caption":"linogravure d'un pont japonais sur papier beige"},{"@type":"BreadcrumbList","@id":"https:\/\/colophon-grignan.fr\/index.php\/produit\/pont-japonais\/#breadcrumb","itemListElement":[{"@type":"ListItem","position":1,"name":"Accueil","item":"https:\/\/colophon-grignan.fr\/"},{"@type":"ListItem","position":2,"name":"\u00c9ditions &#038; Boutique Letterpress","item":"https:\/\/colophon-grignan.fr\/index.php\/boutique-letterpress\/"},{"@type":"ListItem","position":3,"name":"Pont japonais"}]},{"@type":"WebSite","@id":"https:\/\/colophon-grignan.fr\/#website","url":"https:\/\/colophon-grignan.fr\/","name":"Colophon - Maison de l&#039;Imprimeur","description":"Atelier-Mus\u00e9e &amp; Librairie","publisher":{"@id":"https:\/\/colophon-grignan.fr\/#organization"},"potentialAction":[{"@type":"SearchAction","target":{"@type":"EntryPoint","urlTemplate":"https:\/\/colophon-grignan.fr\/?s={search_term_string}"},"query-input":{"@type":"PropertyValueSpecification","valueRequired":true,"valueName":"search_term_string"}}],"inLanguage":"fr-FR"},{"@type":"Organization","@id":"https:\/\/colophon-grignan.fr\/#organization","name":"Colophon - Maison de l'Imprimeur","url":"https:\/\/colophon-grignan.fr\/","logo":{"@type":"ImageObject","inLanguage":"fr-FR","@id":"https:\/\/colophon-grignan.fr\/#\/schema\/logo\/image\/","url":"https:\/\/i0.wp.com\/colophon-grignan.fr\/wp-content\/uploads\/2016\/12\/GRAND-CHAT.gif?fit=474%2C618&ssl=1","contentUrl":"https:\/\/i0.wp.com\/colophon-grignan.fr\/wp-content\/uploads\/2016\/12\/GRAND-CHAT.gif?fit=474%2C618&ssl=1","width":474,"height":618,"caption":"Colophon - Maison de l'Imprimeur"},"image":{"@id":"https:\/\/colophon-grignan.fr\/#\/schema\/logo\/image\/"},"sameAs":["https:\/\/www.facebook.com\/colophongrignan","https:\/\/www.pinterest.fr\/colophongrignan\/","https:\/\/www.instagram.com\/colophon_grignan\/"]}]}},"_links":{"self":[{"href":"https:\/\/colophon-grignan.fr\/index.php\/wp-json\/wp\/v2\/product\/5981","targetHints":{"allow":["GET"]}}],"collection":[{"href":"https:\/\/colophon-grignan.fr\/index.php\/wp-json\/wp\/v2\/product"}],"about":[{"href":"https:\/\/colophon-grignan.fr\/index.php\/wp-json\/wp\/v2\/types\/product"}],"replies":[{"embeddable":true,"href":"https:\/\/colophon-grignan.fr\/index.php\/wp-json\/wp\/v2\/comments?post=5981"}],"wp:featuredmedia":[{"embeddable":true,"href":"https:\/\/colophon-grignan.fr\/index.php\/wp-json\/wp\/v2\/media\/5982"}],"wp:attachment":[{"href":"https:\/\/colophon-grignan.fr\/index.php\/wp-json\/wp\/v2\/media?parent=5981"}],"wp:term":[{"taxonomy":"product_brand","embeddable":true,"href":"https:\/\/colophon-grignan.fr\/index.php\/wp-json\/wp\/v2\/product_brand?post=5981"},{"taxonomy":"product_cat","embeddable":true,"href":"https:\/\/colophon-grignan.fr\/index.php\/wp-json\/wp\/v2\/product_cat?post=5981"},{"taxonomy":"product_tag","embeddable":true,"href":"https:\/\/colophon-grignan.fr\/index.php\/wp-json\/wp\/v2\/product_tag?post=5981"}],"curies":[{"name":"wp","href":"https:\/\/api.w.org\/{rel}","templated":true}]}}